{"id":1783,"date":"2016-03-17T09:29:47","date_gmt":"2016-03-17T08:29:47","guid":{"rendered":"http:\/\/blogs.univ-jfc.fr\/campsdusudouest\/?page_id=1783"},"modified":"2016-03-31T08:37:34","modified_gmt":"2016-03-31T07:37:34","slug":"internement-des-membres-du-gouvernement-daladier","status":"publish","type":"page","link":"https:\/\/blogs.univ-jfc.fr\/campsdusudouest\/internement-des-membres-du-gouvernement-daladier\/","title":{"rendered":"L&rsquo;internement des membres du gouvernement Daladier"},"content":{"rendered":"<p align=\"justify\">Le 10 mai 1940, apr\u00e8s seulement quelques mois de combat, la France perd la \u00ab\u00a0dr\u00f4le de guerre\u00a0\u00bb face \u00e0 l&rsquo;Allemagne nazie. \u00c0 la suite de cette d\u00e9faite, l&rsquo;armistice est sign\u00e9 le 22 juin 1940 entre le Mar\u00e9chal P\u00e9tain et Hitler. La France est alors divis\u00e9e en deux zones\u00a0: \u00ab\u00a0la zone occup\u00e9e\u00a0\u00bb au Nord et la \u00ab zone libre\u00a0\u00bb (ou plut\u00f4t faudrait-il dire \u00ab zone non-occup\u00e9e\u00a0\u00bb) au Sud. Le 10 juillet 1940, l&rsquo;Assembl\u00e9e Nationale alors r\u00e9unie \u00e0 Vichy vote l\u2019attribution des pleins pouvoirs de P\u00e9tain. Cet \u00e9v\u00e9nement marque la fin de la Troisi\u00e8me R\u00e9publique et le d\u00e9but du r\u00e9gime autoritaire de Vichy dans la partie Sud de la France, qui s&rsquo;accompagne de la mise en place d&rsquo;une politique de collaboration avec le r\u00e9gime hitl\u00e9rien. Aussit\u00f4t, les partisans du Front Populaire et du gouvernement Daladier \u2013 en place de 1938 \u00e0 1940 \u2013 sont d\u00e9sign\u00e9s comme les responsables de la d\u00e9faite, et intern\u00e9s \u00e0 ce titre dans des camps d&rsquo;internement par le gouvernement p\u00e9tainiste.<\/p>\n","protected":false},"excerpt":{"rendered":"<p>Le 10 mai 1940, apr\u00e8s seulement quelques mois de combat, la France perd la \u00ab\u00a0dr\u00f4le de guerre\u00a0\u00bb face \u00e0 l&rsquo;Allemagne nazie. \u00c0 la suite de cette d\u00e9faite, l&rsquo;armistice est sign\u00e9 le 22 juin 1940 entre le Mar\u00e9chal P\u00e9tain et Hitler. &hellip; <a href=\"https:\/\/blogs.univ-jfc.fr\/campsdusudouest\/internement-des-membres-du-gouvernement-daladier\/\">Lire la suite <span class=\"meta-nav\">&rarr;<\/span><\/a><\/p>\n","protected":false},"author":191,"featured_media":0,"parent":0,"menu_order":0,"comment_status":"closed","ping_status":"open","template":"","meta":[],"_links":{"self":[{"href":"https:\/\/blogs.univ-jfc.fr\/campsdusudouest\/wp-json\/wp\/v2\/pages\/1783"}],"collection":[{"href":"https:\/\/blogs.univ-jfc.fr\/campsdusudouest\/wp-json\/wp\/v2\/pages"}],"about":[{"href":"https:\/\/blogs.univ-jfc.fr\/campsdusudouest\/wp-json\/wp\/v2\/types\/page"}],"author":[{"embeddable":true,"href":"https:\/\/blogs.univ-jfc.fr\/campsdusudouest\/wp-json\/wp\/v2\/users\/191"}],"replies":[{"embeddable":true,"href":"https:\/\/blogs.univ-jfc.fr\/campsdusudouest\/wp-json\/wp\/v2\/comments?post=1783"}],"version-history":[{"count":3,"href":"https:\/\/blogs.univ-jfc.fr\/campsdusudouest\/wp-json\/wp\/v2\/pages\/1783\/revisions"}],"predecessor-version":[{"id":4059,"href":"https:\/\/blogs.univ-jfc.fr\/campsdusudouest\/wp-json\/wp\/v2\/pages\/1783\/revisions\/4059"}],"wp:attachment":[{"href":"https:\/\/blogs.univ-jfc.fr\/campsdusudouest\/wp-json\/wp\/v2\/media?parent=1783"}],"curies":[{"name":"wp","href":"https:\/\/api.w.org\/{rel}","templated":true}]}}