{"id":18,"date":"2016-01-28T09:14:54","date_gmt":"2016-01-28T08:14:54","guid":{"rendered":"http:\/\/blogs.univ-jfc.fr\/campsdusudouest\/?page_id=18"},"modified":"2016-05-02T14:27:26","modified_gmt":"2016-05-02T13:27:26","slug":"les-camps-de-vichy-antichambre-de-la-deportation","status":"publish","type":"page","link":"https:\/\/blogs.univ-jfc.fr\/campsdusudouest\/le-phenomene-concentrationnaire\/les-camps-de-vichy-antichambre-de-la-deportation\/","title":{"rendered":"Le syst\u00e8me concentrationnaire fran\u00e7ais (1940-1945)"},"content":{"rendered":"<p align=\"justify\"><span style=\"font-size: medium\">Les ann\u00e9es trente marquent un tournant dans l&rsquo;histoire europ\u00e9enne avec la mise en place d\u2019\u00c9tats fascistes soutenant des politiques raciales. Peu apr\u00e8s l&rsquo;arriv\u00e9e au pouvoir d&rsquo;Hitler, on assiste d\u00e9j\u00e0 \u00e0 la cr\u00e9ation des premiers camps allemands comme celui situ\u00e9 \u00e0 Dachau (mars 33), qui accueillent opposants politiques, juifs, tziganes, homosexuels et plus tard m\u00eame des prisonniers de guerre. Tous ne servent pas le m\u00eame but\u00a0: si certains sont destin\u00e9s \u00e0 des fonctions d&rsquo;internement, d&rsquo;autres s&rsquo;inscriront plus tard, lors de la guerre, dans l&rsquo;engrenage mortel de la Solution finale. <\/span><\/p>\n<p align=\"justify\">La d\u00e9faite de la France face \u00e0 l&rsquo;Allemagne nazie (juin 40) provoque un bouleversement politique avec le partage du territoire en deux zones distinctes\u00a0: une zone occup\u00e9e sous autorit\u00e9 allemande et une zone dite \u00ab\u00a0libre\u00a0\u00bb jusqu&rsquo;en 1942, avec un gouvernement autoritaire sous l&rsquo;\u00e9gide de P\u00e9tain. Ces profonds changements viennent renforcer un climat de x\u00e9nophobie et d&rsquo;antis\u00e9mitisme d\u00e9j\u00e0 d\u00e9velopp\u00e9 durant l&rsquo;entre-deux-guerres, et qui am\u00e8nent la France \u00e0 participer activement \u00e0 la d\u00e9portation r\u00e9sistante. Des camps d&rsquo;internement puis plus tard, de d\u00e9portation sont cr\u00e9\u00e9s dans la zone libre comme dans la zone occup\u00e9e\u00a0: chaque camps \u00e0 sa fonction et ils n&rsquo;accueillent pas tous les m\u00eames populations. A des degr\u00e9s diff\u00e9rents, les camps fran\u00e7ais ont contribu\u00e9 \u00e0 la solution finale. C&rsquo;est dans ce contexte que nous consacrerons nos recherches aux camps\u00a0; antichambres de la d\u00e9portation, en essayant de mettre en lumi\u00e8re la logique et le fonctionnement de la d\u00e9portation en France de 1940 \u00e0 1944 et en particulier du point de vue du Sud-Ouest. Nous verrons quels sont les acteurs de ce m\u00e9canisme de d\u00e9portation, puis la logistique mise en place pour organiser cette d\u00e9portation vers les camps Allemands, et enfin quelle fut l&rsquo;influence des camps du Sud-Ouest dans la d\u00e9portation.<\/p>\n<p style=\"text-align: justify\"><span style=\"font-size: medium\">D\u00e8s la d\u00e9claration de guerre de la France \u00e0 l&rsquo;Allemagne (3 septembre 1939) suite \u00e0 l&rsquo;invasion de la Pologne, le gouvernement fran\u00e7ais ordonne l&rsquo;internement de tous les ressortissants de puissances ennemies qui rejoignent alors les camps fran\u00e7ais d&rsquo;avant-guerre<a href=\"#sdfootnote1sym\" name=\"sdfootnote1anc\"><sup>1<\/sup><\/a> d\u00e9j\u00e0 peupl\u00e9s par des r\u00e9fugi\u00e9s \u00e9trangers, souvent r\u00e9publicains espagnols. Cependant, la lourde d\u00e9faite de l&rsquo;arm\u00e9e fran\u00e7aise l&rsquo;ann\u00e9e suivante bouleverse le r\u00e9gime politique du pays qui est alors divis\u00e9 en deux lors de l&rsquo;armistice de juin 1940. D&rsquo;une part, une zone nord occup\u00e9e, constitu\u00e9e des trois cinqui\u00e8mes du territoire, et plac\u00e9e sous la double autorit\u00e9 de l&rsquo;Allemagne nazie et du r\u00e9gime de Vichy. D&rsquo;autre part, une zone sud dite \u00ab\u00a0libre\u00a0\u00bb administr\u00e9e exclusivement par le r\u00e9gime de Vichy (jusqu&rsquo;en novembre 1942, date \u00e0 laquelle elle passe elle aussi sous la double autorit\u00e9 franco-allemande).<\/span><\/p>\n<h2 style=\"text-align: justify\">Le temps de l&rsquo;internement : 1940-1941<\/h2>\n<p><span style=\"font-size: medium\">\u00a0<\/span><\/p>\n<p align=\"justify\">Dans l&rsquo;urgence qui caract\u00e9rise la mise en place des camps fran\u00e7ais durant les premiers temps de l&rsquo;Occupation, les camps de prisonniers de guerre pr\u00e9vus en cas de victoire fran\u00e7aise \u00e0 la Bataille de France sont rapidement transform\u00e9s en camps d&rsquo;internement. Le 3 septembre 1940, seulement deux mois apr\u00e8s l&rsquo;installation de P\u00e9tain au pouvoir, une loi permettant l&rsquo;enfermement par mesure administrative de tous les individus \u00ab dangereux pour la d\u00e9fense nationale ou la s\u00e9curit\u00e9 publique \u00bb<a title=\"Peschanski\" href=\"#note1\" name=\"retour au texte\"> (1)<\/a> est \u00e9dict\u00e9e. Celle-ci vise les opposants politiques au r\u00e9gime de Vichy et plus particuli\u00e8rement les communistes, interdits de parti politique et pr\u00e9occupation majeure de l&rsquo;\u00c9tat inquiet de leurs liens avec l&rsquo;URSS stalinienne. Dans la continuit\u00e9 une loi para\u00eet le 4 octobre 1940 pr\u00e9voyant l&rsquo;enfermement des \u00ab \u00e9trangers de race juive<a title=\"article\" href=\"#note2\" name=\"retour au texte\"> (2)<\/a>\u00bb et marque ainsi le d\u00e9but des emprisonnements pour des motifs raciaux sur le territoire fran\u00e7ais. Gr\u00e2ce \u00e0 ses deux lois, le gouvernement de Vichy peut d\u00e9sormais arr\u00eater arbitrairement les personnes &#8211; ou communaut\u00e9s &#8211; de son choix, provoquant ainsi le remplissage des camps d\u00e9j\u00e0 existants ainsi que le lancement de la construction d&rsquo;une centaine d&rsquo;autres sur tout le territoire. Si, dans les premiers temps, ce sont majoritairement des personnes de nationalit\u00e9 \u00e9trang\u00e8re qui sont intern\u00e9s &#8211; diaspora juive polonaise par exemple &#8211; par la suite, il n&rsquo;y aura plus de distinction avec les ressortissants de nationalit\u00e9 fran\u00e7aise. De plus, alors qu&rsquo;en 1940 les arrestations se font de mani\u00e8re individuelle, l&rsquo;ach\u00e8vement dans l&rsquo;urgence des infrastructures n\u00e9cessaires au cours de l&rsquo;ann\u00e9e 1941 signe le d\u00e9but des rafles de masse dont la premi\u00e8re a lieu le 14 mai en r\u00e9gion parisienne. Le gouvernement suit une logique d&rsquo;exclusion dont l&rsquo;internement massif est l&rsquo;instrument : \u00e0 la fin de 1941, les camps fran\u00e7ais sont satur\u00e9s.<\/p>\n<p align=\"justify\">L&rsquo;ann\u00e9e 1942 marque une rupture radicale dans l&rsquo;histoire concentrationnaire fran\u00e7aise. A partir de cette ann\u00e9e-l\u00e0, les camps d&rsquo;internements situ\u00e9s sur le territoire fran\u00e7ais entrent dans l&rsquo;engrenage de la Solution Finale. Ils deviennent des \u00e9tapes-relais, \u00ab camps de transit \u00bb, vers les camps de concentration \u2013 ou d&rsquo;extermination &#8211; d&rsquo;Europe de l&rsquo;Est. Certains camps de la zone Nord se \u00ab sp\u00e9cialisent \u00bbdans la d\u00e9portation de d\u00e9tenus comme par exemple le camp de Royallieu-Compi\u00e8gne (majorit\u00e9 de d\u00e9port\u00e9s politiques) ou celui de Drancy (Juifs), v\u00e9ritables plaques tournantes des convois envoy\u00e9s \u00e0 l&rsquo;\u00e9tranger. Quant \u00e0 ceux qui sont d\u00e9tenus dans le Sud, ils sont envoy\u00e9s dans les camps du Nord en attendant d&rsquo;\u00eatre \u00e9galement d\u00e9port\u00e9s.<\/p>\n<p align=\"justify\">Compos\u00e9 de Juifs intern\u00e9s provenant de ces deux camps, le premier convoi fran\u00e7ais part pour Auschwitz le 27 mars 1942. Au total, plus de la moiti\u00e9 des d\u00e9port\u00e9s Juifs de France sont transf\u00e9r\u00e9s durant le deuxi\u00e8me semestre 1942. Exception faite pour le cas particulier de l&rsquo;Alsace-Moselle, territoire annex\u00e9 au Reich \u00e0 l&rsquo;armistice, o\u00f9 un camp de concentration nomm\u00e9 <span style=\"color: #000000\"><span style=\"font-family: Arial,serif\"><span style=\"font-size: medium\">Natzweiler-Struthof<\/span><\/span><\/span><span style=\"color: #000000\"><span style=\"font-family: Arial,serif\"><span style=\"font-size: medium\"> est cr\u00e9\u00e9e d\u00e8s les premiers moments de l&rsquo;occupation et dont la prise de fonction a eu lieu un an auparavant en mai 1941. Il s&rsquo;agit du seul camp situ\u00e9 sur le territoire fran\u00e7ais actuel dont le titre officiel \u00e9tait \u00ab camp de concentration \u00bb.<\/span><\/span><\/span><\/p>\n<p style=\"text-align: center\"><a href=\"http:\/\/blogs.univ-jfc.fr\/campsdusudouest\/wp-content\/uploads\/sites\/48\/2016\/03\/carte-les-camps-dinternement-en-france-en-aout-1942.jpg\"><img loading=\"lazy\" class=\"size-medium wp-image-862   aligncenter\" title=\"Les camps d'internement en france en aout 1942 - Flux des transferts de d\u00e9tenus des camps d'internements du Sud vers les camps de transit du Nord en ao\u00fbt 1942 Carte extraite de Denis PESCHANSKI, La France des camps. L'internement 1938-1946, Gallimard, 2002, page 320\" alt=\"\" src=\"http:\/\/blogs.univ-jfc.fr\/campsdusudouest\/wp-content\/uploads\/sites\/48\/2016\/03\/carte-les-camps-dinternement-en-france-en-aout-1942-195x300.jpg\" width=\"195\" height=\"300\" srcset=\"https:\/\/blogs.univ-jfc.fr\/campsdusudouest\/wp-content\/uploads\/sites\/48\/2016\/03\/carte-les-camps-dinternement-en-france-en-aout-1942-195x300.jpg 195w, https:\/\/blogs.univ-jfc.fr\/campsdusudouest\/wp-content\/uploads\/sites\/48\/2016\/03\/carte-les-camps-dinternement-en-france-en-aout-1942.jpg 600w\" sizes=\"(max-width: 195px) 100vw, 195px\" \/><\/a><\/p>\n<p align=\"justify\"><span style=\"color: #000000\"><span style=\"font-family: Arial,serif\"><span style=\"font-size: medium\">Contrairement \u00e0 la croyance populaire, la d\u00e9portation d\u00e9bute en zone \u00ab libre \u00bb avant l&rsquo;invasion de celle-ci par les allemands le 11 novembre 1942 comme l&rsquo;illustre la carte ci-dessus. Une collaboration est entendue au d\u00e9but de l&rsquo;\u00e9t\u00e9 1942 entre le gouvernement vichyste et les cadres nazis au sujet de la d\u00e9portation des d\u00e9tenus de la zone \u00ab libre \u00bb. <\/span><\/span><\/span>La France passe donc d&rsquo;une logique d&rsquo;exclusion \u00e0 celle d&rsquo;une logique de pers\u00e9cution qui conduit \u00e0 la mort de pr\u00e8s de 80 000 juifs en l&rsquo;espace de deux ans.<\/p>\n<div id=\"sdfootnote1\">\n<p align=\"justify\">Entre 1941 et 1944, pr\u00e8s de 84 % de juifs fran\u00e7ais transitent par Drancy, camp sous contr\u00f4le allemand mais dont l&rsquo;administration est fran\u00e7aise. Etape-clef du syst\u00e8me concentrationnaire en France, ce \u00ab Camp des juifs \u00bb est un symbole de la d\u00e9portation.<\/p>\n<p align=\"justify\">A l&rsquo;origine con\u00e7u comme un projet architectural dans la banlieue parisienne au d\u00e9but des ann\u00e9es trente, le site doit accueillir les premiers gratte ciels destin\u00e9s \u00e0 servir de logements sociaux. La crise de 1929 et ses r\u00e9percutions \u00e9conomiques ralentissent le chantier ; le projet est alors revu \u00e0 la baisse et sert de caserne provisoire aux gardes r\u00e9publicains mobiles (GRM \u2013 corps de gendarmerie). C&rsquo;est dans ce contexte que, d\u00e8s sa victoire sur la France, l&rsquo;Allemagne r\u00e9quisitionne le site directement et le transforme en camp de fortune pour les prisonniers de guerre. Il accueille par la suite au mois de d\u00e9cembre 40 de nombreux civils britanniques et canadiens sur le motif qu&rsquo;ils sont ressortissants de puissances ennemies aux Reich. Gr\u00e2ce aux t\u00e9moignages<a title=\"Poznanski\" href=\"#note3\" name=\"retour au texte\"> (3)<\/a> d&rsquo;anciens prisonniers et du rapport de la Croix-Rouge, on constate que le niveau de vie du camp augmente tout au long de l&rsquo;ann\u00e9e 1941 au fur \u00e0 mesure qu&rsquo;il est correctement \u00e9quip\u00e9.<\/p>\n<p align=\"justify\">Tout cela change en ao\u00fbt 1941, date \u00e0 laquelle le camp est vid\u00e9 de ses prisonniers et de ses installations puis transform\u00e9 en camp d&rsquo;internement pour les juifs rafl\u00e9s en r\u00e9gion parisienne. Ci-dessous, on peut voir une partie de l&rsquo;arriv\u00e9e en masse au camp de Drancy par autobus de ces victimes.<\/p>\n<p style=\"text-align: center\" align=\"justify\"><a href=\"http:\/\/blogs.univ-jfc.fr\/campsdusudouest\/wp-content\/uploads\/sites\/48\/2016\/03\/larriv\u00e9e-des-premiers-intern\u00e9s-juifs-dans-le-camp-de-Drancy.jpg\"><img loading=\"lazy\" class=\"size-medium wp-image-910 aligncenter\" title=\"L'arriv\u00e9e des premiers intern\u00e9s juifs dans le camp de Drancy - 20 ao\u00fbt 1941 : des juifs rafl\u00e9s arrivent \u00e0 Drancy par autobus sous la surveillance de gendarmes fran\u00e7ais Photographie extraite de Serge Klarsfeld, 1941 : les Juifs en France, pr\u00e9ludes \u00e0 la Solution Finale, Les fils et filles des d\u00e9port\u00e9s juifs de France,1991, 99p \" alt=\"\" src=\"http:\/\/blogs.univ-jfc.fr\/campsdusudouest\/wp-content\/uploads\/sites\/48\/2016\/03\/larriv\u00e9e-des-premiers-intern\u00e9s-juifs-dans-le-camp-de-Drancy-300x215.jpg\" width=\"300\" height=\"215\" srcset=\"https:\/\/blogs.univ-jfc.fr\/campsdusudouest\/wp-content\/uploads\/sites\/48\/2016\/03\/larriv\u00e9e-des-premiers-intern\u00e9s-juifs-dans-le-camp-de-Drancy-300x215.jpg 300w, https:\/\/blogs.univ-jfc.fr\/campsdusudouest\/wp-content\/uploads\/sites\/48\/2016\/03\/larriv\u00e9e-des-premiers-intern\u00e9s-juifs-dans-le-camp-de-Drancy-418x300.jpg 418w, https:\/\/blogs.univ-jfc.fr\/campsdusudouest\/wp-content\/uploads\/sites\/48\/2016\/03\/larriv\u00e9e-des-premiers-intern\u00e9s-juifs-dans-le-camp-de-Drancy.jpg 446w\" sizes=\"(max-width: 300px) 100vw, 300px\" \/><\/a><\/p>\n<p align=\"justify\">Parqu\u00e9s \u00e0 Drancy dans l&rsquo;urgence, et en raison d&rsquo;un diff\u00e9rent administratif entre Allemands et Fran\u00e7ais quant au budget, les intern\u00e9s n&rsquo;ont ni nourriture ni mobilier \u00e0 leur arriv\u00e9e au camp. Moins d&rsquo;un mois apr\u00e8s sa mise en service, le 1er septembre 1941, pas moins de 4 279 juifs sont recens\u00e9s. Entassement des personnes \u00e0 50 ou 60 par chambre, \u00e9tat de sous-nutrition (la faim est l&rsquo;\u00e9l\u00e9ment revenant le plus dans les lettres <a title=\"lettres\" href=\"#note4\" name=\"retour au texte\"> (4)<\/a> malgr\u00e9 la volont\u00e9 de rassurer les proches) et vivant sous une discipline militaire extr\u00eame, les conditions d&rsquo;internement sont tr\u00e8s dures. Une partie de la gestion est d\u00e9l\u00e9gu\u00e9e \u00e0 certains intern\u00e9s. Se met alors en place une hi\u00e9rarchie pyramidale \u00e0 l&rsquo;effet pervers : ceux occupant des postes \u00e0 responsabilit\u00e9s usent et abusent de leur pouvoir au d\u00e9triment de leurs cod\u00e9tenus dans l&rsquo;optique de se prot\u00e9ger en s&rsquo;attirant les bonnes gr\u00e2ces de l&rsquo;autorit\u00e9 allemande. On peut de ce fait \u00e9tablir une corr\u00e9lation avec les Kapos juifs d&rsquo;Auschwitz comme le d\u00e9crit Primo Levi dans son \u0153uvre <i>Si c&rsquo;est un homme.<\/i> Ce ph\u00e9nom\u00e8ne semble tr\u00e8s commun dans l&rsquo;univers concentrationnaire.<\/p>\n<p align=\"justify\">En 1942, de par sa position, le camp de Drancy est directement int\u00e9gr\u00e9 au plan de la Solution Finale. A partir de juillet 1942, c&rsquo;est principalement par cette \u00ab\u00e9tape \u00bb que passent les d\u00e9port\u00e9s juifs de France en transit pour les camps de concentration\/extermination de l&rsquo;Est. On estime qu&rsquo;environ 63 000<a title=\"memorialdelashoah\" href=\"#note5\" name=\"retour au texte\"> (5)<\/a> sur 76 000 d\u00e9port\u00e9s juifs sont ainsi pass\u00e9s par Drancy, soit \u00e0 peu pr\u00e8s 84%. De toute la France, les d\u00e9tenus des camps d&rsquo;internement sont envoy\u00e9s \u00e0 Drancy afin d&rsquo;\u00eatre d\u00e9port\u00e9s g\u00e9n\u00e9ralement moins d&rsquo;un mois apr\u00e8s leur arriv\u00e9e. Au total, 63 convois quittent le camp entre mars 1942 et ao\u00fbt 1944 avec en moyenne 1000 personnes \u00e0 bord. A l&rsquo;approche des arm\u00e9es alli\u00e9es de Paris, le 17 ao\u00fbt 1944 part le dernier convoi en emportant avec lui Alois Brunner, responsable du camp, ainsi que plusieurs SS fuyant la capitale<span style=\"color: #ff0000\">. <\/span><span style=\"color: #000000\">Le lendemain, le 18 ao\u00fbt, la Croix-Rouge investit le camp et commence \u00e0 proc\u00e9der aux lib\u00e9rations des 1386 intern\u00e9s restants<a title=\"intern\u00e9s\" href=\"#note6\" name=\"retour au texte\"> (6)<\/a>. Le dernier intern\u00e9 de Drancy est \u00e9vacu\u00e9 le 20 ao\u00fbt 1944, date \u00e0 laquelle le \u00ab Camp des juifs \u00bb cesse d&rsquo;op\u00e9rer. <\/span><\/p>\n<p align=\"justify\"><a title=\"La logistique mise en \u0153uvre pour orchestrer la d\u00e9portation des individus vers les camps en Allemagne\" href=\"http:\/\/blogs.univ-jfc.fr\/campsdusudouest\/la-logistique-mise-en-oeuvre-pour-orchestrer-la-deportation-des-individus-vers-les-camps-en-allemagne\/\" target=\"_blank\">Lire la suite&#8230;<\/a><\/p>\n<\/div>\n<p><a name=\"note1\"><\/a>(1) Denis Peschanski, La France des camps, Paris, Gallimard, 2002, p. 169<br \/>\n<a name=\"note2\"><\/a>(2) \u00ab Les ressortissants de race juive pourront, \u00e0 dater de la promulgation de la pr\u00e9sente loi, \u00eatre intern\u00e9s dans des camps sp\u00e9ciaux par d\u00e9cision du pr\u00e9fet du d\u00e9partement de leur r\u00e9sidence \u00bb Article premier, loi 4 octobre 1940<br \/>\n<a name=\"note3\"><\/a>(3) Poznanski, Peschanski, Drancy, un camp en France, Paris, Fayard, 2015, 297 p<br \/>\n<a name=\"note4\"><\/a>(4) Lettres de Drancy, Paris, Tallandier, 288 p<br \/>\n<a name=\"note5\"><\/a>(5) R\u00e9f\u00e9rence : http:\/\/www.memorialdelashoah.org\/index.php\/fr\/memorial-de-drancy\/le-memorial-de-la-shoah-a-drancy<br \/>\n<a name=\"note6\"><\/a>(6) Drancy, un camp en France, Peschanski, Paris, Fayard, 2015<\/p>\n","protected":false},"excerpt":{"rendered":"<p>Les ann\u00e9es trente marquent un tournant dans l&rsquo;histoire europ\u00e9enne avec la mise en place d\u2019\u00c9tats fascistes soutenant des politiques raciales. Peu apr\u00e8s l&rsquo;arriv\u00e9e au pouvoir d&rsquo;Hitler, on assiste d\u00e9j\u00e0 \u00e0 la cr\u00e9ation des premiers camps allemands comme celui situ\u00e9 \u00e0 &hellip; <a href=\"https:\/\/blogs.univ-jfc.fr\/campsdusudouest\/le-phenomene-concentrationnaire\/les-camps-de-vichy-antichambre-de-la-deportation\/\">Lire la suite <span class=\"meta-nav\">&rarr;<\/span><\/a><\/p>\n","protected":false},"author":15,"featured_media":0,"parent":11,"menu_order":2,"comment_status":"open","ping_status":"open","template":"","meta":[],"_links":{"self":[{"href":"https:\/\/blogs.univ-jfc.fr\/campsdusudouest\/wp-json\/wp\/v2\/pages\/18"}],"collection":[{"href":"https:\/\/blogs.univ-jfc.fr\/campsdusudouest\/wp-json\/wp\/v2\/pages"}],"about":[{"href":"https:\/\/blogs.univ-jfc.fr\/campsdusudouest\/wp-json\/wp\/v2\/types\/page"}],"author":[{"embeddable":true,"href":"https:\/\/blogs.univ-jfc.fr\/campsdusudouest\/wp-json\/wp\/v2\/users\/15"}],"replies":[{"embeddable":true,"href":"https:\/\/blogs.univ-jfc.fr\/campsdusudouest\/wp-json\/wp\/v2\/comments?post=18"}],"version-history":[{"count":23,"href":"https:\/\/blogs.univ-jfc.fr\/campsdusudouest\/wp-json\/wp\/v2\/pages\/18\/revisions"}],"predecessor-version":[{"id":4585,"href":"https:\/\/blogs.univ-jfc.fr\/campsdusudouest\/wp-json\/wp\/v2\/pages\/18\/revisions\/4585"}],"up":[{"embeddable":true,"href":"https:\/\/blogs.univ-jfc.fr\/campsdusudouest\/wp-json\/wp\/v2\/pages\/11"}],"wp:attachment":[{"href":"https:\/\/blogs.univ-jfc.fr\/campsdusudouest\/wp-json\/wp\/v2\/media?parent=18"}],"curies":[{"name":"wp","href":"https:\/\/api.w.org\/{rel}","templated":true}]}}