{"id":1938,"date":"2016-03-17T10:06:13","date_gmt":"2016-03-17T09:06:13","guid":{"rendered":"http:\/\/blogs.univ-jfc.fr\/campsdusudouest\/?page_id=1938"},"modified":"2016-04-12T22:01:17","modified_gmt":"2016-04-12T21:01:17","slug":"iconographie-et-documents-darchives","status":"publish","type":"page","link":"https:\/\/blogs.univ-jfc.fr\/campsdusudouest\/les-camps-et-leur-environnement\/les-camps-et-leur-environnement-local\/iconographie-et-documents-darchives\/","title":{"rendered":"Les sources li\u00e9es \u00e0 l&rsquo;\u00e9tude de l&rsquo;environnement local"},"content":{"rendered":"<p align=\"JUSTIFY\">Les images, <a href=\"http:\/\/blogs.univ-jfc.fr\/campsdusudouest\/les-camps-et-leur-environnement\/les-camps-et-leur-environnement-local\/iconographie-et-documents-darchives\/3634-2\/\">photographies<\/a> des camps d&rsquo;internement permettent de mieux percevoir les relations possibles entre ces derniers et leur environnement local. Elles nous exposent bien l&rsquo;isolement des camps au travers des <span style=\"color: #000000\">paysages<\/span> comme \u00e0 Rieucros et des conditions de vie difficiles avec l&rsquo;image d&rsquo;un hiver rude. D&rsquo;autres photographies montrent des camps proches de villages et villes comme \u00e0 Brens ou encore No\u00e9. Dans ces deux cas, on peut tr\u00e8s bien distinguer en arri\u00e8re ou en premier plan des aires urbaines. Ainsi, les riverains voyaient quotidiennement les infrastructures des camps. Sur ces m\u00eames\u00a0<span style=\"color: #000000\">images<\/span>, on observe souvent la pr\u00e9sence d&rsquo;axes de circulation, plus ou moins importants qui t\u00e9moignent de la n\u00e9cessit\u00e9 des liaisons pour le syst\u00e8me d&rsquo;internement. Ces liaisons servaient les besoins vitaux du fonctionnement du camp (ravitaillement, transport des intern\u00e9s&#8230;). Certaines visions plus larges des camps comme les plans ou vues a\u00e9riennes (celle du Vernet d&rsquo;Ari\u00e8ge) nous \u00e9clairent sur les <span style=\"color: #000000\">importants<\/span> moyens \u00e9conomiques et humains qu&rsquo;il a fallu mettre en place localement pour monter de telles constructions et assurer la logistique et le fonctionnement d&rsquo;un tel syst\u00e8me.<\/p>\n<div id=\"attachment_816\" style=\"width: 210px\" class=\"wp-caption aligncenter\"><a href=\"http:\/\/blogs.univ-jfc.fr\/campsdusudouest\/wp-content\/uploads\/sites\/48\/2016\/03\/camp-du-Vernet-dAri\u00e8ge.jpg\"><img aria-describedby=\"caption-attachment-816\" loading=\"lazy\" class=\"size-medium wp-image-816 \" alt=\"http:\/\/www.campduvernet.eu\/medias\/files\/bulletin-07-02.pdf\" src=\"http:\/\/blogs.univ-jfc.fr\/campsdusudouest\/wp-content\/uploads\/sites\/48\/2016\/03\/camp-du-Vernet-dAri\u00e8ge-200x300.jpg\" width=\"200\" height=\"300\" srcset=\"https:\/\/blogs.univ-jfc.fr\/campsdusudouest\/wp-content\/uploads\/sites\/48\/2016\/03\/camp-du-Vernet-dAri\u00e8ge-200x300.jpg 200w, https:\/\/blogs.univ-jfc.fr\/campsdusudouest\/wp-content\/uploads\/sites\/48\/2016\/03\/camp-du-Vernet-dAri\u00e8ge-682x1024.jpg 682w, https:\/\/blogs.univ-jfc.fr\/campsdusudouest\/wp-content\/uploads\/sites\/48\/2016\/03\/camp-du-Vernet-dAri\u00e8ge.jpg 800w\" sizes=\"(max-width: 200px) 100vw, 200px\" \/><\/a><p id=\"caption-attachment-816\" class=\"wp-caption-text\">Vue a\u00e9rienne du camp du Vernet d&rsquo;Ari\u00e8ge<\/p><\/div>\n<p align=\"JUSTIFY\">Les traces des relations entre le camp, ses alentours et sa r\u00e9gion se retrouvent dans les archives. Nous avons pu consulter, aux archives d\u00e9partementales du Tarn une petite partie de la comptabilit\u00e9 du camp de Brens (dossier 495 W 8\u00a0: <i>Travaux, \u00e9quipements et ravitaillement au camp de Brens<\/i>). Quatre axes se d\u00e9gagent de ces recherches\u00a0:<\/p>\n<ul>\n<li>\n<p align=\"JUSTIFY\"><span style=\"color: #000000\">L&rsquo;existence<\/span>\u00a0d&rsquo;\u00e9changes \u00e9conomiques est incontestable comme le montre la facture des meubles Esparb\u00e8s adress\u00e9e au chef de camp par M. Marcout, chef de l&rsquo;entreprise toulousaine, le 20 Novembre 1943.<\/p>\n<\/li>\n<\/ul>\n<div id=\"attachment_4196\" style=\"width: 179px\" class=\"wp-caption aligncenter\"><a href=\"http:\/\/blogs.univ-jfc.fr\/campsdusudouest\/wp-content\/uploads\/sites\/48\/2016\/03\/IMAG0310.jpg\"><img aria-describedby=\"caption-attachment-4196\" loading=\"lazy\" class=\"size-medium wp-image-4196 \" alt=\"Archives d\u00e9partementales du Tarn- dossier 495 W 8\" src=\"http:\/\/blogs.univ-jfc.fr\/campsdusudouest\/wp-content\/uploads\/sites\/48\/2016\/03\/IMAG0310-169x300.jpg\" width=\"169\" height=\"300\" srcset=\"https:\/\/blogs.univ-jfc.fr\/campsdusudouest\/wp-content\/uploads\/sites\/48\/2016\/03\/IMAG0310-169x300.jpg 169w, https:\/\/blogs.univ-jfc.fr\/campsdusudouest\/wp-content\/uploads\/sites\/48\/2016\/03\/IMAG0310-579x1024.jpg 579w, https:\/\/blogs.univ-jfc.fr\/campsdusudouest\/wp-content\/uploads\/sites\/48\/2016\/03\/IMAG0310.jpg 1520w\" sizes=\"(max-width: 169px) 100vw, 169px\" \/><\/a><p id=\"caption-attachment-4196\" class=\"wp-caption-text\">Annexe d&rsquo;une facture des meubles Esparbes adress\u00e9e au chef de camp<\/p><\/div>\n<ul>\n<li>\n<p align=\"JUSTIFY\">Le <span style=\"color: #000000\">ravitaillement relevait d&rsquo;<\/span>une organisation complexe, de part les p\u00e9nuries et restrictions. Une lettre du secr\u00e9tariat g\u00e9n\u00e9ral de la police adress\u00e9e au pr\u00e9fet du Tarn, le 7 D\u00e9cembre 1942 nous expose des retards dans les travaux d&rsquo;am\u00e9nagement du camp de Brens. A l&rsquo;origine de ces retards, on retrouve des difficult\u00e9s d&rsquo;approvisionnement en mat\u00e9riaux.<\/p>\n<\/li>\n<\/ul>\n<div id=\"attachment_4207\" style=\"width: 179px\" class=\"wp-caption aligncenter\"><a href=\"http:\/\/blogs.univ-jfc.fr\/campsdusudouest\/wp-content\/uploads\/sites\/48\/2016\/03\/IMAG0393.jpg\"><img aria-describedby=\"caption-attachment-4207\" loading=\"lazy\" class=\"size-medium wp-image-4207 \" alt=\"Archives d\u00e9partementales du Tarn- dossier 495 W 8\" src=\"http:\/\/blogs.univ-jfc.fr\/campsdusudouest\/wp-content\/uploads\/sites\/48\/2016\/03\/IMAG0393-169x300.jpg\" width=\"169\" height=\"300\" srcset=\"https:\/\/blogs.univ-jfc.fr\/campsdusudouest\/wp-content\/uploads\/sites\/48\/2016\/03\/IMAG0393-169x300.jpg 169w, https:\/\/blogs.univ-jfc.fr\/campsdusudouest\/wp-content\/uploads\/sites\/48\/2016\/03\/IMAG0393-579x1024.jpg 579w, https:\/\/blogs.univ-jfc.fr\/campsdusudouest\/wp-content\/uploads\/sites\/48\/2016\/03\/IMAG0393.jpg 1520w\" sizes=\"(max-width: 169px) 100vw, 169px\" \/><\/a><p id=\"caption-attachment-4207\" class=\"wp-caption-text\">Lettre du secr\u00e9tariat g\u00e9n\u00e9ral de la police adress\u00e9e au pr\u00e9fet du Tarn<\/p><\/div>\n<ul>\n<li>\n<p align=\"JUSTIFY\">Les <span style=\"color: #000000\">intern\u00e9s<\/span>\u00a0avaient des relations avec l&rsquo;ext\u00e9rieur, comme en t\u00e9moigne la liste tr\u00e8s d\u00e9taill\u00e9e des remboursements des frais de d\u00e9placements concernant des employ\u00e9s et intern\u00e9s du camp. En effet on peut lire l&rsquo;identit\u00e9 de la personne, sa fonction (gardien, intern\u00e9, infirmi\u00e8re&#8230;), date et heure de la sortie, motif, lieu ou destination de la sortie&#8230;<\/p>\n<\/li>\n<\/ul>\n<div id=\"attachment_4174\" style=\"width: 310px\" class=\"wp-caption aligncenter\"><a href=\"http:\/\/blogs.univ-jfc.fr\/campsdusudouest\/wp-content\/uploads\/sites\/48\/2016\/03\/IMAG0301.jpg\"><img aria-describedby=\"caption-attachment-4174\" loading=\"lazy\" class=\"size-medium wp-image-4174 \" alt=\"Archives d\u00e9partementales du Tarn- dossier 495 W 8\" src=\"http:\/\/blogs.univ-jfc.fr\/campsdusudouest\/wp-content\/uploads\/sites\/48\/2016\/03\/IMAG0301-300x169.jpg\" width=\"300\" height=\"169\" srcset=\"https:\/\/blogs.univ-jfc.fr\/campsdusudouest\/wp-content\/uploads\/sites\/48\/2016\/03\/IMAG0301-300x169.jpg 300w, https:\/\/blogs.univ-jfc.fr\/campsdusudouest\/wp-content\/uploads\/sites\/48\/2016\/03\/IMAG0301-1024x579.jpg 1024w, https:\/\/blogs.univ-jfc.fr\/campsdusudouest\/wp-content\/uploads\/sites\/48\/2016\/03\/IMAG0301-500x282.jpg 500w\" sizes=\"(max-width: 300px) 100vw, 300px\" \/><\/a><p id=\"caption-attachment-4174\" class=\"wp-caption-text\">Liste des remboursements des frais de d\u00e9placements des employ\u00e9s du camp de Brens<\/p><\/div>\n<ul>\n<li>\n<p align=\"JUSTIFY\"><span style=\"color: #000000\">L&rsquo;Etat<\/span>\u00a0est attentif \u00e0 l&rsquo;image que donne le camp \u00e0 l&rsquo;ext\u00e9rieur et donc \u00e0 sa bonne marche\u00a0; on peut affirmer cela, gr\u00e2ce \u00e0 un document re\u00e7u par le chef du camp de Brens, en annexe d&rsquo;une lettre dat\u00e9e de 1944. Ce document est un questionnaire concernant le ravitaillement des camps, adress\u00e9 \u00e0 tout le personnel mais aussi aux intern\u00e9es. On y trouve aussi des questions sur les repas ou encore sur l&rsquo;\u00e9tat des sanitaires.<\/p>\n<\/li>\n<\/ul>\n<div id=\"attachment_4216\" style=\"width: 179px\" class=\"wp-caption aligncenter\"><a href=\"http:\/\/blogs.univ-jfc.fr\/campsdusudouest\/wp-content\/uploads\/sites\/48\/2016\/03\/IMAG0395.jpg\"><img aria-describedby=\"caption-attachment-4216\" loading=\"lazy\" class=\"size-medium wp-image-4216 \" alt=\"Archives d\u00e9partementales du Tarn- dossier 495 W 8\" src=\"http:\/\/blogs.univ-jfc.fr\/campsdusudouest\/wp-content\/uploads\/sites\/48\/2016\/03\/IMAG0395-169x300.jpg\" width=\"169\" height=\"300\" srcset=\"https:\/\/blogs.univ-jfc.fr\/campsdusudouest\/wp-content\/uploads\/sites\/48\/2016\/03\/IMAG0395-169x300.jpg 169w, https:\/\/blogs.univ-jfc.fr\/campsdusudouest\/wp-content\/uploads\/sites\/48\/2016\/03\/IMAG0395-579x1024.jpg 579w, https:\/\/blogs.univ-jfc.fr\/campsdusudouest\/wp-content\/uploads\/sites\/48\/2016\/03\/IMAG0395.jpg 1520w\" sizes=\"(max-width: 169px) 100vw, 169px\" \/><\/a><p id=\"caption-attachment-4216\" class=\"wp-caption-text\">Questionnaire en annexe d&rsquo;une lettre adress\u00e9e au chef du camp de Brens<\/p><\/div>\n<p align=\"JUSTIFY\">Pour comprendre cette \u00ab\u00a0image\u00a0\u00bb que donne le camp, il faut s&rsquo;int\u00e9resser aux mentalit\u00e9s des riverains. <a title=\"T\u00e9moignage\" href=\"http:\/\/blogs.univ-jfc.fr\/campsdusudouest\/les-camps-et-leur-environnement\/les-camps-et-leur-environnement-local\/iconographie-et-documents-darchives\/temoignage\/\">Nous avons pu rencontrer<\/a> un <span style=\"color: #000000\">agriculteur<\/span> de la commune de Brens qui \u00e9tait alors \u00e2g\u00e9 de 16 ans. Il n&rsquo;a fait que confirmer les informations concernant les \u00e9changes avec le camp\u00a0; lui m\u00eame, ayant travaill\u00e9 avec des intern\u00e9es en remplacement des ouvriers agricoles r\u00e9quisitionn\u00e9s. Il nous a livr\u00e9 la vision qu&rsquo;il avait du camp, information in\u00e9dite pour nous. Nous avons pu observer qu&rsquo;une grande partie de la ville \u00e9tait g\u00ean\u00e9e par l&rsquo;enfermement de ces femmes, on assistait \u00e0 leurs souffrances quotidiennes, et un sentiment d&rsquo;impuissance gagnait les esprits des <span style=\"color: #000000\">locaux.<\/span><\/p>\n","protected":false},"excerpt":{"rendered":"<p>Les images, photographies des camps d&rsquo;internement permettent de mieux percevoir les relations possibles entre ces derniers et leur environnement local. Elles nous exposent bien l&rsquo;isolement des camps au travers des paysages comme \u00e0 Rieucros et des conditions de vie difficiles &hellip; <a href=\"https:\/\/blogs.univ-jfc.fr\/campsdusudouest\/les-camps-et-leur-environnement\/les-camps-et-leur-environnement-local\/iconographie-et-documents-darchives\/\">Lire la suite <span class=\"meta-nav\">&rarr;<\/span><\/a><\/p>\n","protected":false},"author":188,"featured_media":0,"parent":125,"menu_order":0,"comment_status":"closed","ping_status":"open","template":"","meta":[],"_links":{"self":[{"href":"https:\/\/blogs.univ-jfc.fr\/campsdusudouest\/wp-json\/wp\/v2\/pages\/1938"}],"collection":[{"href":"https:\/\/blogs.univ-jfc.fr\/campsdusudouest\/wp-json\/wp\/v2\/pages"}],"about":[{"href":"https:\/\/blogs.univ-jfc.fr\/campsdusudouest\/wp-json\/wp\/v2\/types\/page"}],"author":[{"embeddable":true,"href":"https:\/\/blogs.univ-jfc.fr\/campsdusudouest\/wp-json\/wp\/v2\/users\/188"}],"replies":[{"embeddable":true,"href":"https:\/\/blogs.univ-jfc.fr\/campsdusudouest\/wp-json\/wp\/v2\/comments?post=1938"}],"version-history":[{"count":11,"href":"https:\/\/blogs.univ-jfc.fr\/campsdusudouest\/wp-json\/wp\/v2\/pages\/1938\/revisions"}],"predecessor-version":[{"id":4501,"href":"https:\/\/blogs.univ-jfc.fr\/campsdusudouest\/wp-json\/wp\/v2\/pages\/1938\/revisions\/4501"}],"up":[{"embeddable":true,"href":"https:\/\/blogs.univ-jfc.fr\/campsdusudouest\/wp-json\/wp\/v2\/pages\/125"}],"wp:attachment":[{"href":"https:\/\/blogs.univ-jfc.fr\/campsdusudouest\/wp-json\/wp\/v2\/media?parent=1938"}],"curies":[{"name":"wp","href":"https:\/\/api.w.org\/{rel}","templated":true}]}}