{"id":1977,"date":"2016-03-17T10:09:41","date_gmt":"2016-03-17T09:09:41","guid":{"rendered":"http:\/\/blogs.univ-jfc.fr\/campsdusudouest\/?page_id=1977"},"modified":"2016-03-17T10:09:54","modified_gmt":"2016-03-17T09:09:54","slug":"le-personnel-du-camp","status":"publish","type":"page","link":"https:\/\/blogs.univ-jfc.fr\/campsdusudouest\/le-personnel-du-camp\/","title":{"rendered":"Le personnel du camp de No\u00e9"},"content":{"rendered":"<h5 align=\"CENTER\"><span style=\"color: #000000\"><span style=\"font-family: Arial,sans-serif\"><span style=\"font-size: medium\"><b>Liste du personnel nomm\u00e9 par Vichy encore pr\u00e9sent en octobre 1944\u00a0:<\/b><\/span><\/span><\/span><\/h5>\n<h5 align=\"CENTER\"><\/h5>\n<dl>\n<dd>\n<table width=\"100%\" border=\"1\" cellspacing=\"0\" cellpadding=\"4\">\n<col width=\"87*\" \/>\n<col width=\"169*\" \/>\n<tbody>\n<tr valign=\"TOP\">\n<td width=\"34%\">\n<p align=\"CENTER\"><span style=\"font-family: Arial,sans-serif\"><span style=\"font-size: medium\">Nombre<\/span><\/span><\/p>\n<\/td>\n<td width=\"66%\">\n<p align=\"CENTER\"><span style=\"font-family: Arial,sans-serif\"><span style=\"font-size: medium\">Fonctions<\/span><\/span><\/p>\n<\/td>\n<\/tr>\n<tr valign=\"TOP\">\n<td width=\"34%\">\n<p align=\"CENTER\"><span style=\"font-family: Arial,sans-serif\"><span style=\"font-size: medium\">1<\/span><\/span><\/p>\n<p align=\"CENTER\"><span style=\"font-family: Arial,sans-serif\"><span style=\"font-size: medium\">3<\/span><\/span><\/p>\n<p align=\"CENTER\"><span style=\"font-family: Arial,sans-serif\"><span style=\"font-size: medium\">8<\/span><\/span><\/p>\n<p align=\"CENTER\"><span style=\"font-family: Arial,sans-serif\"><span style=\"font-size: medium\">2<\/span><\/span><\/p>\n<p align=\"CENTER\"><span style=\"font-family: Arial,sans-serif\"><span style=\"font-size: medium\">17<\/span><\/span><\/p>\n<p align=\"CENTER\"><span style=\"font-family: Arial,sans-serif\"><span style=\"font-size: medium\">5<\/span><\/span><\/p>\n<p align=\"CENTER\"><span style=\"font-family: Arial,sans-serif\"><span style=\"font-size: medium\">23<\/span><\/span><\/p>\n<p align=\"CENTER\"><span style=\"font-family: Arial,sans-serif\"><span style=\"font-size: medium\">124<\/span><\/span><\/p>\n<p align=\"CENTER\"><span style=\"font-family: Arial,sans-serif\"><span style=\"font-size: medium\">22<\/span><\/span><\/p>\n<p align=\"CENTER\"><span style=\"font-family: Arial,sans-serif\"><span style=\"font-size: medium\">1<\/span><\/span><\/p>\n<p align=\"CENTER\"><span style=\"font-family: Arial,sans-serif\"><span style=\"font-size: medium\">5<\/span><\/span><\/p>\n<p align=\"CENTER\"><span style=\"font-family: Arial,sans-serif\"><span style=\"font-size: medium\">9<\/span><\/span><\/p>\n<p align=\"CENTER\"><span style=\"font-family: Arial,sans-serif\"><span style=\"font-size: medium\">1<\/span><\/span><\/p>\n<p align=\"CENTER\"><span style=\"font-family: Arial,sans-serif\"><span style=\"font-size: medium\">1<\/span><\/span><\/p>\n<\/td>\n<td width=\"66%\">\n<p align=\"CENTER\"><span style=\"font-family: Arial,sans-serif\"><span style=\"font-size: medium\">Chef de camp-h\u00f4pital<\/span><\/span><\/p>\n<p align=\"CENTER\"><span style=\"font-family: Arial,sans-serif\"><span style=\"font-size: medium\">Gestionnaires<\/span><\/span><\/p>\n<p align=\"CENTER\"><span style=\"font-family: Arial,sans-serif\"><span style=\"font-size: medium\">Inspecteurs-chefs<\/span><\/span><\/p>\n<p align=\"CENTER\"><span style=\"font-family: Arial,sans-serif\"><span style=\"font-size: medium\">Secr\u00e9taires<\/span><\/span><\/p>\n<p align=\"CENTER\"><span style=\"font-family: Arial,sans-serif\"><span style=\"font-size: medium\">Inspecteurs<\/span><\/span><\/p>\n<p align=\"CENTER\"><span style=\"font-family: Arial,sans-serif\"><span style=\"font-size: medium\">Brigadiers-chefs<\/span><\/span><\/p>\n<p align=\"CENTER\"><span style=\"font-family: Arial,sans-serif\"><span style=\"font-size: medium\">Brigadiers<\/span><\/span><\/p>\n<p align=\"CENTER\"><span style=\"font-family: Arial,sans-serif\"><span style=\"font-size: medium\">Gardiens <\/span><\/span><\/p>\n<p align=\"CENTER\"><span style=\"font-family: Arial,sans-serif\"><span style=\"font-size: medium\">Agents-sp\u00e9ciaux<\/span><\/span><\/p>\n<p align=\"CENTER\"><span style=\"font-family: Arial,sans-serif\"><span style=\"font-size: medium\">Infirmi\u00e8re-chef<\/span><\/span><\/p>\n<p align=\"CENTER\"><span style=\"font-family: Arial,sans-serif\"><span style=\"font-size: medium\">Infirmi\u00e8res-major<\/span><\/span><\/p>\n<p align=\"CENTER\"><span style=\"font-family: Arial,sans-serif\"><span style=\"font-size: medium\">Infirmi\u00e8res-major<\/span><\/span><\/p>\n<p align=\"CENTER\"><span style=\"font-family: Arial,sans-serif\"><span style=\"font-size: medium\">Pharmacien<\/span><\/span><\/p>\n<p align=\"CENTER\"><span style=\"font-family: Arial,sans-serif\"><span style=\"font-size: medium\">M\u00e9decin convention<\/span><\/span><\/p>\n<\/td>\n<\/tr>\n<tr valign=\"TOP\">\n<td width=\"34%\">\n<p align=\"CENTER\"><span style=\"font-family: Arial,sans-serif\"><span style=\"font-size: medium\">222<\/span><\/span><\/p>\n<\/td>\n<td width=\"66%\">\n<p align=\"CENTER\"><span style=\"font-family: Arial,sans-serif\"><span style=\"font-size: medium\">TOTAL<\/span><\/span><\/p>\n<\/td>\n<\/tr>\n<\/tbody>\n<\/table>\n<\/dd>\n<\/dl>\n<p align=\"CENTER\"><span style=\"font-family: Arial,sans-serif\"><span style=\"font-size: medium\"><b>Liste du personnel du camp de No\u00e9 nomm\u00e9 par le Gouvernement Provisoire de la R\u00e9publique Fran\u00e7aise\u00a0: <\/b><\/span><\/span><\/p>\n<dl>\n<dd>\n<table width=\"100%\" border=\"1\" cellspacing=\"0\" cellpadding=\"4\">\n<col width=\"87*\" \/>\n<col width=\"169*\" \/>\n<tbody>\n<tr valign=\"TOP\">\n<td width=\"34%\">\n<p align=\"CENTER\"><span style=\"font-family: Arial,sans-serif\"><span style=\"font-size: medium\">Nombre <\/span><\/span><\/p>\n<\/td>\n<td width=\"66%\">\n<p align=\"CENTER\"><span style=\"font-family: Arial,sans-serif\"><span style=\"font-size: medium\">Fonctions<\/span><\/span><\/p>\n<\/td>\n<\/tr>\n<tr valign=\"TOP\">\n<td width=\"34%\">\n<p align=\"CENTER\"><span style=\"font-family: Arial,sans-serif\"><span style=\"font-size: medium\">1<\/span><\/span><\/p>\n<p align=\"CENTER\"><span style=\"font-family: Arial,sans-serif\"><span style=\"font-size: medium\">1<\/span><\/span><\/p>\n<p align=\"CENTER\"><span style=\"font-family: Arial,sans-serif\"><span style=\"font-size: medium\">1<\/span><\/span><\/p>\n<p align=\"CENTER\"><span style=\"font-family: Arial,sans-serif\"><span style=\"font-size: medium\">8<\/span><\/span><\/p>\n<p align=\"CENTER\"><span style=\"font-family: Arial,sans-serif\"><span style=\"font-size: medium\">1<\/span><\/span><\/p>\n<p align=\"CENTER\"><span style=\"font-family: Arial,sans-serif\"><span style=\"font-size: medium\">1<\/span><\/span><\/p>\n<\/td>\n<td width=\"66%\">\n<p align=\"CENTER\"><span style=\"font-family: Arial,sans-serif\"><span style=\"font-size: medium\">Chef de camp<\/span><\/span><\/p>\n<p align=\"CENTER\"><span style=\"font-family: Arial,sans-serif\"><span style=\"font-size: medium\">Gestionnaire<\/span><\/span><\/p>\n<p align=\"CENTER\"><span style=\"font-family: Arial,sans-serif\"><span style=\"font-size: medium\">Inspecteur-chef<\/span><\/span><\/p>\n<p align=\"CENTER\"><span style=\"font-family: Arial,sans-serif\"><span style=\"font-size: medium\">Gardiens <\/span><\/span><\/p>\n<p align=\"CENTER\"><span style=\"font-family: Arial,sans-serif\"><span style=\"font-size: medium\">Agent-sp\u00e9cial<\/span><\/span><\/p>\n<p align=\"CENTER\"><span style=\"font-family: Arial,sans-serif\"><span style=\"font-size: medium\">Infirmi\u00e8re <\/span><\/span><\/p>\n<\/td>\n<\/tr>\n<tr valign=\"TOP\">\n<td width=\"34%\">\n<p align=\"CENTER\"><span style=\"font-family: Arial,sans-serif\"><span style=\"font-size: medium\">13<\/span><\/span><\/p>\n<\/td>\n<td width=\"66%\">\n<p align=\"CENTER\"><span style=\"font-family: Arial,sans-serif\"><span style=\"font-size: medium\">TOTAL<\/span><\/span><\/p>\n<\/td>\n<\/tr>\n<\/tbody>\n<\/table>\n<\/dd>\n<\/dl>\n","protected":false},"excerpt":{"rendered":"<p>Liste du personnel nomm\u00e9 par Vichy encore pr\u00e9sent en octobre 1944\u00a0: Nombre Fonctions 1 3 8 2 17 5 23 124 22 1 5 9 1 1 Chef de camp-h\u00f4pital Gestionnaires Inspecteurs-chefs Secr\u00e9taires Inspecteurs Brigadiers-chefs Brigadiers Gardiens Agents-sp\u00e9ciaux Infirmi\u00e8re-chef Infirmi\u00e8res-major &hellip; <a href=\"https:\/\/blogs.univ-jfc.fr\/campsdusudouest\/le-personnel-du-camp\/\">Lire la suite <span class=\"meta-nav\">&rarr;<\/span><\/a><\/p>\n","protected":false},"author":158,"featured_media":0,"parent":0,"menu_order":0,"comment_status":"closed","ping_status":"open","template":"","meta":[],"_links":{"self":[{"href":"https:\/\/blogs.univ-jfc.fr\/campsdusudouest\/wp-json\/wp\/v2\/pages\/1977"}],"collection":[{"href":"https:\/\/blogs.univ-jfc.fr\/campsdusudouest\/wp-json\/wp\/v2\/pages"}],"about":[{"href":"https:\/\/blogs.univ-jfc.fr\/campsdusudouest\/wp-json\/wp\/v2\/types\/page"}],"author":[{"embeddable":true,"href":"https:\/\/blogs.univ-jfc.fr\/campsdusudouest\/wp-json\/wp\/v2\/users\/158"}],"replies":[{"embeddable":true,"href":"https:\/\/blogs.univ-jfc.fr\/campsdusudouest\/wp-json\/wp\/v2\/comments?post=1977"}],"version-history":[{"count":2,"href":"https:\/\/blogs.univ-jfc.fr\/campsdusudouest\/wp-json\/wp\/v2\/pages\/1977\/revisions"}],"predecessor-version":[{"id":2000,"href":"https:\/\/blogs.univ-jfc.fr\/campsdusudouest\/wp-json\/wp\/v2\/pages\/1977\/revisions\/2000"}],"wp:attachment":[{"href":"https:\/\/blogs.univ-jfc.fr\/campsdusudouest\/wp-json\/wp\/v2\/media?parent=1977"}],"curies":[{"name":"wp","href":"https:\/\/api.w.org\/{rel}","templated":true}]}}