{"id":2017,"date":"2016-03-17T10:13:28","date_gmt":"2016-03-17T09:13:28","guid":{"rendered":"http:\/\/blogs.univ-jfc.fr\/campsdusudouest\/?page_id=2017"},"modified":"2016-03-24T09:05:40","modified_gmt":"2016-03-24T08:05:40","slug":"annexe-partie-internes-n2","status":"publish","type":"page","link":"https:\/\/blogs.univ-jfc.fr\/campsdusudouest\/hommes-et-femmes-des-camps\/les-internes\/linstabilite-du-dispositif-dinternement\/annexe-partie-internes-n2\/","title":{"rendered":"Annexes partie intern\u00e9s n\u00b02"},"content":{"rendered":"<p style=\"text-align: justify\"><span style=\"font-family: Arial,sans-serif\"><span style=\"font-size: medium\">L&rsquo;article XIX <\/span><span style=\"font-size: medium\">de l&rsquo;Armistice<\/span><span style=\"font-size: medium\"> sur les intern\u00e9s allemands pr\u00e9sent <\/span><span style=\"font-size: medium\">en France<\/span><span style=\"font-size: medium\">:<\/span><\/span><\/p>\n<p style=\"text-align: justify\" align=\"left\"><span style=\"font-family: Arial,sans-serif\"><span style=\"font-size: medium\"> \u00abTous les prisonniers de guerre et prisonniers civils allemands, y compris les pr\u00e9venus et condamn\u00e9s qui ont \u00e9t\u00e9 arr\u00eat\u00e9s et condamn\u00e9s pour des actes commis en faveur du Reich allemand, doivent \u00eatre remis sans d\u00e9lai aux troupes allemandes. Le Gouvernement fran\u00e7ais est tenu de livrer sur demande tous les ressortissants allemands d\u00e9sign\u00e9s par le Gouvernement du Reich et qui se trouvent en France, de m\u00eame que dans les possessions fran\u00e7aises, les colonies, les territoires sous protectorat et sous mandat. <\/span><\/span><span style=\"font-family: Arial,sans-serif\"><span style=\"font-size: medium\">Le Gouvernement fran\u00e7ais s&rsquo;engage \u00e0 emp\u00eacher le transfert de prisonniers de guerre ou de prisonniers civils allemands de France dans les possessions fran\u00e7aises ou bien \u00e0 l&rsquo;\u00e9tranger. Pour ce qui concerne les prisonniers d\u00e9j\u00e0 transf\u00e9r\u00e9s hors de France, de m\u00eame que les prisonniers de guerre allemands malades, qui ne peuvent \u00eatre \u00e9vacu\u00e9s ou qui sont bless\u00e9s, des listes exactes portant la d\u00e9signation de l&rsquo;endroit de leur s\u00e9jour doivent \u00eatre pr\u00e9sent\u00e9es. Le Haut-Commandement allemand s&rsquo;occupera des prisonniers de guerre allemands, malades ou bless\u00e9s\u00bb. <\/span><\/span><\/p>\n<div id=\"attachment_2645\" style=\"width: 474px\" class=\"wp-caption aligncenter\"><a href=\"http:\/\/blogs.univ-jfc.fr\/campsdusudouest\/wp-content\/uploads\/sites\/48\/2016\/03\/lettre.jpg\"><img aria-describedby=\"caption-attachment-2645\" loading=\"lazy\" class=\" wp-image-2645   \" title=\"http:\/\/jacques-sigot.blogspot.fr\/2013\/04\/verites-du-camp-de-montreuil-bellay.html \" alt=\"lettre d'arrestation\" src=\"http:\/\/blogs.univ-jfc.fr\/campsdusudouest\/wp-content\/uploads\/sites\/48\/2016\/03\/lettre-300x250.jpg\" width=\"464\" height=\"389\" \/><\/a><p id=\"caption-attachment-2645\" class=\"wp-caption-text\">lettre d&rsquo;arrestation et d&rsquo;internement d&rsquo;une famille consid\u00e9r\u00e9e comme des \u00ab individus dangereux pour la s\u00e9curit\u00e9 nationale \u00bb<\/p><\/div>\n<p style=\"text-align: center\" align=\"left\">\n","protected":false},"excerpt":{"rendered":"<p>L&rsquo;article XIX de l&rsquo;Armistice sur les intern\u00e9s allemands pr\u00e9sent en France: \u00abTous les prisonniers de guerre et prisonniers civils allemands, y compris les pr\u00e9venus et condamn\u00e9s qui ont \u00e9t\u00e9 arr\u00eat\u00e9s et condamn\u00e9s pour des actes commis en faveur du Reich &hellip; <a href=\"https:\/\/blogs.univ-jfc.fr\/campsdusudouest\/hommes-et-femmes-des-camps\/les-internes\/linstabilite-du-dispositif-dinternement\/annexe-partie-internes-n2\/\">Lire la suite <span class=\"meta-nav\">&rarr;<\/span><\/a><\/p>\n","protected":false},"author":202,"featured_media":0,"parent":541,"menu_order":0,"comment_status":"closed","ping_status":"open","template":"","meta":[],"_links":{"self":[{"href":"https:\/\/blogs.univ-jfc.fr\/campsdusudouest\/wp-json\/wp\/v2\/pages\/2017"}],"collection":[{"href":"https:\/\/blogs.univ-jfc.fr\/campsdusudouest\/wp-json\/wp\/v2\/pages"}],"about":[{"href":"https:\/\/blogs.univ-jfc.fr\/campsdusudouest\/wp-json\/wp\/v2\/types\/page"}],"author":[{"embeddable":true,"href":"https:\/\/blogs.univ-jfc.fr\/campsdusudouest\/wp-json\/wp\/v2\/users\/202"}],"replies":[{"embeddable":true,"href":"https:\/\/blogs.univ-jfc.fr\/campsdusudouest\/wp-json\/wp\/v2\/comments?post=2017"}],"version-history":[{"count":7,"href":"https:\/\/blogs.univ-jfc.fr\/campsdusudouest\/wp-json\/wp\/v2\/pages\/2017\/revisions"}],"predecessor-version":[{"id":2708,"href":"https:\/\/blogs.univ-jfc.fr\/campsdusudouest\/wp-json\/wp\/v2\/pages\/2017\/revisions\/2708"}],"up":[{"embeddable":true,"href":"https:\/\/blogs.univ-jfc.fr\/campsdusudouest\/wp-json\/wp\/v2\/pages\/541"}],"wp:attachment":[{"href":"https:\/\/blogs.univ-jfc.fr\/campsdusudouest\/wp-json\/wp\/v2\/media?parent=2017"}],"curies":[{"name":"wp","href":"https:\/\/api.w.org\/{rel}","templated":true}]}}