{"id":2028,"date":"2016-03-17T10:19:22","date_gmt":"2016-03-17T09:19:22","guid":{"rendered":"http:\/\/blogs.univ-jfc.fr\/campsdusudouest\/?page_id=2028"},"modified":"2016-04-07T10:33:23","modified_gmt":"2016-04-07T09:33:23","slug":"le-camp-de-noe-par-monseigneur-de-saliege","status":"publish","type":"page","link":"https:\/\/blogs.univ-jfc.fr\/campsdusudouest\/1945-et-apres\/images-des-camps\/camps-de-brens-et-de-noe-en-image\/le-camp-de-noe-par-monseigneur-de-saliege\/","title":{"rendered":"Le camp de No\u00e9 par Monseigneur de Sali\u00e8ge"},"content":{"rendered":"<p style=\"text-align: justify\">Le camp de No\u00e9 est repr\u00e9sent\u00e9 par son directeur comme un camp sain, comme le camp d&rsquo;internement le moins dur de France. Ce discours est contredit par Monseigneur de Sali\u00e8ge, archev\u00eaque de Toulouse, qui d\u00e9nonce les atrocit\u00e9s commises dans le camp.<\/p>\n<div id=\"attachment_2443\" style=\"width: 215px\" class=\"wp-caption alignleft\"><a href=\"http:\/\/blogs.univ-jfc.fr\/campsdusudouest\/wp-content\/uploads\/sites\/48\/2016\/03\/portrait_400.jpg\"><img aria-describedby=\"caption-attachment-2443\" loading=\"lazy\" class=\"wp-image-2443 \" alt=\"portrait de jules sali\u00e8ge\" src=\"http:\/\/blogs.univ-jfc.fr\/campsdusudouest\/wp-content\/uploads\/sites\/48\/2016\/03\/portrait_400-234x300.jpg\" width=\"205\" height=\"260\" \/><\/a><p id=\"caption-attachment-2443\" class=\"wp-caption-text\">Monseigneur Jules-G\u00e9raud Sali\u00e8ge (1870-1956), archev\u00eaque de Toulouse.<\/p><\/div>\n<p style=\"text-align: justify\"><a href=\"http:\/\/archives.haute-garonne.fr\/service_educatif\/portraits\/15.Saliege\/saliege.html\" target=\"_blank\">Monseigneur de Sali\u00e8ge<\/a> est connu pour avoir demand\u00e9 aux pr\u00eatres de son dioc\u00e8se de lire en chaire sa lettre,\u00a0 lettre ouverte condamnant les rafles et les d\u00e9portations. Il d\u00e9crit les sc\u00e8nes d&rsquo;horreurs, l&rsquo;\u00e9pouvante, la notion d\u2019universalisme : \u00ab Dans notre dioc\u00e8se, des sc\u00e8nes d\u2019\u00e9pouvante ont eu lieu dans les camps de No\u00e9 et de R\u00e9c\u00e9becou. Les Juifs sont des hommes, les Juives sont des femmes. Les \u00e9trangers sont des hommes, les \u00e9trang\u00e8res sont des femmes. Tout n\u2019est pas permis contre eux, contre ces hommes, contre ces femmes, contre ces p\u00e8res et m\u00e8res de famille. Ils font partie du genre humain. Ils sont nos fr\u00e8res comme tant d\u2019autres. Un chr\u00e9tien ne peut l\u2019oublier. France, patrie bien aim\u00e9e France qui porte dans la conscience de tous tes enfants la tradition du respect de la personne humaine, France chevaleresque et g\u00e9n\u00e9reuse, je n\u2019en doute pas, tu n\u2019es pas responsable de ces horreurs \u00bb. Sous la pression des politiques Vichyssois, le mot \u00ab \u00e9pouvantes \u00bb est remplac\u00e9 par \u00e9mouvantes et \u00ab horreurs \u00bb par erreurs. Le discours de Monseigneur de Sali\u00e8ge est soutenu par une base statistique en effet, taux de mortalit\u00e9 est de 60% pour le camp de No\u00e9. Ce taux va diminuer du fait que les juifs sont envoy\u00e9s pour \u00ab\u00a0destination inconnue\u00a0\u00bb, c&rsquo;est-\u00e0-dire vers les camps de concentration.<\/p>\n<p style=\"text-align: justify\">Ici, la confrontation entre les diff\u00e9rents discours est forte. On voit les autorit\u00e9s d\u00e9crivant un camp sain et Monseigneur de Sali\u00e8ge condamnant les actes violents qui se d\u00e9roulent dans le camp de No\u00e9. D\u00e9j\u00e0, nous avons vu que <a title=\"Images du camps de No\u00e9\" href=\"http:\/\/blogs.univ-jfc.fr\/campsdusudouest\/1945-et-apres\/images-des-camps\/camps-de-brens-et-de-noe-en-image\/\">Joseph Weill<\/a> dans ses photographies montre l&rsquo;aspect squelettique des intern\u00e9s. Le but \u00e9tant de comparer les divers aspects repr\u00e9sent\u00e9s dans les \u00e9crits et par les images pour une meilleure compr\u00e9hension historique.<\/p>\n","protected":false},"excerpt":{"rendered":"<p>Le camp de No\u00e9 est repr\u00e9sent\u00e9 par son directeur comme un camp sain, comme le camp d&rsquo;internement le moins dur de France. Ce discours est contredit par Monseigneur de Sali\u00e8ge, archev\u00eaque de Toulouse, qui d\u00e9nonce les atrocit\u00e9s commises dans le &hellip; <a href=\"https:\/\/blogs.univ-jfc.fr\/campsdusudouest\/1945-et-apres\/images-des-camps\/camps-de-brens-et-de-noe-en-image\/le-camp-de-noe-par-monseigneur-de-saliege\/\">Lire la suite <span class=\"meta-nav\">&rarr;<\/span><\/a><\/p>\n","protected":false},"author":174,"featured_media":0,"parent":743,"menu_order":0,"comment_status":"closed","ping_status":"open","template":"","meta":[],"_links":{"self":[{"href":"https:\/\/blogs.univ-jfc.fr\/campsdusudouest\/wp-json\/wp\/v2\/pages\/2028"}],"collection":[{"href":"https:\/\/blogs.univ-jfc.fr\/campsdusudouest\/wp-json\/wp\/v2\/pages"}],"about":[{"href":"https:\/\/blogs.univ-jfc.fr\/campsdusudouest\/wp-json\/wp\/v2\/types\/page"}],"author":[{"embeddable":true,"href":"https:\/\/blogs.univ-jfc.fr\/campsdusudouest\/wp-json\/wp\/v2\/users\/174"}],"replies":[{"embeddable":true,"href":"https:\/\/blogs.univ-jfc.fr\/campsdusudouest\/wp-json\/wp\/v2\/comments?post=2028"}],"version-history":[{"count":10,"href":"https:\/\/blogs.univ-jfc.fr\/campsdusudouest\/wp-json\/wp\/v2\/pages\/2028\/revisions"}],"predecessor-version":[{"id":4437,"href":"https:\/\/blogs.univ-jfc.fr\/campsdusudouest\/wp-json\/wp\/v2\/pages\/2028\/revisions\/4437"}],"up":[{"embeddable":true,"href":"https:\/\/blogs.univ-jfc.fr\/campsdusudouest\/wp-json\/wp\/v2\/pages\/743"}],"wp:attachment":[{"href":"https:\/\/blogs.univ-jfc.fr\/campsdusudouest\/wp-json\/wp\/v2\/media?parent=2028"}],"curies":[{"name":"wp","href":"https:\/\/api.w.org\/{rel}","templated":true}]}}