{"id":2101,"date":"2016-03-17T10:22:05","date_gmt":"2016-03-17T09:22:05","guid":{"rendered":"http:\/\/blogs.univ-jfc.fr\/campsdusudouest\/?page_id=2101"},"modified":"2016-04-13T16:33:34","modified_gmt":"2016-04-13T15:33:34","slug":"les-compagnies-de-travailleurs-cte-et-les-groupements-de-travailleurs-etrangers-gte","status":"publish","type":"page","link":"https:\/\/blogs.univ-jfc.fr\/campsdusudouest\/les-compagnies-de-travailleurs-cte-et-les-groupements-de-travailleurs-etrangers-gte\/","title":{"rendered":"Les compagnies de travailleurs (CTE) et les groupements de travailleurs \u00e9trangers (GTE)"},"content":{"rendered":"<p align=\"justify\"><span>Les compagnies de travailleurs \u00e9trangers (CTE), cr\u00e9<\/span><span>\u00e9<\/span><span>e<\/span><span>s par le gouvernement de Daladier, servent \u00e0 effectuer des travaux d&rsquo;int\u00e9r\u00eats g\u00e9n\u00e9raux ou strat\u00e9giques dans les camps fran\u00e7ais et sur les fronti\u00e8res du pays. <\/span><span>Elles <\/span><span>sont<\/span><span> supprim\u00e9es par la loi du 27 septembre 1940. Cependant, le mar\u00e9chal P\u00e9tain, voyant l&rsquo;int\u00e9r\u00eat \u00e9conomique de ces brigades, les rempla<\/span><span>ce<\/span><span> par les groupements de travailleurs \u00e9trangers (GTE). Cette loi perme<\/span><span>t<\/span><span> d&rsquo;encadrer une main d\u2019\u0153uvre \u00e9trang\u00e8re fortement pr\u00e9sente en France et de \u00ab\u00a0rentabiliser\u00a0\u00bb les camps d&rsquo;internement. En effet, la plupart des intern\u00e9s <\/span><span>sont<\/span><span> inactifs dans les camps et l&rsquo;entretien de ces derniers co\u00fbt<\/span><span>e<\/span><span> \u00e9norm\u00e9ment d&rsquo;argent \u00e0 l\u2019\u00c9tat. Les camps peuvent\u00a0<\/span><span>donc \u00eatre des lieux de travail forc\u00e9 pour ces GTE procurant de la main d\u2019\u0153uvre gratuite <\/span><span>et <\/span><span>en quantit\u00e9 \u00e0 l\u2019\u00c9tat fran\u00e7ais.<\/span><\/p>\n","protected":false},"excerpt":{"rendered":"<p>Les compagnies de travailleurs \u00e9trangers (CTE), cr\u00e9\u00e9es par le gouvernement de Daladier, servent \u00e0 effectuer des travaux d&rsquo;int\u00e9r\u00eats g\u00e9n\u00e9raux ou strat\u00e9giques dans les camps fran\u00e7ais et sur les fronti\u00e8res du pays. Elles sont supprim\u00e9es par la loi du 27 septembre &hellip; <a href=\"https:\/\/blogs.univ-jfc.fr\/campsdusudouest\/les-compagnies-de-travailleurs-cte-et-les-groupements-de-travailleurs-etrangers-gte\/\">Lire la suite <span class=\"meta-nav\">&rarr;<\/span><\/a><\/p>\n","protected":false},"author":191,"featured_media":0,"parent":0,"menu_order":0,"comment_status":"closed","ping_status":"open","template":"","meta":[],"_links":{"self":[{"href":"https:\/\/blogs.univ-jfc.fr\/campsdusudouest\/wp-json\/wp\/v2\/pages\/2101"}],"collection":[{"href":"https:\/\/blogs.univ-jfc.fr\/campsdusudouest\/wp-json\/wp\/v2\/pages"}],"about":[{"href":"https:\/\/blogs.univ-jfc.fr\/campsdusudouest\/wp-json\/wp\/v2\/types\/page"}],"author":[{"embeddable":true,"href":"https:\/\/blogs.univ-jfc.fr\/campsdusudouest\/wp-json\/wp\/v2\/users\/191"}],"replies":[{"embeddable":true,"href":"https:\/\/blogs.univ-jfc.fr\/campsdusudouest\/wp-json\/wp\/v2\/comments?post=2101"}],"version-history":[{"count":5,"href":"https:\/\/blogs.univ-jfc.fr\/campsdusudouest\/wp-json\/wp\/v2\/pages\/2101\/revisions"}],"predecessor-version":[{"id":4528,"href":"https:\/\/blogs.univ-jfc.fr\/campsdusudouest\/wp-json\/wp\/v2\/pages\/2101\/revisions\/4528"}],"wp:attachment":[{"href":"https:\/\/blogs.univ-jfc.fr\/campsdusudouest\/wp-json\/wp\/v2\/media?parent=2101"}],"curies":[{"name":"wp","href":"https:\/\/api.w.org\/{rel}","templated":true}]}}