{"id":2149,"date":"2016-03-17T10:28:13","date_gmt":"2016-03-17T09:28:13","guid":{"rendered":"http:\/\/blogs.univ-jfc.fr\/campsdusudouest\/?page_id=2149"},"modified":"2016-03-31T09:22:43","modified_gmt":"2016-03-31T08:22:43","slug":"le-camp-de-brens","status":"publish","type":"page","link":"https:\/\/blogs.univ-jfc.fr\/campsdusudouest\/le-camp-de-brens\/","title":{"rendered":"Le Camp de Brens"},"content":{"rendered":"<p align=\"justify\"><span style=\"color: #000000\"><span>Le camp de Brens par exemple regroup<\/span><\/span><span style=\"color: #000000\"><span>e<\/span><\/span><span style=\"color: #000000\"><span> des femmes fran\u00e7aises et \u00e9trang\u00e8res \u00ab\u00a0politiques\u00a0\u00bb dont des Juives, des militantes communistes, des syndicalistes, des r\u00e9fugi\u00e9es suspectes (en majorit\u00e9 Juives allemandes et polonaises), des Espagnoles r\u00e9volt\u00e9es du camp d&rsquo;Argel\u00e8s mais aussi des prostitu\u00e9es. Toutes ces femmes <\/span><\/span><span style=\"color: #000000\"><span>sont<\/span><\/span><span style=\"color: #000000\"><span> d\u00e9sign\u00e9e<\/span><\/span><span style=\"color: #000000\"><span>s<\/span><\/span><span style=\"color: #000000\"><span> \u00ab\u00a0ind\u00e9sirables\u00a0\u00bb car elles <\/span><\/span><span style=\"color: #000000\"><span>sont<\/span><\/span><span style=\"color: #000000\"><span> soup\u00e7onn\u00e9es de repr\u00e9senter un danger pour l&rsquo;ordre public. Certaines, dont la majorit\u00e9 <\/span><\/span><span style=\"color: #000000\"><span>sont<\/span><\/span><span style=\"color: #000000\"><span> des \u00e9migr\u00e9es allemandes, <\/span><\/span><span style=\"color: #000000\"><span>ont \u00e9t\u00e9<\/span><\/span><span style=\"color: #000000\"><span> arr\u00eat\u00e9es d\u00e8s la d\u00e9claration de guerre, car elles <\/span><\/span><span style=\"color: #000000\"><span>sont<\/span><\/span><span style=\"color: #000000\"><span> consid\u00e9r\u00e9es comme \u00e9tant ressortissantes d&rsquo;une puissance ennemie <\/span><\/span><span style=\"color: #000000\"><span>ou pour \u00eatre <\/span><\/span><span style=\"color: #000000\"><span>membre<\/span><\/span><span style=\"color: #000000\"><span>s<\/span><\/span><span style=\"color: #000000\"><span> du Parti communiste. En hiver 1939-1940, d&rsquo;autres femmes <\/span><\/span><span style=\"color: #000000\"><span>sont<\/span><\/span><span style=\"color: #000000\"><span> intern\u00e9es de 25 nationalit\u00e9s diff\u00e9rentes, dont de nombreuses fran\u00e7aises \u00ab\u00a0politiquement suspectes\u00a0\u00bb.<\/span><\/span><\/p>\n","protected":false},"excerpt":{"rendered":"<p>Le camp de Brens par exemple regroupe des femmes fran\u00e7aises et \u00e9trang\u00e8res \u00ab\u00a0politiques\u00a0\u00bb dont des Juives, des militantes communistes, des syndicalistes, des r\u00e9fugi\u00e9es suspectes (en majorit\u00e9 Juives allemandes et polonaises), des Espagnoles r\u00e9volt\u00e9es du camp d&rsquo;Argel\u00e8s mais aussi des prostitu\u00e9es. &hellip; <a href=\"https:\/\/blogs.univ-jfc.fr\/campsdusudouest\/le-camp-de-brens\/\">Lire la suite <span class=\"meta-nav\">&rarr;<\/span><\/a><\/p>\n","protected":false},"author":191,"featured_media":0,"parent":0,"menu_order":0,"comment_status":"closed","ping_status":"open","template":"","meta":[],"_links":{"self":[{"href":"https:\/\/blogs.univ-jfc.fr\/campsdusudouest\/wp-json\/wp\/v2\/pages\/2149"}],"collection":[{"href":"https:\/\/blogs.univ-jfc.fr\/campsdusudouest\/wp-json\/wp\/v2\/pages"}],"about":[{"href":"https:\/\/blogs.univ-jfc.fr\/campsdusudouest\/wp-json\/wp\/v2\/types\/page"}],"author":[{"embeddable":true,"href":"https:\/\/blogs.univ-jfc.fr\/campsdusudouest\/wp-json\/wp\/v2\/users\/191"}],"replies":[{"embeddable":true,"href":"https:\/\/blogs.univ-jfc.fr\/campsdusudouest\/wp-json\/wp\/v2\/comments?post=2149"}],"version-history":[{"count":4,"href":"https:\/\/blogs.univ-jfc.fr\/campsdusudouest\/wp-json\/wp\/v2\/pages\/2149\/revisions"}],"predecessor-version":[{"id":4254,"href":"https:\/\/blogs.univ-jfc.fr\/campsdusudouest\/wp-json\/wp\/v2\/pages\/2149\/revisions\/4254"}],"wp:attachment":[{"href":"https:\/\/blogs.univ-jfc.fr\/campsdusudouest\/wp-json\/wp\/v2\/media?parent=2149"}],"curies":[{"name":"wp","href":"https:\/\/api.w.org\/{rel}","templated":true}]}}