{"id":2200,"date":"2016-03-17T16:23:36","date_gmt":"2016-03-17T15:23:36","guid":{"rendered":"http:\/\/blogs.univ-jfc.fr\/campsdusudouest\/?page_id=2200"},"modified":"2016-04-12T08:51:12","modified_gmt":"2016-04-12T07:51:12","slug":"i-la-valorisation-politique-des-camps-pendant-la-seconde-guerre-mondiale","status":"publish","type":"page","link":"https:\/\/blogs.univ-jfc.fr\/campsdusudouest\/1945-et-apres\/reconversion-des-camps\/i-la-valorisation-politique-des-camps-pendant-la-seconde-guerre-mondiale\/","title":{"rendered":"La valorisation politique des camps pendant la Seconde Guerre mondiale"},"content":{"rendered":"<p style=\"text-align: justify\">Les camps d&rsquo;internement ont \u00e9t\u00e9 sujets \u00e0 une valorisation diff\u00e9renci\u00e9e selon les r\u00e9gimes en place pendant et apr\u00e8s la seconde Guerre Mondiale. Implant\u00e9s en majorit\u00e9 dans le sud de la France, ces camps ont connu une phase d&rsquo;oubli volontaire \u00e0 travers divers facteurs qui rendaient le sujet tabou.<\/p>\n<p style=\"text-align: justify\">Les camps d&rsquo;internement en France existaient d\u00e9j\u00e0 durant la premi\u00e8re Guerre Mondiale\u00a0; ils avaient pour fonction d&rsquo;y loger, dans des locaux collectifs, des repris de justice, des \u00ab\u00a0filles publiques\u00a0\u00bb et des Austro-Allemands.<\/p>\n<p style=\"text-align: justify\">\u00c0 partir de 1938, peu avant la Seconde Guerre mondiale, on remet en place le syst\u00e8me de camps d&rsquo;internement. Ces camps sont d&rsquo;abord faits de toiles (exemple avec les plages du Roussillon) puis en dur. On privil\u00e9gie les b\u00e2timents d\u00e9j\u00e0 existants tels que militaires avec le Fort-Barraux, carc\u00e9raux, h\u00f4teliers avec Bompard de Marseille mais aussi d&rsquo;anciennes usines comme pour le camp des <a title=\"Le camp des Milles\" href=\"http:\/\/blogs.univ-jfc.fr\/campsdusudouest\/1945-et-apres\/reconversion-des-camps\/le-camp-des-milles\/\">Milles<\/a>, qui \u00e9tait une ancienne briqueterie. Les terrains priv\u00e9s sont eux aussi r\u00e9quisitionn\u00e9s par le Minist\u00e8re de l&rsquo;Int\u00e9rieur qui verse, tout de m\u00eame, un loyer ou des d\u00e9dommagements aux propri\u00e9taires.<\/p>\n<p style=\"text-align: justify\">Dans un premier temps, ces camps avaient pour fonction d&rsquo;\u00eatre des camps de contr\u00f4le et de triage pour les r\u00e9fugi\u00e9s allemands qui fuyaient le nazisme et les Espagnols qui, eux, fuyaient la guerre civile et le r\u00e9gime franquiste. Ils \u00ab\u00a0seront gard\u00e9s \u00e9troitement avant leur refoulement\u00a0\u00bb pr\u00e9cisa le Ministre de l&rsquo;Int\u00e9rieur, Albert Sarraut. Ils seront intern\u00e9s par exemple dans les camps de <a title=\"Brens\" href=\"http:\/\/blogs.univ-jfc.fr\/campsdusudouest\/mongraphies-de-camps\/brens\/\">Brens<\/a> et du <a title=\"Le Vernet d\u2019Ari\u00e8ge\" href=\"http:\/\/blogs.univ-jfc.fr\/campsdusudouest\/mongraphies-de-camps\/le-vernet-dariege\/\">Vernet<\/a>.<\/p>\n<p style=\"text-align: justify\">Les camps vont, par la suite, de plus en plus se sp\u00e9cialiser dans un certain type de population, par exemple avec le camp de <a title=\"Brens\" href=\"http:\/\/blogs.univ-jfc.fr\/campsdusudouest\/mongraphies-de-camps\/brens\/\">Brens<\/a> qui devait accueillir les vieillards et les femmes. Mais aussi <a title=\"Rivesaltes\" href=\"http:\/\/blogs.univ-jfc.fr\/campsdusudouest\/mongraphies-de-camps\/rivesaltes\/\">Rivesaltes<\/a>, o\u00f9 les intern\u00e9s \u00e9taient des catalans. Ces camps d&rsquo;internement vont devenir des camps de concentration compos\u00e9s majoritairement de juifs et d&rsquo;intern\u00e9s politiques potentiellement dangereux selon le r\u00e9gime. Par la suite, ils vont devenir des antichambres de la mort \u00e0 partir de 1942 en se convertissant en camps de transit des victimes \u00ab\u00a0raciales\u00a0\u00bb et vont participer \u00e0 la politique d&rsquo;extermination de ces populations, avec par exemple les camps de <a title=\"Brens\" href=\"http:\/\/blogs.univ-jfc.fr\/campsdusudouest\/mongraphies-de-camps\/brens\/\">Brens<\/a>, du <a title=\"Le Vernet d\u2019Ari\u00e8ge\" href=\"http:\/\/blogs.univ-jfc.fr\/campsdusudouest\/mongraphies-de-camps\/le-vernet-dariege\/\">Vernet<\/a>, de Drancy et de <a title=\"Rivesaltes\" href=\"http:\/\/blogs.univ-jfc.fr\/campsdusudouest\/mongraphies-de-camps\/rivesaltes\/\">Rivesaltes<\/a>.<\/p>\n<p style=\"text-align: justify\">Les camps, pour la majorit\u00e9, vont \u00e0 partir de 1944 jusqu&rsquo;\u00e0 la fin de la guerre \u00eatre soit vid\u00e9s petit \u00e0 petit, soit utilis\u00e9s par la r\u00e9sistance comme hangars pour stocker l&rsquo;armement ou y interner des prisonniers de guerre et ceux accus\u00e9s de collaboration. C&rsquo;est le cas des camps de <a title=\"Brens\" href=\"http:\/\/blogs.univ-jfc.fr\/campsdusudouest\/mongraphies-de-camps\/brens\/\">Brens<\/a>, du <a title=\"Le Vernet d\u2019Ari\u00e8ge\" href=\"http:\/\/blogs.univ-jfc.fr\/campsdusudouest\/mongraphies-de-camps\/le-vernet-dariege\/\">Vernet<\/a> et de <a title=\"No\u00e9\" href=\"http:\/\/blogs.univ-jfc.fr\/campsdusudouest\/mongraphies-de-camps\/noe\/\">No\u00e9<\/a>.<\/p>\n<div id=\"attachment_2202\" style=\"width: 1003px\" class=\"wp-caption aligncenter\"><a href=\"http:\/\/blogs.univ-jfc.fr\/campsdusudouest\/wp-content\/uploads\/sites\/48\/2016\/03\/img6.jpg\"><img aria-describedby=\"caption-attachment-2202\" loading=\"lazy\" class=\"size-full wp-image-2202\" alt=\"La France des camps \u00e0 la fin de 1940\" src=\"http:\/\/blogs.univ-jfc.fr\/campsdusudouest\/wp-content\/uploads\/sites\/48\/2016\/03\/img6.jpg\" width=\"993\" height=\"1025\" srcset=\"https:\/\/blogs.univ-jfc.fr\/campsdusudouest\/wp-content\/uploads\/sites\/48\/2016\/03\/img6.jpg 993w, https:\/\/blogs.univ-jfc.fr\/campsdusudouest\/wp-content\/uploads\/sites\/48\/2016\/03\/img6-290x300.jpg 290w, https:\/\/blogs.univ-jfc.fr\/campsdusudouest\/wp-content\/uploads\/sites\/48\/2016\/03\/img6-992x1024.jpg 992w\" sizes=\"(max-width: 993px) 100vw, 993px\" \/><\/a><p id=\"caption-attachment-2202\" class=\"wp-caption-text\">La France des camps \u00e0 la fin de 1940<\/p><\/div>\n<p style=\"text-align: justify\">\u00c0 la fin de la seconde Guerre Mondiale la France conna\u00eet une nouvelle phase d&rsquo;\u00e9volution des camps. En effet, m\u00eame si la majorit\u00e9 des camps d&rsquo;internement est vid\u00e9e et ferm\u00e9e \u00e0 la fin de la guerre, certains restent ouverts plusieurs ann\u00e9es et accueillent de nouveaux intern\u00e9s ou rev\u00eatent d&rsquo;autres fonctions. Le prolongement de l&rsquo;activit\u00e9 des camps s&rsquo;explique avant tout par le long processus d&rsquo;\u00e9vacuation des intern\u00e9s en attente de jugement mais aussi par le nombre important d&rsquo;intern\u00e9s dont l\u2019administration fran\u00e7aise ne sait pas quoi faire. Par exemple, la population Tzigane va rester intern\u00e9e jusqu&rsquo;en 1946 dans les camps comme celui de <a title=\"Rivesaltes\" href=\"http:\/\/blogs.univ-jfc.fr\/campsdusudouest\/mongraphies-de-camps\/rivesaltes\/\">Rivesaltes<\/a>. De plus, des camps vont \u00eatre r\u00e9utilis\u00e9s, tel que <a title=\"Rivesaltes\" href=\"http:\/\/blogs.univ-jfc.fr\/campsdusudouest\/mongraphies-de-camps\/rivesaltes\/\">Rivesaltes<\/a>, par la r\u00e9sistance jusqu&rsquo;en 1947. Certains vont de nouveau assumer la fonction de camp de transit et de reclassement, en 1962, avec l&rsquo;internement des Harkis durant la Guerre d&rsquo;Alg\u00e9rie. Mais la majorit\u00e9 des camps est abandonn\u00e9e, ras\u00e9e ou m\u00eame rachet\u00e9e comme <a title=\"Brens\" href=\"http:\/\/blogs.univ-jfc.fr\/campsdusudouest\/mongraphies-de-camps\/brens\/\">Brens<\/a>, repris par la CGT de Toulouse en avril 1946. D&rsquo;autres reprendront leurs activit\u00e9s d&rsquo;origine, telle que la briqueterie du camp des <a title=\"Le camp des Milles\" href=\"http:\/\/blogs.univ-jfc.fr\/campsdusudouest\/1945-et-apres\/reconversion-des-camps\/le-camp-des-milles\/\">Milles<\/a> d\u00e8s 1946 jusqu&rsquo;en 1987. L&rsquo;oubli progressif auquel font face ces camps est d\u00fb \u00e0 une volont\u00e9 de la population fran\u00e7aise qui s&rsquo;explique avant tout par le fait que l&rsquo;existence m\u00eame de ces camps est peu connue et sinon taboue. La reconstruction du pays passait avant la pr\u00e9servation de la m\u00e9moire des camps. De nos jours, certains camps font toujours l&rsquo;objet d&rsquo;un oubli collectif comme <a title=\"Brens\" href=\"http:\/\/blogs.univ-jfc.fr\/campsdusudouest\/mongraphies-de-camps\/brens\/\">Brens<\/a> ou sont ras\u00e9s pour les supprimer de la m\u00e9moire, tel que le <a title=\"Le Vernet d\u2019Ari\u00e8ge\" href=\"http:\/\/blogs.univ-jfc.fr\/campsdusudouest\/mongraphies-de-camps\/le-vernet-dariege\/\">Vernet<\/a>. Cet oubli est aussi d\u00fb \u00e0 la politique entreprise par Charles de Gaulle\u00a0: le r\u00e9sistancialisme. En effet, la r\u00e9sistance de la France face \u00e0 l&rsquo;Allemagne nazie est \u00e9norm\u00e9ment mise en valeur, notamment gr\u00e2ce \u00e0 la lecture de Charles de Gaulle en 1958, dans laquelle il annonce que \u00ab\u00a0le r\u00e9gime de vichy est une parenth\u00e8se dans l&rsquo;histoire de la r\u00e9publique\u00a0\u00bb. Cette politique entra\u00eene l&rsquo;effacement progressif des camps.<\/p>\n<div id=\"attachment_2205\" style=\"width: 1299px\" class=\"wp-caption aligncenter\"><a href=\"http:\/\/blogs.univ-jfc.fr\/campsdusudouest\/wp-content\/uploads\/sites\/48\/2016\/03\/50e077d4767021.jpg\"><img aria-describedby=\"caption-attachment-2205\" loading=\"lazy\" class=\"size-full wp-image-2205\" alt=\"Photo du camp de Rivesaltes prise en 2011\" src=\"http:\/\/blogs.univ-jfc.fr\/campsdusudouest\/wp-content\/uploads\/sites\/48\/2016\/03\/50e077d4767021.jpg\" width=\"1289\" height=\"965\" srcset=\"https:\/\/blogs.univ-jfc.fr\/campsdusudouest\/wp-content\/uploads\/sites\/48\/2016\/03\/50e077d4767021.jpg 1289w, https:\/\/blogs.univ-jfc.fr\/campsdusudouest\/wp-content\/uploads\/sites\/48\/2016\/03\/50e077d4767021-300x224.jpg 300w, https:\/\/blogs.univ-jfc.fr\/campsdusudouest\/wp-content\/uploads\/sites\/48\/2016\/03\/50e077d4767021-1024x766.jpg 1024w, https:\/\/blogs.univ-jfc.fr\/campsdusudouest\/wp-content\/uploads\/sites\/48\/2016\/03\/50e077d4767021-400x300.jpg 400w\" sizes=\"(max-width: 1289px) 100vw, 1289px\" \/><\/a><p id=\"caption-attachment-2205\" class=\"wp-caption-text\">Photo du camp de Rivesaltes prise en 2011<\/p><\/div>\n<p><a title=\"Bibliographie G\u00e9n\u00e9rale\" href=\"http:\/\/blogs.univ-jfc.fr\/campsdusudouest\/bibliographie-generale\/\">Pour en savoir plus<\/a><\/p>\n","protected":false},"excerpt":{"rendered":"<p>Les camps d&rsquo;internement ont \u00e9t\u00e9 sujets \u00e0 une valorisation diff\u00e9renci\u00e9e selon les r\u00e9gimes en place pendant et apr\u00e8s la seconde Guerre Mondiale. Implant\u00e9s en majorit\u00e9 dans le sud de la France, ces camps ont connu une phase d&rsquo;oubli volontaire \u00e0 &hellip; <a href=\"https:\/\/blogs.univ-jfc.fr\/campsdusudouest\/1945-et-apres\/reconversion-des-camps\/i-la-valorisation-politique-des-camps-pendant-la-seconde-guerre-mondiale\/\">Lire la suite <span class=\"meta-nav\">&rarr;<\/span><\/a><\/p>\n","protected":false},"author":173,"featured_media":0,"parent":104,"menu_order":0,"comment_status":"closed","ping_status":"open","template":"","meta":[],"_links":{"self":[{"href":"https:\/\/blogs.univ-jfc.fr\/campsdusudouest\/wp-json\/wp\/v2\/pages\/2200"}],"collection":[{"href":"https:\/\/blogs.univ-jfc.fr\/campsdusudouest\/wp-json\/wp\/v2\/pages"}],"about":[{"href":"https:\/\/blogs.univ-jfc.fr\/campsdusudouest\/wp-json\/wp\/v2\/types\/page"}],"author":[{"embeddable":true,"href":"https:\/\/blogs.univ-jfc.fr\/campsdusudouest\/wp-json\/wp\/v2\/users\/173"}],"replies":[{"embeddable":true,"href":"https:\/\/blogs.univ-jfc.fr\/campsdusudouest\/wp-json\/wp\/v2\/comments?post=2200"}],"version-history":[{"count":10,"href":"https:\/\/blogs.univ-jfc.fr\/campsdusudouest\/wp-json\/wp\/v2\/pages\/2200\/revisions"}],"predecessor-version":[{"id":4465,"href":"https:\/\/blogs.univ-jfc.fr\/campsdusudouest\/wp-json\/wp\/v2\/pages\/2200\/revisions\/4465"}],"up":[{"embeddable":true,"href":"https:\/\/blogs.univ-jfc.fr\/campsdusudouest\/wp-json\/wp\/v2\/pages\/104"}],"wp:attachment":[{"href":"https:\/\/blogs.univ-jfc.fr\/campsdusudouest\/wp-json\/wp\/v2\/media?parent=2200"}],"curies":[{"name":"wp","href":"https:\/\/api.w.org\/{rel}","templated":true}]}}