{"id":2260,"date":"2016-03-18T10:51:05","date_gmt":"2016-03-18T09:51:05","guid":{"rendered":"http:\/\/blogs.univ-jfc.fr\/campsdusudouest\/?page_id=2260"},"modified":"2016-03-31T09:01:06","modified_gmt":"2016-03-31T08:01:06","slug":"hierarchie-prefectorale","status":"publish","type":"page","link":"https:\/\/blogs.univ-jfc.fr\/campsdusudouest\/hierarchie-prefectorale\/","title":{"rendered":"Hi\u00e9rarchie pr\u00e9fectorale"},"content":{"rendered":"<div id=\"attachment_3544\" style=\"width: 112px\" class=\"wp-caption alignright\"><a href=\"http:\/\/blogs.univ-jfc.fr\/campsdusudouest\/wp-content\/uploads\/sites\/48\/2016\/03\/casquette-Vichy.jpg\"><img aria-describedby=\"caption-attachment-3544\" loading=\"lazy\" class=\"size-full wp-image-3544  \" title=\"Francisque\" alt=\"\" src=\"http:\/\/blogs.univ-jfc.fr\/campsdusudouest\/wp-content\/uploads\/sites\/48\/2016\/03\/casquette-Vichy.jpg\" width=\"102\" height=\"174\" \/><\/a><p id=\"caption-attachment-3544\" class=\"wp-caption-text\">Insigne de la police de Vichy (source : http:\/\/amicale-police-patrimoine.fr)<\/p><\/div>\n<p style=\"text-align: justify\">\n<p style=\"text-align: justify\">Suite \u00e0 l&rsquo;armistice sign\u00e9e le 22 juin 1940 avec les allemands, le r\u00e9gime de Vichy se met en place et organise une <a href=\"http:\/\/blogs.univ-jfc.fr\/campsdusudouest\/wp-content\/uploads\/sites\/48\/2016\/03\/Hi\u00e9rarchie-de-ladministration-r\u00e9gionale-sous-le-r\u00e9gime-de-Vichy1.pdf\">nouvelle hi\u00e9rarchie de l&rsquo;administration r\u00e9gionale<\/a> comprenant de nouveaux \u00e9chelons tel que celui de pr\u00e9fet r\u00e9gional.<\/p>\n<p style=\"text-align: justify\">La loi du 19 avril 1941 d\u00e9finie les <a href=\"http:\/\/blogs.univ-jfc.fr\/campsdusudouest\/wp-content\/uploads\/sites\/48\/2016\/03\/Les-attributions-des-pr\u00e9fets-r\u00e9gionaux1.pdf\">attributions des pr\u00e9fets r\u00e9gionaux<\/a> notamment dans la gestion des camps ainsi que leur <a href=\"http:\/\/blogs.univ-jfc.fr\/campsdusudouest\/wp-content\/uploads\/sites\/48\/2016\/03\/Les-nominations1.pdf\">nomination<\/a>.<\/p>\n<p style=\"text-align: justify\">Enfin le gouvernement du mar\u00e9chal P\u00e9tain constitue une <a href=\"http:\/\/blogs.univ-jfc.fr\/campsdusudouest\/wp-content\/uploads\/sites\/48\/2016\/03\/Organisation-de-la-police-d\u2019\u00c9tat-sous-la-direction-du-pr\u00e9fet-r\u00e9gional2.pdf\">police d\u2019\u00c9tat sous la direction du pr\u00e9fet r\u00e9gional<\/a> qui prend d\u00e9sormais le relais de la police municipale dans les villes de plus de 10000 habitants.<\/p>\n","protected":false},"excerpt":{"rendered":"<p>Suite \u00e0 l&rsquo;armistice sign\u00e9e le 22 juin 1940 avec les allemands, le r\u00e9gime de Vichy se met en place et organise une nouvelle hi\u00e9rarchie de l&rsquo;administration r\u00e9gionale comprenant de nouveaux \u00e9chelons tel que celui de pr\u00e9fet r\u00e9gional. La loi du &hellip; <a href=\"https:\/\/blogs.univ-jfc.fr\/campsdusudouest\/hierarchie-prefectorale\/\">Lire la suite <span class=\"meta-nav\">&rarr;<\/span><\/a><\/p>\n","protected":false},"author":207,"featured_media":0,"parent":0,"menu_order":0,"comment_status":"closed","ping_status":"open","template":"","meta":[],"_links":{"self":[{"href":"https:\/\/blogs.univ-jfc.fr\/campsdusudouest\/wp-json\/wp\/v2\/pages\/2260"}],"collection":[{"href":"https:\/\/blogs.univ-jfc.fr\/campsdusudouest\/wp-json\/wp\/v2\/pages"}],"about":[{"href":"https:\/\/blogs.univ-jfc.fr\/campsdusudouest\/wp-json\/wp\/v2\/types\/page"}],"author":[{"embeddable":true,"href":"https:\/\/blogs.univ-jfc.fr\/campsdusudouest\/wp-json\/wp\/v2\/users\/207"}],"replies":[{"embeddable":true,"href":"https:\/\/blogs.univ-jfc.fr\/campsdusudouest\/wp-json\/wp\/v2\/comments?post=2260"}],"version-history":[{"count":10,"href":"https:\/\/blogs.univ-jfc.fr\/campsdusudouest\/wp-json\/wp\/v2\/pages\/2260\/revisions"}],"predecessor-version":[{"id":4204,"href":"https:\/\/blogs.univ-jfc.fr\/campsdusudouest\/wp-json\/wp\/v2\/pages\/2260\/revisions\/4204"}],"wp:attachment":[{"href":"https:\/\/blogs.univ-jfc.fr\/campsdusudouest\/wp-json\/wp\/v2\/media?parent=2260"}],"curies":[{"name":"wp","href":"https:\/\/api.w.org\/{rel}","templated":true}]}}