{"id":2265,"date":"2016-03-18T15:08:32","date_gmt":"2016-03-18T14:08:32","guid":{"rendered":"http:\/\/blogs.univ-jfc.fr\/campsdusudouest\/?page_id=2265"},"modified":"2016-03-27T00:11:32","modified_gmt":"2016-03-26T23:11:32","slug":"marcel-langer","status":"publish","type":"page","link":"https:\/\/blogs.univ-jfc.fr\/campsdusudouest\/agir-et-resister-dans-les-camps\/resistance-revoltes-et-evasions\/une-resistance-plus-active\/marcel-langer\/","title":{"rendered":"Marcel Langer"},"content":{"rendered":"<p><!--\np { margin-bottom: 0.25cm; line-height: 120%; }a:link {  }\n--><\/p>\n<div id=\"attachment_3307\" style=\"width: 217px\" class=\"wp-caption alignleft\"><a href=\"http:\/\/blogs.univ-jfc.fr\/campsdusudouest\/wp-content\/uploads\/sites\/48\/2016\/03\/Marcel-Langer-Mus\u00e9e-d\u00e9patemental-de-la-R\u00e9sistance-et-de-la-D\u00e9portation.jpg\"><img aria-describedby=\"caption-attachment-3307\" loading=\"lazy\" class=\"size-medium wp-image-3307 \" title=\"Photographie de Marcel Langer,  Mus\u00e9e d\u00e9patemental de la R\u00e9sistance et de la D\u00e9portation de Haute-Garonne\" alt=\"\" src=\"http:\/\/blogs.univ-jfc.fr\/campsdusudouest\/wp-content\/uploads\/sites\/48\/2016\/03\/Marcel-Langer-Mus\u00e9e-d\u00e9patemental-de-la-R\u00e9sistance-et-de-la-D\u00e9portation-207x300.jpg\" width=\"207\" height=\"300\" srcset=\"https:\/\/blogs.univ-jfc.fr\/campsdusudouest\/wp-content\/uploads\/sites\/48\/2016\/03\/Marcel-Langer-Mus\u00e9e-d\u00e9patemental-de-la-R\u00e9sistance-et-de-la-D\u00e9portation-207x300.jpg 207w, https:\/\/blogs.univ-jfc.fr\/campsdusudouest\/wp-content\/uploads\/sites\/48\/2016\/03\/Marcel-Langer-Mus\u00e9e-d\u00e9patemental-de-la-R\u00e9sistance-et-de-la-D\u00e9portation.jpg 327w\" sizes=\"(max-width: 207px) 100vw, 207px\" \/><\/a><p id=\"caption-attachment-3307\" class=\"wp-caption-text\">Marcel Langer<\/p><\/div>\n<p style=\"text-align: justify\">Marcel Langer est un militant communiste, immigr\u00e9 polonais juif qui arrive \u00e0 Toulouse en 1931. Il int\u00e8gre la Main d&rsquo;\u0152uvre Immigr\u00e9e (M.O.I) qui regroupe les travailleurs immigr\u00e9s. Apr\u00e8s son engagement d\u00e8s 1936 dans les Brigades Internationales, il retourne en France. Il est intern\u00e9 dans les camps d&rsquo;Argel\u00e8s puis de Gurs d&rsquo;o\u00f9 il s&rsquo;\u00e9vade pour rejoindre de nouveau Toulouse. Il retrouve la M.O.I. qui devient en 1942 sous l&rsquo;occupation allemande un mouvement de r\u00e9sistance militaire. Ce mouvement participe \u00e0 de nombreuses destructions, de sabotages, d&rsquo;attentats contre les soldats allemands. Le 5 f\u00e9vrier 1943, Marcel est arr\u00eat\u00e9 \u00e0 Toulouse en possession d&rsquo;explosifs dans une valise qui lui est remise. Interrog\u00e9 puis tortur\u00e9 par la police, il ne donne aucun renseignement. Les services de Vichy intentent un proc\u00e8s contre lui lors duquel le procureur Lespinasse demande la peine de mort. Le 23 juillet 1943, Marcel Langer est guillotin\u00e9 dans la prison de Saint-Michel \u00e0 Toulouse.<\/p>\n","protected":false},"excerpt":{"rendered":"<p>Marcel Langer est un militant communiste, immigr\u00e9 polonais juif qui arrive \u00e0 Toulouse en 1931. Il int\u00e8gre la Main d&rsquo;\u0152uvre Immigr\u00e9e (M.O.I) qui regroupe les travailleurs immigr\u00e9s. Apr\u00e8s son engagement d\u00e8s 1936 dans les Brigades Internationales, il retourne en France. &hellip; <a href=\"https:\/\/blogs.univ-jfc.fr\/campsdusudouest\/agir-et-resister-dans-les-camps\/resistance-revoltes-et-evasions\/une-resistance-plus-active\/marcel-langer\/\">Lire la suite <span class=\"meta-nav\">&rarr;<\/span><\/a><\/p>\n","protected":false},"author":229,"featured_media":0,"parent":296,"menu_order":2,"comment_status":"closed","ping_status":"open","template":"","meta":[],"_links":{"self":[{"href":"https:\/\/blogs.univ-jfc.fr\/campsdusudouest\/wp-json\/wp\/v2\/pages\/2265"}],"collection":[{"href":"https:\/\/blogs.univ-jfc.fr\/campsdusudouest\/wp-json\/wp\/v2\/pages"}],"about":[{"href":"https:\/\/blogs.univ-jfc.fr\/campsdusudouest\/wp-json\/wp\/v2\/types\/page"}],"author":[{"embeddable":true,"href":"https:\/\/blogs.univ-jfc.fr\/campsdusudouest\/wp-json\/wp\/v2\/users\/229"}],"replies":[{"embeddable":true,"href":"https:\/\/blogs.univ-jfc.fr\/campsdusudouest\/wp-json\/wp\/v2\/comments?post=2265"}],"version-history":[{"count":7,"href":"https:\/\/blogs.univ-jfc.fr\/campsdusudouest\/wp-json\/wp\/v2\/pages\/2265\/revisions"}],"predecessor-version":[{"id":3309,"href":"https:\/\/blogs.univ-jfc.fr\/campsdusudouest\/wp-json\/wp\/v2\/pages\/2265\/revisions\/3309"}],"up":[{"embeddable":true,"href":"https:\/\/blogs.univ-jfc.fr\/campsdusudouest\/wp-json\/wp\/v2\/pages\/296"}],"wp:attachment":[{"href":"https:\/\/blogs.univ-jfc.fr\/campsdusudouest\/wp-json\/wp\/v2\/media?parent=2265"}],"curies":[{"name":"wp","href":"https:\/\/api.w.org\/{rel}","templated":true}]}}