{"id":2270,"date":"2016-03-18T15:19:33","date_gmt":"2016-03-18T14:19:33","guid":{"rendered":"http:\/\/blogs.univ-jfc.fr\/campsdusudouest\/?page_id=2270"},"modified":"2016-03-30T16:46:42","modified_gmt":"2016-03-30T15:46:42","slug":"dora-schaul","status":"publish","type":"page","link":"https:\/\/blogs.univ-jfc.fr\/campsdusudouest\/agir-et-resister-dans-les-camps\/resistance-revoltes-et-evasions\/une-resistance-plus-active\/dora-schaul\/","title":{"rendered":"Dora Schaul"},"content":{"rendered":"<p><!--\np { margin-bottom: 0.25cm; line-height: 120%; }a:link {  }\n--><\/p>\n<div id=\"attachment_3312\" style=\"width: 221px\" class=\"wp-caption alignleft\"><a href=\"http:\/\/blogs.univ-jfc.fr\/campsdusudouest\/wp-content\/uploads\/sites\/48\/2016\/03\/Dora-Schaul-Arch.-fam.png\"><img aria-describedby=\"caption-attachment-3312\" loading=\"lazy\" class=\"size-medium wp-image-3312 \" title=\"Photographie de Dora Schaul, Archives familiales \" alt=\"\" src=\"http:\/\/blogs.univ-jfc.fr\/campsdusudouest\/wp-content\/uploads\/sites\/48\/2016\/03\/Dora-Schaul-Arch.-fam-211x300.png\" width=\"211\" height=\"300\" srcset=\"https:\/\/blogs.univ-jfc.fr\/campsdusudouest\/wp-content\/uploads\/sites\/48\/2016\/03\/Dora-Schaul-Arch.-fam-211x300.png 211w, https:\/\/blogs.univ-jfc.fr\/campsdusudouest\/wp-content\/uploads\/sites\/48\/2016\/03\/Dora-Schaul-Arch.-fam.png 226w\" sizes=\"(max-width: 211px) 100vw, 211px\" \/><\/a><p id=\"caption-attachment-3312\" class=\"wp-caption-text\">Dora Schaul<\/p><\/div>\n<p style=\"text-align: justify\">Dora Schaul est n\u00e9e en 1913 et originaire d&rsquo;une famille juive allemande. N&rsquo;ayant pas fui l&rsquo;Allemagne nazie, ses parents et sa grande s\u0153ur sont d\u00e9port\u00e9s en 1942. C&rsquo;est aux Pays-Bas que Dora Schaul ayant quitt\u00e9 l&rsquo;Allemagne en 1933 \u00e0 la recherche d&rsquo;un emploi, rencontre des communistes allemands. Elle arrive en France en 1934 avec son mari, mais elle est rapidement menac\u00e9e d&rsquo;expulsion. Dora Schaul est transf\u00e9r\u00e9e le 16 octobre 1939 au camp de Rieucros en Loz\u00e8re. Elle y restera intern\u00e9e jusqu&rsquo;\u00e0 la fermeture du camp en f\u00e9vrier 1942. Les femmes du camp de Rieucros sont ensuite transf\u00e9r\u00e9es au camp de Brens dans le Tarn. Dora Schaul r\u00e9ussit \u00e0 s&rsquo;\u00e9vader le 14 juillet 1942, b\u00e9n\u00e9ficiant de l&rsquo;inattention des gardiens qui c\u00e9l\u00e8brent la f\u00eate nationale, \u00e9chappant de peu \u00e0 la d\u00e9portation. A peine un mois plus tard, les Allemandes et les Polonaises juives du camp sont d\u00e9port\u00e9es. Elle nous livre son histoire dans des \u00e9crits\u00a0:<\/p>\n<div id=\"attachment_3311\" style=\"width: 310px\" class=\"wp-caption alignright\"><a href=\"http:\/\/blogs.univ-jfc.fr\/campsdusudouest\/wp-content\/uploads\/sites\/48\/2016\/03\/Dora-Schaul-route.png\"><img aria-describedby=\"caption-attachment-3311\" loading=\"lazy\" class=\"size-medium wp-image-3311 \" title=\"Pancarte en hommage \u00e0 Dora Schaul \u00e0 Brens (Tarn) \" alt=\"\" src=\"http:\/\/blogs.univ-jfc.fr\/campsdusudouest\/wp-content\/uploads\/sites\/48\/2016\/03\/Dora-Schaul-route-300x179.png\" width=\"300\" height=\"179\" srcset=\"https:\/\/blogs.univ-jfc.fr\/campsdusudouest\/wp-content\/uploads\/sites\/48\/2016\/03\/Dora-Schaul-route-300x179.png 300w, https:\/\/blogs.univ-jfc.fr\/campsdusudouest\/wp-content\/uploads\/sites\/48\/2016\/03\/Dora-Schaul-route.png 464w\" sizes=\"(max-width: 300px) 100vw, 300px\" \/><\/a><p id=\"caption-attachment-3311\" class=\"wp-caption-text\">Pancarte de route en l&rsquo;honneur de Dora Schaul<\/p><\/div>\n<address style=\"text-align: justify\">\u00a0<\/address>\n<address style=\"text-align: justify\">\u00ab En juillet 1942, toutes les d\u00e9tenues ont \u00e9t\u00e9 transf\u00e9r\u00e9es \u00e0 Brens, pr\u00e8s de Gaillac. C&rsquo;est de l\u00e0 que je me suis \u00e9vad\u00e9e, le 14 juillet, avec une amie. Nous avions pr\u00e9par\u00e9 cette \u00e9vasion de longue date. Les gardes \u00e9taient ivres, ce qui nous a facilit\u00e9 un peu les choses. Cette \u00e9vasion a \u00e9t\u00e9 pour moi une seconde chance : quelques semaines plus tard, en effet, toutes les intern\u00e9es ont \u00e9t\u00e9 d\u00e9port\u00e9es. Mon nom commen\u00e7ait par un \u00abB\u00bb. J&rsquo;\u00e9tais seconde sur la liste&#8230; \u00bb.<\/address>\n<div id=\"attachment_3310\" style=\"width: 310px\" class=\"wp-caption aligncenter\"><a href=\"http:\/\/blogs.univ-jfc.fr\/campsdusudouest\/wp-content\/uploads\/sites\/48\/2016\/03\/Dora-Schaul-photo-enfants-\u00e0-Brens.png\"><img aria-describedby=\"caption-attachment-3310\" loading=\"lazy\" class=\"size-medium wp-image-3310\" title=\"Photographie  par Dora Schaul, Archives familiales \" alt=\"\" src=\"http:\/\/blogs.univ-jfc.fr\/campsdusudouest\/wp-content\/uploads\/sites\/48\/2016\/03\/Dora-Schaul-photo-enfants-\u00e0-Brens-300x195.png\" width=\"300\" height=\"195\" srcset=\"https:\/\/blogs.univ-jfc.fr\/campsdusudouest\/wp-content\/uploads\/sites\/48\/2016\/03\/Dora-Schaul-photo-enfants-\u00e0-Brens-300x195.png 300w, https:\/\/blogs.univ-jfc.fr\/campsdusudouest\/wp-content\/uploads\/sites\/48\/2016\/03\/Dora-Schaul-photo-enfants-\u00e0-Brens-459x300.png 459w, https:\/\/blogs.univ-jfc.fr\/campsdusudouest\/wp-content\/uploads\/sites\/48\/2016\/03\/Dora-Schaul-photo-enfants-\u00e0-Brens.png 516w\" sizes=\"(max-width: 300px) 100vw, 300px\" \/><\/a><p id=\"caption-attachment-3310\" class=\"wp-caption-text\">Photographie d&rsquo;enfants \u00e0 Brens prise par Dora Schaul<\/p><\/div>\n<p style=\"text-align: justify\"><span style=\"font-weight: 300\">Apr\u00e8s son \u00e9vasion, elle fuit \u00e0 Lyon o\u00f9 elle est aid\u00e9e par une Polonaise puis par des Autrichiens qui lui fournissent une nouvelle identit\u00e9 : celle de Ren\u00e9e Gilbert puis celle de Ren\u00e9e Fabre. Elle entre d\u00e8s lors dans la R\u00e9sistance.<\/span><\/p>\n","protected":false},"excerpt":{"rendered":"<p>Dora Schaul est n\u00e9e en 1913 et originaire d&rsquo;une famille juive allemande. N&rsquo;ayant pas fui l&rsquo;Allemagne nazie, ses parents et sa grande s\u0153ur sont d\u00e9port\u00e9s en 1942. C&rsquo;est aux Pays-Bas que Dora Schaul ayant quitt\u00e9 l&rsquo;Allemagne en 1933 \u00e0 la &hellip; <a href=\"https:\/\/blogs.univ-jfc.fr\/campsdusudouest\/agir-et-resister-dans-les-camps\/resistance-revoltes-et-evasions\/une-resistance-plus-active\/dora-schaul\/\">Lire la suite <span class=\"meta-nav\">&rarr;<\/span><\/a><\/p>\n","protected":false},"author":229,"featured_media":0,"parent":296,"menu_order":2,"comment_status":"closed","ping_status":"open","template":"","meta":[],"_links":{"self":[{"href":"https:\/\/blogs.univ-jfc.fr\/campsdusudouest\/wp-json\/wp\/v2\/pages\/2270"}],"collection":[{"href":"https:\/\/blogs.univ-jfc.fr\/campsdusudouest\/wp-json\/wp\/v2\/pages"}],"about":[{"href":"https:\/\/blogs.univ-jfc.fr\/campsdusudouest\/wp-json\/wp\/v2\/types\/page"}],"author":[{"embeddable":true,"href":"https:\/\/blogs.univ-jfc.fr\/campsdusudouest\/wp-json\/wp\/v2\/users\/229"}],"replies":[{"embeddable":true,"href":"https:\/\/blogs.univ-jfc.fr\/campsdusudouest\/wp-json\/wp\/v2\/comments?post=2270"}],"version-history":[{"count":11,"href":"https:\/\/blogs.univ-jfc.fr\/campsdusudouest\/wp-json\/wp\/v2\/pages\/2270\/revisions"}],"predecessor-version":[{"id":3585,"href":"https:\/\/blogs.univ-jfc.fr\/campsdusudouest\/wp-json\/wp\/v2\/pages\/2270\/revisions\/3585"}],"up":[{"embeddable":true,"href":"https:\/\/blogs.univ-jfc.fr\/campsdusudouest\/wp-json\/wp\/v2\/pages\/296"}],"wp:attachment":[{"href":"https:\/\/blogs.univ-jfc.fr\/campsdusudouest\/wp-json\/wp\/v2\/media?parent=2270"}],"curies":[{"name":"wp","href":"https:\/\/api.w.org\/{rel}","templated":true}]}}