{"id":2294,"date":"2016-03-19T13:37:01","date_gmt":"2016-03-19T12:37:01","guid":{"rendered":"http:\/\/blogs.univ-jfc.fr\/campsdusudouest\/?page_id=2294"},"modified":"2016-03-26T23:32:13","modified_gmt":"2016-03-26T22:32:13","slug":"les-brigades-internationales","status":"publish","type":"page","link":"https:\/\/blogs.univ-jfc.fr\/campsdusudouest\/agir-et-resister-dans-les-camps\/resistance-revoltes-et-evasions\/une-resistance-plus-active\/les-brigades-internationales\/","title":{"rendered":"Les Brigades Internationales"},"content":{"rendered":"<p><!--\np { margin-bottom: 0.21cm; }a:link {  }\n--><\/p>\n<div id=\"attachment_3301\" style=\"width: 149px\" class=\"wp-caption alignleft\"><a href=\"http:\/\/blogs.univ-jfc.fr\/campsdusudouest\/wp-content\/uploads\/sites\/48\/2016\/03\/Brigades-Internationales-livre-de-M.L-et-R.-K.jpg\"><img aria-describedby=\"caption-attachment-3301\" loading=\"lazy\" class=\"size-full wp-image-3301 \" title=\"Les Brigades Internationales, couverture du livre de Michel  Lefebvre et R\u00e9mi Skoutelsky, \u00e9dition Seuil\" alt=\"\" src=\"http:\/\/blogs.univ-jfc.fr\/campsdusudouest\/wp-content\/uploads\/sites\/48\/2016\/03\/Brigades-Internationales-livre-de-M.L-et-R.-K.jpg\" width=\"139\" height=\"191\" \/><\/a><p id=\"caption-attachment-3301\" class=\"wp-caption-text\">Les Brigades Internationales, Images retrouv\u00e9es par Michel Lefebvre et R\u00e9mi Skoutelsky<\/p><\/div>\n<p style=\"text-align: justify\">Les membres des Brigades Internationales sont des hommes, en majorit\u00e9 communistes, qui sont venus combattre le gouvernement de Franco et qui, arriv\u00e9s en France, ont \u00e9t\u00e9 d\u00e9sarm\u00e9s. Tous ne viennent pas d&rsquo;Espagne, certains viennent de Hongrie par exemple. Beaucoup de ces hommes ont continu\u00e9 \u00e0 r\u00e9sister malgr\u00e9 leur internement en France et une fois sortis du camp, ont r\u00e9sist\u00e9 pour la lib\u00e9ration de la France. La r\u00e9sistance dans les camps a, bien entendu, exist\u00e9 avant la cr\u00e9ation des Brigades Internationales, comme Franz Delem qui avait cr\u00e9\u00e9 un comit\u00e9 clandestin dirig\u00e9 par des communistes pour protester contre le manque de nourriture et la d\u00e9portation d&rsquo;intern\u00e9s dans le camp du Vernet d&rsquo;Ari\u00e8ge. N\u00e9anmoins, beaucoup des anciens membres des Brigades Internationales ont men\u00e9 des actes de r\u00e9voltes et de r\u00e9sistances dans les camps, car ils \u00e9taient d\u00e9j\u00e0 habitu\u00e9s \u00e0 combattre avant d&rsquo;\u00eatre enferm\u00e9s dans les camps fran\u00e7ais.<\/p>\n","protected":false},"excerpt":{"rendered":"<p>Les membres des Brigades Internationales sont des hommes, en majorit\u00e9 communistes, qui sont venus combattre le gouvernement de Franco et qui, arriv\u00e9s en France, ont \u00e9t\u00e9 d\u00e9sarm\u00e9s. Tous ne viennent pas d&rsquo;Espagne, certains viennent de Hongrie par exemple. Beaucoup de &hellip; <a href=\"https:\/\/blogs.univ-jfc.fr\/campsdusudouest\/agir-et-resister-dans-les-camps\/resistance-revoltes-et-evasions\/une-resistance-plus-active\/les-brigades-internationales\/\">Lire la suite <span class=\"meta-nav\">&rarr;<\/span><\/a><\/p>\n","protected":false},"author":229,"featured_media":0,"parent":296,"menu_order":2,"comment_status":"closed","ping_status":"open","template":"","meta":[],"_links":{"self":[{"href":"https:\/\/blogs.univ-jfc.fr\/campsdusudouest\/wp-json\/wp\/v2\/pages\/2294"}],"collection":[{"href":"https:\/\/blogs.univ-jfc.fr\/campsdusudouest\/wp-json\/wp\/v2\/pages"}],"about":[{"href":"https:\/\/blogs.univ-jfc.fr\/campsdusudouest\/wp-json\/wp\/v2\/types\/page"}],"author":[{"embeddable":true,"href":"https:\/\/blogs.univ-jfc.fr\/campsdusudouest\/wp-json\/wp\/v2\/users\/229"}],"replies":[{"embeddable":true,"href":"https:\/\/blogs.univ-jfc.fr\/campsdusudouest\/wp-json\/wp\/v2\/comments?post=2294"}],"version-history":[{"count":5,"href":"https:\/\/blogs.univ-jfc.fr\/campsdusudouest\/wp-json\/wp\/v2\/pages\/2294\/revisions"}],"predecessor-version":[{"id":3303,"href":"https:\/\/blogs.univ-jfc.fr\/campsdusudouest\/wp-json\/wp\/v2\/pages\/2294\/revisions\/3303"}],"up":[{"embeddable":true,"href":"https:\/\/blogs.univ-jfc.fr\/campsdusudouest\/wp-json\/wp\/v2\/pages\/296"}],"wp:attachment":[{"href":"https:\/\/blogs.univ-jfc.fr\/campsdusudouest\/wp-json\/wp\/v2\/media?parent=2294"}],"curies":[{"name":"wp","href":"https:\/\/api.w.org\/{rel}","templated":true}]}}