{"id":2297,"date":"2016-03-19T13:43:31","date_gmt":"2016-03-19T12:43:31","guid":{"rendered":"http:\/\/blogs.univ-jfc.fr\/campsdusudouest\/?page_id=2297"},"modified":"2016-03-26T23:17:29","modified_gmt":"2016-03-26T22:17:29","slug":"linspection-generale-des-camps","status":"publish","type":"page","link":"https:\/\/blogs.univ-jfc.fr\/campsdusudouest\/agir-et-resister-dans-les-camps\/resistance-revoltes-et-evasions\/une-resistance-plus-active\/linspection-generale-des-camps\/","title":{"rendered":"L&rsquo;inspection g\u00e9n\u00e9rale des camps"},"content":{"rendered":"<p><!--\np.sdfootnote { margin-left: 0.5cm; text-indent: -0.5cm; margin-bottom: 0cm; font-size: 10pt; }p { margin-bottom: 0.21cm; }a:link {  }a.sdfootnoteanc { font-size: 57%; }\n--><\/p>\n<div id=\"attachment_3298\" style=\"width: 310px\" class=\"wp-caption alignleft\"><a href=\"http:\/\/blogs.univ-jfc.fr\/campsdusudouest\/wp-content\/uploads\/sites\/48\/2016\/03\/inspection-g\u00e9n\u00e9rale-des-camps.png\"><img aria-describedby=\"caption-attachment-3298\" loading=\"lazy\" class=\"size-medium wp-image-3298 \" title=\"Lettre recommand\u00e9e pour Paris affranchie \u00e0 10F dat\u00e9e 6\/02\/46 avec griffe de recommandation provisoire de ST SULPICE LA POINTE \/ TARN avec cachet d\u00e9esse assise \u00abINSPECTION GENERALE DES CAMPS \/ CAMP DE ST SULPICE TARN \/ LE CHEF \/DU CAMP\u00bb, arriv\u00e9e \u00e0 Paris 31 le 7\/2\/46\" alt=\"\" src=\"http:\/\/blogs.univ-jfc.fr\/campsdusudouest\/wp-content\/uploads\/sites\/48\/2016\/03\/inspection-g\u00e9n\u00e9rale-des-camps-300x210.png\" width=\"300\" height=\"210\" srcset=\"https:\/\/blogs.univ-jfc.fr\/campsdusudouest\/wp-content\/uploads\/sites\/48\/2016\/03\/inspection-g\u00e9n\u00e9rale-des-camps-300x210.png 300w, https:\/\/blogs.univ-jfc.fr\/campsdusudouest\/wp-content\/uploads\/sites\/48\/2016\/03\/inspection-g\u00e9n\u00e9rale-des-camps-426x300.png 426w, https:\/\/blogs.univ-jfc.fr\/campsdusudouest\/wp-content\/uploads\/sites\/48\/2016\/03\/inspection-g\u00e9n\u00e9rale-des-camps.png 703w\" sizes=\"(max-width: 300px) 100vw, 300px\" \/><\/a><p id=\"caption-attachment-3298\" class=\"wp-caption-text\">Lettre recommand\u00e9e de Saint-Sulpice pour Paris avec cachet d&rsquo;inscription \u00ab\u00a0Inspection G\u00e9n\u00e9rale des camps\u00a0\u00bb<\/p><\/div>\n<p style=\"text-align: justify\">L&rsquo;inspection g\u00e9n\u00e9rale des camps est cr\u00e9\u00e9e en septembre 1941. Elle est charg\u00e9e du contr\u00f4le des camps. Les inspecteurs r\u00e9alisaient un rapport mensuel souvent accompagn\u00e9 de clich\u00e9s. <a href=\"#sdfootnote1sym\" name=\"sdfootnote1anc\"><\/a>La t\u00e2che de l&rsquo;inspecteur g\u00e9n\u00e9ral est d&rsquo;exercer une surveillance permanente par le biais de personnel sur place et des rapports dress\u00e9s, de proposer au secr\u00e9taire g\u00e9n\u00e9ral pour la Police des mesures pour am\u00e9liorer l&rsquo;organisation du camp, de trouver des endroits pour la construction d&rsquo;autres camps et de d\u00e9crire les politiques \u00e0 suivre concernant l&rsquo;h\u00e9bergement et l&rsquo;internement. Andr\u00e9 Jean-Faure est le responsable de L&rsquo;inspection G\u00e9n\u00e9rale des Camps et ancien pr\u00e9fet de l\u2019Ard\u00e8che. En faisant lui-m\u00eame des visites, il demande \u00e0 ce que les conditions de vie soient am\u00e9lior\u00e9es dans l&rsquo;objectif d&rsquo;une bonne image de l&rsquo;administration fran\u00e7aise. Raison pour laquelle les associations \u00e9trang\u00e8res sont autoris\u00e9es \u00e0 rentrer dans les camps. (GRYNBERG Anne,Les camps de la honte: Les intern\u00e9s juifs des camps fran\u00e7ais (1939-1944) p)<a href=\"#sdfootnote1anc\" name=\"sdfootnote1sym\"><\/a><\/p>\n","protected":false},"excerpt":{"rendered":"<p>L&rsquo;inspection g\u00e9n\u00e9rale des camps est cr\u00e9\u00e9e en septembre 1941. Elle est charg\u00e9e du contr\u00f4le des camps. Les inspecteurs r\u00e9alisaient un rapport mensuel souvent accompagn\u00e9 de clich\u00e9s. La t\u00e2che de l&rsquo;inspecteur g\u00e9n\u00e9ral est d&rsquo;exercer une surveillance permanente par le biais de &hellip; <a href=\"https:\/\/blogs.univ-jfc.fr\/campsdusudouest\/agir-et-resister-dans-les-camps\/resistance-revoltes-et-evasions\/une-resistance-plus-active\/linspection-generale-des-camps\/\">Lire la suite <span class=\"meta-nav\">&rarr;<\/span><\/a><\/p>\n","protected":false},"author":229,"featured_media":0,"parent":296,"menu_order":2,"comment_status":"closed","ping_status":"open","template":"","meta":[],"_links":{"self":[{"href":"https:\/\/blogs.univ-jfc.fr\/campsdusudouest\/wp-json\/wp\/v2\/pages\/2297"}],"collection":[{"href":"https:\/\/blogs.univ-jfc.fr\/campsdusudouest\/wp-json\/wp\/v2\/pages"}],"about":[{"href":"https:\/\/blogs.univ-jfc.fr\/campsdusudouest\/wp-json\/wp\/v2\/types\/page"}],"author":[{"embeddable":true,"href":"https:\/\/blogs.univ-jfc.fr\/campsdusudouest\/wp-json\/wp\/v2\/users\/229"}],"replies":[{"embeddable":true,"href":"https:\/\/blogs.univ-jfc.fr\/campsdusudouest\/wp-json\/wp\/v2\/comments?post=2297"}],"version-history":[{"count":3,"href":"https:\/\/blogs.univ-jfc.fr\/campsdusudouest\/wp-json\/wp\/v2\/pages\/2297\/revisions"}],"predecessor-version":[{"id":3300,"href":"https:\/\/blogs.univ-jfc.fr\/campsdusudouest\/wp-json\/wp\/v2\/pages\/2297\/revisions\/3300"}],"up":[{"embeddable":true,"href":"https:\/\/blogs.univ-jfc.fr\/campsdusudouest\/wp-json\/wp\/v2\/pages\/296"}],"wp:attachment":[{"href":"https:\/\/blogs.univ-jfc.fr\/campsdusudouest\/wp-json\/wp\/v2\/media?parent=2297"}],"curies":[{"name":"wp","href":"https:\/\/api.w.org\/{rel}","templated":true}]}}