{"id":2302,"date":"2016-03-19T13:56:06","date_gmt":"2016-03-19T12:56:06","guid":{"rendered":"http:\/\/blogs.univ-jfc.fr\/campsdusudouest\/?page_id=2302"},"modified":"2016-03-19T18:41:08","modified_gmt":"2016-03-19T17:41:08","slug":"ljubomir-ilic","status":"publish","type":"page","link":"https:\/\/blogs.univ-jfc.fr\/campsdusudouest\/agir-et-resister-dans-les-camps\/resistance-revoltes-et-evasions\/une-resistance-plus-active\/ljubomir-ilic\/","title":{"rendered":"Ljubomir Ilic"},"content":{"rendered":"<p><!--\np { margin-bottom: 0.21cm; }a:link {  }\n--><\/p>\n<p style=\"text-align: justify\">\u00ab\u00a0Yougoslave, Ljubomir Ilic est un ancien commandant des Brigades Internationales. Revenu d&rsquo;Espagne, il est intern\u00e9 en France au Vernet puis \u00e0 la prison de Castres d&rsquo;o\u00f9 il s&rsquo;\u00e9vade en compagnie de trente-sept autres r\u00e9sistants, dont quatre autres yougoslaves. Ils souhaitent rejoindre leur pays et combattre avec les partisans de Tito. Devant l&rsquo;impossibilit\u00e9 de r\u00e9aliser ce projet, il reprend le combat en France. \u00bb (PESCHANSKI Denis, postface de Dominique Schnapper, <em>Des \u00e9trangers dans la r\u00e9sistance<\/em>, 2002, p. 22) Beaucoup d&rsquo;\u00e9trangers ont rejoint, apr\u00e8s leur \u00e9vasion, la r\u00e9sistance en France.<\/p>\n","protected":false},"excerpt":{"rendered":"<p>\u00ab\u00a0Yougoslave, Ljubomir Ilic est un ancien commandant des Brigades Internationales. Revenu d&rsquo;Espagne, il est intern\u00e9 en France au Vernet puis \u00e0 la prison de Castres d&rsquo;o\u00f9 il s&rsquo;\u00e9vade en compagnie de trente-sept autres r\u00e9sistants, dont quatre autres yougoslaves. Ils souhaitent &hellip; <a href=\"https:\/\/blogs.univ-jfc.fr\/campsdusudouest\/agir-et-resister-dans-les-camps\/resistance-revoltes-et-evasions\/une-resistance-plus-active\/ljubomir-ilic\/\">Lire la suite <span class=\"meta-nav\">&rarr;<\/span><\/a><\/p>\n","protected":false},"author":229,"featured_media":0,"parent":296,"menu_order":2,"comment_status":"closed","ping_status":"open","template":"","meta":[],"_links":{"self":[{"href":"https:\/\/blogs.univ-jfc.fr\/campsdusudouest\/wp-json\/wp\/v2\/pages\/2302"}],"collection":[{"href":"https:\/\/blogs.univ-jfc.fr\/campsdusudouest\/wp-json\/wp\/v2\/pages"}],"about":[{"href":"https:\/\/blogs.univ-jfc.fr\/campsdusudouest\/wp-json\/wp\/v2\/types\/page"}],"author":[{"embeddable":true,"href":"https:\/\/blogs.univ-jfc.fr\/campsdusudouest\/wp-json\/wp\/v2\/users\/229"}],"replies":[{"embeddable":true,"href":"https:\/\/blogs.univ-jfc.fr\/campsdusudouest\/wp-json\/wp\/v2\/comments?post=2302"}],"version-history":[{"count":2,"href":"https:\/\/blogs.univ-jfc.fr\/campsdusudouest\/wp-json\/wp\/v2\/pages\/2302\/revisions"}],"predecessor-version":[{"id":2308,"href":"https:\/\/blogs.univ-jfc.fr\/campsdusudouest\/wp-json\/wp\/v2\/pages\/2302\/revisions\/2308"}],"up":[{"embeddable":true,"href":"https:\/\/blogs.univ-jfc.fr\/campsdusudouest\/wp-json\/wp\/v2\/pages\/296"}],"wp:attachment":[{"href":"https:\/\/blogs.univ-jfc.fr\/campsdusudouest\/wp-json\/wp\/v2\/media?parent=2302"}],"curies":[{"name":"wp","href":"https:\/\/api.w.org\/{rel}","templated":true}]}}