{"id":2399,"date":"2016-03-23T07:53:27","date_gmt":"2016-03-23T06:53:27","guid":{"rendered":"http:\/\/blogs.univ-jfc.fr\/campsdusudouest\/?page_id=2399"},"modified":"2016-03-31T09:30:22","modified_gmt":"2016-03-31T08:30:22","slug":"relations-franco-allemandes","status":"publish","type":"page","link":"https:\/\/blogs.univ-jfc.fr\/campsdusudouest\/la-france-de-lentre-deux-guerres-et-de-vichy\/la-iiie-republique-et-les-questions-internationales\/relations-franco-allemandes\/","title":{"rendered":"Relations Franco-Allemandes"},"content":{"rendered":"<p style=\"text-align: justify\">Dans sa collaboration, Philippe P\u00e9tain, qui d\u00e9tient les pleins pouvoirs en France, m\u00e8ne une politique \u00e9troitement li\u00e9e avec le Reich. P\u00e9tain m\u00e8ne une politique de compromission avec le Reich et doit c\u00e9der \u00e0 plusieurs reprises aux vell\u00e9it\u00e9s de Hitler. C\u2019est \u00e0 ce titre que Pierre Laval conduit notamment 100\u00a0000 juifs fran\u00e7ais en Allemagne, pour satisfaire le quota \u00e9mis par le F\u00fchrer. Ainsi, de Montoire au D\u00e9barquement en Normandie, P\u00e9tain aura \u00e9t\u00e9 en quelque sorte une marionnette d\u2019Hitler.<\/p>\n<p style=\"text-align: justify\">De la fin de 1940 \u00e0 d\u00e9but novembre 1942, d\u2019abord dans la zone Nord de la France, puis dans tout le territoire m\u00e9tropolitain de 1942 \u00e0 1944, r\u00e8gne une soci\u00e9t\u00e9 nouvelle, celle de l\u2019Occupation. En effet, le territoire occup\u00e9 par l\u2019arm\u00e9e allemande ne tarde pas \u00e0 instaurer sa politique, sa loi, et \u00e0 administrer tout simplement les zones fran\u00e7aises, en collaboration avec l&rsquo;administration de Vichy pareillement, ou presque on le verra, \u00e0 des r\u00e9gions allemandes. On verra comment est administr\u00e9e la France durant cette p\u00e9riode.<\/p>\n<p style=\"text-align: justify\">Vichy et le gouvernement sous l\u2019autorit\u00e9 du Mar\u00e9chal P\u00e9tain, administre la France, mais l\u2019Allemagne l\u2019occupe. Quel est donc le statut de ce pays, ou de cet \u00c9tat qui n\u2019en est plus exactement un\u00a0?<\/p>\n<p style=\"text-align: right\"><a href=\"http:\/\/blogs.univ-jfc.fr\/campsdusudouest\/la-france-de-lentre-deux-guerres-et-de-vichy\/la-iiie-republique-et-les-questions-internationales\/relations-franco-allemandes\/relations-franco-allemandes\/\">Lire la suite&#8230;<\/a><\/p>\n","protected":false},"excerpt":{"rendered":"<p>Dans sa collaboration, Philippe P\u00e9tain, qui d\u00e9tient les pleins pouvoirs en France, m\u00e8ne une politique \u00e9troitement li\u00e9e avec le Reich. P\u00e9tain m\u00e8ne une politique de compromission avec le Reich et doit c\u00e9der \u00e0 plusieurs reprises aux vell\u00e9it\u00e9s de Hitler. C\u2019est &hellip; <a href=\"https:\/\/blogs.univ-jfc.fr\/campsdusudouest\/la-france-de-lentre-deux-guerres-et-de-vichy\/la-iiie-republique-et-les-questions-internationales\/relations-franco-allemandes\/\">Lire la suite <span class=\"meta-nav\">&rarr;<\/span><\/a><\/p>\n","protected":false},"author":192,"featured_media":0,"parent":33,"menu_order":0,"comment_status":"closed","ping_status":"open","template":"","meta":[],"_links":{"self":[{"href":"https:\/\/blogs.univ-jfc.fr\/campsdusudouest\/wp-json\/wp\/v2\/pages\/2399"}],"collection":[{"href":"https:\/\/blogs.univ-jfc.fr\/campsdusudouest\/wp-json\/wp\/v2\/pages"}],"about":[{"href":"https:\/\/blogs.univ-jfc.fr\/campsdusudouest\/wp-json\/wp\/v2\/types\/page"}],"author":[{"embeddable":true,"href":"https:\/\/blogs.univ-jfc.fr\/campsdusudouest\/wp-json\/wp\/v2\/users\/192"}],"replies":[{"embeddable":true,"href":"https:\/\/blogs.univ-jfc.fr\/campsdusudouest\/wp-json\/wp\/v2\/comments?post=2399"}],"version-history":[{"count":5,"href":"https:\/\/blogs.univ-jfc.fr\/campsdusudouest\/wp-json\/wp\/v2\/pages\/2399\/revisions"}],"predecessor-version":[{"id":4293,"href":"https:\/\/blogs.univ-jfc.fr\/campsdusudouest\/wp-json\/wp\/v2\/pages\/2399\/revisions\/4293"}],"up":[{"embeddable":true,"href":"https:\/\/blogs.univ-jfc.fr\/campsdusudouest\/wp-json\/wp\/v2\/pages\/33"}],"wp:attachment":[{"href":"https:\/\/blogs.univ-jfc.fr\/campsdusudouest\/wp-json\/wp\/v2\/media?parent=2399"}],"curies":[{"name":"wp","href":"https:\/\/api.w.org\/{rel}","templated":true}]}}