{"id":2403,"date":"2016-03-23T08:00:36","date_gmt":"2016-03-23T07:00:36","guid":{"rendered":"http:\/\/blogs.univ-jfc.fr\/campsdusudouest\/?page_id=2403"},"modified":"2016-03-31T09:31:12","modified_gmt":"2016-03-31T08:31:12","slug":"relations-franco-allemandes-2","status":"publish","type":"page","link":"https:\/\/blogs.univ-jfc.fr\/campsdusudouest\/la-france-de-lentre-deux-guerres-et-de-vichy\/la-iiie-republique-et-les-questions-internationales\/relations-franco-allemandes\/relations-franco-allemandes-2\/","title":{"rendered":"Relations Franco-Allemandes"},"content":{"rendered":"<p style=\"text-align: justify\"><a href=\"http:\/\/blogs.univ-jfc.fr\/campsdusudouest\/la-france-de-lentre-deux-guerres-et-de-vichy\/la-iiie-republique-et-les-questions-internationales\/relations-franco-allemandes\/relations-franco-allemandes\/\">Page pr\u00e9c\u00e9dente&#8230;<\/a><\/p>\n<h1 style=\"text-align: justify\">Administration par l\u2019Occupant<\/h1>\n<p style=\"text-align: justify\">L\u2019id\u00e9e de la collaboration s\u2019installe progressivement dans les mentalit\u00e9s. La collaboration \u00e9conomique fran\u00e7aise verra bient\u00f4t 80 % de la construction automobile et 100 % de la construction a\u00e9ronautique destin\u00e9es \u00e0 l\u2019effort de guerre allemand. La France enverra vers l\u2019Allemagne la moiti\u00e9 de sa production sid\u00e9rurgique et les trois quarts de son minerai (1) de fer. Au niveau culturel, Goering charge les responsables allemands en France de la s\u00e9curisation des \u0153uvres d\u2019art du patrimoine fran\u00e7ais qui est en r\u00e9alit\u00e9 un pillage qui ne dit pas son nom. L\u2019ambassadeur \u00e9crit : <i>\u00ab Nous devons assurer la mise en s\u00e9curit\u00e9 express des tr\u00e9sors d\u2019art fran\u00e7ais des mus\u00e9es parisiens ou de la zone occup\u00e9e, tout comme les \u0153uvres appartenant \u00e0 des juifs \u00bb<\/i>. Tr\u00e8s vite, les trois grandes salles du Louvre ne suffisent plus \u00e0 stocker fresques, tableaux, sculptures ou meubles. On annexe alors le Jeu de Paume, o\u00f9 Goering vient faire son march\u00e9, pour alimenter sa collection priv\u00e9e. C\u2019est par camions entiers que les \u0153uvres partent vers l\u2019Allemagne, sans aucune protestation du gouvernement de Vichy. Enfin, les allemands font main-basse sur les grandes entreprises dirig\u00e9es par des fran\u00e7ais d\u2019origine juive. C\u2019est le cas des Galeries Lafayette, un des plus grands magasins parisien. Son propri\u00e9taire est remplac\u00e9 par un administrateur allemand et l\u2019ensemble des recettes est consign\u00e9 sur un compte de la caisse des d\u00e9p\u00f4ts, duquel elles ne doivent en th\u00e9orie pas sortir. En th\u00e9orie, car l\u2019argent de ce compte va \u00eatre envoy\u00e9 en Allemagne.<\/p>\n<p style=\"text-align: justify\">Ayant tout accept\u00e9 jusque-l\u00e0, le gouvernement fran\u00e7ais se d\u00e9cide \u00e0 r\u00e9agir, et annule par d\u00e9cret tout aryanisation des entreprises. Le g\u00e9n\u00e9ral Elmar Michel (responsable de la Section \u00e9conomique de l\u2019administration allemand en France) connait son premier conflit avec Vichy et n\u2019a d\u2019autres choix que d\u2019obtemp\u00e9rer. Les administrateurs allemands doivent partir et c\u00e9der la place \u00e0 des r\u00e9gisseurs nomm\u00e9s par P\u00e9tain. Ainsi, l\u2019Etat fran\u00e7ais fera main-basse sur les affaires de nombreux entrepreneurs juifs. 47 000 entreprises sont ainsi mises de force sous la tutelle de Vichy (2). Egalement, une grande partie de la production agricole est envoy\u00e9e en Allemagne, contribuant, avec le blocus maritime, \u00e0 plonger le pays dans la mis\u00e8re. D\u00e9sormais on ne s\u2019alimente plus qu\u2019avec des tickets de rationnement. (3)<\/p>\n<p style=\"text-align: justify\"><span style=\"font-weight: 300\">Sous la pression allemande, <a href=\"http:\/\/blogs.univ-jfc.fr\/campsdusudouest\/wp-content\/uploads\/sites\/48\/2016\/03\/Le-Juif-et-la-France.jpg\"><img loading=\"lazy\" class=\"alignleft size-medium wp-image-2808\" alt=\"Affiche de l'exposition Le Juif et la France, montrant le mythe du &quot;complot juif mondial&quot;. Une personne triste prend possession de la terre avec ses doigts, caricature antis\u00e9mite. Source : R\u00e9seau Canop\u00e9 Acad\u00e9mie de Toulouse\" src=\"http:\/\/blogs.univ-jfc.fr\/campsdusudouest\/wp-content\/uploads\/sites\/48\/2016\/03\/Le-Juif-et-la-France-214x300.jpg\" width=\"214\" height=\"300\" srcset=\"https:\/\/blogs.univ-jfc.fr\/campsdusudouest\/wp-content\/uploads\/sites\/48\/2016\/03\/Le-Juif-et-la-France-214x300.jpg 214w, https:\/\/blogs.univ-jfc.fr\/campsdusudouest\/wp-content\/uploads\/sites\/48\/2016\/03\/Le-Juif-et-la-France.jpg 302w\" sizes=\"(max-width: 214px) 100vw, 214px\" \/><\/a>une exposition est organis\u00e9e \u00e0 Paris : \u2018\u2019Le Juif et la France\u2019\u2019 cr\u00e9\u00e9e de toute pi\u00e8ce les boucs \u00e9missaires de la France. L\u2019exposition recevra plus de 200 000 visiteurs et une large distinction des autorit\u00e9s occupantes. <\/span>Apr\u00e8s une premi\u00e8re rupture dans le gouvernement de Vichy, P\u00e9tain exclut Laval de son gouvernement. Le Mar\u00e9chal nomme le nouvel homme fort, un officier sup\u00e9rieur comme lui, dont il appr\u00e9cie la rigueur et la loyaut\u00e9. Ministre de la Marine, des Affaires Etrang\u00e8res, vice-pr\u00e9sident du Conseil, l\u2019amiral Fran\u00e7ois Darlan est officiellement d\u00e9sign\u00e9 successeur du Mar\u00e9chal. Ce dernier promulgue une nouvelle loi sur le statut des juifs, et inaugure le Commissariat G\u00e9n\u00e9ral aux questions juives. Recensements, fichages, spoliations et bient\u00f4t arrestations, le Commissariat devient le rouage administratif d\u2019un antis\u00e9mitisme d\u2019Etat, de plus en plus compatible avec l\u2019occupant. Ce statut d\u00e9finit qui est juif et s&rsquo;applique \u00e0 interdire aux juifs la pratique de plusieurs professions notamment dans le service public. Visant \u00e0 r\u00e9duire l&rsquo;\u00a0\u00ab\u00a0influence\u00a0\u00bb des juifs dans la vie publique des fran\u00e7ais, il interdit aux juifs les m\u00e9tiers de la radiophonie et du cin\u00e9matographe.<\/p>\n<p style=\"text-align: justify\">Enfin, l\u2019occupant ordonne l\u2019internement des juifs \u00e9trangers et apatrides dans les camps de Drancy, Pithiviers et Beaune-la-Rolande, des camps g\u00e9r\u00e9s par les gendarmes fran\u00e7ais. La politique antis\u00e9mite de Vichy se synchronise progressivement avec la logique nazie. Hitler veut maintenant un engagement militaire de la France \u00e0 ses c\u00f4t\u00e9s. Le F\u00fchrer est cassant : <i>\u00ab je tente cette politique de collaboration pour la derni\u00e8re fois, si la France ne comprend pas, la le\u00e7on qu\u2019elle vient de recevoir serait peu de chose au regard de ce qu\u2019il adviendrait \u00bb. <\/i>Alors Darlan va pousser la collaboration vers son sommet. Ainsi vont \u00eatre n\u00e9goci\u00e9s les Protocoles de Paris. Par ces accords, la France offre les bases militaires du territoire aux allemands. Mais P\u00e9tain se plaint \u00e0 Goering, car la France, malgr\u00e9 les concessions, n\u2019obtient rien des allemands\u00a0: <i>\u00ab J\u2019ai compris que la collaboration impliquait de traiter d\u2019\u00e9gal \u00e0 \u00e9gal ; s\u2019il y a en haut un vainqueur et en bas un vaincu, il n\u2019y a plus de collaboration, il y a ce que vous appelez un diktat \u00bb.<\/i><\/p>\n<p style=\"text-align: justify\">Apr\u00e8s les \u0153uvres d\u2019art, les allemands vont \u00e9tendre un peu plus leur contr\u00f4le sur la culture en France, notamment sur la litt\u00e9rature. Goebbels vient en effet de superviser l\u2019assainissement de la litt\u00e9rature fran\u00e7aise, soit 2 000 titres et 850 noms \u00e0 \u00e9radiquer des biblioth\u00e8ques et des librairies. Abetz poursuit son objectif de fragmentation du monde politique fran\u00e7ais ; pour cela, il favorise l\u2019\u00e9mergence des collaborationnistes. Avec eux, il n\u2019est plus question de s\u2019accommoder de l\u2019Occupation comme le fait Vichy, mais de vouloir la victoire de l\u2019Allemagne nazie. Jacques Doriot, un ancien du Parti Communiste dont il fut exclu, dirige le Parti Populaire Fran\u00e7ais, le plus important des partis collaborationnistes, avec 30 000 adh\u00e9rents, la plupart issus de l\u2019extr\u00eame-droite. Il veut en faire l\u2019\u00e9quivalent du Parti National-socialiste allemand, et r\u00eave de prendre la t\u00eate d\u2019un gouvernement fasciste. D\u2019un autre c\u00f4t\u00e9, Marcel D\u00e9at a pour ambition de cr\u00e9er une Europe socialiste et nazie, conform\u00e9ment \u00e0 une id\u00e9e de rassemblement de la gauche collaborationniste. Son parti, le Rassemblement National Populaire, regroupe moins de 20 000 militants (4). Il cherche par tous les moyens \u00e0 peser sur la politique de Vichy. Derri\u00e8re ces deux leaders, se d\u00e9veloppent plusieurs partis d\u2019extr\u00eame-droite, comme le Mouvement Social R\u00e9volutionnaire, d\u2019Eug\u00e8ne Deloncle (fondateur de la Cagoule). Et plus d\u2019une vingtaine de journaux collaborationnistes voient ainsi le jour, tirant parfois \u00e0 plus de 100 000 exemplaires, comme <i>Je suis Partout et Au Pilori (5)<\/i>.<\/p>\n<div>\n<p style=\"text-align: justify\">Le 8 juillet 1941, deux semaines apr\u00e8s l\u2019attaque de l\u2019URSS par l\u2019arm\u00e9e allemande, des collaborationnistes et des dirigeants de la Zone occup\u00e9e et de la Zone libre fondent la L\u00e9gion des Volontaires Fran\u00e7ais contre le Bolch\u00e9visme, devenu le nouvel ennemi de l\u2019Europe nazie. En s\u2019engouffrant dans ce combat, la collaboration franchit un cap. Des Fran\u00e7ais vont volontairement porter l\u2019uniforme allemand et combattre aux c\u00f4t\u00e9s de la Wehrmacht<i>.<\/i> Certains \u00e0 Vichy d\u00e9noncent cette politique de collaboration, et jouent double-jeu, un pied dans le syst\u00e8me de Vichy, un autre dans les mouvements de r\u00e9sistance. C\u2019est le cas pour quelques fonctionnaires, en r\u00e9alit\u00e9 une minorit\u00e9, attach\u00e9s \u00e0 la r\u00e9publique, qui constate la d\u00e9route du R\u00e9gime.<\/p>\n<p style=\"text-align: justify\">A Vichy, les allemands ne font plus confiance \u00e0 l\u2019amiral Darlan, ils le soup\u00e7onnent d\u2019\u00eatre en connivence avec les Am\u00e9ricains, qui viennent d\u2019entrer en guerre. P\u00e9tain charge alors Laval de former un nouveau gouvernement, mais limite son pouvoir en imposant Darlan comme chef des arm\u00e9es et dauphin officiel. Laval nomme Ren\u00e9 Bousquet comme nouveau chef de la police d\u00e9veloppant avec les Allemands la collaboration polici\u00e8re. L\u2019objectif est d\u2019an\u00e9antir les r\u00e9sistants, leurs mouvements commencent \u00e0 se structurer. La collaboration polici\u00e8re conduira \u00e0 l\u2019arrestation de plus de 70 000 personnes. Les proc\u00e8s sont des parodies de justice, les allemands condamnent arbitrairement \u00e0 la peine de mort la quasi-totalit\u00e9 des r\u00e9sistants ou opposants arr\u00eat\u00e9s. La r\u00e9pression allemande s\u2019accentue et pour un allemand tu\u00e9, Hitler r\u00e9clame l\u2019ex\u00e9cution d\u2019une centaine d\u2019otages fran\u00e7ais, pr\u00e9lev\u00e9s dans les prisons. Reinhard Heydrich, l\u2019architecte de la Shoah (extermination des juifs d\u2019Europe), vient \u00e0 Paris sur ordre d\u2019Hitler. Ce sont d\u00e9sormais des SS qui vont coordonner l\u2019appareil r\u00e9pressif en zone occup\u00e9e. Leur chef est Carl Oberg, que l\u2019on va bient\u00f4t surnommer le Boucher de Paris. La collaboration passe maintenant \u00e0 une totale soumission de la police fran\u00e7aise qui gardera l\u2019apparence de son ind\u00e9pendance.<\/p>\n<p style=\"text-align: justify\">La huiti\u00e8me ordonnance allemande impose aux juifs de la zone occup\u00e9e le port de l\u2019\u00e9toile jaune. Trois \u00e9toiles sont distribu\u00e9es pour chaque juif dans les commissariats et les pr\u00e9fectures. Apr\u00e8s le port de l\u2019\u00e9toile, Oberg exige de la France la d\u00e9portation vers l\u2019Allemagne de cent mille juifs\u00a0; et ce sont des policiers et gendarmes fran\u00e7ais qui arr\u00eateront des juifs \u00e9trangers. Car il impose un distinguo entre juifs \u00e9trangers et juifs fran\u00e7ais, qu\u2019il pr\u00e9tendra ainsi prot\u00e9ger. Ce g\u00e9n\u00e9ral SS poursuit cette politique en proposant d\u2019y inclure les enfants et adolescents de deux \u00e0 quinze ans. Il s\u2019explique devant le Conseil des ministres le 10 juillet 1942 : <i>\u00ab Dans une intention d\u2019humanit\u00e9, je sugg\u00e8re que les enfants soient autoris\u00e9s \u00e0 accompagner leurs parents \u00bb\u00a0<\/i>(6). La question surprend jusqu\u2019\u00e0 Berlin, qui met dix jours pour r\u00e9pondre.<\/p>\n<p style=\"text-align: justify\">Le 14 juillet, Adolf Eichmann, coordinateur de la destruction des populations juives, t\u00e9l\u00e9phone sa r\u00e9ponse : les enfants peuvent \u00eatre d\u00e9port\u00e9s. D\u00e8s le lendemain, Ren\u00e9 Bousquet ordonne une grande rafle dans la capitale. Ces arrestations sont rendues possibles gr\u00e2ce au travail d\u2019Andr\u00e9 Tulard, sous-directeur des affaires juives \u00e0 la Pr\u00e9fecture de police, qui a r\u00e9alis\u00e9 un gigantesque fichier de 150 000 noms (dit \u00ab fichier juif \u00bb ou \u00ab fichier Tulard \u00bb). Les 16 et 17 juillet 1942, la police fran\u00e7aise proc\u00e8de \u00e0 Paris \u00e0 l\u2019arrestation de 12 884 juifs \u00e9trangers et apatrides. La plupart sont parqu\u00e9s au V\u00e9lodrome d\u2019Hiver, premi\u00e8re \u00e9tape de leur martyr qui les conduira aux camps de la mort. Et Pierre Laval assume, en d\u00e9clarant : \u00ab Rien ni personne ne pourra nous dissuader de mener \u00e0 bien la politique qui consiste \u00e0 purger la terre de France des \u00e9l\u00e9ments ind\u00e9sirables, c\u2019est-\u00e0-dire sans nationalit\u00e9 \u00bb.<\/p>\n<p style=\"text-align: justify\">Toutefois, des associations catholiques et protestantes d\u00e9noncent le sort inflig\u00e9 aux juifs. Plusieurs \u00e9v\u00eaques dont celui de Toulouse, Monseigneur Jules Sali\u00e8ge, font lire dans leurs \u00e9glises : <i>\u00ab Les juifs sont des hommes, les juives sont des femmes, ils font partie du genre humain, ils sont nos fr\u00e8res comme tant d\u2019autres. Un chr\u00e9tien ne peut l\u2019oublier \u00bb<\/i>. Des voix dissonantes au sein d\u2019une Eglise pourtant dispos\u00e9e \u00e0 d\u00e9fendre le r\u00e9gime officiel s\u2019\u00e9l\u00e8vent alors.<\/p>\n<p style=\"text-align: justify\">Depuis le printemps 1942, la guerre qu\u2019Hitler m\u00e8ne contre l\u2019Arm\u00e9e rouge \u00e9puise la Wehrmacht. Il veut compenser ce manque d\u2019hommes par de la main-d\u2019\u0153uvre \u00e9trang\u00e8re. Fritz Sauckel (surnomm\u00e9 le \u00ab n\u00e9grier de l&rsquo;Europe \u00bb) est charg\u00e9 d\u2019organiser le recrutement g\u00e9n\u00e9ral, il se rend sur-le-champ \u00e0 Paris et r\u00e9clame 250\u00a0000 hommes. Puis il conclue\u00a0: <i>\u00ab\u00a0Si la France veut vraiment collaborer, qu\u2019elle le prouve\u00a0\u00bb<\/i>.<\/p>\n<p style=\"text-align: justify\">Devant ce chaos politique, <a href=\"http:\/\/blogs.univ-jfc.fr\/campsdusudouest\/wp-content\/uploads\/sites\/48\/2016\/03\/Entrevue-P\u00e9tain-Laval-Abetz.jpg\"><img loading=\"lazy\" class=\"alignright size-medium wp-image-2862\" alt=\"Avant l'Entrevue de Montoire. A gauche, Philippe P\u00e9tain, au centre Otto Abetz; et \u00e0 droite Pierre Laval. Les trois hommes attendant la rencontre avec Hitler, pour participer au moment cl\u00e9 de la collaboration, l'Entrevue de Montoire. Source : L'Humanit\u00e9\" src=\"http:\/\/blogs.univ-jfc.fr\/campsdusudouest\/wp-content\/uploads\/sites\/48\/2016\/03\/Entrevue-P\u00e9tain-Laval-Abetz-300x200.jpg\" width=\"300\" height=\"200\" srcset=\"https:\/\/blogs.univ-jfc.fr\/campsdusudouest\/wp-content\/uploads\/sites\/48\/2016\/03\/Entrevue-P\u00e9tain-Laval-Abetz-300x200.jpg 300w, https:\/\/blogs.univ-jfc.fr\/campsdusudouest\/wp-content\/uploads\/sites\/48\/2016\/03\/Entrevue-P\u00e9tain-Laval-Abetz-449x300.jpg 449w, https:\/\/blogs.univ-jfc.fr\/campsdusudouest\/wp-content\/uploads\/sites\/48\/2016\/03\/Entrevue-P\u00e9tain-Laval-Abetz.jpg 746w\" sizes=\"(max-width: 300px) 100vw, 300px\" \/><\/a>P\u00e9tain signe l\u2019acte constitutionnel accordant \u00e0 Pierre Laval les pleins pouvoirs et les droits de succession. Alors que P\u00e9tain veut rassurer les fran\u00e7ais sur sa politique, Pierre Laval leur inflige une nouvelle contrainte, le STO (Service du travail Obligatoire). La rel\u00e8ve en effet n\u2019a pas fonctionn\u00e9. A peine 50\u00a0000 fran\u00e7ais sont partis travailler en Allemagne et les allemands exigent toujours 200\u00a0000 travailleurs. Cette fois, il n\u2019est plus question de volontariat mais de travail forc\u00e9. La collaboration, cens\u00e9e prot\u00e9ger les fran\u00e7ais, les expose en premi\u00e8re ligne. Le pr\u00e9fet d\u2019Orl\u00e9ans \u00e9crit\u00a0: <i>\u00ab\u00a0Le STO a fait na\u00eetre au sein de la population une r\u00e9sistance profonde contre le gouvernement\u00a0\u00bb<\/i>. Laval va m\u00eame cr\u00e9er une nouvelle force de r\u00e9pression, la Milice, qui est une police politique, charg\u00e9e de traquer par tous les moyens les r\u00e9sistants, les r\u00e9fractaires et les juifs. Rafles, tortures, massacres en tout genre vont faire des trente mille miliciens les hommes les plus du craints r\u00e9gime. Les Communistes font aussi l&rsquo;objet de la r\u00e9pression de la police vichyste notamment des \u00ab\u00a0Sections sp\u00e9ciales\u00a0\u00bb. C&rsquo;est ainsi qu&rsquo;est cr\u00e9\u00e9 le Service de Police Anti-Communiste ou S.P.A.C par Pierre Pucheu, secr\u00e9taire d\u2019\u00c9tat \u00e0 l&rsquo;int\u00e9rieur, en octobre 1941, quelques mois \u00e0 peine apr\u00e8s l&rsquo;op\u00e9ration Barbarossa.<\/p>\n<p style=\"text-align: justify\">Depuis la d\u00e9faite de Stalingrad, la supr\u00e9matie de l\u2019arm\u00e9e allemande vacille. Le F\u00fchrer est entr\u00e9 dans ce qu\u2019il nomme la \u00ab\u00a0Guerre totale\u00a0\u00bb. Il exige une compl\u00e8te mobilisation des ressources des pays occup\u00e9s. Jean Bichelonne, le ministre de la production industrielle, met 15\u00a0000 entreprises du BTP au service du Reich. Avec son homologue allemand Albert Speer, il signe un accord permettant aux fran\u00e7ais de travailler pour l\u2019Allemagne mais en France. C\u2019est la mobilisation Todt, charg\u00e9e de construire sur la c\u00f4te Ouest le Mur de l\u2019Atlantique. Au nom de la collaboration, ce sont d\u00e9sormais trois millions de fran\u00e7ais qui travaillent pour l\u2019Allemagne nazie.<\/p>\n<p style=\"text-align: justify\">La France est devenue le premier fournisseur d\u2019ouvriers qualifi\u00e9s du Reich. Vichy devient un \u00e9tat milicien, une machine r\u00e9pressive. Tous les mois, plus de 40\u00a0000 fran\u00e7ais sont arr\u00eat\u00e9s, interrog\u00e9s, tortur\u00e9s. Les ex\u00e9cutions s\u2019encha\u00eenent, les r\u00e9sistants sont traqu\u00e9s et les r\u00e9seaux parfois an\u00e9antis.<\/p>\n<p style=\"text-align: justify\">A Paris, les collaborationnistes ont triomph\u00e9. Ils cherchent maintenant \u00e0 recruter de nouveaux volontaires, \u00e0 engager dans la Waffen-SS. Alors, qu\u2019au m\u00eame moment, \u00e0 Alger, s\u2019ouvre le premier proc\u00e8s d\u2019un collaborateur, Pierre Pucheu, ministre de l\u2019Int\u00e9rieur en 1941, est traduit devant la justice du Gouvernement Provisoire de la R\u00e9publique Fran\u00e7aise. Sa condamnation \u00e0 mort et son ex\u00e9cution imm\u00e9diate sonnent pour les collaborateurs comme un prologue annonc\u00e9 de leur propre fin. Le 26 avril 1945, P\u00e9tain d\u00e9cide de se rendre. Le Mar\u00e9chal est emprisonn\u00e9 au Fort de Montrouge (Val-de-Marne). Quant \u00e0 Pierre Laval, il a fui vers l\u2019Espagne. Deux mois apr\u00e8s la capitulation allemande, l\u2019\u00e9pilogue de la collaboration va se jouer dans un tribunal. A compter du 25 juillet 1945, La Haute cour de justice est charg\u00e9e de juger 108 personnes, dont le chef de l\u2019Etat fran\u00e7ais et les membres de ses gouvernements (7).<\/p>\n<p style=\"text-align: justify\">[1] AZEMA Jean-Pierre, BERIDA Fran\u00e7ois<i>, La France des ann\u00e9es noires, Le Seuil, 2000<br \/>\n<\/i>[2]\u00a0<i>EISMANN\u00a0Ga\u00ebl, H\u00f4tel Majestic, Ordre et s\u00e9curit\u00e9 en France occup\u00e9e (1940-1944),\u00a0<\/i>Tallandier, 2010<br \/>\n[3]\u00a0Le nombre de calories n\u00e9cessaires est fix\u00e9 par Goering \u00e0 2 000 pour un adulte actif, et seulement 690 pour une personne \u00e2g\u00e9e.<br \/>\n[4] PESCHANSKI Denis,<i> Vichy, 1940-1944. Contr\u00f4le et exclusion, <\/i>Complexe, 1997<br \/>\n[5]\u00a0LABORIE Pierre, <em>Les fran\u00e7ais des ann\u00e9es troubles<\/em>, Descl\u00e9e de Brouwer, 2001<br \/>\n[6] KUPFERMAN Fred<i>, Pierre Laval, <\/i>Tallandier, 2006<br \/>\n[7]\u00a0Paxton Robert,<i> La France de Vichy, 1940 \u2013 1944, <\/i>Paris, Editions du Seuil, 1973<\/p>\n<\/div>\n","protected":false},"excerpt":{"rendered":"<p>Page pr\u00e9c\u00e9dente&#8230; Administration par l\u2019Occupant L\u2019id\u00e9e de la collaboration s\u2019installe progressivement dans les mentalit\u00e9s. La collaboration \u00e9conomique fran\u00e7aise verra bient\u00f4t 80 % de la construction automobile et 100 % de la construction a\u00e9ronautique destin\u00e9es \u00e0 l\u2019effort de guerre allemand. La &hellip; <a href=\"https:\/\/blogs.univ-jfc.fr\/campsdusudouest\/la-france-de-lentre-deux-guerres-et-de-vichy\/la-iiie-republique-et-les-questions-internationales\/relations-franco-allemandes\/relations-franco-allemandes-2\/\">Lire la suite <span class=\"meta-nav\">&rarr;<\/span><\/a><\/p>\n","protected":false},"author":192,"featured_media":0,"parent":2399,"menu_order":2,"comment_status":"closed","ping_status":"open","template":"","meta":[],"_links":{"self":[{"href":"https:\/\/blogs.univ-jfc.fr\/campsdusudouest\/wp-json\/wp\/v2\/pages\/2403"}],"collection":[{"href":"https:\/\/blogs.univ-jfc.fr\/campsdusudouest\/wp-json\/wp\/v2\/pages"}],"about":[{"href":"https:\/\/blogs.univ-jfc.fr\/campsdusudouest\/wp-json\/wp\/v2\/types\/page"}],"author":[{"embeddable":true,"href":"https:\/\/blogs.univ-jfc.fr\/campsdusudouest\/wp-json\/wp\/v2\/users\/192"}],"replies":[{"embeddable":true,"href":"https:\/\/blogs.univ-jfc.fr\/campsdusudouest\/wp-json\/wp\/v2\/comments?post=2403"}],"version-history":[{"count":7,"href":"https:\/\/blogs.univ-jfc.fr\/campsdusudouest\/wp-json\/wp\/v2\/pages\/2403\/revisions"}],"predecessor-version":[{"id":4296,"href":"https:\/\/blogs.univ-jfc.fr\/campsdusudouest\/wp-json\/wp\/v2\/pages\/2403\/revisions\/4296"}],"up":[{"embeddable":true,"href":"https:\/\/blogs.univ-jfc.fr\/campsdusudouest\/wp-json\/wp\/v2\/pages\/2399"}],"wp:attachment":[{"href":"https:\/\/blogs.univ-jfc.fr\/campsdusudouest\/wp-json\/wp\/v2\/media?parent=2403"}],"curies":[{"name":"wp","href":"https:\/\/api.w.org\/{rel}","templated":true}]}}