{"id":2459,"date":"2016-03-23T18:49:31","date_gmt":"2016-03-23T17:49:31","guid":{"rendered":"http:\/\/blogs.univ-jfc.fr\/campsdusudouest\/?page_id=2459"},"modified":"2016-03-31T08:42:28","modified_gmt":"2016-03-31T07:42:28","slug":"suzanne-de-dietrich","status":"publish","type":"page","link":"https:\/\/blogs.univ-jfc.fr\/campsdusudouest\/les-camps-et-leur-environnement\/les-humanitaires\/creation-et-fonctionnement-de-la-cimade\/suzanne-de-dietrich\/","title":{"rendered":"Suzanne de Dietrich"},"content":{"rendered":"<p align=\"justify\">Suzanne de Dietrich, d&rsquo;origine allemande, participe en 1914 aux Congr\u00e8s de la F\u00e9d\u00e9. Malgr\u00e9 un grave handicap physique, elle s&rsquo;engage compl\u00e8tement dans son action humanitaire. En effet, elle devient membre des Volontaires du Christ en 1916, mouvement cr\u00e9\u00e9 par des \u00e9tudiants en th\u00e9ologie. Elle est ensuite nomm\u00e9e en 1929 vice-pr\u00e9sidente de la F\u00e9d\u00e9ration Universelle des \u00c9tudiants Chr\u00e9tiens qui devient, apr\u00e8s la Premi\u00e8re Guerre Mondiale, le mouvement \u0153cum\u00e9nique leader car le plus organis\u00e9. Aussi, Suzanne de Dietrich est-elle l&rsquo;instigatrice en 1932, de la premi\u00e8re r\u00e9union des chr\u00e9tiens catholiques, protestants, et orthodoxes. Elle est, avec d&rsquo;autres personnalit\u00e9s comme Marc Boegner, une des cr\u00e9atrices de la CIMADE \u00e0 la suite de son voyage dans le Sud-Ouest de la France pour venir en aide aux populations d\u00e9plac\u00e9es d&rsquo;Alsace et de Lorraine.<\/p>\n<div id=\"attachment_1760\" style=\"width: 1354px\" class=\"wp-caption aligncenter\"><a href=\"http:\/\/blogs.univ-jfc.fr\/campsdusudouest\/wp-content\/uploads\/sites\/48\/2016\/03\/Suzanne-de-Dietrich.jpg\"><img aria-describedby=\"caption-attachment-1760\" loading=\"lazy\" class=\" wp-image-1760  \" title=\"Source : http:\/\/www.museeprotestant.org\/notice\/suzanne-de-dietrich-1891-1981\/?parc=21754\" alt=\"Suzanne de Dietrich \u00e0 80 ans  Source :  http:\/\/www.museeprotestant.org\/notice\/suzanne-de-dietrich-1891-1981\/?parc=21754\" src=\"http:\/\/blogs.univ-jfc.fr\/campsdusudouest\/wp-content\/uploads\/sites\/48\/2016\/03\/Suzanne-de-Dietrich.jpg\" width=\"1344\" height=\"1844\" srcset=\"https:\/\/blogs.univ-jfc.fr\/campsdusudouest\/wp-content\/uploads\/sites\/48\/2016\/03\/Suzanne-de-Dietrich.jpg 1344w, https:\/\/blogs.univ-jfc.fr\/campsdusudouest\/wp-content\/uploads\/sites\/48\/2016\/03\/Suzanne-de-Dietrich-218x300.jpg 218w, https:\/\/blogs.univ-jfc.fr\/campsdusudouest\/wp-content\/uploads\/sites\/48\/2016\/03\/Suzanne-de-Dietrich-746x1024.jpg 746w\" sizes=\"(max-width: 1344px) 100vw, 1344px\" \/><\/a><p id=\"caption-attachment-1760\" class=\"wp-caption-text\">Suzanne de Dietrich \u00e0 80 ans<\/p><\/div>\n","protected":false},"excerpt":{"rendered":"<p>Suzanne de Dietrich, d&rsquo;origine allemande, participe en 1914 aux Congr\u00e8s de la F\u00e9d\u00e9. Malgr\u00e9 un grave handicap physique, elle s&rsquo;engage compl\u00e8tement dans son action humanitaire. En effet, elle devient membre des Volontaires du Christ en 1916, mouvement cr\u00e9\u00e9 par des &hellip; <a href=\"https:\/\/blogs.univ-jfc.fr\/campsdusudouest\/les-camps-et-leur-environnement\/les-humanitaires\/creation-et-fonctionnement-de-la-cimade\/suzanne-de-dietrich\/\">Lire la suite <span class=\"meta-nav\">&rarr;<\/span><\/a><\/p>\n","protected":false},"author":189,"featured_media":0,"parent":492,"menu_order":0,"comment_status":"closed","ping_status":"open","template":"","meta":[],"_links":{"self":[{"href":"https:\/\/blogs.univ-jfc.fr\/campsdusudouest\/wp-json\/wp\/v2\/pages\/2459"}],"collection":[{"href":"https:\/\/blogs.univ-jfc.fr\/campsdusudouest\/wp-json\/wp\/v2\/pages"}],"about":[{"href":"https:\/\/blogs.univ-jfc.fr\/campsdusudouest\/wp-json\/wp\/v2\/types\/page"}],"author":[{"embeddable":true,"href":"https:\/\/blogs.univ-jfc.fr\/campsdusudouest\/wp-json\/wp\/v2\/users\/189"}],"replies":[{"embeddable":true,"href":"https:\/\/blogs.univ-jfc.fr\/campsdusudouest\/wp-json\/wp\/v2\/comments?post=2459"}],"version-history":[{"count":6,"href":"https:\/\/blogs.univ-jfc.fr\/campsdusudouest\/wp-json\/wp\/v2\/pages\/2459\/revisions"}],"predecessor-version":[{"id":4091,"href":"https:\/\/blogs.univ-jfc.fr\/campsdusudouest\/wp-json\/wp\/v2\/pages\/2459\/revisions\/4091"}],"up":[{"embeddable":true,"href":"https:\/\/blogs.univ-jfc.fr\/campsdusudouest\/wp-json\/wp\/v2\/pages\/492"}],"wp:attachment":[{"href":"https:\/\/blogs.univ-jfc.fr\/campsdusudouest\/wp-json\/wp\/v2\/media?parent=2459"}],"curies":[{"name":"wp","href":"https:\/\/api.w.org\/{rel}","templated":true}]}}