{"id":2467,"date":"2016-03-23T18:56:29","date_gmt":"2016-03-23T17:56:29","guid":{"rendered":"http:\/\/blogs.univ-jfc.fr\/campsdusudouest\/?page_id=2467"},"modified":"2016-03-31T08:40:15","modified_gmt":"2016-03-31T07:40:15","slug":"2467-2","status":"publish","type":"page","link":"https:\/\/blogs.univ-jfc.fr\/campsdusudouest\/les-camps-et-leur-environnement\/les-humanitaires\/creation-et-fonctionnement-de-la-cimade\/2467-2\/","title":{"rendered":"Marc Boegner"},"content":{"rendered":"<p align=\"justify\">Marc Boegner, n\u00e9 en 1881 \u00e0 \u00c9pinal, d&rsquo;origine alsacienne, fait des \u00e9tudes de th\u00e9ologie protestante \u00e0 la facult\u00e9 de Paris avant de devenir Pasteur en octobre 1918. En 1928, il inaugure des conf\u00e9rences de car\u00eame radio-diffus\u00e9es qui participent, entre autre chose, \u00e0 sa renomm\u00e9e. En 1929, il est le premier \u00e0 institutionnaliser le mouvement protestant de France, et devient le Pr\u00e9sident de la F\u00e9d\u00e9ration Protestante de France jusqu&rsquo;en 1961. \u00c0 la suite de cela, en 1938, il est \u00e9lu Pr\u00e9sident du Conseil National de l\u2019\u00c9glise R\u00e9form\u00e9e de France (ERF) ce qui fait de lui un acteur majeur du protestantisme fran\u00e7ais. C&rsquo;est sous son impulsion que la CIM est cr\u00e9\u00e9e. Il sera donc un des principaux fondateurs de la CIMADE. C&rsquo;est \u00e9galement lui qui demandera \u00e0 ce que Jane Pannier en devienne la Pr\u00e9sidente et Madeleine Barot la secr\u00e9taire g\u00e9n\u00e9rale.<\/p>\n<div id=\"attachment_1713\" style=\"width: 413px\" class=\"wp-caption aligncenter\"><a href=\"http:\/\/blogs.univ-jfc.fr\/campsdusudouest\/wp-content\/uploads\/sites\/48\/2016\/03\/MARC-BOEGNER.jpg\"><img aria-describedby=\"caption-attachment-1713\" loading=\"lazy\" class=\"size-full wp-image-1713 \" title=\"Source : http:\/\/1942.memorialdelashoah.org\/histoire_ete_1942.htm\" alt=\"Le Pasteur Marc Boegner, l'un des instigateurs de la cr\u00e9ation de la CIMADE Source : http:\/\/1942.memorialdelashoah.org\/histoire_ete_1942.htm\" src=\"http:\/\/blogs.univ-jfc.fr\/campsdusudouest\/wp-content\/uploads\/sites\/48\/2016\/03\/MARC-BOEGNER.jpg\" width=\"403\" height=\"560\" srcset=\"https:\/\/blogs.univ-jfc.fr\/campsdusudouest\/wp-content\/uploads\/sites\/48\/2016\/03\/MARC-BOEGNER.jpg 403w, https:\/\/blogs.univ-jfc.fr\/campsdusudouest\/wp-content\/uploads\/sites\/48\/2016\/03\/MARC-BOEGNER-215x300.jpg 215w\" sizes=\"(max-width: 403px) 100vw, 403px\" \/><\/a><p id=\"caption-attachment-1713\" class=\"wp-caption-text\">Le Pasteur Marc Boegner, l&rsquo;un des instigateurs de la cr\u00e9ation de la CIMADE.<\/p><\/div>\n","protected":false},"excerpt":{"rendered":"<p>Marc Boegner, n\u00e9 en 1881 \u00e0 \u00c9pinal, d&rsquo;origine alsacienne, fait des \u00e9tudes de th\u00e9ologie protestante \u00e0 la facult\u00e9 de Paris avant de devenir Pasteur en octobre 1918. En 1928, il inaugure des conf\u00e9rences de car\u00eame radio-diffus\u00e9es qui participent, entre autre &hellip; <a href=\"https:\/\/blogs.univ-jfc.fr\/campsdusudouest\/les-camps-et-leur-environnement\/les-humanitaires\/creation-et-fonctionnement-de-la-cimade\/2467-2\/\">Lire la suite <span class=\"meta-nav\">&rarr;<\/span><\/a><\/p>\n","protected":false},"author":189,"featured_media":0,"parent":492,"menu_order":0,"comment_status":"closed","ping_status":"open","template":"","meta":[],"_links":{"self":[{"href":"https:\/\/blogs.univ-jfc.fr\/campsdusudouest\/wp-json\/wp\/v2\/pages\/2467"}],"collection":[{"href":"https:\/\/blogs.univ-jfc.fr\/campsdusudouest\/wp-json\/wp\/v2\/pages"}],"about":[{"href":"https:\/\/blogs.univ-jfc.fr\/campsdusudouest\/wp-json\/wp\/v2\/types\/page"}],"author":[{"embeddable":true,"href":"https:\/\/blogs.univ-jfc.fr\/campsdusudouest\/wp-json\/wp\/v2\/users\/189"}],"replies":[{"embeddable":true,"href":"https:\/\/blogs.univ-jfc.fr\/campsdusudouest\/wp-json\/wp\/v2\/comments?post=2467"}],"version-history":[{"count":8,"href":"https:\/\/blogs.univ-jfc.fr\/campsdusudouest\/wp-json\/wp\/v2\/pages\/2467\/revisions"}],"predecessor-version":[{"id":4076,"href":"https:\/\/blogs.univ-jfc.fr\/campsdusudouest\/wp-json\/wp\/v2\/pages\/2467\/revisions\/4076"}],"up":[{"embeddable":true,"href":"https:\/\/blogs.univ-jfc.fr\/campsdusudouest\/wp-json\/wp\/v2\/pages\/492"}],"wp:attachment":[{"href":"https:\/\/blogs.univ-jfc.fr\/campsdusudouest\/wp-json\/wp\/v2\/media?parent=2467"}],"curies":[{"name":"wp","href":"https:\/\/api.w.org\/{rel}","templated":true}]}}