{"id":2470,"date":"2016-03-23T19:17:34","date_gmt":"2016-03-23T18:17:34","guid":{"rendered":"http:\/\/blogs.univ-jfc.fr\/campsdusudouest\/?page_id=2470"},"modified":"2016-03-31T08:41:14","modified_gmt":"2016-03-31T07:41:14","slug":"madeleine-barrot","status":"publish","type":"page","link":"https:\/\/blogs.univ-jfc.fr\/campsdusudouest\/les-camps-et-leur-environnement\/les-humanitaires\/creation-et-fonctionnement-de-la-cimade\/madeleine-barrot\/","title":{"rendered":"Madeleine Barot"},"content":{"rendered":"<p align=\"justify\">Madeleine Barot fut la premi\u00e8re secr\u00e9taire g\u00e9n\u00e9rale de la CIMADE. Celle-ci joue un r\u00f4le capital dans l&rsquo;organisation de l&rsquo;association, mais donne \u00e9galement beaucoup de sa personne, notamment dans le camp de Gurs. Lyc\u00e9enne, elle participe aux activit\u00e9s de la F\u00e9d\u00e9 qui signent le d\u00e9but de sa vie de militante engag\u00e9e. D&rsquo;origine italienne, elle fut rapatri\u00e9e en France au d\u00e9but de la Seconde Guerre Mondiale et prit ses fonctions de secr\u00e9taire g\u00e9n\u00e9rale de la CIMADE en coop\u00e9ration avec Suzanne de Dietrich et Jane Pannier. Elle mit ainsi toute son \u00e9nergie dans la coop\u00e9ration de l&rsquo;assistance humanitaire dans les camps du Sud-Ouest de la France et trouve tous les jours un pr\u00e9texte diff\u00e9rent pour y entrer (moments de pri\u00e8res, dons de couches aux jeunes m\u00e8res) et organise des centres d&rsquo;accueils mais aussi des fili\u00e8res d&rsquo;\u00e9vasions en Suisse pour les Juifs les plus menac\u00e9s. Accompagn\u00e9e d&rsquo;une autre militante de la CIMADE, Jeanne Merle d&rsquo;Aubign\u00e9, une infirmi\u00e8re, elle s&rsquo;installe \u00e0 Gurs d\u00e8s 1941 apr\u00e8s l&rsquo;obtention d&rsquo;une autorisation du commandement du camp. La CIMADE occupe une ancienne baraque de Gendarme qui se situe au Nord du camp. En face, se trouve celle de Jeanne Merle-d&rsquo;Aubign\u00e9 am\u00e9nag\u00e9e en infirmerie-maternit\u00e9. Aussi, les deux femmes parcourent t-elles la r\u00e9gion \u00e0 bicyclette afin d&rsquo;acheter tout ce qui est n\u00e9cessaire \u00e0 la survie des intern\u00e9s gr\u00e2ce aux diff\u00e9rents mandats que les b\u00e9n\u00e9voles vont chercher en Suisse.<\/p>\n<div id=\"attachment_1695\" style=\"width: 386px\" class=\"wp-caption aligncenter\"><a href=\"http:\/\/blogs.univ-jfc.fr\/campsdusudouest\/wp-content\/uploads\/sites\/48\/2016\/03\/Madeleine-Barot.jpg\"><img aria-describedby=\"caption-attachment-1695\" loading=\"lazy\" class=\"size-full wp-image-1695 \" title=\"Source : http:\/\/www.museeprotestant.org\/notice\/madeleine-barot-1909-1995\/\" alt=\"Madeleine Barot, premi\u00e8re secr\u00e9taire g\u00e9n\u00e9ral de la CIMADE  Source : http:\/\/www.museeprotestant.org\/notice\/madeleine-barot-1909-1995\/\" src=\"http:\/\/blogs.univ-jfc.fr\/campsdusudouest\/wp-content\/uploads\/sites\/48\/2016\/03\/Madeleine-Barot.jpg\" width=\"376\" height=\"500\" srcset=\"https:\/\/blogs.univ-jfc.fr\/campsdusudouest\/wp-content\/uploads\/sites\/48\/2016\/03\/Madeleine-Barot.jpg 376w, https:\/\/blogs.univ-jfc.fr\/campsdusudouest\/wp-content\/uploads\/sites\/48\/2016\/03\/Madeleine-Barot-225x300.jpg 225w\" sizes=\"(max-width: 376px) 100vw, 376px\" \/><\/a><p id=\"caption-attachment-1695\" class=\"wp-caption-text\">Madeleine Barot, premi\u00e8re secr\u00e9taire g\u00e9n\u00e9rale de la CIMADE.<\/p><\/div>\n","protected":false},"excerpt":{"rendered":"<p>Madeleine Barot fut la premi\u00e8re secr\u00e9taire g\u00e9n\u00e9rale de la CIMADE. Celle-ci joue un r\u00f4le capital dans l&rsquo;organisation de l&rsquo;association, mais donne \u00e9galement beaucoup de sa personne, notamment dans le camp de Gurs. Lyc\u00e9enne, elle participe aux activit\u00e9s de la F\u00e9d\u00e9 &hellip; <a href=\"https:\/\/blogs.univ-jfc.fr\/campsdusudouest\/les-camps-et-leur-environnement\/les-humanitaires\/creation-et-fonctionnement-de-la-cimade\/madeleine-barrot\/\">Lire la suite <span class=\"meta-nav\">&rarr;<\/span><\/a><\/p>\n","protected":false},"author":189,"featured_media":0,"parent":492,"menu_order":0,"comment_status":"closed","ping_status":"open","template":"","meta":[],"_links":{"self":[{"href":"https:\/\/blogs.univ-jfc.fr\/campsdusudouest\/wp-json\/wp\/v2\/pages\/2470"}],"collection":[{"href":"https:\/\/blogs.univ-jfc.fr\/campsdusudouest\/wp-json\/wp\/v2\/pages"}],"about":[{"href":"https:\/\/blogs.univ-jfc.fr\/campsdusudouest\/wp-json\/wp\/v2\/types\/page"}],"author":[{"embeddable":true,"href":"https:\/\/blogs.univ-jfc.fr\/campsdusudouest\/wp-json\/wp\/v2\/users\/189"}],"replies":[{"embeddable":true,"href":"https:\/\/blogs.univ-jfc.fr\/campsdusudouest\/wp-json\/wp\/v2\/comments?post=2470"}],"version-history":[{"count":8,"href":"https:\/\/blogs.univ-jfc.fr\/campsdusudouest\/wp-json\/wp\/v2\/pages\/2470\/revisions"}],"predecessor-version":[{"id":4084,"href":"https:\/\/blogs.univ-jfc.fr\/campsdusudouest\/wp-json\/wp\/v2\/pages\/2470\/revisions\/4084"}],"up":[{"embeddable":true,"href":"https:\/\/blogs.univ-jfc.fr\/campsdusudouest\/wp-json\/wp\/v2\/pages\/492"}],"wp:attachment":[{"href":"https:\/\/blogs.univ-jfc.fr\/campsdusudouest\/wp-json\/wp\/v2\/media?parent=2470"}],"curies":[{"name":"wp","href":"https:\/\/api.w.org\/{rel}","templated":true}]}}