{"id":2518,"date":"2016-03-23T21:37:39","date_gmt":"2016-03-23T20:37:39","guid":{"rendered":"http:\/\/blogs.univ-jfc.fr\/campsdusudouest\/?page_id=2518"},"modified":"2016-03-23T21:37:39","modified_gmt":"2016-03-23T20:37:39","slug":"graphique-representant-le-nombre-devasion-au-sein-du-camp-de-rivesaltes-pendant-lannee-1942","status":"publish","type":"page","link":"https:\/\/blogs.univ-jfc.fr\/campsdusudouest\/graphique-representant-le-nombre-devasion-au-sein-du-camp-de-rivesaltes-pendant-lannee-1942\/","title":{"rendered":"Graphique repr\u00e9sentant le nombre d&rsquo;\u00e9vasion au sein du camp de Rivesaltes pendant l&rsquo;ann\u00e9e 1942"},"content":{"rendered":"<div id=\"attachment_2520\" style=\"width: 310px\" class=\"wp-caption alignnone\"><a href=\"http:\/\/blogs.univ-jfc.fr\/campsdusudouest\/wp-content\/uploads\/sites\/48\/2016\/03\/Capture.PNG-1.png\"><img aria-describedby=\"caption-attachment-2520\" loading=\"lazy\" class=\"size-medium wp-image-2520\" alt=\"R\u00e9alis\u00e9 selon les donn\u00e9es cit\u00e9s par Boitel A., Le camp de Rivesaltes 1941-1942\u00a0: du centre d'h\u00e9bergement au \u00ab\u00a0Drancy de la zone libre\u00a0\u00bb, Perpignan, PUP, 2001, page 102.\" src=\"http:\/\/blogs.univ-jfc.fr\/campsdusudouest\/wp-content\/uploads\/sites\/48\/2016\/03\/Capture.PNG-1-300x165.png\" width=\"300\" height=\"165\" srcset=\"https:\/\/blogs.univ-jfc.fr\/campsdusudouest\/wp-content\/uploads\/sites\/48\/2016\/03\/Capture.PNG-1-300x165.png 300w, https:\/\/blogs.univ-jfc.fr\/campsdusudouest\/wp-content\/uploads\/sites\/48\/2016\/03\/Capture.PNG-1-500x276.png 500w, https:\/\/blogs.univ-jfc.fr\/campsdusudouest\/wp-content\/uploads\/sites\/48\/2016\/03\/Capture.PNG-1.png 687w\" sizes=\"(max-width: 300px) 100vw, 300px\" \/><\/a><p id=\"caption-attachment-2520\" class=\"wp-caption-text\">R\u00e9alis\u00e9 selon les donn\u00e9es cit\u00e9s par Boitel A., Le camp de Rivesaltes 1941-1942\u00a0: du centre d&rsquo;h\u00e9bergement au \u00ab\u00a0Drancy de la zone libre\u00a0\u00bb, Perpignan, PUP, 2001, page 102.<\/p><\/div>\n","protected":false},"excerpt":{"rendered":"","protected":false},"author":162,"featured_media":0,"parent":0,"menu_order":0,"comment_status":"closed","ping_status":"open","template":"","meta":[],"_links":{"self":[{"href":"https:\/\/blogs.univ-jfc.fr\/campsdusudouest\/wp-json\/wp\/v2\/pages\/2518"}],"collection":[{"href":"https:\/\/blogs.univ-jfc.fr\/campsdusudouest\/wp-json\/wp\/v2\/pages"}],"about":[{"href":"https:\/\/blogs.univ-jfc.fr\/campsdusudouest\/wp-json\/wp\/v2\/types\/page"}],"author":[{"embeddable":true,"href":"https:\/\/blogs.univ-jfc.fr\/campsdusudouest\/wp-json\/wp\/v2\/users\/162"}],"replies":[{"embeddable":true,"href":"https:\/\/blogs.univ-jfc.fr\/campsdusudouest\/wp-json\/wp\/v2\/comments?post=2518"}],"version-history":[{"count":1,"href":"https:\/\/blogs.univ-jfc.fr\/campsdusudouest\/wp-json\/wp\/v2\/pages\/2518\/revisions"}],"predecessor-version":[{"id":2523,"href":"https:\/\/blogs.univ-jfc.fr\/campsdusudouest\/wp-json\/wp\/v2\/pages\/2518\/revisions\/2523"}],"wp:attachment":[{"href":"https:\/\/blogs.univ-jfc.fr\/campsdusudouest\/wp-json\/wp\/v2\/media?parent=2518"}],"curies":[{"name":"wp","href":"https:\/\/api.w.org\/{rel}","templated":true}]}}