{"id":2553,"date":"2016-03-23T22:24:53","date_gmt":"2016-03-23T21:24:53","guid":{"rendered":"http:\/\/blogs.univ-jfc.fr\/campsdusudouest\/?page_id=2553"},"modified":"2016-03-23T22:26:33","modified_gmt":"2016-03-23T21:26:33","slug":"graphique-representant-le-nombre-denfants-scolarises-de-6-a-14-ans-dans-le-camp-de-rivesaltes-en-1941-et-1942","status":"publish","type":"page","link":"https:\/\/blogs.univ-jfc.fr\/campsdusudouest\/graphique-representant-le-nombre-denfants-scolarises-de-6-a-14-ans-dans-le-camp-de-rivesaltes-en-1941-et-1942\/","title":{"rendered":"Graphique repr\u00e9sentant le nombre d&rsquo;enfants scolaris\u00e9s de 6 \u00e0 14 ans dans le camp de Rivesaltes en 1941 et 1942"},"content":{"rendered":"<div id=\"attachment_2554\" style=\"width: 510px\" class=\"wp-caption alignnone\"><a href=\"http:\/\/blogs.univ-jfc.fr\/campsdusudouest\/wp-content\/uploads\/sites\/48\/2016\/03\/Capture2.png\"><img aria-describedby=\"caption-attachment-2554\" loading=\"lazy\" class=\" wp-image-2554 \" alt=\"Effectifs des enfants scolaris\u00e9s au sein du camp de Rivesaltes R\u00e9alis\u00e9 selon les donn\u00e9es cit\u00e9s par Boitel A., Le camp de Rivesaltes 1941-1942 : du centre d'h\u00e9bergement au \u00ab Drancy de la zone libre \u00bb, Perpignan, PUP, 2001, page 153.\" src=\"http:\/\/blogs.univ-jfc.fr\/campsdusudouest\/wp-content\/uploads\/sites\/48\/2016\/03\/Capture2-300x171.png\" width=\"500\" height=\"250\" \/><\/a><p id=\"caption-attachment-2554\" class=\"wp-caption-text\">Effectifs des enfants scolaris\u00e9s au sein du camp de Rivesaltes<br \/>R\u00e9alis\u00e9 selon les donn\u00e9es cit\u00e9s par Boitel A., Le camp de Rivesaltes 1941-1942 : du centre<br \/>d&rsquo;h\u00e9bergement au \u00ab Drancy de la zone libre \u00bb, Perpignan, PUP, 2001, page 153.<\/p><\/div>\n","protected":false},"excerpt":{"rendered":"","protected":false},"author":128,"featured_media":0,"parent":0,"menu_order":0,"comment_status":"closed","ping_status":"open","template":"","meta":[],"_links":{"self":[{"href":"https:\/\/blogs.univ-jfc.fr\/campsdusudouest\/wp-json\/wp\/v2\/pages\/2553"}],"collection":[{"href":"https:\/\/blogs.univ-jfc.fr\/campsdusudouest\/wp-json\/wp\/v2\/pages"}],"about":[{"href":"https:\/\/blogs.univ-jfc.fr\/campsdusudouest\/wp-json\/wp\/v2\/types\/page"}],"author":[{"embeddable":true,"href":"https:\/\/blogs.univ-jfc.fr\/campsdusudouest\/wp-json\/wp\/v2\/users\/128"}],"replies":[{"embeddable":true,"href":"https:\/\/blogs.univ-jfc.fr\/campsdusudouest\/wp-json\/wp\/v2\/comments?post=2553"}],"version-history":[{"count":1,"href":"https:\/\/blogs.univ-jfc.fr\/campsdusudouest\/wp-json\/wp\/v2\/pages\/2553\/revisions"}],"predecessor-version":[{"id":2555,"href":"https:\/\/blogs.univ-jfc.fr\/campsdusudouest\/wp-json\/wp\/v2\/pages\/2553\/revisions\/2555"}],"wp:attachment":[{"href":"https:\/\/blogs.univ-jfc.fr\/campsdusudouest\/wp-json\/wp\/v2\/media?parent=2553"}],"curies":[{"name":"wp","href":"https:\/\/api.w.org\/{rel}","templated":true}]}}