{"id":2574,"date":"2016-03-24T08:58:47","date_gmt":"2016-03-24T07:58:47","guid":{"rendered":"http:\/\/blogs.univ-jfc.fr\/campsdusudouest\/?page_id=2574"},"modified":"2016-04-13T09:55:49","modified_gmt":"2016-04-13T08:55:49","slug":"entre-prise-de-responsabilite-reconnaissance-et-deuil-suite","status":"publish","type":"page","link":"https:\/\/blogs.univ-jfc.fr\/campsdusudouest\/le-phenomene-concentrationnaire\/internement-concentration-extermination\/entre-prise-de-responsabilite-reconnaissance-et-deuil-suite\/","title":{"rendered":"Entre prise de responsabilit\u00e9, reconnaissance et deuil (suite)"},"content":{"rendered":"<p><a title=\"Entre prise de responsabilit\u00e9, reconnaissance, et deuil\" href=\"http:\/\/blogs.univ-jfc.fr\/campsdusudouest\/le-phenomene-concentrationnaire\/internement-concentration-extermination\/entre-prise-de-responsabilite-reconnaissance-et-deuil\/\">Page pr\u00e9c\u00e9dente&#8230;<\/a><\/p>\n<p><em><span style=\"color: #000000\">Entre prise en charge des survivants et deuil des victimes<\/span><\/em><\/p>\n<p align=\"JUSTIFY\"><span style=\"color: #000000\">Il a fallu attendre la fin des ann\u00e9es 1970 et la publication des travaux de Serge Klarsfeld, en particulier de son <\/span><span style=\"color: #000000\"><i>M\u00e9morial de la d\u00e9portation des juifs de Franc<\/i><\/span><span style=\"color: #000000\">e, pour conna\u00eetre le nombre exact des juifs de France d\u00e9port\u00e9s et assassin\u00e9s. On sait d\u00e9sormais que ce sont 75 721 juifs, dont 11 000 enfants, qui furent d\u00e9port\u00e9s de France, et que seulement 2556 d&rsquo;entre eux en revinrent<\/span><sup><span style=\"color: #000000\"><a href=\"#sdfootnote1sym\"><sup>1<\/sup><\/a><\/span><\/sup><span style=\"color: #000000\">. La d\u00e9couverte des camps nazis et des atrocit\u00e9s qui ont \u00e9t\u00e9 commises est un immense choc. On attend le retour des premiers survivants \u00e0 Paris, dans l&rsquo;espoir de retrouver un proche qui a \u00e9t\u00e9 d\u00e9port\u00e9. Les rapatriements sont organis\u00e9s par les alli\u00e9s, mais la lenteur de ces rapatriements oblige certains rescap\u00e9s \u00e0 rentrer en France par leur propre moyens. Il faut dire que les alli\u00e9s, puis les autorit\u00e9s fran\u00e7aises rencontrent certaines difficult\u00e9s logistiques dans la prise en charge m\u00e9dicale des survivants et leur rapatriement, pour trouver des lieux d&rsquo;accueil ou des moyens de transports appropri\u00e9s par exemple, au vu de l&rsquo;\u00e9tat de sant\u00e9 dans lesquels sont retrouv\u00e9s les d\u00e9port\u00e9s. La majorit\u00e9 des d\u00e9port\u00e9s est rapatri\u00e9e \u00e0 la fin de l&rsquo;ann\u00e9e 1945 par les autorit\u00e9s militaires alli\u00e9es, ceux restants l&rsquo;\u00e9tant un peu plus tard par l&rsquo;UNRRA, l&rsquo;organisme des Nations unis pour le secours et la reconstruction de l&rsquo;Europe. Mais certaines organisations fran\u00e7aises ont aussi pris part au rapatriement de certains d\u00e9port\u00e9s, comme notamment le COSOR, le Comit\u00e9 des \u0153uvres sociales des organisations de la R\u00e9sistance. Reconnu officiellement par le gouvernement en 1945, sa mission est de <\/span><em><span style=\"color: #000000\">\u00ab\u00a0secourir sans distinction de race, d&rsquo;opinion ou de confession, toutes les d\u00e9tresses n\u00e9es de l&rsquo;oppression nazie\u00a0\u00bb<\/span><\/em><span style=\"color: #000000\">. En effet, le R\u00e9v\u00e9rend-P\u00e8re Fleury, responsable du COSOR, ayant pris connaissance de la lib\u00e9ration du camp de Dachau en mai 1945, d\u00e9cide de lancer une exp\u00e9dition destin\u00e9e \u00e0 ramener des d\u00e9port\u00e9s poitevins. Parti de Poitiers le 14 mai \u00e0 bord de deux cars et d&rsquo;un camion, il prend ainsi la route avec une \u00e9quipe de volontaires. Cette op\u00e9ration permettra de ramener soixante cinq survivants \u00e0 Poitiers, survivants qui seront accueillis en grande pompe par la foule rassembl\u00e9e sur la Place d&rsquo;Armes le 31 mai 1945.<\/span><\/p>\n<p align=\"JUSTIFY\">\u00c0<span style=\"color: #000000\"> Paris, le minist\u00e8re des Prisonniers, D\u00e9port\u00e9s et R\u00e9fugi\u00e9s fait de la gare d&rsquo;Orsay le lieu d&rsquo;arriv\u00e9e des d\u00e9port\u00e9s. Cependant l&rsquo;\u00e9tat des d\u00e9port\u00e9s est tel que c&rsquo;est l&rsquo;h\u00f4tel Lutetia, ancien si\u00e8ge de l&rsquo;Abwehr (<span style=\"font-family: Arial\">Service de Renseignements de l\u2019\u00e9tat-major allemand pendant l\u2019Occupation) qui finit par \u00eatre d\u00e9sign\u00e9 comme centre d&rsquo;accueil\u00a0: 2500 juifs y seront ainsi directement conduits, en plus d&rsquo;autres survivants d&rsquo;avril \u00e0 ao\u00fbt 1945. D\u00e8s leur arriv\u00e9e, les d\u00e9port\u00e9s sont assaillis par la foule, emplie de personnes esp\u00e9rant le retour d&rsquo;un \u00eatre cher et le hall de l&rsquo;h\u00f4tel est alors tapiss\u00e9 de photos et de messages, tandis qu&rsquo;ils livrent les noms de leur camarades d\u00e9c\u00e9d\u00e9s dans les camps. Les d\u00e9port\u00e9s doivent \u00e9galement y subir un contr\u00f4le de police, \u00e0 l&rsquo;issue duquel ils obtiennent une carte de rapatri\u00e9. Le retour de ces premiers d\u00e9port\u00e9s en France est repris par la presse, les journaux citent aussi les noms des survivants rapatri\u00e9s au niveau local. Ainsi le retour est une p\u00e9riode \u00e9prouvante, autant pour la population qui d\u00e9couvre avec horreur ce qu&rsquo;ont v\u00e9cu les survivants et guettent la mention du nom d&rsquo;un proche, que pour ces derniers qui doivent se reconstruire et r\u00e9ussir un \u00ab\u00a0retour \u00e0 la vie\u00a0\u00bb, chose difficile apr\u00e8s ce qu&rsquo;ils ont v\u00e9cu. Les r\u00e9actions des fran\u00e7ais sont diverses, certains sont effray\u00e9s par l&rsquo;apparence des survivants et manifestent soit de la m\u00e9fiance, soit de la compassion et de l&rsquo;aide. D&rsquo;autres, marqu\u00e9s par la guerre, refusent d&rsquo;entendre plus d&rsquo;horreurs. C&rsquo;est ce genre d&rsquo;attitude qui poussera bon nombre de d\u00e9port\u00e9s \u00e0 se taire dans un premier temps. Ainsi, c&rsquo;est face \u00e0 ces r\u00e9actions d&rsquo;incompr\u00e9hension par rapport \u00e0 ce qu&rsquo;ils ont endur\u00e9 que va se faire la cr\u00e9ation d&rsquo;associations d&rsquo;anciens d\u00e9port\u00e9s. Ces associations leur permettent de maintenir des liens \u00e9troits et d&rsquo;\u00e9changer sur leurs exp\u00e9riences, et d&rsquo;une certaines mani\u00e8re elles tentent de les aider \u00e0 reprendre progressivement le cours de leur vie.<\/span><\/span><\/p>\n<div id=\"attachment_2681\" style=\"width: 489px\" class=\"wp-caption aligncenter\"><a href=\"http:\/\/blogs.univ-jfc.fr\/campsdusudouest\/wp-content\/uploads\/sites\/48\/2016\/03\/III-C.jpg\"><img aria-describedby=\"caption-attachment-2681\" loading=\"lazy\" class=\" wp-image-2681 \" title=\"Retrouvailles \u00e0 Paris au printemps 1945 Source\u00a0: Clich\u00e9 du Mus\u00e9e d'Histoire Contemporaine \u2013 BDIC (www.bdic.fr)\" alt=\"\" src=\"http:\/\/blogs.univ-jfc.fr\/campsdusudouest\/wp-content\/uploads\/sites\/48\/2016\/03\/III-C-300x223.jpg\" width=\"479\" height=\"361\" \/><\/a><p id=\"caption-attachment-2681\" class=\"wp-caption-text\">Les rapatri\u00e9s retrouvent leurs proches<\/p><\/div>\n<p align=\"JUSTIFY\"><span style=\"color: #000000\"><span>Malgr\u00e9 le nombre de d\u00e9port\u00e9s qui ne reviendront pas, Jacques Semelin fera remarquer comme d&rsquo;autres dans son ouvrage <\/span><span><i>Pers\u00e9cutions et entraides dans la France occup\u00e9e<\/i><\/span><span> que <\/span><span>\u00ab\u00a075 % des juifs vivant en France ont \u00e9chapp\u00e9 \u00e0 la d\u00e9portation\u00a0\u00bb<i>, <\/i><\/span><span>bien que ceci ne minimise en aucun cas la perte de 25% de la population juive fran\u00e7aise. Ce dernier explique ceci, certes par l&rsquo;aide des Justes qu&rsquo;il estime au nombre de 3500 environs, mais aussi gr\u00e2ce au fait que beaucoup de ces juifs ont r\u00e9ussi \u00e0 <\/span>\u00ab\u00a0se d\u00e9brouiller, plus ou moins bien, pour survivre au quotidien face \u00e0 la pers\u00e9cution et aux arrestations.\u00a0\u00bb<sup><a href=\"#sdfootnote2sym\"><span style=\"color: #000000\"><sup>2<\/sup><\/span><\/a><\/sup>. <span>Cependant, comme dit pr\u00e9c\u00e9demment, le nombre de morts en d\u00e9portation est loin d&rsquo;\u00eatre n\u00e9gligeable puisqu&rsquo;il est de 73 165 personnes&#8230; Ce nombre, \u00e0 condition qu&rsquo;il ne corresponde pas \u00e0 l&rsquo;\u00e9limination de familles enti\u00e8res, laisse des survivants ou des personnes non d\u00e9port\u00e9es endeuill\u00e9es. Les allemands ayant l&rsquo;habitude de br\u00fbler les corps dans des fours cr\u00e9matoires, aucun corps \u00e0 notre connaissance n&rsquo;a \u00e9t\u00e9 ramen\u00e9. Il faudra ainsi attendre la r\u00e9alisation des premiers m\u00e9morials pour pouvoir avoir des simulacres de tombes. Philippe Grimbert fera ainsi remarquer ironiquement dans l&rsquo;\u00e9pilogue de son ouvrage autobiographique <\/span><span><i>\u00ab\u00a0Un Secret\u00a0\u00bb<\/i><\/span><sup><span><i><a href=\"#sdfootnote3sym\"><span style=\"color: #000000\"><sup>3<\/sup><\/span><\/a><\/i><\/span><\/sup><span><i>,<\/i><\/span><span> que m\u00eame les chiens de Pierre Laval avaient eu droit \u00e0 des tombes.<\/span><\/span><\/p>\n<p align=\"JUSTIFY\"><strong>Conclusion<\/strong><\/p>\n<p align=\"JUSTIFY\"><span style=\"color: #000000\"><span><span>L\u2019\u00c9tat fran\u00e7ais, sous le r\u00e9gime de Vichy dirig\u00e9 par le Mar\u00e9chal P\u00e9tain, a ainsi particip\u00e9 \u00e0 la Solution Finale, constituant un v\u00e9ritable rouage pour celle-ci, \u00e0 l&rsquo;aide de son administration et de ses camps. Avant l&rsquo;invasion allemande, les juifs \u00e9taient au nombre de 300 000 en France. Ils vivaient dans de bonnes conditions et \u00e9taient assez bien int\u00e9gr\u00e9s dans la soci\u00e9t\u00e9 fran\u00e7aise. Les juifs \u00e9trangers, pour la majorit\u00e9 d&rsquo;origine polonaise, voyaient en la France un refuge, qu&rsquo;ils avaient gagn\u00e9 pour fuir la mis\u00e8re et l&rsquo;antis\u00e9mitisme grandissants dans leur pays. Cependant, l&rsquo;annexion d&rsquo;une partie de la France par l&rsquo;Allemagne bouleverse cette int\u00e9gration des juifs de France\u00a0:<\/span><\/span><span style=\"color: #000000\"><span><span>En zone occup\u00e9e, les nazis font alors une v\u00e9ritable chasse \u00e0 l&rsquo;homme dans le but de r\u00e9gler \u00ab\u00a0la question juive\u00a0\u00bb. En zone \u00ab\u00a0libre\u00a0\u00bb, le r\u00e9gime de Vichy m\u00e8ne une politique identique\u00a0: il structure les camps fran\u00e7ais et met en place un m\u00e9canisme de d\u00e9portation. Ainsi, les camps fran\u00e7ais sont organis\u00e9s de mani\u00e8re \u00e0 pouvoir accueillir tous les juifs de France, et assurer leur d\u00e9portation. Ce n&rsquo;est qu&rsquo;une fois la Seconde Guerre mondiale termin\u00e9e que les camps de la mort seront d\u00e9couverts. La France, en m\u00eame temps que le reste du monde, d\u00e9couvre avec effroi les horreurs qui s&rsquo;y sont produites, et ainsi ce qu&rsquo;il est advenu de ses 75 721 juifs d\u00e9port\u00e9s de France, dont peu sont revenus. Alors que les criminels de guerre nazis sont jug\u00e9s, la France commence une \u00e9puration, jugeant ses propres collaborateurs tels que le Mar\u00e9chal P\u00e9tain et Pierre Laval, en partie jug\u00e9s pour cette participation \u00e0 cette Solution Finale, qui ne sera d\u00e9finie que plus tard en France par la notion de \u00ab\u00a0crime contre l&rsquo;humanit\u00e9\u00a0\u00bb. En participant \u00e0 la d\u00e9portation de 75 721 juifs, la France se classe tristement comme \u00e9tant le dixi\u00e8me pays d&rsquo;Europe \u00e0 avoir fourni aux camps d&rsquo;extermination le plus de juifs, sans compter que sur ce nombre, seuls 2500 juifs environ reviendront. <\/span><\/span><span style=\"color: #000000\"><span><span>C&rsquo;est ainsi d&rsquo;un devoir de m\u00e9moire dont nous h\u00e9ritons, c&rsquo;est \u00e0 dire \u00ab\u00a0ne pas oublier\u00a0\u00bb et \u00ab\u00a0transmettre\u00a0\u00bb aux g\u00e9n\u00e9rations futures, afin d&rsquo;\u00e9viter que de pareilles horreurs ne se produisent \u00e0 nouveau.<\/span><\/span><\/span><\/span><\/span><\/p>\n<p align=\"JUSTIFY\"><span style=\"color: #000000\"><span><span>\u00a0<\/span><\/span><\/span><\/p>\n<div>\n<p><a href=\"#sdfootnote1anc\">1<\/a>Chiffres \u00e9tablis par l&rsquo;association des <i>Fils et filles de d\u00e9port\u00e9s juifs de France, <\/i>pr\u00e9sid\u00e9e par Serge Klarsfeld, et publi\u00e9s en 1985.<\/p>\n<\/div>\n<div>\n<p><a href=\"#sdfootnote2anc\">2<\/a> Propos recueillis lors d&rsquo;une interview de l&rsquo;historien, interview pr\u00e9sente sur le site\u00a0: www.la-croix.com.<\/p>\n<\/div>\n<div>\n<p><a href=\"#sdfootnote3anc\">3<\/a>Grimbert Philippe, <i>Un secret,<\/i> M\u00e9mos, 1997<\/p>\n<\/div>\n","protected":false},"excerpt":{"rendered":"<p>Page pr\u00e9c\u00e9dente&#8230; Entre prise en charge des survivants et deuil des victimes Il a fallu attendre la fin des ann\u00e9es 1970 et la publication des travaux de Serge Klarsfeld, en particulier de son M\u00e9morial de la d\u00e9portation des juifs de &hellip; <a href=\"https:\/\/blogs.univ-jfc.fr\/campsdusudouest\/le-phenomene-concentrationnaire\/internement-concentration-extermination\/entre-prise-de-responsabilite-reconnaissance-et-deuil-suite\/\">Lire la suite <span class=\"meta-nav\">&rarr;<\/span><\/a><\/p>\n","protected":false},"author":134,"featured_media":0,"parent":21,"menu_order":0,"comment_status":"closed","ping_status":"open","template":"","meta":[],"_links":{"self":[{"href":"https:\/\/blogs.univ-jfc.fr\/campsdusudouest\/wp-json\/wp\/v2\/pages\/2574"}],"collection":[{"href":"https:\/\/blogs.univ-jfc.fr\/campsdusudouest\/wp-json\/wp\/v2\/pages"}],"about":[{"href":"https:\/\/blogs.univ-jfc.fr\/campsdusudouest\/wp-json\/wp\/v2\/types\/page"}],"author":[{"embeddable":true,"href":"https:\/\/blogs.univ-jfc.fr\/campsdusudouest\/wp-json\/wp\/v2\/users\/134"}],"replies":[{"embeddable":true,"href":"https:\/\/blogs.univ-jfc.fr\/campsdusudouest\/wp-json\/wp\/v2\/comments?post=2574"}],"version-history":[{"count":14,"href":"https:\/\/blogs.univ-jfc.fr\/campsdusudouest\/wp-json\/wp\/v2\/pages\/2574\/revisions"}],"predecessor-version":[{"id":4506,"href":"https:\/\/blogs.univ-jfc.fr\/campsdusudouest\/wp-json\/wp\/v2\/pages\/2574\/revisions\/4506"}],"up":[{"embeddable":true,"href":"https:\/\/blogs.univ-jfc.fr\/campsdusudouest\/wp-json\/wp\/v2\/pages\/21"}],"wp:attachment":[{"href":"https:\/\/blogs.univ-jfc.fr\/campsdusudouest\/wp-json\/wp\/v2\/media?parent=2574"}],"curies":[{"name":"wp","href":"https:\/\/api.w.org\/{rel}","templated":true}]}}