{"id":2590,"date":"2016-03-24T08:54:49","date_gmt":"2016-03-24T07:54:49","guid":{"rendered":"http:\/\/blogs.univ-jfc.fr\/campsdusudouest\/?page_id=2590"},"modified":"2016-03-31T07:51:49","modified_gmt":"2016-03-31T06:51:49","slug":"les-bataillons-senegalais","status":"publish","type":"page","link":"https:\/\/blogs.univ-jfc.fr\/campsdusudouest\/hommes-et-femmes-des-camps\/le-personnel-des-camps\/les-acteurs-de-la-surveillance\/les-bataillons-senegalais\/","title":{"rendered":"Les bataillons s\u00e9n\u00e9galais"},"content":{"rendered":"<p align=\"justify\"><span style=\"font-family: Arial, sans-serif\">Le camp de Septfonds dans le Tarn-et-Garonne ouvre ses potes en f\u00e9vrier 1939 et d\u00e8s 1940 accueille le 16\u00e8me r\u00e9giment des tirailleurs s\u00e9n\u00e9galais qui est mobilis\u00e9 pour la surveillance du camp.<\/span><\/p>\n<div id=\"attachment_936\" style=\"width: 310px\" class=\"wp-caption aligncenter\"><a href=\"http:\/\/blogs.univ-jfc.fr\/campsdusudouest\/wp-content\/uploads\/sites\/48\/2016\/03\/16\u00e8me-bataillon-des-tirailleurs-s\u00e9n\u00e9galais-personnel.jpg\"><img aria-describedby=\"caption-attachment-936\" loading=\"lazy\" class=\"size-medium wp-image-936  \" title=\"Source : Mus\u00e9e de la R\u00e9sistance et de la D\u00e9portation de Montauban\" alt=\"Photographie du 16\u00e8me bataillon des tirailleurs s\u00e9n\u00e9galais mobilis\u00e9s des colonies en 1938 pour soutenir la surveillance des camps du Tarn-et-Garonne.\" src=\"http:\/\/blogs.univ-jfc.fr\/campsdusudouest\/wp-content\/uploads\/sites\/48\/2016\/03\/16\u00e8me-bataillon-des-tirailleurs-s\u00e9n\u00e9galais-personnel-300x202.jpg\" width=\"300\" height=\"202\" srcset=\"https:\/\/blogs.univ-jfc.fr\/campsdusudouest\/wp-content\/uploads\/sites\/48\/2016\/03\/16\u00e8me-bataillon-des-tirailleurs-s\u00e9n\u00e9galais-personnel-300x202.jpg 300w, https:\/\/blogs.univ-jfc.fr\/campsdusudouest\/wp-content\/uploads\/sites\/48\/2016\/03\/16\u00e8me-bataillon-des-tirailleurs-s\u00e9n\u00e9galais-personnel.jpg 340w\" sizes=\"(max-width: 300px) 100vw, 300px\" \/><\/a><p id=\"caption-attachment-936\" class=\"wp-caption-text\">Photographie du 16\u00e8me bataillon des tirailleurs s\u00e9n\u00e9galais mobilis\u00e9s des colonies en 1938 pour soutenir la surveillance des camps du Tarn-et-Garonne.<\/p><\/div>\n<p align=\"justify\"><span style=\"font-family: Arial, sans-serif\">Ces soldats venus des colonies sont vite soumis \u00e0 de nombreuses attaques racistes comme en atteste cette citation qui explique que les d\u00e9tenus\u00a0: \u00ab\u00a0ressentaient comme une humiliation suppl\u00e9mentaire le fait d&rsquo;\u00eatre surveill\u00e9s par des Noirs et des Arabes\u00a0\u00bb<a href=\"#sdfootnote1sym\" name=\"sdfootnote1anc\"><sup>1<\/sup><\/a>. Mais les remarques x\u00e9nophobes ne proviennent pas que des d\u00e9tenus. En effet, les gardiens poss\u00e8dent le m\u00eame sentiment d&rsquo;humiliation que les d\u00e9tenus de travailler avec des \u00ab\u00a0\u00e9trangers\u00a0\u00bb. Ils se sentent d\u00e9valoriser par de tels coll\u00e8gues. Nous avons d&rsquo;ailleurs prit connaissance sur le site du mus\u00e9e de la r\u00e9sistance et de la d\u00e9portation du Tarn-et-Garonne \u00e0 Montauban d&rsquo;un fait divers concernant le meurtre de trois soldats noirs. Ces derniers montaient la garde de nuit puisque c&rsquo;\u00e9tait leur tour. Le lendemain matin, le directeur du camp constate leurs d\u00e9c\u00e8s. Tr\u00e8s vite les soup\u00e7ons se sont porter \u00e0 l&rsquo;encontre de quelques individus. Parmi eux des gardiens du m\u00eame camp aider de certains d\u00e9tenus<a href=\"#sdfootnote2sym\" name=\"sdfootnote2anc\"><sup>2<\/sup><\/a>. Mais leur culpabilit\u00e9 n&rsquo;a jamais pu \u00eatre prouv\u00e9e. C&rsquo;est une affaire sur laquelle nous n&rsquo;avons pas plus d&rsquo;informations. <\/span><\/p>\n<div id=\"sdfootnote1\">\n<p><a href=\"#sdfootnote1anc\" name=\"sdfootnote1sym\">1<\/a>Mus\u00e9e de la R\u00e9sistance et de la D\u00e9portation de Montauban, <a href=\"http:\/\/Www.museeresistance.montauban.com\/\">w<\/a><a href=\"http:\/\/Www.museeresistance.montauban.com\/\">w<\/a><a href=\"http:\/\/Www.museeresistance.montauban.com\/\">w.museeresistance.montauban.com<\/a>.<\/p>\n<\/div>\n<div id=\"sdfootnote2\">\n<p><a href=\"#sdfootnote2anc\" name=\"sdfootnote2sym\">2<\/a>Mus\u00e9e de la R\u00e9sistance et de la D\u00e9portation de Montauban, <a href=\"http:\/\/Www.museeresistance.montauban.com\/\">w<\/a><a href=\"http:\/\/Www.museeresistance.montauban.com\/\">w<\/a><a href=\"http:\/\/Www.museeresistance.montauban.com\/\">w.museeresistance.montauban.com<\/a>.<\/p>\n<\/div>\n","protected":false},"excerpt":{"rendered":"<p>Le camp de Septfonds dans le Tarn-et-Garonne ouvre ses potes en f\u00e9vrier 1939 et d\u00e8s 1940 accueille le 16\u00e8me r\u00e9giment des tirailleurs s\u00e9n\u00e9galais qui est mobilis\u00e9 pour la surveillance du camp. Ces soldats venus des colonies sont vite soumis \u00e0 &hellip; <a href=\"https:\/\/blogs.univ-jfc.fr\/campsdusudouest\/hommes-et-femmes-des-camps\/le-personnel-des-camps\/les-acteurs-de-la-surveillance\/les-bataillons-senegalais\/\">Lire la suite <span class=\"meta-nav\">&rarr;<\/span><\/a><\/p>\n","protected":false},"author":199,"featured_media":0,"parent":694,"menu_order":0,"comment_status":"closed","ping_status":"open","template":"","meta":[],"_links":{"self":[{"href":"https:\/\/blogs.univ-jfc.fr\/campsdusudouest\/wp-json\/wp\/v2\/pages\/2590"}],"collection":[{"href":"https:\/\/blogs.univ-jfc.fr\/campsdusudouest\/wp-json\/wp\/v2\/pages"}],"about":[{"href":"https:\/\/blogs.univ-jfc.fr\/campsdusudouest\/wp-json\/wp\/v2\/types\/page"}],"author":[{"embeddable":true,"href":"https:\/\/blogs.univ-jfc.fr\/campsdusudouest\/wp-json\/wp\/v2\/users\/199"}],"replies":[{"embeddable":true,"href":"https:\/\/blogs.univ-jfc.fr\/campsdusudouest\/wp-json\/wp\/v2\/comments?post=2590"}],"version-history":[{"count":4,"href":"https:\/\/blogs.univ-jfc.fr\/campsdusudouest\/wp-json\/wp\/v2\/pages\/2590\/revisions"}],"predecessor-version":[{"id":3787,"href":"https:\/\/blogs.univ-jfc.fr\/campsdusudouest\/wp-json\/wp\/v2\/pages\/2590\/revisions\/3787"}],"up":[{"embeddable":true,"href":"https:\/\/blogs.univ-jfc.fr\/campsdusudouest\/wp-json\/wp\/v2\/pages\/694"}],"wp:attachment":[{"href":"https:\/\/blogs.univ-jfc.fr\/campsdusudouest\/wp-json\/wp\/v2\/media?parent=2590"}],"curies":[{"name":"wp","href":"https:\/\/api.w.org\/{rel}","templated":true}]}}