{"id":2677,"date":"2016-03-24T09:04:10","date_gmt":"2016-03-24T08:04:10","guid":{"rendered":"http:\/\/blogs.univ-jfc.fr\/campsdusudouest\/?page_id=2677"},"modified":"2016-03-31T08:08:55","modified_gmt":"2016-03-31T07:08:55","slug":"la-brutalite-des-gardiens","status":"publish","type":"page","link":"https:\/\/blogs.univ-jfc.fr\/campsdusudouest\/la-brutalite-des-gardiens\/","title":{"rendered":"La brutalit\u00e9 des gardiens"},"content":{"rendered":"<p align=\"justify\"><span style=\"font-family: Arial,sans-serif\">Comme nous l&rsquo;avons vu, l&rsquo;environnement du camp d&rsquo;internement peut amener des comportements violents de la part du personnel en charge de la surveillance. Nous pouvons ainsi exposer <\/span><span style=\"font-family: Arial,sans-serif\">trois<\/span><span style=\"font-family: Arial,sans-serif\"> cas particuliers.<\/span><\/p>\n<p align=\"justify\"><span style=\"font-family: Arial,sans-serif\"> Le premier s&rsquo;est produit au camp du Vernet, r\u00e9put\u00e9 pour \u00eatre un camp au r\u00e9gime disciplinaire tr\u00e8s dur et strict. En effet, un ancien combattant des brigades internationales s&rsquo;\u00e9tant approch\u00e9 trop pr\u00e8s des barbel\u00e9s (\u00e0 moins de 10 m\u00e8tres), fut abattu par la garde du camp. Cette ex\u00e9cution, avait donc pour simple motif une infraction minime au r\u00e8glement<a href=\"#sdfootnote1sym\" name=\"sdfootnote1anc\"><sup>1<\/sup><\/a>.<\/span><\/p>\n<p align=\"justify\"><span style=\"font-family: Arial,sans-serif\"> Le deuxi\u00e8me cas nous est racont\u00e9 par un ex-intern\u00e9, Francisco Diaz Munoz, r\u00e9fugi\u00e9 espagnol arriv\u00e9 en France lors de l&rsquo;\u00e9pisode de la Retirada. Il nous raconte les conditions d&rsquo;internement au camp de Septfonds du Tarn-et-Garonne, ainsi que l&rsquo;accueil qui leur a \u00e9t\u00e9 accord\u00e9 par l&rsquo;administration fran\u00e7aise. Pour lui, ils ont \u00e9t\u00e9 rapatri\u00e9s et trait\u00e9s comme des voleurs, des assassins ou encore des criminels, \u00e9tant parqu\u00e9s dans des champs en plein mois de janvier et f\u00e9vrier. L&rsquo;\u00e9pisode le plus marquant de son t\u00e9moignage\u00a0: \u00ab\u00a0Un jour un homme d&rsquo;un certain \u00e2ge, franchit, je ne sais pas trop comment, la premi\u00e8re enceinte de barbel\u00e9s afin de r\u00e9cup\u00e9rer un paquet de cigarettes qui se trouvait dans le couloir s\u00e9parant les deux rang\u00e9es de barbel\u00e9s. Un s\u00e9n\u00e9galais qui patrouillait \u00e0 cheval se pr\u00e9cipita sur lui, ass\u00e9na un grand coup de sabre, puis il descendit de cheval et entreprit de rouer de coups de pied avant d&rsquo;appeler un autre s\u00e9n\u00e9galais qui \u00e9vacua le malheureux en le tirant par les pieds, comme s&rsquo;il s&rsquo;agissait d&rsquo;un animal mort\u00a0\u00bb. Francisco Diaz Munoz nous raconte ensuite qu&rsquo;ils n&rsquo;ont plus jamais eu de nouvelles de cet homme, ils pr\u00e9sumaient qu&rsquo;il \u00e9tait sans doute mort. Il nous apprend aussi que certains gendarmes \u00e9taient aussi impliqu\u00e9s dans certains actes de violence<a href=\"#sdfootnote2sym\" name=\"sdfootnote2anc\"><sup>2<\/sup><\/a>.<\/span><\/p>\n<p align=\"justify\"><span style=\"font-family: Arial,sans-serif\"> Le dernier cas que l&rsquo;on peut observer s&rsquo;est produit au camp de No\u00e9. Un intern\u00e9 avait r\u00e9ussi \u00e0 s&rsquo;\u00e9vader mais fut repris par la gendarmerie (qui s&rsquo;occupait des affaires d&rsquo;\u00e9vasions), il fut renvoy\u00e9 au camp. Cet homme s&rsquo;\u00e9tait R\u00e9mi A., il r\u00e9digea ensuite une lettre\u00a0: \u00ab\u00a0J&rsquo;ai \u00e9t\u00e9 arr\u00eat\u00e9 en essayant de m&rsquo;\u00e9vader, bestialement brutalis\u00e9 et [\u2026] on m&rsquo;a battu en me cassant plusieurs dents\u00a0\u00bb. Ce t\u00e9moignage est d&rsquo;autant plus \u00e9tonnant que, \u00e0 l&rsquo;inverse du camp du Vernet, le camp de No\u00e9 avait une r\u00e9putation de camp plut\u00f4t calme. Le r\u00e8glement stipule ainsi que toute tentative d&rsquo;\u00e9vasion peut \u00eatre \u00ab\u00a0r\u00e9primand\u00e9e par la violence apr\u00e8s sommation\u00a0\u00bb<a href=\"#sdfootnote3sym\" name=\"sdfootnote3anc\"><sup>3<\/sup><\/a>.<\/span><\/p>\n<p align=\"justify\"><span style=\"font-family: Arial,sans-serif\"> Ces actes de violence ne sont pas isol\u00e9s, mais il faut tout de m\u00eame relativiser, ils ne sont pas non plus une g\u00e9n\u00e9ralit\u00e9. Le camp de Brens, par exemple fut un camp calme ou aucun acte de ce type ne fut remarqu\u00e9 par les intern\u00e9es.<\/span><\/p>\n<div id=\"sdfootnote1\">\n<p><a href=\"#sdfootnote1anc\" name=\"sdfootnote1sym\">1<\/a>Gu\u00e9rilleros en terre de France, <i>Les r\u00e9publicains espagnols dans la r\u00e9sistance fran\u00e7aise<\/i>, Le temps des cerises, 2004.<\/p>\n<\/div>\n<div id=\"sdfootnote2\">\n<p><a href=\"#sdfootnote2anc\" name=\"sdfootnote2sym\">2<\/a>Diaz Munoz F., \u00ab\u00a0M\u00e9moires de Francisco Diaz Munoz\u00a0\u00bb in <i>Revue du Tarn<\/i>, n\u00b0 195, pp. 497-509, 2004.<\/p>\n<p><a href=\"#sdfootnote3anc\" name=\"sdfootnote3sym\">3<\/a>Faulet P., <i>Le camp de No\u00e9, de novembre 1942 \u00e0 sa dissolution<\/i>, m\u00e9moire de master, 1991.<\/p>\n<\/div>\n","protected":false},"excerpt":{"rendered":"<p>Comme nous l&rsquo;avons vu, l&rsquo;environnement du camp d&rsquo;internement peut amener des comportements violents de la part du personnel en charge de la surveillance. Nous pouvons ainsi exposer trois cas particuliers. Le premier s&rsquo;est produit au camp du Vernet, r\u00e9put\u00e9 pour &hellip; <a href=\"https:\/\/blogs.univ-jfc.fr\/campsdusudouest\/la-brutalite-des-gardiens\/\">Lire la suite <span class=\"meta-nav\">&rarr;<\/span><\/a><\/p>\n","protected":false},"author":122,"featured_media":0,"parent":0,"menu_order":0,"comment_status":"closed","ping_status":"open","template":"","meta":[],"_links":{"self":[{"href":"https:\/\/blogs.univ-jfc.fr\/campsdusudouest\/wp-json\/wp\/v2\/pages\/2677"}],"collection":[{"href":"https:\/\/blogs.univ-jfc.fr\/campsdusudouest\/wp-json\/wp\/v2\/pages"}],"about":[{"href":"https:\/\/blogs.univ-jfc.fr\/campsdusudouest\/wp-json\/wp\/v2\/types\/page"}],"author":[{"embeddable":true,"href":"https:\/\/blogs.univ-jfc.fr\/campsdusudouest\/wp-json\/wp\/v2\/users\/122"}],"replies":[{"embeddable":true,"href":"https:\/\/blogs.univ-jfc.fr\/campsdusudouest\/wp-json\/wp\/v2\/comments?post=2677"}],"version-history":[{"count":2,"href":"https:\/\/blogs.univ-jfc.fr\/campsdusudouest\/wp-json\/wp\/v2\/pages\/2677\/revisions"}],"predecessor-version":[{"id":3881,"href":"https:\/\/blogs.univ-jfc.fr\/campsdusudouest\/wp-json\/wp\/v2\/pages\/2677\/revisions\/3881"}],"wp:attachment":[{"href":"https:\/\/blogs.univ-jfc.fr\/campsdusudouest\/wp-json\/wp\/v2\/media?parent=2677"}],"curies":[{"name":"wp","href":"https:\/\/api.w.org\/{rel}","templated":true}]}}