{"id":2729,"date":"2016-03-24T09:11:53","date_gmt":"2016-03-24T08:11:53","guid":{"rendered":"http:\/\/blogs.univ-jfc.fr\/campsdusudouest\/?page_id=2729"},"modified":"2016-03-31T08:00:05","modified_gmt":"2016-03-31T07:00:05","slug":"le-marche-noir-de-gurs","status":"publish","type":"page","link":"https:\/\/blogs.univ-jfc.fr\/campsdusudouest\/hommes-et-femmes-des-camps\/le-personnel-des-camps\/lincompetence-des-gardiens\/le-marche-noir-de-gurs\/","title":{"rendered":"Le march\u00e9 noir de Gurs"},"content":{"rendered":"<p align=\"justify\"><span style=\"font-family: Arial,sans-serif\"> Le camp de Gurs, est un camp victime de l&rsquo;incomp\u00e9tence des gardiens, et m\u00eame parfois de leur parti pris \u00e0 des pratiques ill\u00e9gales. Dans ce camp, voit le jour un march\u00e9 noir assez \u00e9labor\u00e9, cons\u00e9quent et prosp\u00e8re. Il s&rsquo;\u00e9tablit avec l&rsquo;ext\u00e9rieur, il est le plus souvent aliment\u00e9 par le personnel en g\u00e9n\u00e9ral, mais plus particuli\u00e8rement par les gardiens et par les membres de la Compagnie de Travail (charg\u00e9e de l&rsquo;entretien du camp). Ainsi, les intern\u00e9s \u2013 les Gursiens \u2013 achetaient des produits de ce march\u00e9 illicite, en \u00e9change, ils donnaient le peu qu&rsquo;ils avaient, bijoux et montres entre autres. Dans des cas extr\u00eames certaines femmes pouvaient m\u00eame se prostituer.<\/span><\/p>\n<p align=\"justify\"><span style=\"font-family: Arial,sans-serif\"> Ce ph\u00e9nom\u00e8ne n&rsquo;est pas un cas isol\u00e9 dans le Sud-Ouest, la question est de savoir \u00e0 qui profite ce commerce, aux gardiens ou aux intern\u00e9s\u00a0? Une constante s&rsquo;observe, m\u00eame si ces biens sont vendus ou \u00e9chang\u00e9s pour am\u00e9liorer les conditions de vie difficiles du camp, le personnel souhaite par cette m\u00eame occasion gagner un peu plus d&rsquo;argent car leurs salaires restent peu \u00e9lev\u00e9s. Il y a m\u00eame <a title=\"La r\u00e9volte de Gurs\" href=\"http:\/\/blogs.univ-jfc.fr\/campsdusudouest\/la-revolte-de-gurs\/\">une r\u00e9volte<\/a> des intern\u00e9s \u00e0 laquelle les gardiens ne r\u00e9pondent pas, cela aura raison du camp.<br \/>\n<\/span><\/p>\n","protected":false},"excerpt":{"rendered":"<p>Le camp de Gurs, est un camp victime de l&rsquo;incomp\u00e9tence des gardiens, et m\u00eame parfois de leur parti pris \u00e0 des pratiques ill\u00e9gales. Dans ce camp, voit le jour un march\u00e9 noir assez \u00e9labor\u00e9, cons\u00e9quent et prosp\u00e8re. Il s&rsquo;\u00e9tablit avec &hellip; <a href=\"https:\/\/blogs.univ-jfc.fr\/campsdusudouest\/hommes-et-femmes-des-camps\/le-personnel-des-camps\/lincompetence-des-gardiens\/le-marche-noir-de-gurs\/\">Lire la suite <span class=\"meta-nav\">&rarr;<\/span><\/a><\/p>\n","protected":false},"author":122,"featured_media":0,"parent":586,"menu_order":0,"comment_status":"closed","ping_status":"open","template":"","meta":[],"_links":{"self":[{"href":"https:\/\/blogs.univ-jfc.fr\/campsdusudouest\/wp-json\/wp\/v2\/pages\/2729"}],"collection":[{"href":"https:\/\/blogs.univ-jfc.fr\/campsdusudouest\/wp-json\/wp\/v2\/pages"}],"about":[{"href":"https:\/\/blogs.univ-jfc.fr\/campsdusudouest\/wp-json\/wp\/v2\/types\/page"}],"author":[{"embeddable":true,"href":"https:\/\/blogs.univ-jfc.fr\/campsdusudouest\/wp-json\/wp\/v2\/users\/122"}],"replies":[{"embeddable":true,"href":"https:\/\/blogs.univ-jfc.fr\/campsdusudouest\/wp-json\/wp\/v2\/comments?post=2729"}],"version-history":[{"count":5,"href":"https:\/\/blogs.univ-jfc.fr\/campsdusudouest\/wp-json\/wp\/v2\/pages\/2729\/revisions"}],"predecessor-version":[{"id":3832,"href":"https:\/\/blogs.univ-jfc.fr\/campsdusudouest\/wp-json\/wp\/v2\/pages\/2729\/revisions\/3832"}],"up":[{"embeddable":true,"href":"https:\/\/blogs.univ-jfc.fr\/campsdusudouest\/wp-json\/wp\/v2\/pages\/586"}],"wp:attachment":[{"href":"https:\/\/blogs.univ-jfc.fr\/campsdusudouest\/wp-json\/wp\/v2\/media?parent=2729"}],"curies":[{"name":"wp","href":"https:\/\/api.w.org\/{rel}","templated":true}]}}