{"id":2790,"date":"2016-03-24T09:17:46","date_gmt":"2016-03-24T08:17:46","guid":{"rendered":"http:\/\/blogs.univ-jfc.fr\/campsdusudouest\/?page_id=2790"},"modified":"2016-03-31T08:01:34","modified_gmt":"2016-03-31T07:01:34","slug":"la-revolte-de-gurs","status":"publish","type":"page","link":"https:\/\/blogs.univ-jfc.fr\/campsdusudouest\/la-revolte-de-gurs\/","title":{"rendered":"La r\u00e9volte de Gurs"},"content":{"rendered":"<p align=\"justify\"><span style=\"font-family: Arial,sans-serif\"> L&rsquo;internement en France a tout de m\u00eame connu quelques scandales, m\u00eame s&rsquo;ils restent exceptionnels.<\/span><\/p>\n<p align=\"justify\"><span style=\"font-family: Arial,sans-serif\"> Nous pouvons pr\u00e9senter celui qui s&rsquo;est produit au camp de Gurs le 25 septembre 1943. En effet, les maquisards de l&rsquo;Arm\u00e9e secr\u00e8te ont r\u00e9ussi un des coups de force les plus importants et retentissants. Ils sont parvenus \u00e0 d\u00e9rober toutes les armes qui \u00e9taient entrepos\u00e9es au camp. Le bilan des pertes mat\u00e9rielles est lourd\u00a0: les maquisards ont r\u00e9ussi \u00e0 prendre 225 mousquetons, 271 fusils \u00e0 ba\u00efonnette, 368 pistolets, 2 fusils mitrailleurs et pr\u00e8s de 30 000 cartouches. Ce qui nous int\u00e9resse ici, c&rsquo;est l&rsquo;attitude des gardiens\u00a0: en effet, si ce coup de force a pu se produire, il faut tout de m\u00eame souligner que la garde du camp ne s&rsquo;y est pas oppos\u00e9, elle a m\u00eame \u00e9t\u00e9 consid\u00e9r\u00e9e comme fautive. Ce scandale am\u00e8ne plusieurs sanctions \u00e0 l&rsquo;\u00e9gard du personnel\u00a0: le chef du camp fut renvoy\u00e9 avec plusieurs gardiens. Plus grave encore, le Minist\u00e8re de l&rsquo;Int\u00e9rieur d\u00e9cide de fermer le camp, car celui-ci ne peut plus \u00eatre prot\u00e9g\u00e9.<\/span><\/p>\n","protected":false},"excerpt":{"rendered":"<p>L&rsquo;internement en France a tout de m\u00eame connu quelques scandales, m\u00eame s&rsquo;ils restent exceptionnels. Nous pouvons pr\u00e9senter celui qui s&rsquo;est produit au camp de Gurs le 25 septembre 1943. En effet, les maquisards de l&rsquo;Arm\u00e9e secr\u00e8te ont r\u00e9ussi un des &hellip; <a href=\"https:\/\/blogs.univ-jfc.fr\/campsdusudouest\/la-revolte-de-gurs\/\">Lire la suite <span class=\"meta-nav\">&rarr;<\/span><\/a><\/p>\n","protected":false},"author":122,"featured_media":0,"parent":0,"menu_order":0,"comment_status":"closed","ping_status":"open","template":"","meta":[],"_links":{"self":[{"href":"https:\/\/blogs.univ-jfc.fr\/campsdusudouest\/wp-json\/wp\/v2\/pages\/2790"}],"collection":[{"href":"https:\/\/blogs.univ-jfc.fr\/campsdusudouest\/wp-json\/wp\/v2\/pages"}],"about":[{"href":"https:\/\/blogs.univ-jfc.fr\/campsdusudouest\/wp-json\/wp\/v2\/types\/page"}],"author":[{"embeddable":true,"href":"https:\/\/blogs.univ-jfc.fr\/campsdusudouest\/wp-json\/wp\/v2\/users\/122"}],"replies":[{"embeddable":true,"href":"https:\/\/blogs.univ-jfc.fr\/campsdusudouest\/wp-json\/wp\/v2\/comments?post=2790"}],"version-history":[{"count":2,"href":"https:\/\/blogs.univ-jfc.fr\/campsdusudouest\/wp-json\/wp\/v2\/pages\/2790\/revisions"}],"predecessor-version":[{"id":3838,"href":"https:\/\/blogs.univ-jfc.fr\/campsdusudouest\/wp-json\/wp\/v2\/pages\/2790\/revisions\/3838"}],"wp:attachment":[{"href":"https:\/\/blogs.univ-jfc.fr\/campsdusudouest\/wp-json\/wp\/v2\/media?parent=2790"}],"curies":[{"name":"wp","href":"https:\/\/api.w.org\/{rel}","templated":true}]}}