{"id":2879,"date":"2016-03-24T09:50:38","date_gmt":"2016-03-24T08:50:38","guid":{"rendered":"http:\/\/blogs.univ-jfc.fr\/campsdusudouest\/?page_id=2879"},"modified":"2016-03-24T09:50:59","modified_gmt":"2016-03-24T08:50:59","slug":"serment-du-service-dordre-de-la-legion-sol","status":"publish","type":"page","link":"https:\/\/blogs.univ-jfc.fr\/campsdusudouest\/la-france-de-lentre-deux-guerres-et-de-vichy\/nationalisme-xenophobie-et-antisemitisme\/entre-nationalisme-et-xenophobie-definir-les-mentalites-francaises-du-regime-de-vichy\/le-nationalisme-et-la-xenophobie-une-ideologie-detat\/serment-du-service-dordre-de-la-legion-sol\/","title":{"rendered":"Serment du Service d&rsquo;Ordre de la L\u00e9gion (SOL)"},"content":{"rendered":"<p>Serment prononc\u00e9 pendant la c\u00e9r\u00e9monie d&rsquo;intronisation des nouveaux membres du SOL de 1940 \u00e0 1942 :<\/p>\n<p>\u00ab\u00a0\u00cates-vous pour le redressement de l&rsquo;\u00e2me fran\u00e7aise ?<br \/>\nContre l&rsquo;\u00e9go\u00efsme bourgeois, pour la solidarit\u00e9 humaine,<br \/>\nContre le scepticisme, pour l&rsquo;enthousiasme,<br \/>\nContre la routine, pour l&rsquo;esprit d&rsquo;initiative,<br \/>\nContre l&rsquo;influence, pour le m\u00e9rite,<br \/>\nContre l&rsquo;individualisme, pour la soci\u00e9t\u00e9,<br \/>\nContre l&rsquo;anciennet\u00e9, pour la valeur ?<\/p>\n<p>\u00cates-vous pour la reconstruction d&rsquo;un ordre politique conforme au g\u00e9nie fran\u00e7ais :<br \/>\nContre l&rsquo;anarchie, pour la discipline,<br \/>\nContre l&rsquo;\u00e9galitarisme, pour la hi\u00e9rarchie,<br \/>\nContre la vaine libert\u00e9, pour les vraies libert\u00e9s,<br \/>\nContre la d\u00e9magogie, pour la v\u00e9rit\u00e9, pour l&rsquo;autorit\u00e9 ?<\/p>\n<p>\u00cates-vous pour un ordre social juste et humain ?<br \/>\nContre l&rsquo;anonymat des trusts, pour la noblesse du m\u00e9tier,<br \/>\nContre le capitalisme international, pour le corporatisme fran\u00e7ais,<br \/>\nContre la tutelle de l&rsquo;argent, pour la primaut\u00e9 du travail,<br \/>\nContre la condition prol\u00e9tarienne, pour la justice sociale ?<\/p>\n<p>\u00cates-vous<br \/>\nContre la dissidence gaulliste, pour l&rsquo;unit\u00e9 fran\u00e7aise,<br \/>\nContre le bolchevisme, pour le nationalisme,<br \/>\nContre la l\u00e8pre juive, pour la pauvret\u00e9 fran\u00e7aise<br \/>\nContre la franc-ma\u00e7onnerie pa\u00efenne, pour la civilisation chr\u00e9tienne ?<br \/>\n\u00cates-vous<br \/>\nContre l&rsquo;oubli des crimes, pour le ch\u00e2timent des coupables.\u00a0\u00bb<\/p>\n<p>Source : GIOLITTO Pierre, Histoire de la milice, Perrin Editions, 2002.<\/p>\n","protected":false},"excerpt":{"rendered":"<p>Serment prononc\u00e9 pendant la c\u00e9r\u00e9monie d&rsquo;intronisation des nouveaux membres du SOL de 1940 \u00e0 1942 : \u00ab\u00a0\u00cates-vous pour le redressement de l&rsquo;\u00e2me fran\u00e7aise ? Contre l&rsquo;\u00e9go\u00efsme bourgeois, pour la solidarit\u00e9 humaine, Contre le scepticisme, pour l&rsquo;enthousiasme, Contre la routine, pour &hellip; <a href=\"https:\/\/blogs.univ-jfc.fr\/campsdusudouest\/la-france-de-lentre-deux-guerres-et-de-vichy\/nationalisme-xenophobie-et-antisemitisme\/entre-nationalisme-et-xenophobie-definir-les-mentalites-francaises-du-regime-de-vichy\/le-nationalisme-et-la-xenophobie-une-ideologie-detat\/serment-du-service-dordre-de-la-legion-sol\/\">Lire la suite <span class=\"meta-nav\">&rarr;<\/span><\/a><\/p>\n","protected":false},"author":133,"featured_media":0,"parent":1173,"menu_order":0,"comment_status":"closed","ping_status":"open","template":"","meta":[],"_links":{"self":[{"href":"https:\/\/blogs.univ-jfc.fr\/campsdusudouest\/wp-json\/wp\/v2\/pages\/2879"}],"collection":[{"href":"https:\/\/blogs.univ-jfc.fr\/campsdusudouest\/wp-json\/wp\/v2\/pages"}],"about":[{"href":"https:\/\/blogs.univ-jfc.fr\/campsdusudouest\/wp-json\/wp\/v2\/types\/page"}],"author":[{"embeddable":true,"href":"https:\/\/blogs.univ-jfc.fr\/campsdusudouest\/wp-json\/wp\/v2\/users\/133"}],"replies":[{"embeddable":true,"href":"https:\/\/blogs.univ-jfc.fr\/campsdusudouest\/wp-json\/wp\/v2\/comments?post=2879"}],"version-history":[{"count":1,"href":"https:\/\/blogs.univ-jfc.fr\/campsdusudouest\/wp-json\/wp\/v2\/pages\/2879\/revisions"}],"predecessor-version":[{"id":2936,"href":"https:\/\/blogs.univ-jfc.fr\/campsdusudouest\/wp-json\/wp\/v2\/pages\/2879\/revisions\/2936"}],"up":[{"embeddable":true,"href":"https:\/\/blogs.univ-jfc.fr\/campsdusudouest\/wp-json\/wp\/v2\/pages\/1173"}],"wp:attachment":[{"href":"https:\/\/blogs.univ-jfc.fr\/campsdusudouest\/wp-json\/wp\/v2\/media?parent=2879"}],"curies":[{"name":"wp","href":"https:\/\/api.w.org\/{rel}","templated":true}]}}