{"id":2906,"date":"2016-03-24T09:52:57","date_gmt":"2016-03-24T08:52:57","guid":{"rendered":"http:\/\/blogs.univ-jfc.fr\/campsdusudouest\/?page_id=2906"},"modified":"2016-03-31T08:06:47","modified_gmt":"2016-03-31T07:06:47","slug":"les-conditions-de-logement-des-gardiens","status":"publish","type":"page","link":"https:\/\/blogs.univ-jfc.fr\/campsdusudouest\/hommes-et-femmes-des-camps\/le-personnel-des-camps\/un-systeme-de-surveillance-defaillant\/les-conditions-de-logement-des-gardiens\/","title":{"rendered":"Les conditions de logement des gardiens"},"content":{"rendered":"<p>&nbsp;<\/p>\n<p>&nbsp;<\/p>\n<p style=\"text-align: justify\"><span style=\"font-family: Arial, sans-serif\">Si les conditions de travail sont difficiles, c&rsquo;est aussi les conditions de vie plus g\u00e9n\u00e9rales qui sont assez dures.<\/span><\/p>\n<p style=\"text-align: justify\"><span style=\"font-family: Arial, sans-serif\">En effet, la politique internementale mise en place par le gouvernement g\u00e9n\u00e8re quelques probl\u00e8mes de logistique. Les gardiens des camps ne sont pas n\u00e9cessairement de la r\u00e9gion, ils ne sont donc pas log\u00e9s \u00e0 proximit\u00e9, ils doivent donc trouver des logements \u00e0 moindre co\u00fbt et proches de leur lieu de travail. Le probl\u00e8me des transports se pose donc puisque la majorit\u00e9 des personnes se d\u00e9placent encore \u00e0 v\u00e9lo, l&rsquo;administration doit donc trouver des solutions. Pour les employ\u00e9s c\u00e9libataires, certains camps mettent en place des dortoirs au sein m\u00eame du camp, ce fut le cas \u00e0 Brens. Ces dortoirs contiennent le strict minimum et le personnel f\u00e9minin est le seul \u00e0 pouvoir loger au camp, les hommes doivent donc trouver un autre logement sur Brens ou Gaillac<\/span><a style=\"font-weight: 300\" href=\"#sdfootnote1sym\" name=\"sdfootnote1anc\"><sup>1<\/sup><\/a><span style=\"font-family: Arial, sans-serif\">. Le logement est une probl\u00e9matique importante, tant et si bien que les chefs de camp, sans autres solutions font para\u00eetre des arr\u00eat\u00e9s pr\u00e9fectoraux. Ils r\u00e9quisitionnent ainsi des maisons pour loger son personnel, cette pratique fut observ\u00e9e \u00e0 Saint-Sulpice. En effet, la population est en g\u00e9n\u00e9ral assez r\u00e9ticente \u00e0 louer sa maison \u00e0 ce personnel, pour des raisons financi\u00e8re notamment puisque les loyers sont tr\u00e8s bas<\/span><a style=\"font-weight: 300\" href=\"#sdfootnote2sym\" name=\"sdfootnote2anc\"><sup>2<\/sup><\/a><span style=\"font-family: Arial, sans-serif\">. La probl\u00e9matique du logement pour les familles et d&rsquo;autant plus importante, qu&rsquo;ils ne peuvent acc\u00e9der aux logements internes au camp. Elles sont concern\u00e9es par toutes les difficult\u00e9s d\u00e9j\u00e0 vues mais, quand un membre du personnel est mut\u00e9 (ce qui est assez courant), il n&rsquo;est pas rare que les familles se retrouvent s\u00e9par\u00e9es. Dans le cas extr\u00eame, cela pousse l&#8217;employ\u00e9 \u00e0 quitter son poste.<\/span><\/p>\n<p style=\"text-align: justify\"><span style=\"font-family: Arial, sans-serif\"> Ces conditions de logement sont donc un facteur de vie difficile au sein du camp, cela ajout\u00e9 \u00e0 d&rsquo;autres facteurs comme un r\u00e8glement drastique qui implique des sanctions disproportionn\u00e9es et un m\u00e9tier difficile, l&rsquo;offre d&#8217;emploi ne permet pas une surveillance efficace, les employ\u00e9s se font rare et en g\u00e9n\u00e9ral ils ne restent pas longtemps.<\/span><\/p>\n<div id=\"sdfootnote1\" style=\"text-align: justify\">\n<p><a href=\"#sdfootnote1anc\" name=\"sdfootnote1sym\">1<\/a>Combelles M., <i>Un camp d&rsquo;internement de femmes sous P\u00e9tain\u00a0: Brens, 1942-1944<\/i>, m\u00e9moire de ma\u00eetrise, Toulouse, 2001.<\/p>\n<\/div>\n<div id=\"sdfootnote2\">\n<p style=\"text-align: justify\"><a href=\"#sdfootnote2anc\" name=\"sdfootnote2sym\">2<\/a>Peschanski D., <i>La France des camps. L&rsquo;internement, 1938-1946<\/i>, Paris Gallimard, 2002.<\/p>\n<\/div>\n","protected":false},"excerpt":{"rendered":"<p>&nbsp; &nbsp; Si les conditions de travail sont difficiles, c&rsquo;est aussi les conditions de vie plus g\u00e9n\u00e9rales qui sont assez dures. En effet, la politique internementale mise en place par le gouvernement g\u00e9n\u00e8re quelques probl\u00e8mes de logistique. Les gardiens des &hellip; <a href=\"https:\/\/blogs.univ-jfc.fr\/campsdusudouest\/hommes-et-femmes-des-camps\/le-personnel-des-camps\/un-systeme-de-surveillance-defaillant\/les-conditions-de-logement-des-gardiens\/\">Lire la suite <span class=\"meta-nav\">&rarr;<\/span><\/a><\/p>\n","protected":false},"author":199,"featured_media":0,"parent":721,"menu_order":0,"comment_status":"closed","ping_status":"open","template":"","meta":[],"_links":{"self":[{"href":"https:\/\/blogs.univ-jfc.fr\/campsdusudouest\/wp-json\/wp\/v2\/pages\/2906"}],"collection":[{"href":"https:\/\/blogs.univ-jfc.fr\/campsdusudouest\/wp-json\/wp\/v2\/pages"}],"about":[{"href":"https:\/\/blogs.univ-jfc.fr\/campsdusudouest\/wp-json\/wp\/v2\/types\/page"}],"author":[{"embeddable":true,"href":"https:\/\/blogs.univ-jfc.fr\/campsdusudouest\/wp-json\/wp\/v2\/users\/199"}],"replies":[{"embeddable":true,"href":"https:\/\/blogs.univ-jfc.fr\/campsdusudouest\/wp-json\/wp\/v2\/comments?post=2906"}],"version-history":[{"count":3,"href":"https:\/\/blogs.univ-jfc.fr\/campsdusudouest\/wp-json\/wp\/v2\/pages\/2906\/revisions"}],"predecessor-version":[{"id":3867,"href":"https:\/\/blogs.univ-jfc.fr\/campsdusudouest\/wp-json\/wp\/v2\/pages\/2906\/revisions\/3867"}],"up":[{"embeddable":true,"href":"https:\/\/blogs.univ-jfc.fr\/campsdusudouest\/wp-json\/wp\/v2\/pages\/721"}],"wp:attachment":[{"href":"https:\/\/blogs.univ-jfc.fr\/campsdusudouest\/wp-json\/wp\/v2\/media?parent=2906"}],"curies":[{"name":"wp","href":"https:\/\/api.w.org\/{rel}","templated":true}]}}