{"id":296,"date":"2016-03-03T09:17:15","date_gmt":"2016-03-03T08:17:15","guid":{"rendered":"http:\/\/blogs.univ-jfc.fr\/campsdusudouest\/?page_id=296"},"modified":"2016-03-31T08:27:28","modified_gmt":"2016-03-31T07:27:28","slug":"une-resistance-plus-active","status":"publish","type":"page","link":"https:\/\/blogs.univ-jfc.fr\/campsdusudouest\/agir-et-resister-dans-les-camps\/resistance-revoltes-et-evasions\/une-resistance-plus-active\/","title":{"rendered":"Une r\u00e9sistance plus active"},"content":{"rendered":"<h2 style=\"text-align: justify\"><span style=\"color: #000000\"><span style=\"font-family: Arial,serif\"><span style=\"font-size: medium\"><b>Les r\u00e9sistants dans les camps administratifs sont-ils consid\u00e9r\u00e9s comme des r\u00e9sistants de guerre en France\u00a0? <\/b><\/span><\/span><\/span><\/h2>\n<div id=\"attachment_2218\" style=\"width: 310px\" class=\"wp-caption alignright\"><a href=\"http:\/\/blogs.univ-jfc.fr\/campsdusudouest\/wp-content\/uploads\/sites\/48\/2016\/03\/une-r\u00e9sistance-active.png\"><img aria-describedby=\"caption-attachment-2218\" loading=\"lazy\" class=\"size-medium wp-image-2218 \" title=\"Photo de communistes, par Jean Vircoulon. Camp ind\u00e9termin\u00e9. Titres des journaux L'Humanit\u00e9, Le Populaire, Travailleur  \" alt=\"\" src=\"http:\/\/blogs.univ-jfc.fr\/campsdusudouest\/wp-content\/uploads\/sites\/48\/2016\/03\/une-r\u00e9sistance-active-300x188.png\" width=\"300\" height=\"188\" srcset=\"https:\/\/blogs.univ-jfc.fr\/campsdusudouest\/wp-content\/uploads\/sites\/48\/2016\/03\/une-r\u00e9sistance-active-300x188.png 300w, https:\/\/blogs.univ-jfc.fr\/campsdusudouest\/wp-content\/uploads\/sites\/48\/2016\/03\/une-r\u00e9sistance-active-477x300.png 477w, https:\/\/blogs.univ-jfc.fr\/campsdusudouest\/wp-content\/uploads\/sites\/48\/2016\/03\/une-r\u00e9sistance-active.png 686w\" sizes=\"(max-width: 300px) 100vw, 300px\" \/><\/a><p id=\"caption-attachment-2218\" class=\"wp-caption-text\">Une r\u00e9sistance active men\u00e9e par des communistes<\/p><\/div>\n<p style=\"text-align: justify\">La R\u00e9sistance fran\u00e7aise se d\u00e9finit g\u00e9n\u00e9ralement comme les actions men\u00e9es par des r\u00e9seaux et des mouvements clandestins contre l&rsquo;occupant nazi et le gouvernement de Vichy. Cette d\u00e9finition semble pourtant partielle car la R\u00e9sistance ne peut \u00eatre dissoci\u00e9e d&rsquo;une id\u00e9ologie commune concernant les Droits de l&rsquo;Homme, la libert\u00e9 et la dignit\u00e9 humaine et exclurait ainsi, les multiples formes de r\u00e9sistance dans les camps.<\/p>\n<p style=\"text-align: justify\">Dans les camps, des actes de r\u00e9sistance sont men\u00e9s par des individus appartenant \u00e0 un groupe politique par exemple. Certains luttent directement contre l&rsquo;occupation et l&rsquo;instauration du gouvernement autoritaire de Vichy mais beaucoup d&rsquo;intern\u00e9s passent \u00e0 l&rsquo;action dans le but d&rsquo;am\u00e9liorer leurs conditions de vie ou d&rsquo;\u00e9chapper \u00e0 la mort. Cependant, tous aspirent \u00e0 une m\u00eame \u00e9volution\u00a0: recouvrer les libert\u00e9s qui ont \u00e9t\u00e9 bafou\u00e9es et retrouver un territoire fran\u00e7ais non occup\u00e9.<\/p>\n<p style=\"text-align: justify\">Les actions combin\u00e9es des r\u00e9sistants \u00e0 l&rsquo;int\u00e9rieur et en dehors des camps mettent \u00e0 mal le syst\u00e8me mis en place. A ce titre, il est difficile de totalement les opposer et nier les liens qu&rsquo;il peut y avoir entre eux. D&rsquo;autant plus qu&rsquo;il para\u00eet \u00e9tonnant de s\u00e9parer r\u00e9sistant de guerre et r\u00e9sistant dans les camps, lorsque l&rsquo;on voit que certains espagnols r\u00e9publicains, par exemple, d&rsquo;abord intern\u00e9s puis lib\u00e9r\u00e9s ou \u00e9vad\u00e9s, rejoignent ou forment des maquis.<\/p>\n<h2 style=\"text-align: justify\"><span style=\"color: #000000\"><span style=\"font-family: Arial,serif\"><span style=\"font-size: medium\"><b>Une r\u00e9volte contre la faim dans le camp du Vernet d&rsquo;Ari\u00e8ge<\/b><\/span><\/span><\/span><\/h2>\n<div id=\"attachment_1600\" style=\"width: 310px\" class=\"wp-caption aligncenter\"><a href=\"http:\/\/blogs.univ-jfc.fr\/campsdusudouest\/wp-content\/uploads\/sites\/48\/2016\/03\/R\u00e9sistance-imag\u00e9-coup\u00e9-dessin-de-carlos-duchatellier.png\"><img aria-describedby=\"caption-attachment-1600\" loading=\"lazy\" class=\"size-medium wp-image-1600  \" title=\"Dessin de Carlos Duchatellier, Mus\u00e9e du camp de concentration du Vernet d'Ari\u00e8ge\" alt=\"\" src=\"http:\/\/blogs.univ-jfc.fr\/campsdusudouest\/wp-content\/uploads\/sites\/48\/2016\/03\/R\u00e9sistance-imag\u00e9-coup\u00e9-dessin-de-carlos-duchatellier-300x222.png\" width=\"300\" height=\"222\" srcset=\"https:\/\/blogs.univ-jfc.fr\/campsdusudouest\/wp-content\/uploads\/sites\/48\/2016\/03\/R\u00e9sistance-imag\u00e9-coup\u00e9-dessin-de-carlos-duchatellier-300x222.png 300w, https:\/\/blogs.univ-jfc.fr\/campsdusudouest\/wp-content\/uploads\/sites\/48\/2016\/03\/R\u00e9sistance-imag\u00e9-coup\u00e9-dessin-de-carlos-duchatellier-404x300.png 404w, https:\/\/blogs.univ-jfc.fr\/campsdusudouest\/wp-content\/uploads\/sites\/48\/2016\/03\/R\u00e9sistance-imag\u00e9-coup\u00e9-dessin-de-carlos-duchatellier.png 465w\" sizes=\"(max-width: 300px) 100vw, 300px\" \/><\/a><p id=\"caption-attachment-1600\" class=\"wp-caption-text\">Un homme mourant de faim dans le camp du Vernet d&rsquo;Ari\u00e8ge<\/p><\/div>\n<h2 style=\"text-align: justify\"><\/h2>\n<p style=\"text-align: justify\">Dans le camp de concentration du Vernet d&rsquo;Ari\u00e8ge, 30 000 \u00e0 40 000 \u00ab\u00a0ind\u00e9sirables \u00e9trangers\u00a0\u00bb d&rsquo;une cinquantaine de nationalit\u00e9s diff\u00e9rentes, ont pos\u00e9 leurs pieds sur le sol du camp entre 1939 et 1944<a href=\"#sdfootnote1sym\" name=\"sdfootnote1anc\"><\/a>. En novembre 1942 une gr\u00e8ve de la faim \u00e9clate alors que le camp fait partie des plus r\u00e9pressifs de tout le Sud-Ouest de la France. S&rsquo;il y a une r\u00e9volte, alors que les soul\u00e8vements d&rsquo;intern\u00e9s sont tr\u00e8s rares, c&rsquo;est que le camp abrite des membres des <a href=\"http:\/\/blogs.univ-jfc.fr\/campsdusudouest\/les-brigades-internationales\/\">Brigades Internationales<\/a>, comme <a href=\"http:\/\/blogs.univ-jfc.fr\/campsdusudouest\/agir-et-resister-dans-les-camps\/resistance-revoltes-et-evasions\/une-resistance-plus-active\/ljubomir-ilic\/\">Ljubomir Ilic<\/a>, et que la situation alimentaire est extr\u00eamement alarmante comme nous pouvons le voir dans la lettre de Rosa P., directrice de l&rsquo;association \u00ab\u00a0Les Amis de la Pologne\u00a0\u00bb, dont le pr\u00e9sident est le Mar\u00e9chal P\u00e9tain. Elle a r\u00e9ussi \u00e0 faire parvenir une lettre aux mains du service de la censure pour montrer \u00ab\u00a0le grand d\u00e9nuement dans lequel se trouve les \u00e9trangers dans les camps de France\u00a0\u00bb. Mais en vain, personne ne r\u00e9agit. (ESTEBE<em><\/em>, 1996). Le chef du camp est contraint de n\u00e9gocier car la visite de l&rsquo;<a href=\"http:\/\/blogs.univ-jfc.fr\/campsdusudouest\/agir-et-resister-dans-les-camps\/resistance-revoltes-et-evasions\/une-resistance-plus-active\/linspection-generale-des-camps\/\">Inspection g\u00e9n\u00e9rale des camps<\/a>, en septembre, donne raison aux intern\u00e9s. Bien que la nourriture ait \u00e9t\u00e9 un peu am\u00e9lior\u00e9e, les rations ne se distribuaient que sous la menace du gouvernement. On parle peu de r\u00e9voltes dans les livres, comme si elles n&rsquo;avaient jamais exist\u00e9. Pourtant, elles sont importantes car elles montrent que les conditions de vie sont \u00e9pouvantables.<\/p>\n<h2 style=\"text-align: justify\">Les \u00e9vasions<\/h2>\n<div id=\"attachment_1593\" style=\"width: 310px\" class=\"wp-caption alignleft\"><a href=\"http:\/\/blogs.univ-jfc.fr\/campsdusudouest\/wp-content\/uploads\/sites\/48\/2016\/03\/R\u00e9sistance-Dessin-dun-convoi-dans-le-camp-du-Vernet-dAri\u00e8ge-provenant-dun-carnet-anonyme.jpg\"><img aria-describedby=\"caption-attachment-1593\" loading=\"lazy\" class=\"size-medium wp-image-1593  \" title=\"Dessin d'un convoi dans le camp du Vernet d'Ari\u00e8ge provenant d'un carnet anonyme\" alt=\"\" src=\"http:\/\/blogs.univ-jfc.fr\/campsdusudouest\/wp-content\/uploads\/sites\/48\/2016\/03\/R\u00e9sistance-Dessin-dun-convoi-dans-le-camp-du-Vernet-dAri\u00e8ge-provenant-dun-carnet-anonyme-300x230.jpg\" width=\"300\" height=\"230\" srcset=\"https:\/\/blogs.univ-jfc.fr\/campsdusudouest\/wp-content\/uploads\/sites\/48\/2016\/03\/R\u00e9sistance-Dessin-dun-convoi-dans-le-camp-du-Vernet-dAri\u00e8ge-provenant-dun-carnet-anonyme-300x230.jpg 300w, https:\/\/blogs.univ-jfc.fr\/campsdusudouest\/wp-content\/uploads\/sites\/48\/2016\/03\/R\u00e9sistance-Dessin-dun-convoi-dans-le-camp-du-Vernet-dAri\u00e8ge-provenant-dun-carnet-anonyme-1024x786.jpg 1024w, https:\/\/blogs.univ-jfc.fr\/campsdusudouest\/wp-content\/uploads\/sites\/48\/2016\/03\/R\u00e9sistance-Dessin-dun-convoi-dans-le-camp-du-Vernet-dAri\u00e8ge-provenant-dun-carnet-anonyme-390x300.jpg 390w, https:\/\/blogs.univ-jfc.fr\/campsdusudouest\/wp-content\/uploads\/sites\/48\/2016\/03\/R\u00e9sistance-Dessin-dun-convoi-dans-le-camp-du-Vernet-dAri\u00e8ge-provenant-dun-carnet-anonyme.jpg 1280w\" sizes=\"(max-width: 300px) 100vw, 300px\" \/><\/a><p id=\"caption-attachment-1593\" class=\"wp-caption-text\">La d\u00e9portation<\/p><\/div>\n<p style=\"text-align: justify\">Il existe plusieurs fa\u00e7ons de sortir d&rsquo;un camp d&rsquo;internement\u00a0: la mort, le <a href=\"http:\/\/blogs.univ-jfc.fr\/campsdusudouest\/agir-et-resister-dans-les-camps\/resistance-revoltes-et-evasions\/une-resistance-plus-active\/s-t-o-et-g-t-e\/\">travail obligatoire<\/a>, \u00eatre d\u00e9port\u00e9 dans un autre camp, \u00eatre lib\u00e9r\u00e9, etc. On comprend alors pourquoi l&rsquo;\u00e9vasion est la solution que choisissent le plus souvent les intern\u00e9s. Pourtant, \u00ab dans une \u00e9vasion, il faut 90 % de chance et 10 % d&rsquo;audace, mais il faut beaucoup de chance\u00a0\u00bb comme le dit Achille S, \u00e9vad\u00e9 du camp de No\u00e9 (Pierre Faulet, 1991, p. 39).<\/p>\n<p style=\"text-align: justify\">Chaque fois qu&rsquo;une fuite est constat\u00e9e, le personnel du camp doit alerter les autorit\u00e9s et transmettre un rapport d&rsquo;\u00e9vasion \u00e0 la Pr\u00e9fecture de r\u00e9gion. Cependant, ils ne le font pas toujours afin de garder une \u00ab bonne \u00bb image. En effet, il serait mal vu pour le chef du camp de noter beaucoup d&rsquo;\u00e9vasions \u00e0 succ\u00e8s car cela signifierait qu&rsquo;il fait mal son travail. Il est donc difficile de donner des chiffres, certaines \u00e9vasions \u00e9taient par exemple inscrites dans la cat\u00e9gorie \u00ab divers \u00bb. Nous pouvons n\u00e9anmoins proposer un tableau du nombre d&rsquo;\u00e9vad\u00e9s de juin 1943 \u00e0 novembre 1943 au camp de No\u00e9. Sachant, qu&rsquo;il faut prendre en compte les \u00e9vasions non not\u00e9es, nous pouvons \u00eatre \u00e9tonn\u00e9s par le nombre de fuites qui ont r\u00e9ussi. Notons \u00e9galement qu&rsquo;il y a presque deux fois plus d&rsquo;\u00e9trangers que de fran\u00e7ais qui se sont \u00e9vad\u00e9s. Ce qui peut para\u00eetre \u00e9tonnant car ils n&rsquo;ont pas de famille chez qui se r\u00e9fugier mais pour eux, le risque d&rsquo;extermination est plus grand.<\/p>\n<div id=\"attachment_2203\" style=\"width: 410px\" class=\"wp-caption aligncenter\"><a href=\"http:\/\/blogs.univ-jfc.fr\/campsdusudouest\/wp-content\/uploads\/sites\/48\/2016\/03\/tableau-des-\u00e9vasions.png\"><img aria-describedby=\"caption-attachment-2203\" loading=\"lazy\" class=\"wp-image-2203 \" title=\"Tableau des \u00e9vasions de la deuxi\u00e8me partie de l'ann\u00e9e 1943 au camp de No\u00e9 \" alt=\"Tableau des \u00e9vasions de la deuxi\u00e8me partie de l'ann\u00e9e 1943 au camp de No\u00e9,  FAULET Pierre. Le camp de No\u00e9 de novembre 1942 \u00e0 sa dissolution, m\u00e9moire de ma\u00eetrise, Histoire, Toulouse 2, Juin, 1991, dact., 266 f\u00b0\" src=\"http:\/\/blogs.univ-jfc.fr\/campsdusudouest\/wp-content\/uploads\/sites\/48\/2016\/03\/tableau-des-\u00e9vasions-300x162.png\" width=\"400\" height=\"200\" \/><\/a><p id=\"caption-attachment-2203\" class=\"wp-caption-text\">Tableau des \u00e9vasions de la deuxi\u00e8me partie de l&rsquo;ann\u00e9e 1943 au camp de No\u00e9, FAULET Pierre. Le camp de No\u00e9 de novembre 1942 \u00e0 sa dissolution, m\u00e9moire de ma\u00eetrise, Histoire, Toulouse 2, Juin, 1991, dact., 266 f\u00b0<\/p><\/div>\n<p style=\"text-align: justify\">Les \u00e9vasions sont plus courantes lors des mois chauds, notamment ao\u00fbt et septembre, moment plus propice pour ne pas mourir de froid. Elles se d\u00e9roulent principalement de nuit, au cr\u00e9puscule, durant les coupures d&rsquo;\u00e9lectricit\u00e9, durant les alertes a\u00e9riennes ou parfois lors des f\u00eates, comme c&rsquo;est le cas pour <a href=\"http:\/\/blogs.univ-jfc.fr\/campsdusudouest\/agir-et-resister-dans-les-camps\/resistance-revoltes-et-evasions\/une-resistance-plus-active\/dora-schaul\/\">Dora Schaul<\/a>\u00a0ou encore <a href=\"http:\/\/blogs.univ-jfc.fr\/campsdusudouest\/agir-et-resister-dans-les-camps\/resistance-revoltes-et-evasions\/une-resistance-plus-active\/freddy-szpilfogiel\/\">Freddy Szpilgofiel<\/a> et David Blum. Rares sont les intern\u00e9s qui s\u2019enfuient \u00e0 plus de deux \u00e0 la fois pour de ne pas \u00e9veiller les soup\u00e7ons des gardiens. Les \u00e9vasions se font parfois lors des t\u00e2ches n\u00e9cessaires au camp, comme pour <a href=\"http:\/\/blogs.univ-jfc.fr\/campsdusudouest\/agir-et-resister-dans-les-camps\/resistance-revoltes-et-evasions\/une-resistance-plus-active\/marcel-langer\/\">Marcel Langer <\/a>qui s&rsquo;\u00e9vade durant une corv\u00e9e en permutant avec une personne ext\u00e9rieure au camp, ou lors des visites m\u00e9dicales obligatoires. Pour le camp du R\u00e9c\u00e9b\u00e9dou, les \u00e9vasions d&rsquo;un centre hospitalier occupent un tiers au total des \u00e9vasions de ce camp. (AUBRESPY, 1999, p. 42). Dans ce cas l\u00e0, les intern\u00e9s en profitent pour s&rsquo;\u00e9chapper d\u00e8s que le ou les gardes ont la moindre baisse d&rsquo;attention. Il y a un manque de personnel important et parfois un seul surveillant \u00e0 la garde de six intern\u00e9s \u00e0 la fois\u00a0! Les chefs des camps se plaignent donc, pour la plupart, du manque de gardiens aupr\u00e8s du pr\u00e9fet, ce qui justifiait ces \u00e9vasions (c&rsquo;\u00e9tait notamment le cas du chef du camp de No\u00e9 ou de celui du R\u00e9c\u00e9b\u00e9dou).<\/p>\n<p style=\"text-align: justify\">Malgr\u00e9 ces conditions opportunistes, on recense tr\u00e8s peu d&rsquo;\u00e9vasions r\u00e9ussies sans aide int\u00e9rieure ou ext\u00e9rieure, voire les deux. Il faut pouvoir s&rsquo;organiser dans le d\u00e9roulement de l&rsquo;\u00e9vasion et anticiper la suite. En effet, \u00e0 la sortie du camp, l&rsquo;\u00e9vad\u00e9 a souvent besoin de faux papiers, de lieux pour \u00eatre h\u00e9berg\u00e9 et nourri sans risque. Ces aides sont plus qu&rsquo;utiles, elles sont v\u00e9ritablement n\u00e9cessaires \u00e0 la survie de l&rsquo;intern\u00e9 qui s&rsquo;\u00e9vade.<\/p>\n","protected":false},"excerpt":{"rendered":"<p>Les r\u00e9sistants dans les camps administratifs sont-ils consid\u00e9r\u00e9s comme des r\u00e9sistants de guerre en France\u00a0? La R\u00e9sistance fran\u00e7aise se d\u00e9finit g\u00e9n\u00e9ralement comme les actions men\u00e9es par des r\u00e9seaux et des mouvements clandestins contre l&rsquo;occupant nazi et le gouvernement de Vichy. &hellip; <a href=\"https:\/\/blogs.univ-jfc.fr\/campsdusudouest\/agir-et-resister-dans-les-camps\/resistance-revoltes-et-evasions\/une-resistance-plus-active\/\">Lire la suite <span class=\"meta-nav\">&rarr;<\/span><\/a><\/p>\n","protected":false},"author":129,"featured_media":0,"parent":84,"menu_order":1,"comment_status":"closed","ping_status":"open","template":"","meta":[],"_links":{"self":[{"href":"https:\/\/blogs.univ-jfc.fr\/campsdusudouest\/wp-json\/wp\/v2\/pages\/296"}],"collection":[{"href":"https:\/\/blogs.univ-jfc.fr\/campsdusudouest\/wp-json\/wp\/v2\/pages"}],"about":[{"href":"https:\/\/blogs.univ-jfc.fr\/campsdusudouest\/wp-json\/wp\/v2\/types\/page"}],"author":[{"embeddable":true,"href":"https:\/\/blogs.univ-jfc.fr\/campsdusudouest\/wp-json\/wp\/v2\/users\/129"}],"replies":[{"embeddable":true,"href":"https:\/\/blogs.univ-jfc.fr\/campsdusudouest\/wp-json\/wp\/v2\/comments?post=296"}],"version-history":[{"count":30,"href":"https:\/\/blogs.univ-jfc.fr\/campsdusudouest\/wp-json\/wp\/v2\/pages\/296\/revisions"}],"predecessor-version":[{"id":3993,"href":"https:\/\/blogs.univ-jfc.fr\/campsdusudouest\/wp-json\/wp\/v2\/pages\/296\/revisions\/3993"}],"up":[{"embeddable":true,"href":"https:\/\/blogs.univ-jfc.fr\/campsdusudouest\/wp-json\/wp\/v2\/pages\/84"}],"wp:attachment":[{"href":"https:\/\/blogs.univ-jfc.fr\/campsdusudouest\/wp-json\/wp\/v2\/media?parent=296"}],"curies":[{"name":"wp","href":"https:\/\/api.w.org\/{rel}","templated":true}]}}