{"id":3006,"date":"2016-03-24T10:00:22","date_gmt":"2016-03-24T09:00:22","guid":{"rendered":"http:\/\/blogs.univ-jfc.fr\/campsdusudouest\/?page_id=3006"},"modified":"2016-04-14T09:31:56","modified_gmt":"2016-04-14T08:31:56","slug":"la-memoire-a-travers-le-camp","status":"publish","type":"page","link":"https:\/\/blogs.univ-jfc.fr\/campsdusudouest\/mongraphies-de-camps\/le-vernet-dariege\/la-memoire-a-travers-le-camp\/","title":{"rendered":"La m\u00e9moire \u00e0 travers le camp"},"content":{"rendered":"<p style=\"text-align: justify\">La m\u00e9moire autour du camp passe par trois axes principaux. tout d&rsquo;abord, on parle de m\u00e9moire s&rsquo;agissant du site du camp du Vernet d&rsquo;Ari\u00e8ge et de ce que les anciens intern\u00e9s et la ville du Vernet d&rsquo;Ari\u00e8ge firent du camp et de ses vestiges. De plus, on parle de m\u00e9moire s&rsquo;agissant des \u0153uvres produites par des intern\u00e9s pendant leur passage au sein du camp pour, enfin, parler de m\u00e9moire s&rsquo;agissant des \u0153uvres produites et publi\u00e9es par des anciens intern\u00e9s apr\u00e8s leur sortie du camp.<\/p>\n<p style=\"text-align: justify\">Tout d&rsquo;abord, le camp fut vid\u00e9 entre 1946 et 1947 des diff\u00e9rentes personnes qui y r\u00e9sidaient encore avant d&rsquo;\u00eatre partiellement ras\u00e9. Seuls subsist\u00e8rent le cimeti\u00e8re, le ch\u00e2teau d&rsquo;eau, les tours entourant l&rsquo;entr\u00e9e et les maisons des gardiens qui \u00e9taient de l&rsquo;autre cot\u00e9 de la RN20 et qui sont devenus par la suite des habitations. Parall\u00e8lement, une amicale des anciens intern\u00e9s politiques et r\u00e9sistants du camp du Vernet d&rsquo;Ari\u00e8ge fut cr\u00e9\u00e9e et encore aujourd&rsquo;hui elle subsiste et cherche \u00e0 faire perdurer la m\u00e9moire autour du camp. Le cimeti\u00e8re attenant au camp et pr\u00e9sent sur la commune de Saverdun fut laiss\u00e9 \u00e0 l&rsquo;abandon par le propri\u00e9taire des terres si bien qu&rsquo;envisageant de r\u00e9cup\u00e9rer pleinement ses terres, le cultivateur souhaitait raser les lieux. Plusieurs pays exhum\u00e8rent leurs corps notamment l&rsquo;Allemagne qui exhuma 44 corps et Isra\u00ebl qui exhuma 16 personnes. Le cimeti\u00e8re fut finalement vendu en 1972 et rachet\u00e9 par le Conseil G\u00e9n\u00e9ral puis r\u00e9habilit\u00e9 et r\u00e9utilis\u00e9 dans <a title=\"Devoir de m\u00e9moire\" href=\"http:\/\/blogs.univ-jfc.fr\/campsdusudouest\/1945-et-apres\/devoir-de-memoire\/\">un but m\u00e9moriel<\/a>. De plus, depuis 1986 fut cr\u00e9\u00e9 un mus\u00e9e du camp au sein du village m\u00eame du Vernet d&rsquo;Ari\u00e8ge au sein duquel on peut retrouver notamment une maquette du camp. De plus, on peut retrouver au sein de ce mus\u00e9e des portraits effectu\u00e9s des prisonniers par l&rsquo;encadrement dans un but administratif. En 1995, toujours dans un souci m\u00e9moriel, l&rsquo;amicale r\u00e9ussit \u00e0 racheter un wagon \u00e0 bestiaux qu&rsquo;elle installa \u00e0 la gare afin de montrer la r\u00e9alit\u00e9 des d\u00e9portations au public. Plus r\u00e9cemment, un projet vient d&rsquo;\u00eatre mis en route afin de faire du secteur de la gare un lieu m\u00e9moriel avec une explication des d\u00e9portations et de l&rsquo;utilisation de la gare et du wagon entre les ann\u00e9es 1939 et 1944, travaux lanc\u00e9s en novembre 2015.<\/p>\n<p style=\"text-align: justify\"><span style=\"font-weight: 300\">De plus, afin de garder une sant\u00e9 mentale stable certains intern\u00e9s r\u00e9alisaient des objets avec les mat\u00e9riaux trouv\u00e9s dans le camp (bois, ferraille), on retrouve ainsi des jouets ou des sculptures fabriqu\u00e9s par les prisonniers qui sont conserv\u00e9s au mus\u00e9e du Vernet d&rsquo;Ari\u00e8ge. Aussi des intern\u00e9s parfois anonymes ou de v\u00e9ritables artistes reconnus \u00ab\u00a0le peintre hongrois Joseph Soos; le peintre allemand Otto Kuhns; le peintre roumain Isidore Weiss\u00a0\u00bb ont dessin\u00e9 <a title=\"Image du camp du Vernet d\u2019Ari\u00e8ge\" href=\"http:\/\/blogs.univ-jfc.fr\/campsdusudouest\/1945-et-apres\/images-des-camps\/image-du-camp-du-vernet-dariege\/\">des portraits de leurs camarades, ou encore du cadre de vie<\/a> dans lequel ils \u00e9voluaient. Ces dessins sont en majorit\u00e9 r\u00e9alis\u00e9s avec ce qu&rsquo;ils trouvent, de rares crayons, des bouts de tissus ou de papiers. <\/span><\/p>\n<div id=\"attachment_3613\" style=\"width: 1290px\" class=\"wp-caption alignnone\"><a href=\"http:\/\/blogs.univ-jfc.fr\/campsdusudouest\/wp-content\/uploads\/sites\/48\/2016\/03\/image-du-chattellier.jpg\"><img aria-describedby=\"caption-attachment-3613\" loading=\"lazy\" class=\"size-full wp-image-3613\" alt=\"Vue du camp par Duchatellier \" src=\"http:\/\/blogs.univ-jfc.fr\/campsdusudouest\/wp-content\/uploads\/sites\/48\/2016\/03\/image-du-chattellier.jpg\" width=\"1280\" height=\"826\" srcset=\"https:\/\/blogs.univ-jfc.fr\/campsdusudouest\/wp-content\/uploads\/sites\/48\/2016\/03\/image-du-chattellier.jpg 1280w, https:\/\/blogs.univ-jfc.fr\/campsdusudouest\/wp-content\/uploads\/sites\/48\/2016\/03\/image-du-chattellier-300x193.jpg 300w, https:\/\/blogs.univ-jfc.fr\/campsdusudouest\/wp-content\/uploads\/sites\/48\/2016\/03\/image-du-chattellier-1024x660.jpg 1024w, https:\/\/blogs.univ-jfc.fr\/campsdusudouest\/wp-content\/uploads\/sites\/48\/2016\/03\/image-du-chattellier-464x300.jpg 464w\" sizes=\"(max-width: 1280px) 100vw, 1280px\" \/><\/a><p id=\"caption-attachment-3613\" class=\"wp-caption-text\">Vue du camp par Duchatellier<\/p><\/div>\n<p style=\"text-align: justify\"><span style=\"font-weight: 300\">Ce paysage r\u00e9alis\u00e9 par Carlos Duchatellier, repr\u00e9sente une vue g\u00e9n\u00e9rale d&rsquo;une des section du camp, observ\u00e9e \u00e0 travers les barbel\u00e9s. On y distingue les all\u00e9es de baraques d\u00e9nu\u00e9e de vie.<\/span><\/p>\n<div id=\"attachment_3614\" style=\"width: 929px\" class=\"wp-caption alignnone\"><a href=\"http:\/\/blogs.univ-jfc.fr\/campsdusudouest\/wp-content\/uploads\/sites\/48\/2016\/03\/image-du-chatellier-2.jpg\"><img aria-describedby=\"caption-attachment-3614\" loading=\"lazy\" class=\"size-full wp-image-3614\" alt=\"Image repr\u00e9sentant la vie quotidienne au sein du camp\" src=\"http:\/\/blogs.univ-jfc.fr\/campsdusudouest\/wp-content\/uploads\/sites\/48\/2016\/03\/image-du-chatellier-2.jpg\" width=\"919\" height=\"1024\" srcset=\"https:\/\/blogs.univ-jfc.fr\/campsdusudouest\/wp-content\/uploads\/sites\/48\/2016\/03\/image-du-chatellier-2.jpg 919w, https:\/\/blogs.univ-jfc.fr\/campsdusudouest\/wp-content\/uploads\/sites\/48\/2016\/03\/image-du-chatellier-2-269x300.jpg 269w\" sizes=\"(max-width: 919px) 100vw, 919px\" \/><\/a><p id=\"caption-attachment-3614\" class=\"wp-caption-text\">Image repr\u00e9sentant la vie quotidienne au sein du camp<\/p><\/div>\n<p style=\"text-align: justify\"><span style=\"font-weight: 300\">Cette autre r\u00e9alisation de Duchatellier, propose une vision tr\u00e8s d\u00e9sastreuse d&rsquo;un des intern\u00e9s. On peut rapprocher cet individu \u00e0 un des \u00ab\u00a0L\u00e9preux\u00a0\u00bb que Koestler d\u00e9crit dans son livre <em>La Lie de la terre.<\/em> On remarque le manque d&rsquo;habits, alors qu&rsquo;un homme en arri\u00e8re plan poss\u00e8de une veste, ainsi que sa sous-nutrition.<\/span><\/p>\n<div id=\"attachment_3615\" style=\"width: 754px\" class=\"wp-caption alignnone\"><a href=\"http:\/\/blogs.univ-jfc.fr\/campsdusudouest\/wp-content\/uploads\/sites\/48\/2016\/03\/image-Sikatchinsky.jpg\"><img aria-describedby=\"caption-attachment-3615\" loading=\"lazy\" class=\"size-full wp-image-3615\" alt=\"Un baraquement\" src=\"http:\/\/blogs.univ-jfc.fr\/campsdusudouest\/wp-content\/uploads\/sites\/48\/2016\/03\/image-Sikatchinsky.jpg\" width=\"744\" height=\"558\" srcset=\"https:\/\/blogs.univ-jfc.fr\/campsdusudouest\/wp-content\/uploads\/sites\/48\/2016\/03\/image-Sikatchinsky.jpg 744w, https:\/\/blogs.univ-jfc.fr\/campsdusudouest\/wp-content\/uploads\/sites\/48\/2016\/03\/image-Sikatchinsky-300x225.jpg 300w, https:\/\/blogs.univ-jfc.fr\/campsdusudouest\/wp-content\/uploads\/sites\/48\/2016\/03\/image-Sikatchinsky-400x300.jpg 400w\" sizes=\"(max-width: 744px) 100vw, 744px\" \/><\/a><p id=\"caption-attachment-3615\" class=\"wp-caption-text\">Un baraquement<\/p><\/div>\n<p style=\"text-align: justify\"><span style=\"font-weight: 300\">Ce dessin de Constantin Sikatchinsky un intern\u00e9 Russe, semble avoir \u00e9t\u00e9 r\u00e9alis\u00e9 avec du pastel. On remarque bien un baraquement typique du camp tout en longueur, avec les lavabos devant. Aussi les fameuses tinettes (la petite cabane \u00e0 c\u00f4t\u00e9 de la baraque) ainsi que la cuve qui devait \u00eatre utilis\u00e9e pour la corv\u00e9e associ\u00e9e \u00ab\u00a0Il fallait deux fois par jour, aller r\u00e9cup\u00e9rer les tinettes, les vider par trois dans de grands baquets\u00a0\u00bb .<\/span><\/p>\n<p style=\"text-align: justify\"><span style=\"font-weight: 300\">Enfin, de nombreux intern\u00e9s d\u00e9cid\u00e8rent d&rsquo;\u00e9vacuer leur ressenti \u00a0au sujet de leur passage dans le camp autour de diff\u00e9rentes mani\u00e8res. Il y eut des dessins, mais aussi des livres qui sortirent dans les ann\u00e9es suivantes. Ils ont \u00e9t\u00e9 \u00e9crits par des personnes de lettres ou des journalistes qui furent intern\u00e9s au camp du Vernet. Arthur Koestler, dans son \u0153uvre<em>\u00a0La Lie de la Terre<\/em> publi\u00e9e aux \u00e9ditions poche en 1971 cherche \u00e0 retranscrire la vie au sein de ces camps \u00e0 travers sa propre autobiographie. Friedrich Wolf d\u00e9crit \u00e0 travers la vie d&rsquo;autres prisonniers, la vie au sein du camp. Il \u00e9crivit <em>Jules<\/em> qui d\u00e9crit la rencontre entre l&rsquo;auteur et le personnage d&rsquo;Aron Lit\u00e8re ainsi que leur vie au sein du camp, il \u00e9crivit aussi <em>Kiki<\/em> qui d\u00e9crit la vie d&rsquo;un petit chien qui aurait v\u00e9cu quelques temps au camp du Vernet avant de se faire tuer par les gardes. Max Aub \u00e9crivit le\u00a0<em>Manuscrit Corbeau<\/em> dans la langue qu&rsquo;il parlait, l&rsquo;espagnol, dans un genre satyrique et o\u00f9 l&rsquo;\u0153uvre est \u00e9crite d&rsquo;une fa\u00e7on diff\u00e9rente des autres autobiographies. Il utilise le point de vue d&rsquo;un corbeau qui observait tout depuis les hauteurs du camp.<\/span><\/p>\n<p style=\"text-align: justify\"><a title=\"Bibliographie G\u00e9n\u00e9rale\" href=\"http:\/\/blogs.univ-jfc.fr\/campsdusudouest\/bibliographie-generale\/\">Pour aller plus loin &#8230;<\/a><\/p>\n","protected":false},"excerpt":{"rendered":"<p>La m\u00e9moire autour du camp passe par trois axes principaux. tout d&rsquo;abord, on parle de m\u00e9moire s&rsquo;agissant du site du camp du Vernet d&rsquo;Ari\u00e8ge et de ce que les anciens intern\u00e9s et la ville du Vernet d&rsquo;Ari\u00e8ge firent du camp &hellip; <a href=\"https:\/\/blogs.univ-jfc.fr\/campsdusudouest\/mongraphies-de-camps\/le-vernet-dariege\/la-memoire-a-travers-le-camp\/\">Lire la suite <span class=\"meta-nav\">&rarr;<\/span><\/a><\/p>\n","protected":false},"author":224,"featured_media":0,"parent":96,"menu_order":0,"comment_status":"closed","ping_status":"open","template":"","meta":[],"_links":{"self":[{"href":"https:\/\/blogs.univ-jfc.fr\/campsdusudouest\/wp-json\/wp\/v2\/pages\/3006"}],"collection":[{"href":"https:\/\/blogs.univ-jfc.fr\/campsdusudouest\/wp-json\/wp\/v2\/pages"}],"about":[{"href":"https:\/\/blogs.univ-jfc.fr\/campsdusudouest\/wp-json\/wp\/v2\/types\/page"}],"author":[{"embeddable":true,"href":"https:\/\/blogs.univ-jfc.fr\/campsdusudouest\/wp-json\/wp\/v2\/users\/224"}],"replies":[{"embeddable":true,"href":"https:\/\/blogs.univ-jfc.fr\/campsdusudouest\/wp-json\/wp\/v2\/comments?post=3006"}],"version-history":[{"count":8,"href":"https:\/\/blogs.univ-jfc.fr\/campsdusudouest\/wp-json\/wp\/v2\/pages\/3006\/revisions"}],"predecessor-version":[{"id":4042,"href":"https:\/\/blogs.univ-jfc.fr\/campsdusudouest\/wp-json\/wp\/v2\/pages\/3006\/revisions\/4042"}],"up":[{"embeddable":true,"href":"https:\/\/blogs.univ-jfc.fr\/campsdusudouest\/wp-json\/wp\/v2\/pages\/96"}],"wp:attachment":[{"href":"https:\/\/blogs.univ-jfc.fr\/campsdusudouest\/wp-json\/wp\/v2\/media?parent=3006"}],"curies":[{"name":"wp","href":"https:\/\/api.w.org\/{rel}","templated":true}]}}