{"id":3042,"date":"2016-03-24T10:06:52","date_gmt":"2016-03-24T09:06:52","guid":{"rendered":"http:\/\/blogs.univ-jfc.fr\/campsdusudouest\/?page_id=3042"},"modified":"2016-04-13T23:48:37","modified_gmt":"2016-04-13T22:48:37","slug":"les-eclaireurs-israelites-de-france-eif","status":"publish","type":"page","link":"https:\/\/blogs.univ-jfc.fr\/campsdusudouest\/les-camps-et-leur-environnement\/les-humanitaires\/les-financements-des-oeuvres-juives\/les-eclaireurs-israelites-de-france-eif\/","title":{"rendered":"Les \u00c9claireurs isra\u00e9lites de France\u00a0(EIF)"},"content":{"rendered":"<p align=\"justify\">Les \u00c9claireurs isra\u00e9lites de France (EIF) sont des scouts juifs cr\u00e9es par Robert Gamzon en 1923. Ils sont pr\u00e9sents dans les camps d&rsquo;internement en tant que soutiens des rabbins et impulsent donc une action spirituelle et mat\u00e9rielle constante. Leur action principale r\u00e9side dans la prise en charge de jeunes juifs de tous milieux sociaux, filles et gar\u00e7ons, au sein de fermes \u00e9coles install\u00e9es dans des terrains en friches ou en organisant des colonies de vacances.<\/p>\n<div id=\"attachment_956\" style=\"width: 310px\" class=\"wp-caption aligncenter\"><a href=\"http:\/\/blogs.univ-jfc.fr\/campsdusudouest\/wp-content\/uploads\/sites\/48\/2016\/03\/10-Rassemblement-de-jeunes-fille-dans-une-ferme.jpg\"><img aria-describedby=\"caption-attachment-956\" loading=\"lazy\" class=\"size-medium wp-image-956  \" title=\"http:\/\/www.ajpn.org\/images-lieu\/1240683957_mv35jren-2.jpg\" alt=\"Rassemblement de filles \u00e0 Lautrec.\" src=\"http:\/\/blogs.univ-jfc.fr\/campsdusudouest\/wp-content\/uploads\/sites\/48\/2016\/03\/10-Rassemblement-de-jeunes-fille-dans-une-ferme-300x196.jpg\" width=\"300\" height=\"196\" srcset=\"https:\/\/blogs.univ-jfc.fr\/campsdusudouest\/wp-content\/uploads\/sites\/48\/2016\/03\/10-Rassemblement-de-jeunes-fille-dans-une-ferme-300x196.jpg 300w, https:\/\/blogs.univ-jfc.fr\/campsdusudouest\/wp-content\/uploads\/sites\/48\/2016\/03\/10-Rassemblement-de-jeunes-fille-dans-une-ferme-458x300.jpg 458w, https:\/\/blogs.univ-jfc.fr\/campsdusudouest\/wp-content\/uploads\/sites\/48\/2016\/03\/10-Rassemblement-de-jeunes-fille-dans-une-ferme.jpg 700w\" sizes=\"(max-width: 300px) 100vw, 300px\" \/><\/a><p id=\"caption-attachment-956\" class=\"wp-caption-text\">Rassemblement de filles \u00e0 Lautrec.<\/p><\/div>\n<p align=\"justify\">Les EIF tentent de se rendre utiles \u00e0 l&rsquo;\u00c9tat fran\u00e7ais en prenant part \u00e0 l&rsquo;effort agricole national. Ils visent l&rsquo;autosuffisance alimentaire en cultivant des terres lou\u00e9es avec l&rsquo;accord du Minist\u00e8re de l&rsquo;Agriculture. La ferme de Lautrec dans le Tarn, situ\u00e9e dans la propri\u00e9t\u00e9 de 40 hectares que compte le ch\u00e2teau des Ormes est la plus grande mise en place par Robert Gamzon. Bien que la formation des jeunes aux m\u00e9tiers agricoles soit efficace en raison de la comp\u00e9tence du personnel enseignant, le bilan de ce travail agricole est n\u00e9faste pour cette \u0153uvre priv\u00e9e. Les rendements agricoles sont tr\u00e8s faibles et rapidement, cette communaut\u00e9 s&rsquo;attire les foudres de la population locale et des services de gendarmerie. De nombreuses plaintes sont formul\u00e9es par les habitants de Lautrec concernant le comportement des scouts juifs et de l&rsquo;abondance des ravitaillements dont semblaient b\u00e9n\u00e9ficier les EIF (en tabac, en viande et en carburant principalement). Le ravitaillement important des EIF est en r\u00e9alit\u00e9 d\u00fb \u00e0 la solidarit\u00e9 qu&rsquo;ils entretiennent avec les autres \u0153uvres priv\u00e9es. Ils ne b\u00e9n\u00e9ficient pas de traitements de faveur de la part de l&rsquo;administration de Vichy. Les jeunes scouts sont soup\u00e7onn\u00e9s de ne pas travailler s\u00e9rieusement au sein de ces fermes et sont consid\u00e9r\u00e9s comme des \u00ab\u00a0parasites\u00a0\u00bb par une population locale exc\u00e9d\u00e9e car elle m\u00eame priv\u00e9e de certaines denr\u00e9es qui manquent partout dans le pays.<\/p>\n<p align=\"justify\">De plus, les EIF m\u00e8nent une action clandestine massive apr\u00e8s les rafles d&rsquo;ao\u00fbt 1942. Les \u00e9tablissements de l\u2019\u0153uvre, cens\u00e9s accueillir uniquement des juifs fran\u00e7ais, cachent en fait des enfants et des adolescents fra\u00eechement lib\u00e9r\u00e9s des camps d&rsquo;internement. Les adolescents ainsi que les jeunes adultes ont un programme sportif soutenu. On a ainsi accus\u00e9 les fermes des \u00c9claireurs de former des combattants.<\/p>\n<div id=\"attachment_957\" style=\"width: 310px\" class=\"wp-caption aligncenter\"><a href=\"http:\/\/blogs.univ-jfc.fr\/campsdusudouest\/wp-content\/uploads\/sites\/48\/2016\/03\/11-Activit\u00e9-sportive-d\u00e9livr\u00e9e-\u00e0-de-jeunes-gar\u00e7ons.jpg\"><img aria-describedby=\"caption-attachment-957\" loading=\"lazy\" class=\"size-medium wp-image-957  \" title=\"http:\/\/search.archives.jdc.org\/multimedia\/Photos\/Web_Images\/NY_02348_dt1.jpg\" alt=\"Activit\u00e9 sportive \u00e0 la ferme de Moissac.\" src=\"http:\/\/blogs.univ-jfc.fr\/campsdusudouest\/wp-content\/uploads\/sites\/48\/2016\/03\/11-Activit\u00e9-sportive-d\u00e9livr\u00e9e-\u00e0-de-jeunes-gar\u00e7ons-300x212.jpg\" width=\"300\" height=\"212\" srcset=\"https:\/\/blogs.univ-jfc.fr\/campsdusudouest\/wp-content\/uploads\/sites\/48\/2016\/03\/11-Activit\u00e9-sportive-d\u00e9livr\u00e9e-\u00e0-de-jeunes-gar\u00e7ons-300x212.jpg 300w, https:\/\/blogs.univ-jfc.fr\/campsdusudouest\/wp-content\/uploads\/sites\/48\/2016\/03\/11-Activit\u00e9-sportive-d\u00e9livr\u00e9e-\u00e0-de-jeunes-gar\u00e7ons-423x300.jpg 423w, https:\/\/blogs.univ-jfc.fr\/campsdusudouest\/wp-content\/uploads\/sites\/48\/2016\/03\/11-Activit\u00e9-sportive-d\u00e9livr\u00e9e-\u00e0-de-jeunes-gar\u00e7ons.jpg 450w\" sizes=\"(max-width: 300px) 100vw, 300px\" \/><\/a><p id=\"caption-attachment-957\" class=\"wp-caption-text\">Activit\u00e9 sportive \u00e0 la ferme de Moissac.<\/p><\/div>\n<p align=\"justify\">Robert Gamzon, lui m\u00eame cens\u00e9 r\u00e9sider dans la ferme de Lautrec, n&rsquo;est jamais pr\u00e9sent sur les lieux d&rsquo;apr\u00e8s les rapports de gendarmerie. Il adopte m\u00eame le nom de code \u00ab\u00a0Castor\u00a0\u00bb pour \u00e9chapper \u00e0 la censure des communications.<\/p>\n<p align=\"justify\">Durant l&rsquo;\u00e9t\u00e9 1942, les \u00e9tablissements des EIF deviennent les principaux lieux de fabrication de faux papiers et de passage d&rsquo;enfants clandestins. Les EIF participent activement aux fili\u00e8res d&rsquo;\u00e9migration des enfants vers la Suisse via le r\u00e9seau Garel. Robert Gamzon ainsi que plusieurs jeunes adultes des EIF participent \u00e0 la lutte arm\u00e9e \u00e0 partir de la fin de l&rsquo;ann\u00e9e 1943 au sein de l&rsquo;Organisation juive de combat.<\/p>\n","protected":false},"excerpt":{"rendered":"<p>Les \u00c9claireurs isra\u00e9lites de France (EIF) sont des scouts juifs cr\u00e9es par Robert Gamzon en 1923. Ils sont pr\u00e9sents dans les camps d&rsquo;internement en tant que soutiens des rabbins et impulsent donc une action spirituelle et mat\u00e9rielle constante. Leur action &hellip; <a href=\"https:\/\/blogs.univ-jfc.fr\/campsdusudouest\/les-camps-et-leur-environnement\/les-humanitaires\/les-financements-des-oeuvres-juives\/les-eclaireurs-israelites-de-france-eif\/\">Lire la suite <span class=\"meta-nav\">&rarr;<\/span><\/a><\/p>\n","protected":false},"author":203,"featured_media":0,"parent":1077,"menu_order":0,"comment_status":"closed","ping_status":"open","template":"","meta":[],"_links":{"self":[{"href":"https:\/\/blogs.univ-jfc.fr\/campsdusudouest\/wp-json\/wp\/v2\/pages\/3042"}],"collection":[{"href":"https:\/\/blogs.univ-jfc.fr\/campsdusudouest\/wp-json\/wp\/v2\/pages"}],"about":[{"href":"https:\/\/blogs.univ-jfc.fr\/campsdusudouest\/wp-json\/wp\/v2\/types\/page"}],"author":[{"embeddable":true,"href":"https:\/\/blogs.univ-jfc.fr\/campsdusudouest\/wp-json\/wp\/v2\/users\/203"}],"replies":[{"embeddable":true,"href":"https:\/\/blogs.univ-jfc.fr\/campsdusudouest\/wp-json\/wp\/v2\/comments?post=3042"}],"version-history":[{"count":10,"href":"https:\/\/blogs.univ-jfc.fr\/campsdusudouest\/wp-json\/wp\/v2\/pages\/3042\/revisions"}],"predecessor-version":[{"id":4564,"href":"https:\/\/blogs.univ-jfc.fr\/campsdusudouest\/wp-json\/wp\/v2\/pages\/3042\/revisions\/4564"}],"up":[{"embeddable":true,"href":"https:\/\/blogs.univ-jfc.fr\/campsdusudouest\/wp-json\/wp\/v2\/pages\/1077"}],"wp:attachment":[{"href":"https:\/\/blogs.univ-jfc.fr\/campsdusudouest\/wp-json\/wp\/v2\/media?parent=3042"}],"curies":[{"name":"wp","href":"https:\/\/api.w.org\/{rel}","templated":true}]}}