{"id":307,"date":"2016-03-03T09:19:24","date_gmt":"2016-03-03T08:19:24","guid":{"rendered":"http:\/\/blogs.univ-jfc.fr\/campsdusudouest\/?page_id=307"},"modified":"2016-03-31T08:29:45","modified_gmt":"2016-03-31T07:29:45","slug":"les-aides-exterieures","status":"publish","type":"page","link":"https:\/\/blogs.univ-jfc.fr\/campsdusudouest\/agir-et-resister-dans-les-camps\/resistance-revoltes-et-evasions\/les-aides-exterieures\/","title":{"rendered":"Les aides ext\u00e9rieures"},"content":{"rendered":"<h2>Les organisations ext\u00e9rieures<\/h2>\n<div id=\"attachment_3285\" style=\"width: 310px\" class=\"wp-caption alignright\"><a href=\"http:\/\/blogs.univ-jfc.fr\/campsdusudouest\/wp-content\/uploads\/sites\/48\/2016\/03\/Croix-Rouge-Suisse.png\"><img aria-describedby=\"caption-attachment-3285\" loading=\"lazy\" class=\"size-medium wp-image-3285  \" title=\"Photographie prise sur le film &quot;Un \u00eelot dans la temp\u00eate&quot; de Neus Viala\" alt=\"\" src=\"http:\/\/blogs.univ-jfc.fr\/campsdusudouest\/wp-content\/uploads\/sites\/48\/2016\/03\/Croix-Rouge-Suisse-300x164.png\" width=\"300\" height=\"164\" srcset=\"https:\/\/blogs.univ-jfc.fr\/campsdusudouest\/wp-content\/uploads\/sites\/48\/2016\/03\/Croix-Rouge-Suisse-300x164.png 300w, https:\/\/blogs.univ-jfc.fr\/campsdusudouest\/wp-content\/uploads\/sites\/48\/2016\/03\/Croix-Rouge-Suisse-500x274.png 500w, https:\/\/blogs.univ-jfc.fr\/campsdusudouest\/wp-content\/uploads\/sites\/48\/2016\/03\/Croix-Rouge-Suisse.png 795w\" sizes=\"(max-width: 300px) 100vw, 300px\" \/><\/a><p id=\"caption-attachment-3285\" class=\"wp-caption-text\">La Croix-Rouge Suisse au ch\u00e2teau de la Hille<\/p><\/div>\n<p style=\"text-align: justify\">D\u00e8s les ann\u00e9es 1930, la mont\u00e9e du nazisme et les id\u00e9ologies fascistes en Europe alertent de nombreuses associations telles que la <a href=\"https:\/\/www.redcross.ch\/fr\/organisation\/l-histoire-de-la-crs\">Croix Rouge Suisse (C.R.S.)<\/a>, l&rsquo;<a href=\"http:\/\/www.ose-france.org\/categories\/quisommesnous\/notre-histoire\/\">\u0152uvre de Secours aux Enfants (O.S.E.)<\/a> et le Comit\u00e9 Inter Mouvements Aupr\u00e8s des \u00c9vacu\u00e9s (<a href=\"http:\/\/www.lacimade.org\/nous-connaitre\/histoire\/\">C.I.M.A.D.E.<\/a>) qui tentent de sensibiliser aux dangers de ces id\u00e9es extr\u00eames. Lorsque la Seconde Guerre mondiale \u00e9clate, ces associations envoient des b\u00e9n\u00e9voles aupr\u00e8s des intern\u00e9s afin d&rsquo;essayer d&rsquo;am\u00e9liorer leur situation. La Suisse se d\u00e9marque par le nombre important de ses \u0153uvres d&rsquo;entraide et de ses membres impliqu\u00e9s sur le territoire fran\u00e7ais.<\/p>\n<p style=\"text-align: justify\">Dans le Sud-Ouest, ces actions men\u00e9es au c\u0153ur du syst\u00e8me concentrationnaire, sont divis\u00e9es en deux p\u00e9riodes distinctes. Il y a clairement un avant et un apr\u00e8s 1942 (passage des forces allemandes en zone jusque l\u00e0 non occup\u00e9e). Elles prennent un tournant cons\u00e9quent en entrant dans une v\u00e9ritable forme de r\u00e9sistance. Les missions s&rsquo;opposent d\u00e9sormais plus fermement au r\u00e9gime nazi et vichyste qui r\u00e9gissent la France et que ces \u0153uvres condamnent. Les actions visant \u00e0 am\u00e9liorer les conditions au sein des camps sont maintenues mais le sauvetage comprenant essentiellement des enfants devient ill\u00e9gal et les organisations vont s&rsquo;unir pour organiser de v\u00e9ritables r\u00e9seaux d&rsquo;\u00e9vasion.<\/p>\n<div id=\"attachment_1602\" style=\"width: 310px\" class=\"wp-caption alignleft\"><a href=\"http:\/\/blogs.univ-jfc.fr\/campsdusudouest\/wp-content\/uploads\/sites\/48\/2016\/03\/R\u00e9sistance-Les-enfants-juifs-de-lHille-image-du-film.png\"><img aria-describedby=\"caption-attachment-1602\" loading=\"lazy\" class=\"size-medium wp-image-1602 \" title=\"Photographie des enfants juifs de la Hille prise sur le film &quot;Un \u00eelot dans la temp\u00eate&quot; de Neus Viala\" alt=\"\" src=\"http:\/\/blogs.univ-jfc.fr\/campsdusudouest\/wp-content\/uploads\/sites\/48\/2016\/03\/R\u00e9sistance-Les-enfants-juifs-de-lHille-image-du-film-300x182.png\" width=\"300\" height=\"182\" srcset=\"https:\/\/blogs.univ-jfc.fr\/campsdusudouest\/wp-content\/uploads\/sites\/48\/2016\/03\/R\u00e9sistance-Les-enfants-juifs-de-lHille-image-du-film-300x182.png 300w, https:\/\/blogs.univ-jfc.fr\/campsdusudouest\/wp-content\/uploads\/sites\/48\/2016\/03\/R\u00e9sistance-Les-enfants-juifs-de-lHille-image-du-film.png 481w\" sizes=\"(max-width: 300px) 100vw, 300px\" \/><\/a><p id=\"caption-attachment-1602\" class=\"wp-caption-text\">Les enfants juifs de la Hille<\/p><\/div>\n<p style=\"text-align: justify\">Pour sauver les enfants juifs de la Hille de la d\u00e9portation, le directeur du Secours aux enfants est all\u00e9 jusqu&rsquo;\u00e0 Vichy pour menacer le secr\u00e9taire g\u00e9n\u00e9rale du minist\u00e8re de l&rsquo;Int\u00e9rieur de renvoyer les enfants fran\u00e7ais prot\u00e9g\u00e9s en Suisse gr\u00e2ce \u00e0 la Croix-Rouge locale dans leur pays natal, s&rsquo;ils ne sont pas capables de prot\u00e9ger tous les enfants fran\u00e7ais. Finalement, le gouvernement r\u00e9agit. Pour autant, les survivants en sortent traumatis\u00e9s, comme nous pouvons le voir dans le documentaire de Neus Viala,<em> Un \u00eelot dans la temp\u00eate<\/em>\u00a0: \u00ab\u00a0La soupe \u00e9tait si d\u00e9gueulasse qu&rsquo;on a attrap\u00e9 la diarrh\u00e9e,\u00a0\u00bb se souvient Ruth Usrad, infirmi\u00e8re et \u00e9crivain isra\u00e9lienne. \u00ab\u00a0Le plus horrible, c&rsquo;\u00e9tait les latrines ouvertes aux regards de tous. Jamais je ne me suis sentie aussi mis\u00e9rable. Ni aussi seule. Quelques jours apr\u00e8s notre arriv\u00e9e, tous les Juifs ont \u00e9t\u00e9 d\u00e9port\u00e9s.\u00a0\u00bb En effet, en 1942, 558 Juifs intern\u00e9s au camp du Vernet ou rafl\u00e9s des communes de l\u2019Ari\u00e8ge ou du Gers sont d\u00e9port\u00e9s vers Auschwitz.<\/p>\n<p style=\"text-align: justify\">Les organisations ext\u00e9rieures sont donc des actrices majeures dans la r\u00e9sistance au m\u00eame titre que les intern\u00e9s eux-m\u00eames et parfois m\u00eame \u00e0 certains membres du personnel.<\/p>\n<h2 style=\"text-align: justify\" align=\"justify\"><span style=\"color: #000000\"><span style=\"font-family: Arial,serif\"><span style=\"font-size: medium\"><b>Le personnel dans les camps <\/b><\/span><\/span><\/span><\/h2>\n<p style=\"text-align: justify\">Lorsque l&rsquo;on parle de r\u00e9sistance \u00e0 l&rsquo;int\u00e9rieur des camps, on fait tout de suite r\u00e9f\u00e9rence aux victimes\u00a0: les intern\u00e9s. Pourtant, il n&rsquo;y a pas qu&rsquo;eux qui r\u00e9sistent. Leurs causes ont \u00e9t\u00e9 parfois soutenues par d&rsquo;autres, comme le personnel des camps. Dans celui de Saint-Sulpice, o\u00f9 sont intern\u00e9s les \u00ab\u00a0ind\u00e9sirables fran\u00e7ais\u00a0\u00bb, nous savons que le personnel (comprenant les gardes), transitent entre les camps. Certains sont \u00ab\u00a0complices\u00a0\u00bb de cette r\u00e9sistance et informent les intern\u00e9s des nouvelles ext\u00e9rieures. Parfois m\u00eame, ils aident certains intern\u00e9s \u00e0 s&rsquo;\u00e9vader du camp. Bien que ces r\u00e9sistances puissent para\u00eetre passives, elles ne le sont pas totalement et les r\u00e9percutions sont par ailleurs extr\u00eamement s\u00e9v\u00e8res. Les sanctions impos\u00e9es aux intern\u00e9s sont tellement brutales que le gouvernement a sanctionn\u00e9 le chef du camp qui a \u00e9t\u00e9 oblig\u00e9 de muter en 1942.<\/p>\n<p style=\"text-align: justify\">En transitant entre les camps, le personnel a aussi pu jouer le r\u00f4le de messager. En effet, la cr\u00e9ation de journaux \u00e0 l&rsquo;int\u00e9rieur des camps a r\u00e9ellement exist\u00e9 et bien qu&rsquo;il se soit souvent exerc\u00e9 une forte censure, il y a eu une transmission de ces journaux dans plusieurs camps diff\u00e9rents. Ainsi des hommes et des femmes, personnels ou intern\u00e9s en transit, font le voyage arm\u00e9s de leur petits bouts de papier. C&rsquo;est le cas de Julian Ramirez qui a pu faire passer ces informations entre les camps de Gurs et d&rsquo;Argel\u00e8s ou encore Bosh qui se dirige vers le camp d&rsquo;Agde (VILLEGAS et al, 1989, p. 133-140).<\/p>\n<h2 style=\"text-align: justify\" align=\"justify\"><\/h2>\n<h2 style=\"text-align: justify\" align=\"justify\"><\/h2>\n<h2 style=\"text-align: justify\" align=\"justify\"><span style=\"color: #000000\"><span style=\"font-family: Arial,serif\"><span style=\"font-size: medium\"><b>L&rsquo;\u00e9chec du syst\u00e8me concentrationnaire\u00a0?<\/b><\/span><\/span><\/span><\/h2>\n<p style=\"text-align: justify\">L&rsquo;id\u00e9e principale du syst\u00e8me est de \u00ab rassembler pour mieux surveiller \u00bb. Pour autant, on peut se demander si toutes les formes de r\u00e9sistances, d&rsquo;\u00e9vasions et de r\u00e9voltes ne mettent pas en \u00e9chec cette logique.<\/p>\n<div id=\"attachment_1594\" style=\"width: 310px\" class=\"wp-caption alignleft\"><a href=\"http:\/\/blogs.univ-jfc.fr\/campsdusudouest\/wp-content\/uploads\/sites\/48\/2016\/03\/R\u00e9sistance-Dessin-provenant-dun-carnet-anonyme-sur-le-camp-du-Vernet-dAri\u00e8ge.-Vision-1.jpg\"><img aria-describedby=\"caption-attachment-1594\" loading=\"lazy\" class=\"size-medium wp-image-1594 \" title=\"Dessin provenant d'un carnet anonyme sur le camp du Vernet d'Ari\u00e8ge, Mus\u00e9e du camp de concentration du Vernet d'Ari\u00e8ge\" alt=\"\" src=\"http:\/\/blogs.univ-jfc.fr\/campsdusudouest\/wp-content\/uploads\/sites\/48\/2016\/03\/R\u00e9sistance-Dessin-provenant-dun-carnet-anonyme-sur-le-camp-du-Vernet-dAri\u00e8ge.-Vision-1-300x228.jpg\" width=\"300\" height=\"228\" srcset=\"https:\/\/blogs.univ-jfc.fr\/campsdusudouest\/wp-content\/uploads\/sites\/48\/2016\/03\/R\u00e9sistance-Dessin-provenant-dun-carnet-anonyme-sur-le-camp-du-Vernet-dAri\u00e8ge.-Vision-1-300x228.jpg 300w, https:\/\/blogs.univ-jfc.fr\/campsdusudouest\/wp-content\/uploads\/sites\/48\/2016\/03\/R\u00e9sistance-Dessin-provenant-dun-carnet-anonyme-sur-le-camp-du-Vernet-dAri\u00e8ge.-Vision-1-1024x778.jpg 1024w, https:\/\/blogs.univ-jfc.fr\/campsdusudouest\/wp-content\/uploads\/sites\/48\/2016\/03\/R\u00e9sistance-Dessin-provenant-dun-carnet-anonyme-sur-le-camp-du-Vernet-dAri\u00e8ge.-Vision-1-394x300.jpg 394w, https:\/\/blogs.univ-jfc.fr\/campsdusudouest\/wp-content\/uploads\/sites\/48\/2016\/03\/R\u00e9sistance-Dessin-provenant-dun-carnet-anonyme-sur-le-camp-du-Vernet-dAri\u00e8ge.-Vision-1.jpg 1280w\" sizes=\"(max-width: 300px) 100vw, 300px\" \/><\/a><p id=\"caption-attachment-1594\" class=\"wp-caption-text\">\u00ab\u00a0Vernet, vu par le Gouvernement\u00a0\u00bb<\/p><\/div>\n<div id=\"attachment_1596\" style=\"width: 310px\" class=\"wp-caption alignright\"><a href=\"http:\/\/blogs.univ-jfc.fr\/campsdusudouest\/wp-content\/uploads\/sites\/48\/2016\/03\/R\u00e9sistance-Dessin-provenant-dun-carnet-anonyme-sur-le-camp-du-Vernet-dAri\u00e8ge.-Vision-2.jpg\"><img aria-describedby=\"caption-attachment-1596\" loading=\"lazy\" class=\"size-medium wp-image-1596 \" title=\"Dessin provenant d'un carnet anonyme sur le camp du Vernet d'Ari\u00e8ge, Mus\u00e9e du camp de concentration du Vernet d'Ari\u00e8ge\" alt=\"\" src=\"http:\/\/blogs.univ-jfc.fr\/campsdusudouest\/wp-content\/uploads\/sites\/48\/2016\/03\/R\u00e9sistance-Dessin-provenant-dun-carnet-anonyme-sur-le-camp-du-Vernet-dAri\u00e8ge.-Vision-2-300x229.jpg\" width=\"300\" height=\"229\" srcset=\"https:\/\/blogs.univ-jfc.fr\/campsdusudouest\/wp-content\/uploads\/sites\/48\/2016\/03\/R\u00e9sistance-Dessin-provenant-dun-carnet-anonyme-sur-le-camp-du-Vernet-dAri\u00e8ge.-Vision-2-300x229.jpg 300w, https:\/\/blogs.univ-jfc.fr\/campsdusudouest\/wp-content\/uploads\/sites\/48\/2016\/03\/R\u00e9sistance-Dessin-provenant-dun-carnet-anonyme-sur-le-camp-du-Vernet-dAri\u00e8ge.-Vision-2-1024x783.jpg 1024w, https:\/\/blogs.univ-jfc.fr\/campsdusudouest\/wp-content\/uploads\/sites\/48\/2016\/03\/R\u00e9sistance-Dessin-provenant-dun-carnet-anonyme-sur-le-camp-du-Vernet-dAri\u00e8ge.-Vision-2-392x300.jpg 392w, https:\/\/blogs.univ-jfc.fr\/campsdusudouest\/wp-content\/uploads\/sites\/48\/2016\/03\/R\u00e9sistance-Dessin-provenant-dun-carnet-anonyme-sur-le-camp-du-Vernet-dAri\u00e8ge.-Vision-2.jpg 1280w\" sizes=\"(max-width: 300px) 100vw, 300px\" \/><\/a><p id=\"caption-attachment-1596\" class=\"wp-caption-text\">\u00ab\u00a0Vernet et raisons d&rsquo;internement, vus par les familles\u00a0\u00bb<\/p><\/div>\n<p style=\"text-align: justify\">Alors que les camps les plus r\u00e9pressifs sont les camps de Brens, du Vernet, et de Saint-Sulpice, se sont \u00e9galement ceux o\u00f9 l&rsquo;on recense des cas de r\u00e9voltes importantes. La solidarit\u00e9, pr\u00e9sente \u00e0 Gurs, est \u00e9galement une forme de r\u00e9sistance non n\u00e9gligeable qui met en \u00e9chec cette volont\u00e9 d&rsquo;isoler les intern\u00e9s. Finalement, on s&rsquo;aper\u00e7oit que les diff\u00e9rentes luttes des intern\u00e9s ont pour but d&rsquo;am\u00e9liorer leurs conditions de vie,\u00a0tr\u00e8s pr\u00e9caires, malgr\u00e9 les rapports positifs des inspecteurs des camps.<\/p>\n<p style=\"text-align: justify\">De plus, une part non n\u00e9gligeable des \u00e9vad\u00e9s, parfois aid\u00e9s du personnel et des organismes \u00e9trangers, s&rsquo;engagent dans la r\u00e9sistance fran\u00e7aise contre le gouvernement p\u00e9tainiste. Ces r\u00e9sistances et r\u00e9voltes montrent ainsi l&rsquo;incapacit\u00e9 du gouvernement \u00e0 contr\u00f4ler une population mettant en \u00e9chec l&rsquo;id\u00e9e du syst\u00e8me concentrationnaire mis en place.<\/p>\n<p style=\"text-align: justify\">Enfermer des gens n&rsquo;est donc pas une solution pour mieux contr\u00f4ler les populations ind\u00e9sirables. Cependant, le syst\u00e8me concentrationnaire n&rsquo;a pas \u00e9t\u00e9 un \u00e9chec total au vu du bilan des morts et des d\u00e9port\u00e9s durant la Seconde Guerre mondiale.<\/p>\n","protected":false},"excerpt":{"rendered":"<p>Les organisations ext\u00e9rieures D\u00e8s les ann\u00e9es 1930, la mont\u00e9e du nazisme et les id\u00e9ologies fascistes en Europe alertent de nombreuses associations telles que la Croix Rouge Suisse (C.R.S.), l&rsquo;\u0152uvre de Secours aux Enfants (O.S.E.) et le Comit\u00e9 Inter Mouvements Aupr\u00e8s &hellip; <a href=\"https:\/\/blogs.univ-jfc.fr\/campsdusudouest\/agir-et-resister-dans-les-camps\/resistance-revoltes-et-evasions\/les-aides-exterieures\/\">Lire la suite <span class=\"meta-nav\">&rarr;<\/span><\/a><\/p>\n","protected":false},"author":129,"featured_media":0,"parent":84,"menu_order":1,"comment_status":"closed","ping_status":"open","template":"","meta":[],"_links":{"self":[{"href":"https:\/\/blogs.univ-jfc.fr\/campsdusudouest\/wp-json\/wp\/v2\/pages\/307"}],"collection":[{"href":"https:\/\/blogs.univ-jfc.fr\/campsdusudouest\/wp-json\/wp\/v2\/pages"}],"about":[{"href":"https:\/\/blogs.univ-jfc.fr\/campsdusudouest\/wp-json\/wp\/v2\/types\/page"}],"author":[{"embeddable":true,"href":"https:\/\/blogs.univ-jfc.fr\/campsdusudouest\/wp-json\/wp\/v2\/users\/129"}],"replies":[{"embeddable":true,"href":"https:\/\/blogs.univ-jfc.fr\/campsdusudouest\/wp-json\/wp\/v2\/comments?post=307"}],"version-history":[{"count":28,"href":"https:\/\/blogs.univ-jfc.fr\/campsdusudouest\/wp-json\/wp\/v2\/pages\/307\/revisions"}],"predecessor-version":[{"id":4005,"href":"https:\/\/blogs.univ-jfc.fr\/campsdusudouest\/wp-json\/wp\/v2\/pages\/307\/revisions\/4005"}],"up":[{"embeddable":true,"href":"https:\/\/blogs.univ-jfc.fr\/campsdusudouest\/wp-json\/wp\/v2\/pages\/84"}],"wp:attachment":[{"href":"https:\/\/blogs.univ-jfc.fr\/campsdusudouest\/wp-json\/wp\/v2\/media?parent=307"}],"curies":[{"name":"wp","href":"https:\/\/api.w.org\/{rel}","templated":true}]}}