{"id":3123,"date":"2016-03-24T11:46:58","date_gmt":"2016-03-24T10:46:58","guid":{"rendered":"http:\/\/blogs.univ-jfc.fr\/campsdusudouest\/?page_id=3123"},"modified":"2016-03-31T08:14:34","modified_gmt":"2016-03-31T07:14:34","slug":"quelques-oeuvres-dassistance-dans-les-camps-dinternement","status":"publish","type":"page","link":"https:\/\/blogs.univ-jfc.fr\/campsdusudouest\/vivre-dans-les-camps\/la-vie-culturelle-dans-les-camps\/le-developpement-des-cultures-dans-ce-milieu-precaire-2\/quelques-oeuvres-dassistance-dans-les-camps-dinternement\/","title":{"rendered":"Quelques oeuvres d&rsquo;assistance dans les camps d&rsquo;internement"},"content":{"rendered":"<div style=\"text-align: justify\">\n<div>\n<div>\n<div>\n<div><strong>OSE : Oeuvre de Secours aux Enfants ;<\/strong> du personnel venant de l&rsquo;ext\u00e9rieur vient au camp dans le but de divertir les enfants, mais aussi pour les \u00e9duquer. A Rivesaltes, les membres de l&rsquo;OSE apprenaient aux enfants \u00e0 jouer aux \u00e9checs, afin de d\u00e9velopper leur sens de la logique.<\/div>\n<div><\/div>\n<div><\/div>\n<div><strong>CIMADE : Comit\u00e9 Inter-Mouvements Aupr\u00e8s des Evacu\u00e9s ; <\/strong>ce mouvement d&rsquo;origine protestante entre dans les camps d&rsquo;internement et offre son aide mat\u00e9rielle ainsi qu&rsquo;un soutien psychologique aux intern\u00e9s qui le demandent. Il est \u00e9galement pr\u00e9sent au niveau spirituel, permettant le culte et l&rsquo;aide au d\u00e9veloppement de la culture.<\/div>\n<p>&nbsp;<\/p>\n<p><strong>USC :<\/strong> <strong>Unitarian Service Committee<\/strong> <strong>;<\/strong> fond\u00e9e en 1940, cette organisation internationale qui cherche \u00e0 d\u00e9fendre les droits humains facilite l&rsquo;entr\u00e9e dans le camp de denr\u00e9es telles que le lait pour les enfants. A certains endroits, des s\u00e9ances de guignol sont \u00e9galement propos\u00e9es. Elle parvient \u00e0 faire sortir des camps d&rsquo;internement quelques dizaines d&rsquo;enfants et un petit nombre d&rsquo;adultes, dont le po\u00e8te autrichien Franz Werfel.<\/p>\n<p><strong>Les Quakers ou service Quaker :<\/strong> de nationalit\u00e9 am\u00e9ricaine, cette oeuvre d&rsquo;assistance est l&rsquo;une de celles qui mettent en place des cours. Les projets qu&rsquo;elle soutient ouvrent des possibilit\u00e9s scolaires et \u00e9ducatives pour les enfants intern\u00e9s dans les camps, notamment dans le Tarn-et-Garonne. Des cours d&rsquo;espagnol et de fran\u00e7ais sont propos\u00e9s, afin de conna\u00eetre la culture de son pays d&rsquo;origine mais \u00e9galement de pouvoir s&rsquo;int\u00e9grer dans son pays d&rsquo;accueil.<\/p>\n<p style=\"text-align: justify\">L&rsquo;action commune de ces associations a des r\u00e9sultats concrets, comme par exemple au camp de Rivesaltes o\u00f9 trois foyers sont institu\u00e9s. Ils permettent aux enfants d&rsquo;avoir acc\u00e8s \u00e0 quelques jouets, \u00e0 des v\u00eatements mais aussi \u00e0 environ quatre cent livres venus de l&rsquo;ext\u00e9rieur. Cependant, parmi les sept cents tables d&rsquo;\u00e9coliers pr\u00e9vues \u00e0 l&rsquo;origine pour le camp, seulement deux cents y sont parvenues, nous faisant relativiser la force de ces \u0153uvres.<\/p>\n<\/div>\n<\/div>\n<\/div>\n<\/div>\n","protected":false},"excerpt":{"rendered":"<p>OSE : Oeuvre de Secours aux Enfants ; du personnel venant de l&rsquo;ext\u00e9rieur vient au camp dans le but de divertir les enfants, mais aussi pour les \u00e9duquer. A Rivesaltes, les membres de l&rsquo;OSE apprenaient aux enfants \u00e0 jouer aux &hellip; <a href=\"https:\/\/blogs.univ-jfc.fr\/campsdusudouest\/vivre-dans-les-camps\/la-vie-culturelle-dans-les-camps\/le-developpement-des-cultures-dans-ce-milieu-precaire-2\/quelques-oeuvres-dassistance-dans-les-camps-dinternement\/\">Lire la suite <span class=\"meta-nav\">&rarr;<\/span><\/a><\/p>\n","protected":false},"author":156,"featured_media":0,"parent":304,"menu_order":0,"comment_status":"closed","ping_status":"open","template":"","meta":[],"_links":{"self":[{"href":"https:\/\/blogs.univ-jfc.fr\/campsdusudouest\/wp-json\/wp\/v2\/pages\/3123"}],"collection":[{"href":"https:\/\/blogs.univ-jfc.fr\/campsdusudouest\/wp-json\/wp\/v2\/pages"}],"about":[{"href":"https:\/\/blogs.univ-jfc.fr\/campsdusudouest\/wp-json\/wp\/v2\/types\/page"}],"author":[{"embeddable":true,"href":"https:\/\/blogs.univ-jfc.fr\/campsdusudouest\/wp-json\/wp\/v2\/users\/156"}],"replies":[{"embeddable":true,"href":"https:\/\/blogs.univ-jfc.fr\/campsdusudouest\/wp-json\/wp\/v2\/comments?post=3123"}],"version-history":[{"count":11,"href":"https:\/\/blogs.univ-jfc.fr\/campsdusudouest\/wp-json\/wp\/v2\/pages\/3123\/revisions"}],"predecessor-version":[{"id":3908,"href":"https:\/\/blogs.univ-jfc.fr\/campsdusudouest\/wp-json\/wp\/v2\/pages\/3123\/revisions\/3908"}],"up":[{"embeddable":true,"href":"https:\/\/blogs.univ-jfc.fr\/campsdusudouest\/wp-json\/wp\/v2\/pages\/304"}],"wp:attachment":[{"href":"https:\/\/blogs.univ-jfc.fr\/campsdusudouest\/wp-json\/wp\/v2\/media?parent=3123"}],"curies":[{"name":"wp","href":"https:\/\/api.w.org\/{rel}","templated":true}]}}