{"id":3163,"date":"2016-03-24T12:25:37","date_gmt":"2016-03-24T11:25:37","guid":{"rendered":"http:\/\/blogs.univ-jfc.fr\/campsdusudouest\/?page_id=3163"},"modified":"2016-04-02T14:09:42","modified_gmt":"2016-04-02T13:09:42","slug":"larchitecture-du-memorial-de-rivesaltes-au-service-de-la-promulgation-du-devoir-de-memoire","status":"publish","type":"page","link":"https:\/\/blogs.univ-jfc.fr\/campsdusudouest\/1945-et-apres\/devoir-de-memoire\/le-devoir-de-memoire-levolution-du-concept-de-son-emergence-a-nos-jours\/larchitecture-du-memorial-de-rivesaltes-au-service-de-la-promulgation-du-devoir-de-memoire\/","title":{"rendered":"L&rsquo;architecture du m\u00e9morial de Rivesaltes au service de la promulgation du devoir de m\u00e9moire"},"content":{"rendered":"<p style=\"text-align: justify\"><span style=\"font-family: Arial, sans-serif\">Le m\u00e9morial de Rivesaltes a \u00e9t\u00e9 imagin\u00e9 par l&rsquo;architecte Rudy Ricciotti et le cabinet Passelac &amp; Rocques qui ont remport\u00e9 en 2005, le concours de ma\u00eetrise d\u2019\u0153uvre. Le conseil g\u00e9n\u00e9ral a en 2005, achet\u00e9 les 42 hectares qui composent l\u2019\u00eelot F et en 2011, a d\u00e9l\u00e9gu\u00e9 la ma\u00eetrise d&rsquo;ouvrage \u00e0 la r\u00e9gion Languedoc-Roussillon. Le m\u00e9morial est finalement inaugur\u00e9 le 16 octobre 2015 en la pr\u00e9sence du Premier ministre Manuel Valls. <\/span><\/p>\n<p style=\"text-align: justify\"><span style=\"font-family: Arial, sans-serif\">Comment cette \u0153uvre architecturale met-elle en lumi\u00e8re la m\u00e9moire et comment l&rsquo;a fait-elle vivre? Cette question met en avant l&rsquo;id\u00e9e de Pierre Nora : celle d&rsquo;une promulgation de la m\u00e9moire au travers d&rsquo;un lieu\u00a0: ici un b\u00e2timent. L\u2019\u0153uvre de Ricciotti a \u00e9t\u00e9 b\u00e2tie sur l&rsquo;ancienne place o\u00f9 avait lieu l&rsquo;appel et le rassemblement des d\u00e9tenus. La construction du m\u00e9morial n&rsquo;a donc pas n\u00e9cessit\u00e9 la destruction des restes du camp (d&rsquo;anciennes baraques entre autre) pour voir le jour. Au contraire, il s&rsquo;int\u00e8gre dans ce d\u00e9cor et a \u00e9t\u00e9 \u00e9labor\u00e9 de sorte \u00e0 ne pas \u00eatre omnipr\u00e9sent. <\/span><\/p>\n<div id=\"attachment_3391\" style=\"width: 310px\" class=\"wp-caption alignleft\"><a href=\"http:\/\/blogs.univ-jfc.fr\/campsdusudouest\/wp-content\/uploads\/sites\/48\/2016\/03\/750_memorial-rivesaltes_-m-hedelin-region-languedoc-roussillon-tt-width-604-height-403-crop-0-bgcolor-000000-nozoom_default-1-lazyload-0.jpg\"><img aria-describedby=\"caption-attachment-3391\" loading=\"lazy\" class=\"size-medium wp-image-3391 \" title=\"Le M\u00e9morial du camp de Rivesaltes\" alt=\"750_memorial-rivesaltes_-m-hedelin-region-languedoc-roussillon-tt-width-604-height-403-crop-0-bgcolor-000000-nozoom_default-1-lazyload-0\" src=\"http:\/\/blogs.univ-jfc.fr\/campsdusudouest\/wp-content\/uploads\/sites\/48\/2016\/03\/750_memorial-rivesaltes_-m-hedelin-region-languedoc-roussillon-tt-width-604-height-403-crop-0-bgcolor-000000-nozoom_default-1-lazyload-0-300x200.jpg\" width=\"300\" height=\"200\" srcset=\"https:\/\/blogs.univ-jfc.fr\/campsdusudouest\/wp-content\/uploads\/sites\/48\/2016\/03\/750_memorial-rivesaltes_-m-hedelin-region-languedoc-roussillon-tt-width-604-height-403-crop-0-bgcolor-000000-nozoom_default-1-lazyload-0-300x200.jpg 300w, https:\/\/blogs.univ-jfc.fr\/campsdusudouest\/wp-content\/uploads\/sites\/48\/2016\/03\/750_memorial-rivesaltes_-m-hedelin-region-languedoc-roussillon-tt-width-604-height-403-crop-0-bgcolor-000000-nozoom_default-1-lazyload-0-449x300.jpg 449w, https:\/\/blogs.univ-jfc.fr\/campsdusudouest\/wp-content\/uploads\/sites\/48\/2016\/03\/750_memorial-rivesaltes_-m-hedelin-region-languedoc-roussillon-tt-width-604-height-403-crop-0-bgcolor-000000-nozoom_default-1-lazyload-0.jpg 604w\" sizes=\"(max-width: 300px) 100vw, 300px\" \/><\/a><p id=\"caption-attachment-3391\" class=\"wp-caption-text\">Un parall\u00e9l\u00e9pip\u00e8de en b\u00e9ton brut de 250m de long et de 25m de large<\/p><\/div>\n<p style=\"text-align: justify\"><span style=\"font-family: Arial, sans-serif\">Le m\u00e9morial est un parall\u00e9l\u00e9pip\u00e8de en b\u00e9ton brut de 250m de long et de 25m de large.<b> <\/b>La g\u00e9om\u00e9trie du b\u00e2timent rappelle l&rsquo;organisation lin\u00e9aire<b> <\/b>qui caract\u00e9rise le camp.<b> <\/b>On peut \u00e9galement penser que cette rigueur dans la forme mais aussi dans les mat\u00e9riaux utilis\u00e9s peuvent retranscrire la duret\u00e9 du climat (sec et chaud en \u00e9t\u00e9 et froid en hiver). Aussi, la couleur ocre du m\u00e9morial rappelle le paysage. Les mots de l&rsquo;architecte \u00ab\u00a0comme pour s&rsquo;excuser d&rsquo;\u00eatre l\u00e0\u00a0\u00bb montre bien cette volont\u00e9 de pr\u00e9server le cadre dans lequel s&rsquo;inscrit le m\u00e9morial. Le b\u00e2timent est en parti enterr\u00e9 et sort progressivement de terre pour atteindre une hauteur maximale de 4 m\u00e8tres, d\u00e9notant ainsi, une fois de plus, la volont\u00e9 de respecter l&rsquo; environnement dans lequel le b\u00e2timent s&rsquo;inscrit.<\/span><\/p>\n<div id=\"attachment_4354\" style=\"width: 310px\" class=\"wp-caption alignright\"><a href=\"http:\/\/www.lesinrocks.com\/2015\/10\/16\/actualite\/inauguration-du-memorial-de-rivesaltes-une-oeuvre-de-resistance-a-loubli-11781820\/\"><img aria-describedby=\"caption-attachment-4354\" loading=\"lazy\" class=\"size-medium wp-image-4354 \" title=\"Anciennes baraques \" alt=\"753_memorial-rivesaltes_-m-hedelin-region-languedoc-roussillon\" src=\"http:\/\/blogs.univ-jfc.fr\/campsdusudouest\/wp-content\/uploads\/sites\/48\/2016\/03\/753_memorial-rivesaltes_-m-hedelin-region-languedoc-roussillon-300x175.jpg\" width=\"300\" height=\"175\" srcset=\"https:\/\/blogs.univ-jfc.fr\/campsdusudouest\/wp-content\/uploads\/sites\/48\/2016\/03\/753_memorial-rivesaltes_-m-hedelin-region-languedoc-roussillon-300x175.jpg 300w, https:\/\/blogs.univ-jfc.fr\/campsdusudouest\/wp-content\/uploads\/sites\/48\/2016\/03\/753_memorial-rivesaltes_-m-hedelin-region-languedoc-roussillon.jpg 480w\" sizes=\"(max-width: 300px) 100vw, 300px\" \/><\/a><p id=\"caption-attachment-4354\" class=\"wp-caption-text\">Vestiges du camp de Rivesaltes<\/p><\/div>\n<p style=\"text-align: justify\"><span style=\"font-family: Arial, sans-serif\">De plus, l&rsquo;\u0153uvre de Ricciotti est compos\u00e9e de deux salles d&rsquo;exposition, une permanente, l&rsquo;autre temporaire. Au niveau de ces salles, la p\u00e9nombre r\u00e8gne contrastant ainsi avec les salles de d\u00e9tente, de travail ou encore \u00e0 l&rsquo;accueil, qui elles, sont baign\u00e9es dans la lumi\u00e8re naturelle issue des puits de lumi\u00e8re. Dans la salle d&rsquo;exposition permanente, des vitrines horizontales exposent la vie des intern\u00e9s \u00e0 Rivesaltes et retracent leurs souvenirs. Sur les c\u00f4t\u00e9s de cette vaste salle, des bornes d&rsquo;\u00e9coutes ont \u00e9t\u00e9 mises en place pour d\u00e9livrer aux visiteurs des t\u00e9moignages d&rsquo;anciens d\u00e9tenus ou de b\u00e9n\u00e9voles d&rsquo;associations.<\/span><\/p>\n<div id=\"attachment_3395\" style=\"width: 310px\" class=\"wp-caption aligncenter\"><a href=\"http:\/\/images.google.fr\/imgres?imgurl=http%3A%2F%2Fwww.laregion.fr%2Fuploads%2FImage%2F79%2FIMF_ACTUALITEACCUEIL%2FGAB_CRLR%2F5785_085_LSV151018-Memorial-du-camp-de-Rivesaltes-048.jpg&amp;imgrefurl=http%3A%2F%2Fwww.laregion.fr%2Factualite%2F655%2F44-de-nouvelles-expositions-a-decouvrir-dans-la-region.htm&amp;h=380&amp;w=570&amp;tbnid=VRpzNUu2TWAh-M%3A&amp;docid=m9PBpIvDsddhYM&amp;ei=V8T_Vq3wM4mzaYPatLgI&amp;tbm=isch&amp;iact=rc&amp;uact=3&amp;dur=591&amp;page=2&amp;start=17&amp;ndsp=20&amp;ved=0ahUKEwjt99WNg_DLAhWJWRoKHQMtDYcQMwhUKBkwGQ\"><img aria-describedby=\"caption-attachment-3395\" loading=\"lazy\" class=\"size-medium wp-image-3395  \" title=\"Salle d'exposition permanente\" alt=\"5785_085_LSV151018-Memorial-du-camp-de-Rivesaltes-048\" src=\"http:\/\/blogs.univ-jfc.fr\/campsdusudouest\/wp-content\/uploads\/sites\/48\/2016\/03\/5785_085_LSV151018-Memorial-du-camp-de-Rivesaltes-048-300x200.jpg\" width=\"300\" height=\"200\" srcset=\"https:\/\/blogs.univ-jfc.fr\/campsdusudouest\/wp-content\/uploads\/sites\/48\/2016\/03\/5785_085_LSV151018-Memorial-du-camp-de-Rivesaltes-048-300x200.jpg 300w, https:\/\/blogs.univ-jfc.fr\/campsdusudouest\/wp-content\/uploads\/sites\/48\/2016\/03\/5785_085_LSV151018-Memorial-du-camp-de-Rivesaltes-048-450x300.jpg 450w, https:\/\/blogs.univ-jfc.fr\/campsdusudouest\/wp-content\/uploads\/sites\/48\/2016\/03\/5785_085_LSV151018-Memorial-du-camp-de-Rivesaltes-048.jpg 570w\" sizes=\"(max-width: 300px) 100vw, 300px\" \/><\/a><p id=\"caption-attachment-3395\" class=\"wp-caption-text\">Une salle obscure dans laquelle les visiteurs peuvent se plonger dans le pass\u00e9 de Rivesaltes<\/p><\/div>\n<p style=\"text-align: justify\"><span style=\"font-family: Arial, sans-serif\">Pour beaucoup, le m\u00e9morial est une \u00ab\u00a0\u0153uvre de r\u00e9sistance contre l&rsquo;oubli\u00a0\u00bb qui permet ainsi de faire perdurer la m\u00e9moire tout en respectant le cadre historique dans lequel il s&rsquo;inscrit. L&rsquo;architecture permet de transposer une atmosph\u00e8re, dans le cas de Rivesaltes, l&rsquo;enfermement. L&rsquo;architecture qui \u00ab\u00a0contient\u00a0\u00bb en son sein la m\u00e9moire, peut mettre les visiteurs dans des pr\u00e9dispositions particuli\u00e8res en vue de r\u00e9veiller leurs \u00e9motions et ainsi de les marquer plus profond\u00e9ment. A premi\u00e8re vue, secondaire, l&rsquo;architecture appara\u00eet alors comme un vecteur important dans la promulgation de la m\u00e9moire.<\/span><\/p>\n","protected":false},"excerpt":{"rendered":"<p>Le m\u00e9morial de Rivesaltes a \u00e9t\u00e9 imagin\u00e9 par l&rsquo;architecte Rudy Ricciotti et le cabinet Passelac &amp; Rocques qui ont remport\u00e9 en 2005, le concours de ma\u00eetrise d\u2019\u0153uvre. Le conseil g\u00e9n\u00e9ral a en 2005, achet\u00e9 les 42 hectares qui composent l\u2019\u00eelot &hellip; <a href=\"https:\/\/blogs.univ-jfc.fr\/campsdusudouest\/1945-et-apres\/devoir-de-memoire\/le-devoir-de-memoire-levolution-du-concept-de-son-emergence-a-nos-jours\/larchitecture-du-memorial-de-rivesaltes-au-service-de-la-promulgation-du-devoir-de-memoire\/\">Lire la suite <span class=\"meta-nav\">&rarr;<\/span><\/a><\/p>\n","protected":false},"author":123,"featured_media":0,"parent":683,"menu_order":0,"comment_status":"closed","ping_status":"open","template":"","meta":[],"_links":{"self":[{"href":"https:\/\/blogs.univ-jfc.fr\/campsdusudouest\/wp-json\/wp\/v2\/pages\/3163"}],"collection":[{"href":"https:\/\/blogs.univ-jfc.fr\/campsdusudouest\/wp-json\/wp\/v2\/pages"}],"about":[{"href":"https:\/\/blogs.univ-jfc.fr\/campsdusudouest\/wp-json\/wp\/v2\/types\/page"}],"author":[{"embeddable":true,"href":"https:\/\/blogs.univ-jfc.fr\/campsdusudouest\/wp-json\/wp\/v2\/users\/123"}],"replies":[{"embeddable":true,"href":"https:\/\/blogs.univ-jfc.fr\/campsdusudouest\/wp-json\/wp\/v2\/comments?post=3163"}],"version-history":[{"count":9,"href":"https:\/\/blogs.univ-jfc.fr\/campsdusudouest\/wp-json\/wp\/v2\/pages\/3163\/revisions"}],"predecessor-version":[{"id":4355,"href":"https:\/\/blogs.univ-jfc.fr\/campsdusudouest\/wp-json\/wp\/v2\/pages\/3163\/revisions\/4355"}],"up":[{"embeddable":true,"href":"https:\/\/blogs.univ-jfc.fr\/campsdusudouest\/wp-json\/wp\/v2\/pages\/683"}],"wp:attachment":[{"href":"https:\/\/blogs.univ-jfc.fr\/campsdusudouest\/wp-json\/wp\/v2\/media?parent=3163"}],"curies":[{"name":"wp","href":"https:\/\/api.w.org\/{rel}","templated":true}]}}