{"id":3267,"date":"2016-03-26T17:46:53","date_gmt":"2016-03-26T16:46:53","guid":{"rendered":"http:\/\/blogs.univ-jfc.fr\/campsdusudouest\/?page_id=3267"},"modified":"2016-03-28T14:05:56","modified_gmt":"2016-03-28T13:05:56","slug":"lexique","status":"publish","type":"page","link":"https:\/\/blogs.univ-jfc.fr\/campsdusudouest\/1945-et-apres\/devoir-de-memoire\/lexique\/","title":{"rendered":"Lexique"},"content":{"rendered":"<p align=\"JUSTIFY\"><span style=\"color: #333333\"><span style=\"font-family: 'Helvetica Neue', Helvetica, Arial, sans-serif\"><span><strong>Henry Rousso<\/strong> : historien fran\u00e7ais n\u00e9 en 1954. Il est un sp\u00e9cialiste du XXe si\u00e8cle, et plus particuli\u00e8rement de la Seconde Guerre mondiale. Il est \u00e0 l&rsquo;origine de la notion de \u00ab\u00a0r\u00e9sistancialisme\u00a0\u00bb. Parmi ses plus c\u00e9l\u00e8bres ouvrages, figurent\u00a0<\/span><\/span><\/span><span style=\"color: #333333\"><span style=\"font-family: 'Helvetica Neue', Helvetica, Arial, sans-serif\"><span><i>Un ch\u00e2teau en Allemagne\u00a0: Sigmaringen, 1944-1955, <\/i><\/span><\/span><\/span><span style=\"color: #333333\"><span style=\"font-family: 'Helvetica Neue', Helvetica, Arial, sans-serif\"><span>publi\u00e9 en 1980 et <\/span><\/span><\/span><span style=\"color: #333333\"><span style=\"font-family: 'Helvetica Neue', Helvetica, Arial, sans-serif\"><span><i>Le Syndrome de Vichy <\/i><\/span><\/span><\/span><span style=\"color: #333333\"><span style=\"font-family: 'Helvetica Neue', Helvetica, Arial, sans-serif\"><span>publi\u00e9 en 1987.<\/span><\/span><\/span><\/p>\n<p align=\"JUSTIFY\"><span style=\"color: #333333\"><span><strong>R\u00e9sistancialisme<\/strong>\u00a0: le r\u00e9sistancialisme est un terme cr\u00e9e par l&rsquo;historien Henri Rousso en 1987 mais qui fut employ\u00e9 ant\u00e9rieurement. Il d\u00e9signe le mythe d\u00e9velopp\u00e9 par les gaullistes et les communistes \u00e0 la Lib\u00e9ration, selon lequel les Fran\u00e7ais auraient unanimement particip\u00e9 \u00e0 la R\u00e9sistance durant la Seconde Guerre mondiale. Le mythe r\u00e9sistancialiste a \u00e9t\u00e9 largement valoris\u00e9 par le g\u00e9n\u00e9ral de Gaulle dans un but d&rsquo;unifier la nation fran\u00e7aise.<\/span><\/span><\/p>\n<p align=\"JUSTIFY\"><span style=\"color: #333333\"><span><strong>Comportement attentiste<\/strong>\u00a0: expression d\u00e9signant une attitude passive des Fran\u00e7ais et des dirigeants politiques face \u00e0 l&rsquo;ennemi nazi. L&rsquo;attentisme n&rsquo;est cependant pas synonyme de collaboration.<\/span><\/span><\/p>\n<p align=\"JUSTIFY\"><span style=\"color: #333333\"><span><strong>\u00c9puration<\/strong>\u00a0: ph\u00e9nom\u00e8ne visant \u00e0 la Lib\u00e9ration \u00e0 punir les personnes ayant collabor\u00e9 avec l&rsquo;ennemi nazi. L&rsquo;\u00e9puration fut dans un premier temps, exerc\u00e9e par la population elle-m\u00eame, ce qui se traduisit par des vengeances personnelles et des r\u00e8glements de comptes.. Mais l\u2019\u00c9tat constatant les d\u00e9rives, reprit l&rsquo;\u00e9puration en main\u00a0: celle-ci fut d\u00e9sormais encadr\u00e9e par la justice et les tribunaux.<\/span><\/span><\/p>\n<p align=\"JUSTIFY\"><span style=\"color: #333333\"><span><strong>Holocauste<\/strong>\u00a0: le terme est, apr\u00e8s la Seconde Guerre mondiale, utilis\u00e9 pour qualifier le massacre des Juifs par l&rsquo;Allemagne nazie. Cependant, l&rsquo;holocauste d\u00e9signe dans la tradition juive le sacrifice par le feu d&rsquo;un animal. C&rsquo;est pourquoi, les Juifs pr\u00e9f\u00e8rent employer le terme de \u00ab\u00a0Shoah\u00a0\u00bb pour aborder le g\u00e9nocide juif.<\/span><\/span><\/p>\n<p align=\"JUSTIFY\"><span style=\"color: #333333\"><span><strong>B\u00e9ate Klarsfeld<\/strong>\u00a0: militante anti-nazie germano-isra\u00e9lienne n\u00e9e en 1939 \u00e0 Berlin. Elle porta son engagement contre les anciens nazis rest\u00e9s au pouvoir en Allemagne apr\u00e8s la guerre, ce qui lui valut le surnom de \u00ab\u00a0chasseuse de nazis\u00a0\u00bb ainsi qu&rsquo;\u00e0 son mari et avocat, Serge Klarsfeld. Elle est notamment c\u00e9l\u00e8bre pour avoir, au cours d&rsquo;une r\u00e9union, gifl\u00e9 le chancelier de l&rsquo;Allemagne f\u00e9d\u00e9rale Kurt Georg Kiesinger en 1968, qu&rsquo;elle accusa d&rsquo;ancien nazi. Elle a travaill\u00e9 et travaille toujours pour perp\u00e9tuer la m\u00e9moire de la Shoah. Elle est faite Chevalier de la L\u00e9gion d&rsquo;honneur en 1984 et Officier de la L\u00e9gion d&rsquo;honneur en 2007.<\/span><\/span><\/p>\n<p align=\"JUSTIFY\"><span style=\"color: #333333\"><span><strong>Olivier Wiewiorka<\/strong>\u00a0: historien fran\u00e7ais n\u00e9 en 1960, sp\u00e9cialiste de l&rsquo;histoire de la Seconde Guerre mondiale. Son ouvrage, <\/span><\/span><span style=\"color: #333333\"><span><i>La M\u00e9moire d\u00e9sunie\u00a0: le souvenir politique des ann\u00e9es sombres, de la Lib\u00e9ration \u00e0 nos jours <\/i><\/span><\/span><span style=\"color: #333333\"><span>\u00e9tudie les diff\u00e9rentes politiques m\u00e9morielles entreprises et analyse l&rsquo;\u00e9volution du devoir de m\u00e9moire.\u00a0<\/span><\/span><\/p>\n<p align=\"JUSTIFY\"><span style=\"color: #333333\"><span style=\"font-family: 'Helvetica Neue', Helvetica, Arial, sans-serif\"><span><strong>Lieux de m\u00e9moire<\/strong>\u00a0: concept historique d\u00e9velopp\u00e9 dans une s\u00e9rie d&rsquo;ouvrages, appel\u00e9e <\/span><\/span><\/span><span style=\"color: #333333\"><span style=\"font-family: 'Helvetica Neue', Helvetica, Arial, sans-serif\"><span><i>Lieux de m\u00e9moire, <\/i><\/span><\/span><\/span><span style=\"color: #333333\"><span style=\"font-family: 'Helvetica Neue', Helvetica, Arial, sans-serif\"><span>parue sous la direction de l&rsquo;historien Pierre Nora entre 1984 et 1992. Un lieu de m\u00e9moire a pour but de faire vivre une m\u00e9moire. Ce peut \u00eatre quelque chose de mat\u00e9riel, une st\u00e8le, un m\u00e9morial, un mus\u00e9e par exemple ou quelque chose d&rsquo;immat\u00e9riel, une date, une devise ou encore un symbole.<\/span><\/span><\/span><\/p>\n<p align=\"JUSTIFY\"><span style=\"color: #333333\"><span><strong>Pierre Nora<\/strong>\u00a0: historien fran\u00e7ais n\u00e9 en 1931. Il est membre de l&rsquo;Acad\u00e9mie fran\u00e7aise et a men\u00e9 une carri\u00e8re dans l&rsquo;\u00e9dition. En tant qu&rsquo;historien, Pierre Nora est reconnu pour ses travaux sur le \u00ab\u00a0sentiment national\u00a0\u00bb et sur la m\u00e9moire en g\u00e9n\u00e9ral. Son ouvrage le plus c\u00e9l\u00e8bre est <\/span><\/span><span style=\"color: #333333\"><span><i>Lieux de m\u00e9moire<\/i><\/span><\/span><span style=\"color: #333333\"><span>, une s\u00e9rie parue en plusieurs tomes entre 1984 et 1992.<\/span><\/span><\/p>\n<p align=\"JUSTIFY\"><span style=\"color: #333333\"><span><strong>\u00ab\u00a0Balkanisation de la m\u00e9moire nationale\u00a0\u00bb<\/strong>\u00a0: le terme de balkanisation, est \u00e0 l&rsquo;origine, utilis\u00e9 pour d\u00e9crire le processus de fragmentation et de division d&rsquo;une r\u00e9gion ou d&rsquo;un \u00c9tat. Le mot \u00ab\u00a0balkanisation\u00a0\u00bb s&rsquo;est construit \u00e0 partir du nom de la r\u00e9gion de l&rsquo;Europe du Sud-Est, les Balkans. Ici, \u00ab\u00a0balkanisation de la m\u00e9moire\u00a0\u00bb d\u00e9signe un ph\u00e9nom\u00e8ne de division de la m\u00e9moire nationale. Cette division appara\u00eet lorsque plusieurs groupes, les Juifs, les r\u00e9sistants, par exemple, ont, de leur propre pass\u00e9 un souvenir diff\u00e9rent, une m\u00e9moire diff\u00e9rente. Cette h\u00e9t\u00e9rog\u00e9n\u00e9it\u00e9 de la m\u00e9moire peut alors entra\u00eener des conflits entre les groupes m\u00e9moriels.<\/span><\/span><\/p>\n<p align=\"JUSTIFY\"><span style=\"color: #333333\"><span><strong>Denis Peschanski<\/strong>\u00a0: historien fran\u00e7ais n\u00e9 en 1954. Il est sp\u00e9cialiste de l&rsquo;histoire du communisme, du r\u00e9gime de Vichy et des \u00ab\u00a0ann\u00e9es sombres\u00a0\u00bb. Il s&rsquo;est int\u00e9ress\u00e9 particuli\u00e8rement \u00e0 l&rsquo;histoire des camps fran\u00e7ais, d&rsquo;o\u00f9 la publication en 2002, d&rsquo;un ouvrage intitul\u00e9 <\/span><\/span><span style=\"color: #333333\"><span><i>La France des camps\u00a0: l&rsquo;internement, 1938-1946.<\/i><\/span><\/span><\/p>\n","protected":false},"excerpt":{"rendered":"<p>Henry Rousso : historien fran\u00e7ais n\u00e9 en 1954. Il est un sp\u00e9cialiste du XXe si\u00e8cle, et plus particuli\u00e8rement de la Seconde Guerre mondiale. Il est \u00e0 l&rsquo;origine de la notion de \u00ab\u00a0r\u00e9sistancialisme\u00a0\u00bb. Parmi ses plus c\u00e9l\u00e8bres ouvrages, figurent\u00a0Un ch\u00e2teau en &hellip; <a href=\"https:\/\/blogs.univ-jfc.fr\/campsdusudouest\/1945-et-apres\/devoir-de-memoire\/lexique\/\">Lire la suite <span class=\"meta-nav\">&rarr;<\/span><\/a><\/p>\n","protected":false},"author":123,"featured_media":0,"parent":106,"menu_order":0,"comment_status":"closed","ping_status":"open","template":"","meta":[],"_links":{"self":[{"href":"https:\/\/blogs.univ-jfc.fr\/campsdusudouest\/wp-json\/wp\/v2\/pages\/3267"}],"collection":[{"href":"https:\/\/blogs.univ-jfc.fr\/campsdusudouest\/wp-json\/wp\/v2\/pages"}],"about":[{"href":"https:\/\/blogs.univ-jfc.fr\/campsdusudouest\/wp-json\/wp\/v2\/types\/page"}],"author":[{"embeddable":true,"href":"https:\/\/blogs.univ-jfc.fr\/campsdusudouest\/wp-json\/wp\/v2\/users\/123"}],"replies":[{"embeddable":true,"href":"https:\/\/blogs.univ-jfc.fr\/campsdusudouest\/wp-json\/wp\/v2\/comments?post=3267"}],"version-history":[{"count":7,"href":"https:\/\/blogs.univ-jfc.fr\/campsdusudouest\/wp-json\/wp\/v2\/pages\/3267\/revisions"}],"predecessor-version":[{"id":3402,"href":"https:\/\/blogs.univ-jfc.fr\/campsdusudouest\/wp-json\/wp\/v2\/pages\/3267\/revisions\/3402"}],"up":[{"embeddable":true,"href":"https:\/\/blogs.univ-jfc.fr\/campsdusudouest\/wp-json\/wp\/v2\/pages\/106"}],"wp:attachment":[{"href":"https:\/\/blogs.univ-jfc.fr\/campsdusudouest\/wp-json\/wp\/v2\/media?parent=3267"}],"curies":[{"name":"wp","href":"https:\/\/api.w.org\/{rel}","templated":true}]}}