{"id":33,"date":"2016-01-28T09:22:00","date_gmt":"2016-01-28T08:22:00","guid":{"rendered":"http:\/\/blogs.univ-jfc.fr\/campsdusudouest\/?page_id=33"},"modified":"2016-04-07T09:25:30","modified_gmt":"2016-04-07T08:25:30","slug":"la-iiie-republique-et-les-questions-internationales","status":"publish","type":"page","link":"https:\/\/blogs.univ-jfc.fr\/campsdusudouest\/la-france-de-lentre-deux-guerres-et-de-vichy\/la-iiie-republique-et-les-questions-internationales\/","title":{"rendered":"La IIIe R\u00e9publique, Vichy et les questions internationales"},"content":{"rendered":"<p style=\"text-align: justify\" align=\"justify\"><span style=\"font-size: medium\">En 1918, la Premi\u00e8re Guerre mondiale prend fin et laisse place \u00e0 un contexte de d\u00e9solation, tant \u00e9conomique que sociale, et ce dans l&rsquo;ensemble des pays europ\u00e9ens. Les populations et certains \u00c9tats, principalement les vainqueurs de la guerre, se promettent d&rsquo;\u00e9viter \u00e0 tout prix le renouvellement d&rsquo;un conflit aussi d\u00e9vastateur, \u00e0 l&rsquo;image de l&rsquo;expression \u00ab\u00a0Der des Ders\u00a0\u00bb. En ce sens, de nombreux accords de paix sont sign\u00e9s, certains bilat\u00e9raux et d&rsquo;autres multilat\u00e9raux comprenant notamment les Alli\u00e9s. Les ann\u00e9es 1920 sont, partout en Europe, tourn\u00e9es vers la reconstruction. Cette d\u00e9cennie, caract\u00e9ris\u00e9e par un certain pacifisme d\u00fb \u00e0 la faiblesse des puissances europ\u00e9ennes, n&rsquo;est en r\u00e9alit\u00e9 qu&rsquo;un temps mort dans les affrontements politiques et id\u00e9ologiques caract\u00e9ristiques du XX<sup>\u00e8me<\/sup> si\u00e8cle. En effet, durant l&rsquo;entre-deux-guerres, l&rsquo;esprit revanchard de certaines populations et \u00c9tats europ\u00e9ens, notamment allemand, se fait ressentir comme une menace sur le nouvel \u00e9quilibre europ\u00e9en que peine \u00e0 maintenir la Soci\u00e9t\u00e9 des Nations, premier organisme international de maintien de la paix n\u00e9 du trait\u00e9 de Versailles en 1919. Ces <a title=\"La IIIe R\u00e9publique et les questions internationales (suite)\" href=\"http:\/\/blogs.univ-jfc.fr\/campsdusudouest\/la-iiie-republique-et-les-questions-internationales-suite\/\" target=\"_blank\">tensions<\/a>, existantes d\u00e8s la signature des trait\u00e9s instaurant le nouvel ordre europ\u00e9en et les sanctions appliqu\u00e9es aux perdants de la guerre, sont exacerb\u00e9es par la crise \u00e9conomique r\u00e9sultant du krach de 1929, entra\u00eenant partout une augmentation nette du ch\u00f4mage. Tous ces ph\u00e9nom\u00e8nes rendent possible dans les ann\u00e9es 1930 <a title=\"La IIIe R\u00e9publique et les questions internationales (suite)\" href=\"http:\/\/blogs.univ-jfc.fr\/campsdusudouest\/la-iiie-republique-et-les-questions-internationales-suite2\/\">l&rsquo;arriv\u00e9e au pouvoir de figures autoritaires<\/a>, de mani\u00e8re plus ou moins l\u00e9gale en fonction des cas. D\u00e8s lors, on observe une nouvelle forme de clivage en Europe puisque les nouveaux autoritarismes g\u00eanent par leurs provocations diplomatiques, politiques et militaires des d\u00e9mocraties pourtant bien impuissantes malgr\u00e9 leur appartenance \u00e0 la SDN.<\/span><\/p>\n<p style=\"text-align: justify\" align=\"justify\"><span style=\"font-size: medium\">Septembre 1939, la France, comme la quasi-totalit\u00e9 des \u00c9tats europ\u00e9ens, sombre dans la guerre, r\u00e9pondant \u00e0 l\u2019Allemagne nazie. Or, en juin 1940, apr\u00e8s dix mois de combats le Mar\u00e9chal Philippe P\u00e9tain, alors d\u00e9sign\u00e9 pr\u00e9sident du conseil, signe l\u2019acte d\u2019Armistice. P\u00e9tain \u00e9tait consid\u00e9r\u00e9 comme un sauveur pour ses actions lors de la Premi\u00e8re Guerre mondiale comme \u00e0 la bataille de Verdun en 1916. Il obtient apr\u00e8s l\u2019Armistice de 1918 la dignit\u00e9 de mar\u00e9chal. Par la suite il participera \u00e0 l\u2019organisation militaire en France. Puis, la chambre des d\u00e9put\u00e9s, lui attribue les pleins pouvoirs. La Troisi\u00e8me R\u00e9publique laisse alors sa place au R\u00e9gime de Vichy. Toutefois, ce r\u00e9gime ne concerne qu\u2019une partie de la France puisque le 22 juin 1940 est cr\u00e9\u00e9e une fronti\u00e8re appel\u00e9e <a title=\"Vichy et les relations internationales - La France, deux zones pour deux politiques\" href=\"http:\/\/blogs.univ-jfc.fr\/campsdusudouest\/la-france-de-lentre-deux-guerres-et-de-vichy\/la-iiie-republique-et-les-questions-internationales\/vichy-et-les-relations-internationales\/\" target=\"_blank\">\u2018\u2019ligne de d\u00e9marcation\u2019\u2019<\/a>. Ce qui donne une zone au Nord occup\u00e9e par les Allemands et une zone au sud dite \u2018\u2019libre\u2019\u2019 ou \u2018\u2019non occup\u00e9e\u2019\u2019 r\u00e9gul\u00e9e par le r\u00e9gime de Vichy. Le mar\u00e9chal P\u00e9tain entame donc une politique collaborationniste avec l\u2019Allemagne. Celui-ci va \u00e9galement entretenir des relations avec d\u2019autres pays, comme<a title=\"Vichy et les relations internationales - Les relations de l\u2019Allemagne nazie et de Vichy avec les pays Anglo-saxons\" href=\"http:\/\/blogs.univ-jfc.fr\/campsdusudouest\/la-france-de-lentre-deux-guerres-et-de-vichy\/la-iiie-republique-et-les-questions-internationales\/vichy-et-les-relations-internationales\/vichy-et-les-relations-internationales\/\" target=\"_blank\"> le Royaume Uni et m\u00eame, les \u00c9tats-Unis<\/a>. Mais aussi avec <a title=\"Vichy et les relations internationales - Les relations de Vichy avec l\u2019Espagne franquiste et l\u2019Italie mussolinienne.\" href=\"http:\/\/blogs.univ-jfc.fr\/campsdusudouest\/la-france-de-lentre-deux-guerres-et-de-vichy\/la-iiie-republique-et-les-questions-internationales\/vichy-et-les-relations-internationales\/vichy-et-les-relations-internationales-2\/\" target=\"_blank\">l\u2019Espagne de Franco, l\u2019Italie de Mussolini<\/a> et l\u2019Allemagne hitl\u00e9rienne. Le r\u00e9gime de Vichy \u00e0 la souverainet\u00e9 limit\u00e9e dans une Europe en guerre a donc de nombreuses particularit\u00e9s. Par son contexte historique, ses institutions, ses lois communes \u00e0 l\u2019Allemagne nazis d\u00e9finissant entre autre, la \u2018\u2019race\u2019\u2019 juive comme \u00e9tant nuisible.\u00a0<a href=\"http:\/\/blogs.univ-jfc.fr\/campsdusudouest\/la-france-de-lentre-deux-guerres-et-de-vichy\/la-iiie-republique-et-les-questions-internationales\/relations-franco-allemandes\/\" target=\"_blank\">P\u00e9tain<\/a> alors tr\u00e8s populaire aux yeux des Fran\u00e7ais met en place une s\u00e9rie de lois afin de mener <a title=\"Relations Franco-Allemandes - P\u00e9tain, marionnette d'Hitler\" href=\"http:\/\/blogs.univ-jfc.fr\/campsdusudouest\/la-france-de-lentre-deux-guerres-et-de-vichy\/la-iiie-republique-et-les-questions-internationales\/relations-franco-allemandes\/relations-franco-allemandes\/\" target=\"_blank\">une politique semblable \u00e0 celle du Reich alli\u00e9<\/a>. En 1942 quand Laval obtient le r\u00f4le de vice-pr\u00e9sident, un rapprochement entre la police allemande et fran\u00e7aise s\u2019effectue, d\u2019o\u00f9 commence alors une politique de r\u00e9pression et d\u2019exclusion. En effet, Otto Abetz, diplomate allemand, nomm\u00e9 ambassadeur du Reich en France propose de construire avec la France <a title=\"Relations Franco-Allemandes - Administration par l'occupant\" href=\"http:\/\/blogs.univ-jfc.fr\/campsdusudouest\/la-france-de-lentre-deux-guerres-et-de-vichy\/la-iiie-republique-et-les-questions-internationales\/relations-franco-allemandes\/relations-franco-allemandes-2\/\" target=\"_blank\">une relation politique diff\u00e9rente<\/a>. Pendant son mandat, il va travailler au rapprochement politique entre les deux pays.<\/span><\/p>\n<p style=\"text-align: center\" align=\"justify\"><strong>____<\/strong><\/p>\n<h1>La puissance diplomatique et politique fran\u00e7aise au sortir de la Premi\u00e8re Guerre mondiale<\/h1>\n<p><em>La France face \u00e0 l&rsquo;application des trait\u00e9s<\/em><\/p>\n<p align=\"justify\"><span style=\"color: #000000\">La signature de l&rsquo;armistice, le 18 novembre 1918, marque la fin des combats de la Premi\u00e8re Guerre mondiale. La paix est officiellement \u00e9tablie entre l&rsquo;Allemagne et les Alli\u00e9s le 28 juin 1919 par le trait\u00e9 de Versailles, qui \u00e9tablit \u00e9galement la cr\u00e9ation de la Soci\u00e9t\u00e9 des Nations (1)<a href=\"#sdfootnote1sym\" name=\"sdfootnote1anc\"><\/a>, premier organisme intergouvernemental dont la mission est de maintenir la paix dans le monde et plus particuli\u00e8rement sur le territoire europ\u00e9en, lequel a connu des modifications au cours des derni\u00e8res ann\u00e9es. De plus, le traumatisme de l&rsquo;apr\u00e8s-guerre reste tr\u00e8s pr\u00e9sent dans les esprits de la population fran\u00e7aise mais plus g\u00e9n\u00e9ralement sur tout le territoire europ\u00e9en\u00a0; les pertes humaines sont tr\u00e8s nombreuses et affectent chaque foyer d&rsquo;Europe. L&rsquo;\u00e9conomie et l&rsquo;industrie, quant \u00e0 elles, on \u00e9t\u00e9 d\u00e9vast\u00e9es par la guerre, engendrant une p\u00e9riode d&rsquo;apr\u00e8s-guerre v\u00e9ritablement sombre que la croissance des ann\u00e9es 1920 ne pallie pas compl\u00e8tement. Comme on l&rsquo;a dit, la signature de nombreux trait\u00e9s entre pays alli\u00e9s et vaincus, ainsi que les nombreuses clauses qu&rsquo;ils comportent, ont consid\u00e9rablement chang\u00e9 le paysage politique europ\u00e9en. Nombre des sanctions sont \u00e9conomiques, la situation de crise explique donc tant les difficult\u00e9s rencontr\u00e9es par les pays vaincus dans le r\u00e8glement de leur dette que l&rsquo;urgence des pays vainqueurs \u00e0 recevoir leurs d\u00e9dommagements. <\/span><\/p>\n<p style=\"text-align: left\" align=\"justify\"><span style=\"color: #000000\"> L&rsquo;Allemagne, en tant que chef de file des pays vaincus, doit c\u00e9der l&rsquo;Alsace-Lorraine \u00e0 la France. De plus, ses colonies deviennent mandats de la SDN et les r\u00e9parations<\/span><\/p>\n<div id=\"attachment_3091\" style=\"width: 310px\" class=\"wp-caption alignright\"><a style=\"font-style: normal;font-weight: 300;line-height: 24.375px;text-decoration: underline;text-align: right\" href=\"http:\/\/blogs.univ-jfc.fr\/campsdusudouest\/wp-content\/uploads\/sites\/48\/2016\/01\/Carte-des-pays-membres-de-la-SDN.png\"><img aria-describedby=\"caption-attachment-3091\" loading=\"lazy\" class=\"size-medium wp-image-3091      \" style=\"border-color: #bbbbbb;margin-top: 0.4em;background: #eeeeee\" title=\"Carte des pays membres de la SDN - Source\u00a0: http:\/\/www.atlas-historique.net\/1914-1945\/cartes_popups\/SdnGF.html\" alt=\"\" src=\"http:\/\/blogs.univ-jfc.fr\/campsdusudouest\/wp-content\/uploads\/sites\/48\/2016\/01\/Carte-des-pays-membres-de-la-SDN-300x226.png\" width=\"300\" height=\"226\" srcset=\"https:\/\/blogs.univ-jfc.fr\/campsdusudouest\/wp-content\/uploads\/sites\/48\/2016\/01\/Carte-des-pays-membres-de-la-SDN-300x226.png 300w, https:\/\/blogs.univ-jfc.fr\/campsdusudouest\/wp-content\/uploads\/sites\/48\/2016\/01\/Carte-des-pays-membres-de-la-SDN-396x300.png 396w, https:\/\/blogs.univ-jfc.fr\/campsdusudouest\/wp-content\/uploads\/sites\/48\/2016\/01\/Carte-des-pays-membres-de-la-SDN.png 760w\" sizes=\"(max-width: 300px) 100vw, 300px\" \/><\/a><p id=\"caption-attachment-3091\" class=\"wp-caption-text\">Cette carte montre les pays qui sont devenus membres de la SDN et ceux qui en sont partis durant la p\u00e9riode 1920-1927. On observe que rapidement, la Soci\u00e9t\u00e9 des Nations comprend une grande partie des \u00c9tats du monde.<\/p><\/div>\n<p style=\"text-align: justify\"><span style=\"color: #000000\">num\u00e9raires ou mat\u00e9rielles qu&rsquo;elle doit verser sont importantes\u00a0; on verra par la suite que ces engagements posent des difficult\u00e9s. D&rsquo;autre part, la France et les alli\u00e9s signent avec l&rsquo;Autriche le trait\u00e9 de Saint-Germain-en-Laye, le 10 septembre 1919, par lequel l&#8217;empire autrichien est d\u00e9mantel\u00e9 tandis que les fronti\u00e8res de la R\u00e9publique d&rsquo;Autriche sont pr\u00e9cis\u00e9es, notamment celles qui sont limitrophes \u00e0 l&rsquo;Italie et \u00e0 l&rsquo;Allemagne. Parall\u00e8lement, les Alli\u00e9s cherchent \u00e0 ce que les deux pays germanophones ne se rejoignent plus en temps de guerre, comme cela a \u00e9t\u00e9 le cas, et restent r\u00e9ellement distincts. Le\u00a027\u00a0novembre 1919, le trait\u00e9 de Neuilly est sign\u00e9 avec la Bulgarie\u00a0; comme les autres vaincus, le pays doit payer des r\u00e9parations de guerre et c\u00e9der une partie de ses territoires, tout en limitant son appareil militaire. Le trait\u00e9 de Trianon est sign\u00e9 le 4 juin 1920 et compl\u00e8te le trait\u00e9 de Saint-Germain-en-Laye\u00a0; une grande partie de ses territoires sont offerts \u00e0 d&rsquo;autres \u00c9tats, en vertu des 14\u00a0points de Wilson et du droit des peuples \u00e0 disposer d&rsquo;eux-m\u00eames. En marge du territoire europ\u00e9en, le trait\u00e9 de S\u00e8vres du 10 ao\u00fbt 1920 d\u00e9mant\u00e8le l&#8217;empire\u00a0<\/span><span style=\"color: #000000\">ottoman.<\/span><\/p>\n<p style=\"text-align: justify\" align=\"justify\"><span style=\"color: #000000\">Il faut dire que ces trait\u00e9s sont sign\u00e9s par les vaincus sous la contrainte, et que les n\u00e9gociations ne sont que tr\u00e8s br\u00e8ves. En effet, les clauses ne sont que peu discut\u00e9es puisque la seule alternative \u00e0 l&rsquo;acceptation pure et simple de celles-ci serait de reprendre les combats, alternative que l&rsquo;Autriche, la Hongrie et la Bulgarie n&rsquo;ont pas les moyens militaire de mettre en \u0153uvre. De plus, paradoxalement, l&rsquo;Allemagne est mieux trait\u00e9e que ses alli\u00e9s par les puissances victorieuses\u00a0puisqu&rsquo;elle ne perd que 1\/7 de son territoire et 1\/10 de sa population, alors que la perte de territoire est de plus d&rsquo;un tiers dans le cas de la Hongrie. Il faut \u00e9galement pr\u00e9ciser que ces trait\u00e9s et leurs clauses ne sont que tr\u00e8s mal accept\u00e9s par les populations locales mais plus largement europ\u00e9ennes. En effet, les vainqueurs eux-m\u00eames semblent en d\u00e9saccord\u00a0; les \u00c9tats-Unis et le Royaume-Uni \u00e9mettent des critiques mais ratifient pour autant apr\u00e8s n\u00e9gociation, tandis que la France se pr\u00e9sente en chef de file de la nouvelle Europe.<br \/>\n<\/span><\/p>\n<p align=\"justify\"><em>Les relations internationales de la France durant l&rsquo;entre-deux-guerres<\/em><\/p>\n<p align=\"justify\"><span style=\"color: #000000\"> Avec tous ces trait\u00e9s de paix, on peut voir que le sort de la Russie reste en suspens\u00a0; en effet, rien ne d\u00e9finit ses relations avec le reste de l&rsquo;Europe et elle conserve ses territoires \u00e0 un moment o\u00f9 le pays doit faire face \u00e0 une guerre civile, d\u00e9marr\u00e9e en 1917. De plus, les puissances europ\u00e9ennes restent inqui\u00e8tes face \u00e0 la politique bolchevique men\u00e9e par ses dirigeants et cherchent \u00e0 \u00e9viter la propagation de cette doctrine. La \u00ab\u00a0menace communiste\u00a0\u00bb est cependant fond\u00e9e puisque le 30 d\u00e9cembre 1920, le Parti Communiste Fran\u00e7ais est fond\u00e9, directement rattach\u00e9 au Komintern. Cette crainte prend tant de place dans l&rsquo;esprit des politiques qu&rsquo;elle emp\u00eache les puissances occidentales de tisser des liens strat\u00e9giques avec l&rsquo;URSS. Cette alliance, comme le comprend Hitler plus tard, est pourtant primordiale pour contr\u00f4ler le front est. <\/span><\/p>\n<p align=\"justify\"><span style=\"color: #000000\"> La relation que conna\u00eet la France, mais aussi le reste de l&rsquo;Europe, avec les \u00c9tats-Unis est quant \u00e0 elle ambivalente. Le pays fait partie des vainqueurs de la guerre et reste pr\u00e9sent dans les n\u00e9gociations aux cot\u00e9s des pays europ\u00e9ens, bien que ses dirigeants refusent directement d&rsquo;int\u00e9grer la SDN, une id\u00e9e qui \u00e9tait pourtant initialement am\u00e9ricaine. Les puissances alli\u00e9es se sont fortement endett\u00e9es aupr\u00e8s des \u00c9tats-Unis dans le but de financer l&rsquo;effort de guerre\u00a0; la France ne s&rsquo;acquitte pas de ses dettes, ce qui assombrit la relation diplomatique des deux pays tout au long de l&rsquo;entre-deux-guerres. De plus, apr\u00e8s 1929 et le krach de Wall Street, la d\u00e9pression \u00e9conomique est telle que l&rsquo;isolationnisme am\u00e9ricain vis-\u00e0-vis de l&rsquo;Europe refait surface\u00a0; la premi\u00e8re puissance \u00e9conomique mondiale cherche d\u00e9sormais des soutiens asiatiques. <\/span><\/p>\n<p align=\"justify\"><span style=\"color: #000000\"> Les puissances membres de la SDN cherchent \u00e0 contr\u00f4ler, via l&rsquo;organisation, les \u00e9v\u00e9nements susceptibles de mener \u00e0 un nouveau conflit. Dans cette optique, nombre des membres cherchent \u00e0 arriver au d\u00e9sarmement militaire de tous les pays, en priorit\u00e9 des pays qui constituent un danger potentiel. Pour mettre en \u0153uvre les diff\u00e9rentes mesures, les membres se r\u00e9unissent une fois par an au sein d&rsquo;un conseil repr\u00e9sentant le pouvoir ex\u00e9cutif et si\u00e9geant \u00e0 Gen\u00e8ve. La France fait partie des principaux pays fondateurs de la SDN. Ce d\u00e9sir de cr\u00e9ation d&rsquo;une communaut\u00e9 internationale va encore plus loin puisque le pacte Briand-Kellog, dont le nom provient du ministre des affaires \u00e9trang\u00e8res fran\u00e7ais Aristide Briand et du secr\u00e9taire d&rsquo;\u00e9tat am\u00e9ricain Frank Kellog, et \u00e9galement appel\u00e9 pacte de Paris est sign\u00e9 dans la capitale fran\u00e7aise en 1928 par 63 pays et condamne \u00ab le recours \u00e0 la guerre pour le r\u00e8glement des diff\u00e9rends internationaux et y renoncent en tant qu&rsquo;instrument de politique nationale dans leurs relations mutuelles \u00bb. Ce trait\u00e9 est notamment sign\u00e9 par le Royaume-Uni, l&rsquo;Allemagne et le Japon. Il d\u00e9montre bien le climat d&rsquo;apaisement r\u00e9gnant au sein d&rsquo;une Europe qui semble, pour l&rsquo;heure, pacifi\u00e9e.<\/span><\/p>\n<p align=\"justify\"><span style=\"color: #000000\"> D&rsquo;autre part, apr\u00e8s la guerre, les \u00c9tats-Unis se retirent rapidement des affaires europ\u00e9ennes. De plus, les tensions entre l&rsquo;Allemagne et la France persistent un long moment, mais le pacifisme du Royaume-Uni permet de maintenir l&rsquo;\u00e9quilibre de paix en Europe.. Dans cette m\u00eame p\u00e9riode, Aristide Briand exprime l&rsquo;id\u00e9e de cr\u00e9er un organisme d&rsquo;union europ\u00e9enne dans le but de rassembler les pays dans une optique \u00e9conomique afin de maintenir la paix et de cr\u00e9er du lien entre les nations. Cette tentative a \u00e9chou\u00e9, ce qui montre les limites de la coh\u00e9sion des \u00c9tats europ\u00e9ens et de la possibilit\u00e9 d&rsquo;\u00e9volution commune durant l&rsquo;entre-deux-guerre.<\/span><\/p>\n<p style=\"text-align: center\" align=\"justify\"><strong>____<\/strong><\/p>\n<p style=\"text-align: justify\" align=\"justify\">(1) Entre en vigueur le 10 janvier 1920 avec pour si\u00e8ge Gen\u00e8ve<\/p>\n<p><a title=\"La IIIe R\u00e9publique et les questions internationales (suite)\" href=\"http:\/\/blogs.univ-jfc.fr\/campsdusudouest\/la-iiie-republique-et-les-questions-internationales-suite\/\" target=\"_blank\">\u00a0Lire la suite..<\/a><\/p>\n","protected":false},"excerpt":{"rendered":"<p>En 1918, la Premi\u00e8re Guerre mondiale prend fin et laisse place \u00e0 un contexte de d\u00e9solation, tant \u00e9conomique que sociale, et ce dans l&rsquo;ensemble des pays europ\u00e9ens. Les populations et certains \u00c9tats, principalement les vainqueurs de la guerre, se promettent &hellip; <a href=\"https:\/\/blogs.univ-jfc.fr\/campsdusudouest\/la-france-de-lentre-deux-guerres-et-de-vichy\/la-iiie-republique-et-les-questions-internationales\/\">Lire la suite <span class=\"meta-nav\">&rarr;<\/span><\/a><\/p>\n","protected":false},"author":15,"featured_media":53,"parent":8,"menu_order":0,"comment_status":"open","ping_status":"open","template":"","meta":[],"_links":{"self":[{"href":"https:\/\/blogs.univ-jfc.fr\/campsdusudouest\/wp-json\/wp\/v2\/pages\/33"}],"collection":[{"href":"https:\/\/blogs.univ-jfc.fr\/campsdusudouest\/wp-json\/wp\/v2\/pages"}],"about":[{"href":"https:\/\/blogs.univ-jfc.fr\/campsdusudouest\/wp-json\/wp\/v2\/types\/page"}],"author":[{"embeddable":true,"href":"https:\/\/blogs.univ-jfc.fr\/campsdusudouest\/wp-json\/wp\/v2\/users\/15"}],"replies":[{"embeddable":true,"href":"https:\/\/blogs.univ-jfc.fr\/campsdusudouest\/wp-json\/wp\/v2\/comments?post=33"}],"version-history":[{"count":39,"href":"https:\/\/blogs.univ-jfc.fr\/campsdusudouest\/wp-json\/wp\/v2\/pages\/33\/revisions"}],"predecessor-version":[{"id":4425,"href":"https:\/\/blogs.univ-jfc.fr\/campsdusudouest\/wp-json\/wp\/v2\/pages\/33\/revisions\/4425"}],"up":[{"embeddable":true,"href":"https:\/\/blogs.univ-jfc.fr\/campsdusudouest\/wp-json\/wp\/v2\/pages\/8"}],"wp:featuredmedia":[{"embeddable":true,"href":"https:\/\/blogs.univ-jfc.fr\/campsdusudouest\/wp-json\/wp\/v2\/media\/53"}],"wp:attachment":[{"href":"https:\/\/blogs.univ-jfc.fr\/campsdusudouest\/wp-json\/wp\/v2\/media?parent=33"}],"curies":[{"name":"wp","href":"https:\/\/api.w.org\/{rel}","templated":true}]}}