{"id":3422,"date":"2016-03-29T14:48:13","date_gmt":"2016-03-29T13:48:13","guid":{"rendered":"http:\/\/blogs.univ-jfc.fr\/campsdusudouest\/?page_id=3422"},"modified":"2016-03-31T08:48:08","modified_gmt":"2016-03-31T07:48:08","slug":"ponts-et-chausses","status":"publish","type":"page","link":"https:\/\/blogs.univ-jfc.fr\/campsdusudouest\/vivre-dans-les-camps\/larchitecture-des-camps\/page-x\/ponts-et-chausses\/","title":{"rendered":"Ponts et Chauss\u00e9es"},"content":{"rendered":"<p style=\"text-align: justify\">De 1939 \u00e0 1945, les services des Ponts et chauss\u00e9es sont res\u00adponsables de l&rsquo;entretien de nombreux camps d&rsquo;internement. Avant la d\u00e9claration de guerre, les administrations des camps sont aid\u00e9es par plusieurs compagnies du G\u00e9nie , mais c&rsquo;est l&rsquo;\u00e9poque o\u00f9 les instal\u00adlations sont encore neuves et les baraques en bon \u00e9tat. Apr\u00e8s le pre\u00admier hiver, la situation se d\u00e9grade. Des avaries apparaissent partout : panneaux de bois pourris, murs d\u00e9fonc\u00e9s, planchers \u00e9ventr\u00e9s, couvertures de cartons bitum\u00e9s arrach\u00e9es par le vent, etc.<\/p>\n<p style=\"text-align: justify\">C&rsquo;est pourquoi l&rsquo;administration d\u00e9partementale des Ponts et chauss\u00e9es d\u00e9l\u00e8gue-t-elle d\u00e8s l&rsquo;hiver 1939, des ing\u00e9nieurs dans les camps. Mais ceux-ci ne peuvent disposer de leurs employ\u00e9s habituels du fait de la mobilisation g\u00e9n\u00e9rale. Par cons\u00e9quent, ces ing\u00e9nieurs g\u00e8rent des \u00e9quipes d&rsquo;ouvriers recrut\u00e9s dans des \u00eelots ou baraques\u00a0: la compagnie de travailleurs \u00e9trangers (CTE), devenue apr\u00e8s l&rsquo;armistice le groupe de travail\u00adleurs \u00e9trangers (GTE). Ainsi, ce sont les intern\u00e9s eux-m\u00eames qui entretiennent le camp.<\/p>\n<p style=\"text-align: justify\">Les membres de la compagnie (ou du groupe) de travailleurs assurent tous les travaux : restauration des baraques, curage des foss\u00e9s, r\u00e9galage du terrain, pose des barbel\u00e9s, incin\u00e9ration des d\u00e9chets. Le fonctionnement de plusieurs ser\u00advices leur incombe totalement : conduite et r\u00e9paration des v\u00e9hicu\u00adles automobiles, maintien en \u00e9tat de marche du service de lutte contre l&rsquo;incendie, fabri\u00adcation des cercueils et nettoyage du cimeti\u00e8re. En contrepartie, les ouvriers b\u00e9n\u00e9ficient d&rsquo;avantages appr\u00e9ciables : ils sont log\u00e9s dans un \u00eelot sp\u00e9cial, ensuite, re\u00e7oivent des compl\u00e9ments de nourriture et touchent une prime de rendement. Sans eux, certains camps n&rsquo;auraient jamais pu fonctionner.<\/p>\n<p style=\"text-align: justify\">A certaines p\u00e9riodes, la t\u00e2che est tellement abondante que le groupe de travailleurs du camp est incapable, \u00e0 lui seul, de l&rsquo;accom\u00adplir. Il faut alors soit en augmenter les effectifs, soit faire appel \u00e0 d&rsquo;autres groupes.<\/p>\n<p style=\"text-align: justify\">A partir de 1941, une \u00ab\u00a0compagnie de travailleurs \u00a0sont parfois h\u00e9berg\u00e9s\u00a0\u00bb (CTH) est parfois \u00e9tablie pendant plusieurs mois pour renforcer l&rsquo;effectif. \u00a0Elle est compo\u00ads\u00e9e d&rsquo;une centaine d&rsquo;intern\u00e9s d&rsquo;origine allemande. Sa t\u00e2che est d&rsquo;assurer, sous le contr\u00f4le du GTE, les principales corv\u00e9es :\u00a0la mise en culture de plusieurs hectares de friches \u00e0 l&rsquo;int\u00e9rieur du camp, la coupe du bois de chauffage, le ramassage des foug\u00e8res, etc. En compensation, les ouvriers de la C.T.H. b\u00e9n\u00e9ficient de surplus alimentaires et de conditions d&rsquo;h\u00e9bergement am\u00e9lior\u00e9es.<\/p>\n<p style=\"text-align: justify\">Ainsi, quelle que soit l&rsquo;origine des travailleurs ou le rendement de cette main-d&rsquo;\u0153uvre d&rsquo;occasion, un fait demeure : ce sont les intern\u00e9s qui ont accompli, du premier au dernier jour de l&rsquo;histoire des camps.<\/p>\n<p style=\"text-align: justify\">\n","protected":false},"excerpt":{"rendered":"<p>De 1939 \u00e0 1945, les services des Ponts et chauss\u00e9es sont res\u00adponsables de l&rsquo;entretien de nombreux camps d&rsquo;internement. Avant la d\u00e9claration de guerre, les administrations des camps sont aid\u00e9es par plusieurs compagnies du G\u00e9nie , mais c&rsquo;est l&rsquo;\u00e9poque o\u00f9 les &hellip; <a href=\"https:\/\/blogs.univ-jfc.fr\/campsdusudouest\/vivre-dans-les-camps\/larchitecture-des-camps\/page-x\/ponts-et-chausses\/\">Lire la suite <span class=\"meta-nav\">&rarr;<\/span><\/a><\/p>\n","protected":false},"author":164,"featured_media":0,"parent":900,"menu_order":2,"comment_status":"closed","ping_status":"open","template":"","meta":[],"_links":{"self":[{"href":"https:\/\/blogs.univ-jfc.fr\/campsdusudouest\/wp-json\/wp\/v2\/pages\/3422"}],"collection":[{"href":"https:\/\/blogs.univ-jfc.fr\/campsdusudouest\/wp-json\/wp\/v2\/pages"}],"about":[{"href":"https:\/\/blogs.univ-jfc.fr\/campsdusudouest\/wp-json\/wp\/v2\/types\/page"}],"author":[{"embeddable":true,"href":"https:\/\/blogs.univ-jfc.fr\/campsdusudouest\/wp-json\/wp\/v2\/users\/164"}],"replies":[{"embeddable":true,"href":"https:\/\/blogs.univ-jfc.fr\/campsdusudouest\/wp-json\/wp\/v2\/comments?post=3422"}],"version-history":[{"count":11,"href":"https:\/\/blogs.univ-jfc.fr\/campsdusudouest\/wp-json\/wp\/v2\/pages\/3422\/revisions"}],"predecessor-version":[{"id":4123,"href":"https:\/\/blogs.univ-jfc.fr\/campsdusudouest\/wp-json\/wp\/v2\/pages\/3422\/revisions\/4123"}],"up":[{"embeddable":true,"href":"https:\/\/blogs.univ-jfc.fr\/campsdusudouest\/wp-json\/wp\/v2\/pages\/900"}],"wp:attachment":[{"href":"https:\/\/blogs.univ-jfc.fr\/campsdusudouest\/wp-json\/wp\/v2\/media?parent=3422"}],"curies":[{"name":"wp","href":"https:\/\/api.w.org\/{rel}","templated":true}]}}