{"id":3593,"date":"2016-03-30T17:17:13","date_gmt":"2016-03-30T16:17:13","guid":{"rendered":"http:\/\/blogs.univ-jfc.fr\/campsdusudouest\/?page_id=3593"},"modified":"2016-03-31T07:59:58","modified_gmt":"2016-03-31T06:59:58","slug":"lexique-vernet-dariege","status":"publish","type":"page","link":"https:\/\/blogs.univ-jfc.fr\/campsdusudouest\/mongraphies-de-camps\/le-vernet-dariege\/lexique-vernet-dariege\/","title":{"rendered":"Lexique du Vernet d&rsquo;Ari\u00e8ge"},"content":{"rendered":"<p style=\"text-align: justify\"><strong>Retirada<\/strong> : La Retirada symbolise la fuite des civils et des militaires espagnols r\u00e9publicains apr\u00e8s leur d\u00e9faite lors de la Guerre d&rsquo;Espagne en 1939 face aux nationalistes de Franco.<\/p>\n<p style=\"text-align: justify\"><strong>Op\u00e9ration Barbarossa<\/strong> : L&rsquo;Op\u00e9ration Barbarossa est le d\u00e9clenchement de l&rsquo;invasion de l&rsquo;URSS en 1941 par Hitler.<\/p>\n<p style=\"text-align: justify\"><strong>Cinqui\u00e8me colonne<\/strong> : La Cinqui\u00e8me colonne est une expression qui d\u00e9signe les agents ennemis infiltr\u00e9s dans un pays hostile. Ce terme est popularis\u00e9 par la fuite massive des citoyens des dictatures d&rsquo;Europe vers la France.<\/p>\n<p style=\"text-align: justify\"><strong>Mouvement Rexiste Wallon<\/strong> : Le Rexisme est un mouvement politique d&rsquo;extr\u00eame-droite en Belgique. Son cr\u00e9ateur, L\u00e9on Degrelle, est un proche des id\u00e9ologies des dictatures europ\u00e9ennes des ann\u00e9es 1930.<\/p>\n<p>&nbsp;<\/p>\n<p>&nbsp;<\/p>\n","protected":false},"excerpt":{"rendered":"<p>Retirada : La Retirada symbolise la fuite des civils et des militaires espagnols r\u00e9publicains apr\u00e8s leur d\u00e9faite lors de la Guerre d&rsquo;Espagne en 1939 face aux nationalistes de Franco. Op\u00e9ration Barbarossa : L&rsquo;Op\u00e9ration Barbarossa est le d\u00e9clenchement de l&rsquo;invasion de &hellip; <a href=\"https:\/\/blogs.univ-jfc.fr\/campsdusudouest\/mongraphies-de-camps\/le-vernet-dariege\/lexique-vernet-dariege\/\">Lire la suite <span class=\"meta-nav\">&rarr;<\/span><\/a><\/p>\n","protected":false},"author":224,"featured_media":0,"parent":96,"menu_order":0,"comment_status":"closed","ping_status":"open","template":"","meta":[],"_links":{"self":[{"href":"https:\/\/blogs.univ-jfc.fr\/campsdusudouest\/wp-json\/wp\/v2\/pages\/3593"}],"collection":[{"href":"https:\/\/blogs.univ-jfc.fr\/campsdusudouest\/wp-json\/wp\/v2\/pages"}],"about":[{"href":"https:\/\/blogs.univ-jfc.fr\/campsdusudouest\/wp-json\/wp\/v2\/types\/page"}],"author":[{"embeddable":true,"href":"https:\/\/blogs.univ-jfc.fr\/campsdusudouest\/wp-json\/wp\/v2\/users\/224"}],"replies":[{"embeddable":true,"href":"https:\/\/blogs.univ-jfc.fr\/campsdusudouest\/wp-json\/wp\/v2\/comments?post=3593"}],"version-history":[{"count":5,"href":"https:\/\/blogs.univ-jfc.fr\/campsdusudouest\/wp-json\/wp\/v2\/pages\/3593\/revisions"}],"predecessor-version":[{"id":3831,"href":"https:\/\/blogs.univ-jfc.fr\/campsdusudouest\/wp-json\/wp\/v2\/pages\/3593\/revisions\/3831"}],"up":[{"embeddable":true,"href":"https:\/\/blogs.univ-jfc.fr\/campsdusudouest\/wp-json\/wp\/v2\/pages\/96"}],"wp:attachment":[{"href":"https:\/\/blogs.univ-jfc.fr\/campsdusudouest\/wp-json\/wp\/v2\/media?parent=3593"}],"curies":[{"name":"wp","href":"https:\/\/api.w.org\/{rel}","templated":true}]}}