{"id":3600,"date":"2016-03-30T17:27:54","date_gmt":"2016-03-30T16:27:54","guid":{"rendered":"http:\/\/blogs.univ-jfc.fr\/campsdusudouest\/?page_id=3600"},"modified":"2016-03-31T08:09:14","modified_gmt":"2016-03-31T07:09:14","slug":"3600-2","status":"publish","type":"page","link":"https:\/\/blogs.univ-jfc.fr\/campsdusudouest\/vivre-dans-les-camps\/la-vie-culturelle-dans-les-camps\/le-developpement-des-cultures-dans-ce-milieu-precaire-2\/3600-2\/","title":{"rendered":"Le d\u00e9veloppement de la culture chez les Espagnols"},"content":{"rendered":"<div style=\"text-align: justify\">\n<p>Les Espagnols mettent en place de nombreuses activit\u00e9s diversifi\u00e9es comme la peinture, la photographie ou la caricature \u00e0 l\u2019image de Luis Garcia Gallo ou Enrique Tapia Jimenez au camp de Septfonds. Les cours dispens\u00e9s montrent que les Espagnols ont un d\u00e9sir d\u2019apprendre et de transmettre leur savoir aux plus jeunes.<\/p>\n<p>Pierre Milza et Denis Peschanski expliquent les raisons de cette si forte activit\u00e9 culturelle dans les camps d\u2019Espagnols en \u00e9voquant leur cat\u00e9gorie socioprofessionnelle. Ils appartiendraient pour la plupart \u00e0 des professions intellectuelles sup\u00e9rieures.<\/p>\n<\/div>\n<div style=\"text-align: justify\">\n<p>Ce qui justifie leur exode, c&rsquo;est qu&rsquo;ils ont compris la situation en 1939, avec la prise de pouvoir de Franco, et n&rsquo;ont eu d&rsquo;autre choix que de fuir. Pour les artistes choisissant l\u2019immigration, elle est raisonn\u00e9e. L\u2019immigration est li\u00e9e aux perspectives de poursuite de leur carri\u00e8re artistique dans le pays d\u2019exil, soutenue par un nombreux public pr\u00e9sent. En 1939, plusieurs hommes de lettres espagnols\u202f: \u00e9crivains, cin\u00e9astes, savants, ont pr\u00e9f\u00e9r\u00e9 migrer vers l\u2019Am\u00e9rique du Sud. Il n\u2019y a pas de barri\u00e8re concernant la langue et les obstacles juridiques sont r\u00e9duits.<\/p>\n<\/div>\n","protected":false},"excerpt":{"rendered":"<p>Les Espagnols mettent en place de nombreuses activit\u00e9s diversifi\u00e9es comme la peinture, la photographie ou la caricature \u00e0 l\u2019image de Luis Garcia Gallo ou Enrique Tapia Jimenez au camp de Septfonds. Les cours dispens\u00e9s montrent que les Espagnols ont un &hellip; <a href=\"https:\/\/blogs.univ-jfc.fr\/campsdusudouest\/vivre-dans-les-camps\/la-vie-culturelle-dans-les-camps\/le-developpement-des-cultures-dans-ce-milieu-precaire-2\/3600-2\/\">Lire la suite <span class=\"meta-nav\">&rarr;<\/span><\/a><\/p>\n","protected":false},"author":216,"featured_media":0,"parent":304,"menu_order":3,"comment_status":"closed","ping_status":"open","template":"","meta":[],"_links":{"self":[{"href":"https:\/\/blogs.univ-jfc.fr\/campsdusudouest\/wp-json\/wp\/v2\/pages\/3600"}],"collection":[{"href":"https:\/\/blogs.univ-jfc.fr\/campsdusudouest\/wp-json\/wp\/v2\/pages"}],"about":[{"href":"https:\/\/blogs.univ-jfc.fr\/campsdusudouest\/wp-json\/wp\/v2\/types\/page"}],"author":[{"embeddable":true,"href":"https:\/\/blogs.univ-jfc.fr\/campsdusudouest\/wp-json\/wp\/v2\/users\/216"}],"replies":[{"embeddable":true,"href":"https:\/\/blogs.univ-jfc.fr\/campsdusudouest\/wp-json\/wp\/v2\/comments?post=3600"}],"version-history":[{"count":7,"href":"https:\/\/blogs.univ-jfc.fr\/campsdusudouest\/wp-json\/wp\/v2\/pages\/3600\/revisions"}],"predecessor-version":[{"id":3883,"href":"https:\/\/blogs.univ-jfc.fr\/campsdusudouest\/wp-json\/wp\/v2\/pages\/3600\/revisions\/3883"}],"up":[{"embeddable":true,"href":"https:\/\/blogs.univ-jfc.fr\/campsdusudouest\/wp-json\/wp\/v2\/pages\/304"}],"wp:attachment":[{"href":"https:\/\/blogs.univ-jfc.fr\/campsdusudouest\/wp-json\/wp\/v2\/media?parent=3600"}],"curies":[{"name":"wp","href":"https:\/\/api.w.org\/{rel}","templated":true}]}}