{"id":3621,"date":"2016-03-30T18:35:46","date_gmt":"2016-03-30T17:35:46","guid":{"rendered":"http:\/\/blogs.univ-jfc.fr\/campsdusudouest\/?page_id=3621"},"modified":"2016-03-31T08:52:22","modified_gmt":"2016-03-31T07:52:22","slug":"les-lois-dexception","status":"publish","type":"page","link":"https:\/\/blogs.univ-jfc.fr\/campsdusudouest\/vivre-dans-les-camps\/larchitecture-des-camps\/les-camps-du-sud-ouest-de-la-france-ont-ete-construits-sur-demande-de-letat\/les-lois-dexception\/","title":{"rendered":"Les lois d&rsquo;exception"},"content":{"rendered":"<p style=\"text-align: justify\">Les lois d&rsquo;exception sont des lois \u00e9tablies en d\u00e9rogation du droit commun et qui sont dues \u00e0 des circonstances exceptionnelles en l&rsquo;occurrence la Seconde Guerre mondiale ici.<\/p>\n<p style=\"text-align: justify\">Le gouvernement de Daladier a mis en place diff\u00e9rentes lois\u00a0 dans le cadre de l&rsquo;internement des r\u00e9fugi\u00e9s.<\/p>\n<p style=\"text-align: justify\">Pendant la Seconde Guerre mondiale le r\u00e9gime de Vichy a r\u00e9dig\u00e9 la loi du 4 Octobre 1940 qui permet l&rsquo;internement imm\u00e9diat des juifs \u00e9trangers. C&rsquo;est en effet un exemple parfait des diff\u00e9rentes lois d&rsquo;exception en particulier pendant la Seconde Guerre mondiale. On peut dire qu&rsquo;on a bien affaire \u00e0 une situation exceptionnelle \u00e9tablie en d\u00e9rogation du droit commun dans le sens o\u00f9 celle-ci modifie le statut des juifs sur le territoire dit de la France libre.<\/p>\n<p style=\"text-align: justify\">Aussi avant la guerre par crainte de l&rsquo;arriv\u00e9e en masse de personnes \u00e9trang\u00e8res, est mise en place la loi du 12 Novembre 1938 qui donne le pouvoir aux pr\u00e9fets de d\u00e9cider l&rsquo;\u00e9loignement, et, en cas de n\u00e9cessit\u00e9, l&rsquo;assignation \u00e0 r\u00e9sidence dans un centre de s\u00e9jour surveill\u00e9 des individus dangereux pour la d\u00e9fense nationale ou la s\u00e9curit\u00e9 publique.<\/p>\n<p style=\"text-align: justify\">\n","protected":false},"excerpt":{"rendered":"<p>Les lois d&rsquo;exception sont des lois \u00e9tablies en d\u00e9rogation du droit commun et qui sont dues \u00e0 des circonstances exceptionnelles en l&rsquo;occurrence la Seconde Guerre mondiale ici. Le gouvernement de Daladier a mis en place diff\u00e9rentes lois\u00a0 dans le cadre &hellip; <a href=\"https:\/\/blogs.univ-jfc.fr\/campsdusudouest\/vivre-dans-les-camps\/larchitecture-des-camps\/les-camps-du-sud-ouest-de-la-france-ont-ete-construits-sur-demande-de-letat\/les-lois-dexception\/\">Lire la suite <span class=\"meta-nav\">&rarr;<\/span><\/a><\/p>\n","protected":false},"author":164,"featured_media":0,"parent":829,"menu_order":2,"comment_status":"closed","ping_status":"open","template":"","meta":[],"_links":{"self":[{"href":"https:\/\/blogs.univ-jfc.fr\/campsdusudouest\/wp-json\/wp\/v2\/pages\/3621"}],"collection":[{"href":"https:\/\/blogs.univ-jfc.fr\/campsdusudouest\/wp-json\/wp\/v2\/pages"}],"about":[{"href":"https:\/\/blogs.univ-jfc.fr\/campsdusudouest\/wp-json\/wp\/v2\/types\/page"}],"author":[{"embeddable":true,"href":"https:\/\/blogs.univ-jfc.fr\/campsdusudouest\/wp-json\/wp\/v2\/users\/164"}],"replies":[{"embeddable":true,"href":"https:\/\/blogs.univ-jfc.fr\/campsdusudouest\/wp-json\/wp\/v2\/comments?post=3621"}],"version-history":[{"count":8,"href":"https:\/\/blogs.univ-jfc.fr\/campsdusudouest\/wp-json\/wp\/v2\/pages\/3621\/revisions"}],"predecessor-version":[{"id":4152,"href":"https:\/\/blogs.univ-jfc.fr\/campsdusudouest\/wp-json\/wp\/v2\/pages\/3621\/revisions\/4152"}],"up":[{"embeddable":true,"href":"https:\/\/blogs.univ-jfc.fr\/campsdusudouest\/wp-json\/wp\/v2\/pages\/829"}],"wp:attachment":[{"href":"https:\/\/blogs.univ-jfc.fr\/campsdusudouest\/wp-json\/wp\/v2\/media?parent=3621"}],"curies":[{"name":"wp","href":"https:\/\/api.w.org\/{rel}","templated":true}]}}