{"id":3644,"date":"2016-03-30T19:58:13","date_gmt":"2016-03-30T18:58:13","guid":{"rendered":"http:\/\/blogs.univ-jfc.fr\/campsdusudouest\/?page_id=3644"},"modified":"2016-04-11T18:09:56","modified_gmt":"2016-04-11T17:09:56","slug":"le-role-des-axes-de-circulation","status":"publish","type":"page","link":"https:\/\/blogs.univ-jfc.fr\/campsdusudouest\/les-camps-et-leur-environnement\/les-camps-et-leur-environnement-local\/i-geographie-localisation-et-ravitaillement-des-camps-dinternement\/le-role-des-axes-de-circulation\/","title":{"rendered":"Le r\u00f4le des axes de circulation"},"content":{"rendered":"<p style=\"text-align: justify\">Les axes routiers et ferroviaires furent tr\u00e8s importants pour acheminer les intern\u00e9s et le ravitaillement. Ainsi, ils ont d\u00fb se d\u00e9velopper dans les lieux proches des camps.\u00a0Certaines routes nationales ont d\u00fb \u00eatre consolid\u00e9es et agrandies afin de permettre de nombreux passages de camions entre les camps et les villages.\u00a0Les axes ferroviaires ont beaucoup servi pour acheminer les intern\u00e9s dans les camps. En 1938, la nationalisation du r\u00e9seau ferr\u00e9 fran\u00e7ais par la cr\u00e9ation de la SNCF (Soci\u00e9t\u00e9 Nationale des Chemins de fer Fran\u00e7ais) en a acc\u00e9l\u00e9r\u00e9 le d\u00e9veloppement. Certains axes ont alors \u00e9t\u00e9 construits et d&rsquo;autres restaur\u00e9s. Par exemple; les intern\u00e9s du camp de Gurs, arrivaient en gare de Gaillac et \u00e9taient ensuite achemin\u00e9s en camion jusqu&rsquo;au camp.<\/p>\n<p style=\"text-align: justify\">Parfois, la gare choisie comme relais pour le camp n&rsquo;\u00e9tait pas la gare principale du territoire. Pour le camp de Septfonds, le projet initial \u00e9tait d&rsquo;utiliser la gare de Caussade mais ce fut finalement la petite gare de Borredon qui fut choisie pour \u00e9viter de traverser la ville enti\u00e8re de Caussade. En effet, le chemin d&rsquo;environ sept kilom\u00e8tres en rase campagne, \u00e0 pied, \u00e9tait plus discret pour les populations locales. Seuls les malades et les vieillards \u00e9taient conduits au camp par camion militaire.<\/p>\n","protected":false},"excerpt":{"rendered":"<p>Les axes routiers et ferroviaires furent tr\u00e8s importants pour acheminer les intern\u00e9s et le ravitaillement. Ainsi, ils ont d\u00fb se d\u00e9velopper dans les lieux proches des camps.\u00a0Certaines routes nationales ont d\u00fb \u00eatre consolid\u00e9es et agrandies afin de permettre de nombreux &hellip; <a href=\"https:\/\/blogs.univ-jfc.fr\/campsdusudouest\/les-camps-et-leur-environnement\/les-camps-et-leur-environnement-local\/i-geographie-localisation-et-ravitaillement-des-camps-dinternement\/le-role-des-axes-de-circulation\/\">Lire la suite <span class=\"meta-nav\">&rarr;<\/span><\/a><\/p>\n","protected":false},"author":188,"featured_media":0,"parent":1184,"menu_order":0,"comment_status":"closed","ping_status":"open","template":"","meta":[],"_links":{"self":[{"href":"https:\/\/blogs.univ-jfc.fr\/campsdusudouest\/wp-json\/wp\/v2\/pages\/3644"}],"collection":[{"href":"https:\/\/blogs.univ-jfc.fr\/campsdusudouest\/wp-json\/wp\/v2\/pages"}],"about":[{"href":"https:\/\/blogs.univ-jfc.fr\/campsdusudouest\/wp-json\/wp\/v2\/types\/page"}],"author":[{"embeddable":true,"href":"https:\/\/blogs.univ-jfc.fr\/campsdusudouest\/wp-json\/wp\/v2\/users\/188"}],"replies":[{"embeddable":true,"href":"https:\/\/blogs.univ-jfc.fr\/campsdusudouest\/wp-json\/wp\/v2\/comments?post=3644"}],"version-history":[{"count":3,"href":"https:\/\/blogs.univ-jfc.fr\/campsdusudouest\/wp-json\/wp\/v2\/pages\/3644\/revisions"}],"predecessor-version":[{"id":4456,"href":"https:\/\/blogs.univ-jfc.fr\/campsdusudouest\/wp-json\/wp\/v2\/pages\/3644\/revisions\/4456"}],"up":[{"embeddable":true,"href":"https:\/\/blogs.univ-jfc.fr\/campsdusudouest\/wp-json\/wp\/v2\/pages\/1184"}],"wp:attachment":[{"href":"https:\/\/blogs.univ-jfc.fr\/campsdusudouest\/wp-json\/wp\/v2\/media?parent=3644"}],"curies":[{"name":"wp","href":"https:\/\/api.w.org\/{rel}","templated":true}]}}