{"id":3654,"date":"2016-03-30T20:38:50","date_gmt":"2016-03-30T19:38:50","guid":{"rendered":"http:\/\/blogs.univ-jfc.fr\/campsdusudouest\/?page_id=3654"},"modified":"2016-03-31T07:56:00","modified_gmt":"2016-03-31T06:56:00","slug":"les-activites-artistiques-au-camp-de-brens","status":"publish","type":"page","link":"https:\/\/blogs.univ-jfc.fr\/campsdusudouest\/mongraphies-de-camps\/brens\/le-renouveau-du-camp-de-brens-un-camp-de-femmes\/les-activites-artistiques-au-camp-de-brens\/","title":{"rendered":"Les activit\u00e9s artistiques au camp de Brens"},"content":{"rendered":"<p align=\"JUSTIFY\"><span style=\"font-family: Arial, sans-serif\">Le camp de Brens pr\u00e9sentait tr\u00e8s peu d&rsquo;espace ext\u00e9rieur. En effet, dans le camp pr\u00e9c\u00e9dent de Rieucros, les intern\u00e9es pouvaient s&rsquo;occuper en coupant du bois \u00e0 l\u2019ext\u00e9rieur car il y avait une for\u00eat \u00e0 proximit\u00e9. \u00c0 Brens, il \u00e9tait impossible de s&rsquo;isoler \u00e0 l\u2019int\u00e9rieur m\u00eame du camp car la superficie \u00e9tait trop petite. De ce fait, la vie des intern\u00e9es \u00e9tait totalement commune. Les femmes devaient s&rsquo;organiser pour \u00e9viter l&rsquo;ennui et penser \u00e0 la situation dans laquelle elles se trouvaient. Entre 1942 et 1943, de nombreuses activit\u00e9s culturelles eurent lieu. La Cimade ou bien les gardiennes du camp prenaient des photos des intern\u00e9es en train de faire du th\u00e9\u00e2tre. Ces photos \u00e9taient envoy\u00e9es aux familles pour donner une image positive des camps. Elles permettaient aussi d&rsquo;entretenir un lien avec l&rsquo;ext\u00e9rieur du camp. Il faut souligner que la mise en place des activit\u00e9s artistiques f\u00fbt possible notamment gr\u00e2ce \u00e0 des organisations comme la Cimade, la Croix-Rouge ou encore l&rsquo;entraide protestante.<\/span><\/p>\n<p align=\"JUSTIFY\"><span style=\"font-family: Arial, sans-serif\">Au sein du camp, les intern\u00e9es pratiquaient la cordonnerie ou bien la couture, activit\u00e9s d\u00e9j\u00e0 pr\u00e9sentes \u00e0 Rieucros. Une baraque culturelle ouvrait tous les jours et chaque dimanche apr\u00e8s-midi, \u00e0 partir d&rsquo;avril 1942, des repr\u00e9sentations artistiques avaient lieu. Cela pouvait \u00eatre du th\u00e9\u00e2tre ou encore des chants. Cependant, les sujets culturels \u00e9taient diff\u00e9rents de ceux du camp pr\u00e9c\u00e9dent. Ils ne repr\u00e9sentaient pas forc\u00e9ment la r\u00e9alit\u00e9, la situation politique actuelle. Ils \u00e9taient vari\u00e9s, permettant \u00e0 ces femmes d&rsquo;oublier un instant qu&rsquo;elles \u00e9taient intern\u00e9es dans un camp.<\/span><\/p>\n<p align=\"JUSTIFY\"><span style=\"font-family: Arial, sans-serif\">\u00c9tant de nationalit\u00e9s diff\u00e9rentes, elles en tiraient profit en pr\u00e9sentant leurs pays de mani\u00e8re artistique, mettant en avant leur propre culture. Elles se servaient aussi de cette diversit\u00e9 pour organiser des cours de langues. Les femmes apprenaient l&rsquo;allemand, le fran\u00e7ais, l&rsquo;espagnol, l&rsquo;italien mais elles avaient aussi des cours de grammaire et d&rsquo;orthographe donn\u00e9s par Fernande Valignat, intern\u00e9e qui \u00e9tait institutrice. N\u00e9anmoins, si les femmes apprenaient de nouvelles langues, ces cours servaient aussi \u00e0 \u00e9veiller leur conscience politique. Toutes ces activit\u00e9s se d\u00e9roulaient sous la surveillance du camp. D&rsquo;ailleurs, la direction du camp de Brens organisait certaines f\u00eates, comme P\u00e2ques ou la f\u00eate des m\u00e8res. Il y avait lors de ces \u00e9v\u00e9nements des chants, danses et po\u00e8mes faits par les intern\u00e9es.<\/span><\/p>\n","protected":false},"excerpt":{"rendered":"<p>Le camp de Brens pr\u00e9sentait tr\u00e8s peu d&rsquo;espace ext\u00e9rieur. En effet, dans le camp pr\u00e9c\u00e9dent de Rieucros, les intern\u00e9es pouvaient s&rsquo;occuper en coupant du bois \u00e0 l\u2019ext\u00e9rieur car il y avait une for\u00eat \u00e0 proximit\u00e9. \u00c0 Brens, il \u00e9tait impossible &hellip; <a href=\"https:\/\/blogs.univ-jfc.fr\/campsdusudouest\/mongraphies-de-camps\/brens\/le-renouveau-du-camp-de-brens-un-camp-de-femmes\/les-activites-artistiques-au-camp-de-brens\/\">Lire la suite <span class=\"meta-nav\">&rarr;<\/span><\/a><\/p>\n","protected":false},"author":157,"featured_media":0,"parent":2723,"menu_order":3,"comment_status":"closed","ping_status":"open","template":"","meta":[],"_links":{"self":[{"href":"https:\/\/blogs.univ-jfc.fr\/campsdusudouest\/wp-json\/wp\/v2\/pages\/3654"}],"collection":[{"href":"https:\/\/blogs.univ-jfc.fr\/campsdusudouest\/wp-json\/wp\/v2\/pages"}],"about":[{"href":"https:\/\/blogs.univ-jfc.fr\/campsdusudouest\/wp-json\/wp\/v2\/types\/page"}],"author":[{"embeddable":true,"href":"https:\/\/blogs.univ-jfc.fr\/campsdusudouest\/wp-json\/wp\/v2\/users\/157"}],"replies":[{"embeddable":true,"href":"https:\/\/blogs.univ-jfc.fr\/campsdusudouest\/wp-json\/wp\/v2\/comments?post=3654"}],"version-history":[{"count":8,"href":"https:\/\/blogs.univ-jfc.fr\/campsdusudouest\/wp-json\/wp\/v2\/pages\/3654\/revisions"}],"predecessor-version":[{"id":3781,"href":"https:\/\/blogs.univ-jfc.fr\/campsdusudouest\/wp-json\/wp\/v2\/pages\/3654\/revisions\/3781"}],"up":[{"embeddable":true,"href":"https:\/\/blogs.univ-jfc.fr\/campsdusudouest\/wp-json\/wp\/v2\/pages\/2723"}],"wp:attachment":[{"href":"https:\/\/blogs.univ-jfc.fr\/campsdusudouest\/wp-json\/wp\/v2\/media?parent=3654"}],"curies":[{"name":"wp","href":"https:\/\/api.w.org\/{rel}","templated":true}]}}