{"id":3655,"date":"2016-03-30T20:37:37","date_gmt":"2016-03-30T19:37:37","guid":{"rendered":"http:\/\/blogs.univ-jfc.fr\/campsdusudouest\/?page_id=3655"},"modified":"2016-03-31T07:55:25","modified_gmt":"2016-03-31T06:55:25","slug":"luis-garcia-gallo","status":"publish","type":"page","link":"https:\/\/blogs.univ-jfc.fr\/campsdusudouest\/vivre-dans-les-camps\/la-vie-culturelle-dans-les-camps\/un-ensemble-artistique-et-litteraire-tres-diversifie\/luis-garcia-gallo\/","title":{"rendered":"Luis Garcia Gallo"},"content":{"rendered":"<p align=\"JUSTIFY\">Luis Garcia Gallo fait partie de ces nombreux exil\u00e9s r\u00e9publicains espagnols qui se sont retrouv\u00e9s d\u00e8s 1939 dans des camps d&rsquo;internement. Il fut quant \u00e0 lui emmen\u00e9 successivement au camp d&rsquo;Argel\u00e8s-sur-Mer puis au camp de Judes de la commune de Septfonds. Tr\u00e8s vite, dans ce dernier \u00e9tablissement, il prend volontairement la charge de \u00ab\u00a0speaker\u00a0\u00bb, aupr\u00e8s de trois coll\u00e8gues intern\u00e9s. Le travail consiste \u00e0 accueillir les visiteurs \u00e0 l&rsquo;entr\u00e9e du camp, \u00e0 rigoureusement noter ces entr\u00e9es et sorties et \u00e0 pr\u00e9venir l&rsquo;individu en question qui re\u00e7oit de la visite.<\/p>\n<p align=\"JUSTIFY\">\n<div id=\"attachment_3659\" style=\"width: 249px\" class=\"wp-caption alignright\"><a href=\"http:\/\/blogs.univ-jfc.fr\/campsdusudouest\/wp-content\/uploads\/sites\/48\/2016\/03\/Luis-Garcia-Gallo.png\"><img aria-describedby=\"caption-attachment-3659\" loading=\"lazy\" class=\"size-medium wp-image-3659 \" title=\"VARGAS, Bruno (sous la direction de),  La seconde R\u00e9publique espagnole en exil en France (1939-1977) , Albi, \u00e9dition Presses Universitaires de Champollion, 2008, collection \u00ab Histoire de l'Espagne \u00bb\" alt=\"\" src=\"http:\/\/blogs.univ-jfc.fr\/campsdusudouest\/wp-content\/uploads\/sites\/48\/2016\/03\/Luis-Garcia-Gallo-239x300.png\" width=\"239\" height=\"300\" srcset=\"https:\/\/blogs.univ-jfc.fr\/campsdusudouest\/wp-content\/uploads\/sites\/48\/2016\/03\/Luis-Garcia-Gallo-239x300.png 239w, https:\/\/blogs.univ-jfc.fr\/campsdusudouest\/wp-content\/uploads\/sites\/48\/2016\/03\/Luis-Garcia-Gallo.png 351w\" sizes=\"(max-width: 239px) 100vw, 239px\" \/><\/a><p id=\"caption-attachment-3659\" class=\"wp-caption-text\">Mariano Marcos Lerena repr\u00e9sent\u00e9 par son ami Luis Garcia Gallo; remarquons la moustache ainsi que le m\u00e8tre, ce dernier est-il une r\u00e9f\u00e9rence au m\u00e9tier d&rsquo;architecte qu&rsquo;exer\u00e7ait Mariano Marcos ?<\/p><\/div>\n<p align=\"JUSTIFY\">Luis Garcia Gallo, surnomm\u00e9 \u00ab\u00a0Le Coq\u00a0\u00bb se lie d&rsquo;amiti\u00e9 avec ses compagnons de labeur, et notamment le madril\u00e8ne Mariano Marcos Lerena. Avec le papier qu&rsquo;il arrive \u00e0 se procurer gr\u00e2ce \u00e0 la charge qui lui incombe, il s&rsquo;amuse \u00e0 dessiner ce qui l&rsquo;entoure. Ainsi, dans quelques caricatures, on le voit repr\u00e9senter son ami au travail, parfois de mani\u00e8re originale. Effectivement, dans la photo ci-dessous, on voit le madril\u00e8ne portant une moustache bien taill\u00e9e, alors qu&rsquo;en r\u00e9alit\u00e9 la vie et l&rsquo;hygi\u00e8ne du camp ne lui permettent pas de l&rsquo;entretenir. Peut-\u00eatre est-ce un moyen de garder une part de soi, malgr\u00e9 l&rsquo;instabilit\u00e9\u00a0? C&rsquo;est ce que veut croire Mariano Marcos Lerena.<\/p>\n<p align=\"JUSTIFY\">\n<p align=\"JUSTIFY\">De mani\u00e8re \u00e9tonnante, le caricaturiste \u00e9tend sa pratique \u00e0 une client\u00e8le plus large, le personnel du camp. Celui-ci est friand des portraits que peut \u00e9baucher l&rsquo;artiste et r\u00e9compense son \u0153uvre, ainsi que le travail volontaire des quatre speakers, par le biais de privil\u00e8ges divers\u00a0: nourriture suppl\u00e9mentaire, droit hebdomadaire de sortie, cigarettes etc.<\/p>\n","protected":false},"excerpt":{"rendered":"<p>Luis Garcia Gallo fait partie de ces nombreux exil\u00e9s r\u00e9publicains espagnols qui se sont retrouv\u00e9s d\u00e8s 1939 dans des camps d&rsquo;internement. Il fut quant \u00e0 lui emmen\u00e9 successivement au camp d&rsquo;Argel\u00e8s-sur-Mer puis au camp de Judes de la commune de &hellip; <a href=\"https:\/\/blogs.univ-jfc.fr\/campsdusudouest\/vivre-dans-les-camps\/la-vie-culturelle-dans-les-camps\/un-ensemble-artistique-et-litteraire-tres-diversifie\/luis-garcia-gallo\/\">Lire la suite <span class=\"meta-nav\">&rarr;<\/span><\/a><\/p>\n","protected":false},"author":156,"featured_media":0,"parent":297,"menu_order":0,"comment_status":"closed","ping_status":"open","template":"","meta":[],"_links":{"self":[{"href":"https:\/\/blogs.univ-jfc.fr\/campsdusudouest\/wp-json\/wp\/v2\/pages\/3655"}],"collection":[{"href":"https:\/\/blogs.univ-jfc.fr\/campsdusudouest\/wp-json\/wp\/v2\/pages"}],"about":[{"href":"https:\/\/blogs.univ-jfc.fr\/campsdusudouest\/wp-json\/wp\/v2\/types\/page"}],"author":[{"embeddable":true,"href":"https:\/\/blogs.univ-jfc.fr\/campsdusudouest\/wp-json\/wp\/v2\/users\/156"}],"replies":[{"embeddable":true,"href":"https:\/\/blogs.univ-jfc.fr\/campsdusudouest\/wp-json\/wp\/v2\/comments?post=3655"}],"version-history":[{"count":5,"href":"https:\/\/blogs.univ-jfc.fr\/campsdusudouest\/wp-json\/wp\/v2\/pages\/3655\/revisions"}],"predecessor-version":[{"id":3804,"href":"https:\/\/blogs.univ-jfc.fr\/campsdusudouest\/wp-json\/wp\/v2\/pages\/3655\/revisions\/3804"}],"up":[{"embeddable":true,"href":"https:\/\/blogs.univ-jfc.fr\/campsdusudouest\/wp-json\/wp\/v2\/pages\/297"}],"wp:attachment":[{"href":"https:\/\/blogs.univ-jfc.fr\/campsdusudouest\/wp-json\/wp\/v2\/media?parent=3655"}],"curies":[{"name":"wp","href":"https:\/\/api.w.org\/{rel}","templated":true}]}}