{"id":3921,"date":"2016-03-31T08:17:50","date_gmt":"2016-03-31T07:17:50","guid":{"rendered":"http:\/\/blogs.univ-jfc.fr\/campsdusudouest\/?page_id=3921"},"modified":"2016-04-12T21:32:59","modified_gmt":"2016-04-12T20:32:59","slug":"lorganisation-du-ravitaillement-par-les-administrations-detat","status":"publish","type":"page","link":"https:\/\/blogs.univ-jfc.fr\/campsdusudouest\/les-camps-et-leur-environnement\/les-camps-et-leur-environnement-local\/i-geographie-localisation-et-ravitaillement-des-camps-dinternement\/lorganisation-du-ravitaillement-par-les-administrations-detat\/","title":{"rendered":"L&rsquo;organisation du ravitaillement par les administrations d&rsquo;Etat"},"content":{"rendered":"<p style=\"text-align: justify\"><span style=\"color: #000000\"><span>L&rsquo;organisation du ravitaillement \u00e9tait g\u00e9r\u00e9e par des administrations publiques comme l&rsquo;Etat ou plus localement la pr\u00e9fecture poss\u00e9dant une grande influence sur le contr\u00f4le des produits alimentaires. Celles-ci organisaient des groupements d\u00e9partementaux de r\u00e9partition et \u00e9taient aussi charg\u00e9es du ravitaillement. Le ravitaillement des produits alimentaires avait \u00e9t\u00e9 r\u00e9organis\u00e9 sous la tutelle d&rsquo;un secr\u00e9tariat d&rsquo;\u00c9tat sp\u00e9cifique, rattach\u00e9 ou non selon la p\u00e9riode au minist\u00e8re de l&rsquo;Agriculture.<\/span><\/span><\/p>\n<p style=\"text-align: justify\"><span style=\"color: #000000\"><span> De plus, l\u2019\u00c9tat<\/span><\/span><span style=\"color: #000000\"><span style=\"font-family: 'Times New Roman', serif\"><span> instaurait un syst\u00e8me de contr\u00f4le de l&rsquo;alimentation identique pour les habitants et les intern\u00e9s, gr\u00e2ce \u00e0 des tickets de restauration d\u00e9livr\u00e9s par la mairie de la commune; permettant le contr\u00f4le de la quantit\u00e9 de nourriture distribu\u00e9e. Cette proc\u00e9dure fut mise en place tout d&rsquo;abord en zone occup\u00e9e, puis tr\u00e8s vite, la loi fut appliqu\u00e9e \u00e0 tous les camps et toutes les communes se trouvant sur le territoire fran\u00e7ais. Chacun devait conserver ses tickets d&rsquo;alimentation qui \u00e9taient renouvel\u00e9s administrativement chaque trimestre.<\/span><\/span><\/span><\/p>\n<p style=\"text-align: justify\">\n","protected":false},"excerpt":{"rendered":"<p>L&rsquo;organisation du ravitaillement \u00e9tait g\u00e9r\u00e9e par des administrations publiques comme l&rsquo;Etat ou plus localement la pr\u00e9fecture poss\u00e9dant une grande influence sur le contr\u00f4le des produits alimentaires. Celles-ci organisaient des groupements d\u00e9partementaux de r\u00e9partition et \u00e9taient aussi charg\u00e9es du ravitaillement. Le &hellip; <a href=\"https:\/\/blogs.univ-jfc.fr\/campsdusudouest\/les-camps-et-leur-environnement\/les-camps-et-leur-environnement-local\/i-geographie-localisation-et-ravitaillement-des-camps-dinternement\/lorganisation-du-ravitaillement-par-les-administrations-detat\/\">Lire la suite <span class=\"meta-nav\">&rarr;<\/span><\/a><\/p>\n","protected":false},"author":188,"featured_media":0,"parent":1184,"menu_order":0,"comment_status":"closed","ping_status":"open","template":"","meta":[],"_links":{"self":[{"href":"https:\/\/blogs.univ-jfc.fr\/campsdusudouest\/wp-json\/wp\/v2\/pages\/3921"}],"collection":[{"href":"https:\/\/blogs.univ-jfc.fr\/campsdusudouest\/wp-json\/wp\/v2\/pages"}],"about":[{"href":"https:\/\/blogs.univ-jfc.fr\/campsdusudouest\/wp-json\/wp\/v2\/types\/page"}],"author":[{"embeddable":true,"href":"https:\/\/blogs.univ-jfc.fr\/campsdusudouest\/wp-json\/wp\/v2\/users\/188"}],"replies":[{"embeddable":true,"href":"https:\/\/blogs.univ-jfc.fr\/campsdusudouest\/wp-json\/wp\/v2\/comments?post=3921"}],"version-history":[{"count":5,"href":"https:\/\/blogs.univ-jfc.fr\/campsdusudouest\/wp-json\/wp\/v2\/pages\/3921\/revisions"}],"predecessor-version":[{"id":4495,"href":"https:\/\/blogs.univ-jfc.fr\/campsdusudouest\/wp-json\/wp\/v2\/pages\/3921\/revisions\/4495"}],"up":[{"embeddable":true,"href":"https:\/\/blogs.univ-jfc.fr\/campsdusudouest\/wp-json\/wp\/v2\/pages\/1184"}],"wp:attachment":[{"href":"https:\/\/blogs.univ-jfc.fr\/campsdusudouest\/wp-json\/wp\/v2\/media?parent=3921"}],"curies":[{"name":"wp","href":"https:\/\/api.w.org\/{rel}","templated":true}]}}