{"id":4008,"date":"2016-03-31T08:31:54","date_gmt":"2016-03-31T07:31:54","guid":{"rendered":"http:\/\/blogs.univ-jfc.fr\/campsdusudouest\/?page_id=4008"},"modified":"2016-03-31T08:31:54","modified_gmt":"2016-03-31T07:31:54","slug":"extrait-de-lacte-constitutionnel-n7-du-27-janvier-1941","status":"publish","type":"page","link":"https:\/\/blogs.univ-jfc.fr\/campsdusudouest\/extrait-de-lacte-constitutionnel-n7-du-27-janvier-1941\/","title":{"rendered":"Extrait de l&rsquo;Acte constitutionnel n\u00b07 du 27 janvier 1941"},"content":{"rendered":"<h3><a name=\"7\"><\/a><\/h3>\n<p>Extrait de l&rsquo;Acte constitutionnel n\u00b07 du 27 janvier 1941<\/p>\n<p>Nous, mar\u00e9chal de France, chef de l&rsquo;\u00c9tat fran\u00e7ais,<br \/>\nVu la loi constitutionnelle du 10 juillet 1940.<br \/>\nD\u00e9cr\u00e9tons :<b>Article premier.<\/b><br \/>\nLes secr\u00e9taires d&rsquo;\u00c9tat, hauts dignitaires et hauts fonctionnaires de l&rsquo;\u00c9tat pr\u00eatent serment devant le chef de l&rsquo;\u00c9tat. Ils jurent fid\u00e9lit\u00e9 \u00e0 sa personne et s&rsquo;engagent \u00e0 exercer leur charge pour le bien de l&rsquo;\u00c9tat, selon les lois de l&rsquo;honneur et de la probit\u00e9.<\/p>\n<p><b>Article 3.<\/b><br \/>\nDans le cas o\u00f9 l&rsquo;un d&rsquo;eux viendrait \u00e0 trahir les devoirs de sa charge, le chef de l&rsquo;\u00c9tat, apr\u00e8s enqu\u00eate dont il arr\u00eatera la proc\u00e9dure, peut prononcer toute r\u00e9paration civile, toutes amendes et appliquer les peines suivantes \u00e0 titre temporaire ou d\u00e9finitif :<br \/>\n&#8211; privation des droits politiques ;<br \/>\n&#8211; mise en r\u00e9sidence surveill\u00e9e en France ou aux colonies ;<br \/>\n&#8211; internement administratif ;<br \/>\n&#8211; d\u00e9tention dans une enceinte fortifi\u00e9e.\u00a0\u00bb<\/p>\n","protected":false},"excerpt":{"rendered":"<p>Extrait de l&rsquo;Acte constitutionnel n\u00b07 du 27 janvier 1941 Nous, mar\u00e9chal de France, chef de l&rsquo;\u00c9tat fran\u00e7ais, Vu la loi constitutionnelle du 10 juillet 1940. D\u00e9cr\u00e9tons :Article premier. Les secr\u00e9taires d&rsquo;\u00c9tat, hauts dignitaires et hauts fonctionnaires de l&rsquo;\u00c9tat pr\u00eatent serment &hellip; <a href=\"https:\/\/blogs.univ-jfc.fr\/campsdusudouest\/extrait-de-lacte-constitutionnel-n7-du-27-janvier-1941\/\">Lire la suite <span class=\"meta-nav\">&rarr;<\/span><\/a><\/p>\n","protected":false},"author":207,"featured_media":0,"parent":0,"menu_order":0,"comment_status":"closed","ping_status":"open","template":"","meta":[],"_links":{"self":[{"href":"https:\/\/blogs.univ-jfc.fr\/campsdusudouest\/wp-json\/wp\/v2\/pages\/4008"}],"collection":[{"href":"https:\/\/blogs.univ-jfc.fr\/campsdusudouest\/wp-json\/wp\/v2\/pages"}],"about":[{"href":"https:\/\/blogs.univ-jfc.fr\/campsdusudouest\/wp-json\/wp\/v2\/types\/page"}],"author":[{"embeddable":true,"href":"https:\/\/blogs.univ-jfc.fr\/campsdusudouest\/wp-json\/wp\/v2\/users\/207"}],"replies":[{"embeddable":true,"href":"https:\/\/blogs.univ-jfc.fr\/campsdusudouest\/wp-json\/wp\/v2\/comments?post=4008"}],"version-history":[{"count":1,"href":"https:\/\/blogs.univ-jfc.fr\/campsdusudouest\/wp-json\/wp\/v2\/pages\/4008\/revisions"}],"predecessor-version":[{"id":4022,"href":"https:\/\/blogs.univ-jfc.fr\/campsdusudouest\/wp-json\/wp\/v2\/pages\/4008\/revisions\/4022"}],"wp:attachment":[{"href":"https:\/\/blogs.univ-jfc.fr\/campsdusudouest\/wp-json\/wp\/v2\/media?parent=4008"}],"curies":[{"name":"wp","href":"https:\/\/api.w.org\/{rel}","templated":true}]}}