{"id":483,"date":"2016-03-03T10:10:49","date_gmt":"2016-03-03T09:10:49","guid":{"rendered":"http:\/\/blogs.univ-jfc.fr\/campsdusudouest\/?page_id=483"},"modified":"2016-03-31T08:07:46","modified_gmt":"2016-03-31T07:07:46","slug":"le-personnel-administratif","status":"publish","type":"page","link":"https:\/\/blogs.univ-jfc.fr\/campsdusudouest\/hommes-et-femmes-des-camps\/le-personnel-des-camps\/le-personnel-administratif\/","title":{"rendered":"Le Personnel Administratif"},"content":{"rendered":"<p style=\"text-align: justify\">Nous allons ici observer l\u2019\u00e9volution de la provenance des cadres administratifs.\u00a0Le directeur est le plus haut responsable dans le camp, il a autorit\u00e9 sur tous les personnels y compris <a title=\"Les acteurs de la surveillance\" href=\"http:\/\/blogs.univ-jfc.fr\/campsdusudouest\/hommes-et-femmes-des-camps\/le-personnel-des-camps\/les-acteurs-de-la-surveillance\/\">les gardiens<\/a>. Il sert de relais \u00e0 l\u2019autorit\u00e9 <a title=\"Hi\u00e9rarchie pr\u00e9fectorale\" href=\"http:\/\/blogs.univ-jfc.fr\/campsdusudouest\/hierarchie-prefectorale\/\">pr\u00e9fectorale<\/a> dans l\u2019application des directives gouvernementales et doit coordonner les diff\u00e9rents services au sein du camp. Nous pouvons observer qu\u2019\u00e0 la mise en place de certains camps comme \u00e0 No\u00e9 le directeur peut \u00eatre un civil r\u00e9quisitionn\u00e9, qui tente d\u2019installer de bonnes conditions de vie malgr\u00e9 l\u2019enfermement. C\u2019est le Minist\u00e8re de l\u2019Int\u00e9rieur qui, \u00e0 l\u2019ouverture des camps, se charge de recruter des chefs de camp, un grand nombre sont des officiers en cong\u00e9 d\u2019armistice (<a href=\"https:\/\/tel.archives-ouvertes.fr\/tel-00362523\/document\">Denis Peschansk<\/a>i). Cependant ces directeurs sont rapidement remplac\u00e9s par des militaires aux m\u0153urs beaucoup plus strictes, \u00e0 <a title=\"No\u00e9\" href=\"http:\/\/blogs.univ-jfc.fr\/campsdusudouest\/mongraphies-de-camps\/noe\/\">No\u00e9<\/a> le changement de directeur a lieu apr\u00e8s seulement une semaine, c\u2019est un commandant de la garde nationale qui lui succ\u00e8de et jusqu\u2019en 1944, le chef de camp est un officier de r\u00e9serve. \u00c0 partir de 1942, nous assistons \u00e0 un retour des civils aux commandes des camps d\u2019internement. Ils sont s\u00e9lectionn\u00e9s dans la mesure o\u00f9 ils ont d\u00e9j\u00e0 exerc\u00e9 un m\u00e9tier en lien avec la gestion. Le salaire faible est un frein au recrutement de personnes plus qualifi\u00e9es, au m\u00eame titre que la difficult\u00e9 de la t\u00e2che. Durant la p\u00e9riode des d\u00e9portations, ils ont la mission d\u2019\u00e9tablir et de transmettre les listes des personnes destin\u00e9es aux camps de concentration et d\u2019extermination de l\u2019Est de l\u2019Europe. D\u2019autres camps connaissent plusieurs changements de directeurs, quatre pour le cas de <a title=\"Le Camp de Brens\" href=\"http:\/\/blogs.univ-jfc.fr\/campsdusudouest\/le-camp-de-brens\/\">Brens<\/a>. Le tout premier directeur de ce camp est un commissaire de police qui dirige d\u00e9j\u00e0 Rieucros. Le dernier directeur en 1944 est un lieutenant de gendarmerie anciennement gestionnaire du camp du <a title=\"Le Vernet d\u2019Ari\u00e8ge\" href=\"http:\/\/blogs.univ-jfc.fr\/campsdusudouest\/mongraphies-de-camps\/le-vernet-dariege\/\">Vernet<\/a>.<\/p>\n<p style=\"text-align: justify\">Les comptables ont pour r\u00f4le de s\u2019occuper des finances des camps, de r\u00e9guler les d\u00e9penses li\u00e9es au ravitaillement alimentaire et m\u00e9dical. Ils ont \u00e9galement la charge de veiller sur les liquidit\u00e9s et les biens de valeur parfois confisqu\u00e9s aux intern\u00e9s \u00e0 leur arriv\u00e9e. Nous pouvons observer une l\u00e9g\u00e8re \u00e9volution de leur r\u00f4le apr\u00e8s 1942. Effectivement leur t\u00e2che est rendue encore plus complexe lorsque le budget des camps d\u2019internement est diminu\u00e9. Ils doivent faire face \u00e0 de nombreuses contraintes qui entra\u00eenent l\u2019endettement de certains camps. Leur recrutement continuant \u00e0 \u00eatre inappropri\u00e9, on trouve de nombreux rapports de l\u2019Inspection G\u00e9n\u00e9rale des Camps d\u00e9non\u00e7ant des pr\u00e9visions erron\u00e9es de d\u00e9penses ou de mauvais choix de fournisseurs qui imposent des prix trop \u00e9lev\u00e9s.<\/p>\n<p style=\"text-align: justify\">Nous pouvons ainsi voir que les fonctions administratives sont, bien que tr\u00e8s importante pour le fonctionnement des camps, soumises \u00e0 d\u2019importantes difficult\u00e9s de recrutement et de fonctionnement.<\/p>\n<p>&nbsp;<\/p>\n","protected":false},"excerpt":{"rendered":"<p>Nous allons ici observer l\u2019\u00e9volution de la provenance des cadres administratifs.\u00a0Le directeur est le plus haut responsable dans le camp, il a autorit\u00e9 sur tous les personnels y compris les gardiens. Il sert de relais \u00e0 l\u2019autorit\u00e9 pr\u00e9fectorale dans l\u2019application &hellip; <a href=\"https:\/\/blogs.univ-jfc.fr\/campsdusudouest\/hommes-et-femmes-des-camps\/le-personnel-des-camps\/le-personnel-administratif\/\">Lire la suite <span class=\"meta-nav\">&rarr;<\/span><\/a><\/p>\n","protected":false},"author":118,"featured_media":0,"parent":117,"menu_order":0,"comment_status":"closed","ping_status":"open","template":"","meta":[],"_links":{"self":[{"href":"https:\/\/blogs.univ-jfc.fr\/campsdusudouest\/wp-json\/wp\/v2\/pages\/483"}],"collection":[{"href":"https:\/\/blogs.univ-jfc.fr\/campsdusudouest\/wp-json\/wp\/v2\/pages"}],"about":[{"href":"https:\/\/blogs.univ-jfc.fr\/campsdusudouest\/wp-json\/wp\/v2\/types\/page"}],"author":[{"embeddable":true,"href":"https:\/\/blogs.univ-jfc.fr\/campsdusudouest\/wp-json\/wp\/v2\/users\/118"}],"replies":[{"embeddable":true,"href":"https:\/\/blogs.univ-jfc.fr\/campsdusudouest\/wp-json\/wp\/v2\/comments?post=483"}],"version-history":[{"count":13,"href":"https:\/\/blogs.univ-jfc.fr\/campsdusudouest\/wp-json\/wp\/v2\/pages\/483\/revisions"}],"predecessor-version":[{"id":3872,"href":"https:\/\/blogs.univ-jfc.fr\/campsdusudouest\/wp-json\/wp\/v2\/pages\/483\/revisions\/3872"}],"up":[{"embeddable":true,"href":"https:\/\/blogs.univ-jfc.fr\/campsdusudouest\/wp-json\/wp\/v2\/pages\/117"}],"wp:attachment":[{"href":"https:\/\/blogs.univ-jfc.fr\/campsdusudouest\/wp-json\/wp\/v2\/media?parent=483"}],"curies":[{"name":"wp","href":"https:\/\/api.w.org\/{rel}","templated":true}]}}