{"id":487,"date":"2016-03-03T10:16:10","date_gmt":"2016-03-03T09:16:10","guid":{"rendered":"http:\/\/blogs.univ-jfc.fr\/campsdusudouest\/?page_id=487"},"modified":"2016-04-13T12:21:33","modified_gmt":"2016-04-13T11:21:33","slug":"le-role-de-letat-et-des-prefectures-dans-la-mise-en-place-des-camps-dinternement-administratif","status":"publish","type":"page","link":"https:\/\/blogs.univ-jfc.fr\/campsdusudouest\/le-role-des-pouvoirs-publics\/le-role-de-letat-et-des-prefectures-dans-la-mise-en-place-des-camps-dinternement-administratif\/","title":{"rendered":"Le r\u00f4le des pr\u00e9fectures"},"content":{"rendered":"<p align=\"justify\">Les pr\u00e9fectures furent un des maillons essentiel de l&rsquo;organisation du territoire fran\u00e7ais, elles jou\u00e8rent un r\u00f4le important dans l\u2019ex\u00e9cution des d\u00e9cisions gouvernementales. Par cons\u00e9quent, lors de l&rsquo;arriv\u00e9e massive des populations \u00e0 partir de 1936, ces administrations se sont retrouv\u00e9es en premi\u00e8re ligne pour g\u00e9rer l\u2019accueil de ces populations et ont donc \u00e9t\u00e9 les principaux interm\u00e9diaires entre l\u2019\u00c9tat et les populations r\u00e9fugi\u00e9es.<\/p>\n<div id=\"attachment_1765\" style=\"width: 290px\" class=\"wp-caption alignleft\"><a href=\"http:\/\/blogs.univ-jfc.fr\/campsdusudouest\/wp-content\/uploads\/sites\/48\/2016\/03\/Vue-gene2.gif\"><img aria-describedby=\"caption-attachment-1765\" loading=\"lazy\" class=\" wp-image-1765                   \" title=\"Gurs, France, vers 1941. Source photo : United States Holocaust Memorial Museum, cr\u00e9dit photo : USHMM\" alt=\"Vue du camp de Gurs tel que photographi\u00e9 \u00e0 partir d\u2019un ch\u00e2teau d\u2019eau. Gurs, France, vers 1941. source photo : United States Holocaust Memorial Museum cr\u00e9dit photo : USHMM\" src=\"http:\/\/blogs.univ-jfc.fr\/campsdusudouest\/wp-content\/uploads\/sites\/48\/2016\/03\/Vue-gene2-300x201.gif\" width=\"280\" height=\"188\" srcset=\"https:\/\/blogs.univ-jfc.fr\/campsdusudouest\/wp-content\/uploads\/sites\/48\/2016\/03\/Vue-gene2-300x201.gif 300w, https:\/\/blogs.univ-jfc.fr\/campsdusudouest\/wp-content\/uploads\/sites\/48\/2016\/03\/Vue-gene2-447x300.gif 447w\" sizes=\"(max-width: 280px) 100vw, 280px\" \/><\/a><p id=\"caption-attachment-1765\" class=\"wp-caption-text\">Vue du camp de Gurs tel que photographi\u00e9 \u00e0 partir d\u2019un ch\u00e2teau d\u2019eau vers 1941.<\/p><\/div>\n<p align=\"justify\">En effet, d\u00e8s l&rsquo;arriv\u00e9e massive des premi\u00e8res populations \u00e0 partir de la fin des ann\u00e9es 1930, ce fut d&rsquo;abord l&rsquo;arm\u00e9e fran\u00e7aise, qui a prit en charge les r\u00e9fugi\u00e9s qui \u00e9taient en majorit\u00e9 des r\u00e9publicains espagnols fuyant la victoire du g\u00e9n\u00e9ral Franco et la chute de la Seconde R\u00e9publique espagnole. \u00c0 la suite de cette prise en charge militaire des r\u00e9fugi\u00e9s, <a title=\"La construction des camps (partie florian)\" href=\"http:\/\/blogs.univ-jfc.fr\/campsdusudouest\/le-role-des-pouvoirs-publics\/le-role-de-letat-et-des-prefectures\/le-role-de-letat-et-des-prefectures-dans-la-mise-en-place-des-camps-dinternement-administratif\/la-construction-des-camps-partie-florian\/\">les premiers camps d&rsquo;internement administratif furent construits par les pr\u00e9fectures locales <\/a>; notamment par l&rsquo;interm\u00e9diaire d&rsquo;ing\u00e9nieurs civils des Ponts et Chauss\u00e9e qui d\u00e9pendirent du Minist\u00e8re des travaux publics et par cons\u00e9quent de l\u2019\u00c9tat.<\/p>\n<div id=\"attachment_1928\" style=\"width: 310px\" class=\"wp-caption alignright\"><a href=\"http:\/\/blogs.univ-jfc.fr\/campsdusudouest\/wp-content\/uploads\/sites\/48\/2016\/03\/1325612107-LF-239-Tlse.jpg\"><img aria-describedby=\"caption-attachment-1928\" loading=\"lazy\" class=\"size-medium wp-image-1928  \" title=\"Photoypie des ann\u00e9es 20 des Fr\u00e8res Toulouse\" alt=\"Photo de la cour d'honneur de la pr\u00e9fecture de Toulouse, Haute -Garonne\" src=\"http:\/\/blogs.univ-jfc.fr\/campsdusudouest\/wp-content\/uploads\/sites\/48\/2016\/03\/1325612107-LF-239-Tlse-300x193.jpg\" width=\"300\" height=\"193\" srcset=\"https:\/\/blogs.univ-jfc.fr\/campsdusudouest\/wp-content\/uploads\/sites\/48\/2016\/03\/1325612107-LF-239-Tlse-300x193.jpg 300w, https:\/\/blogs.univ-jfc.fr\/campsdusudouest\/wp-content\/uploads\/sites\/48\/2016\/03\/1325612107-LF-239-Tlse-465x300.jpg 465w, https:\/\/blogs.univ-jfc.fr\/campsdusudouest\/wp-content\/uploads\/sites\/48\/2016\/03\/1325612107-LF-239-Tlse.jpg 1024w\" sizes=\"(max-width: 300px) 100vw, 300px\" \/><\/a><p id=\"caption-attachment-1928\" class=\"wp-caption-text\">Photo de la cour d&rsquo;honneur de la pr\u00e9fecture de Toulouse, Haute -Garonne<\/p><\/div>\n<p align=\"justify\">C&rsquo;est \u00e0 partir du d\u00e9cret du 18 novembre 1939, dans lequel les pr\u00e9fectures obtinrent le droit d&rsquo;interner chaque individu consid\u00e9r\u00e9 comme \u00ab dangereux pour la d\u00e9fense nationale et pour la s\u00e9curit\u00e9 publique \u00bb sur d\u00e9cision du pr\u00e9fet. Les pr\u00e9fets virent en cons\u00e9quence leurs responsabilit\u00e9s \u00e9tendues. Les divers d\u00e9crets provenant du gouvernement fran\u00e7ais permirent alors \u00e0 certaines pr\u00e9fectures de prendre des<a title=\"Partie Arnaud\" href=\"http:\/\/blogs.univ-jfc.fr\/campsdusudouest\/le-role-des-pouvoirs-publics\/le-role-de-letat-et-des-prefectures\/le-role-de-letat-et-des-prefectures-dans-la-mise-en-place-des-camps-dinternement-administratif\/partie-arnaud\/\"> initiatives in\u00e9dites vis \u00e0 vis de ces d\u00e9crets quant \u00e0 la mise en application des camps d&rsquo;internement administratif<\/a>.<\/p>\n<div id=\"attachment_1315\" style=\"width: 181px\" class=\"wp-caption alignleft\"><a href=\"http:\/\/blogs.univ-jfc.fr\/campsdusudouest\/wp-content\/uploads\/sites\/48\/2016\/03\/Photographie-provenant-du-site-de-Roger-Cousin-mise-en-ligne-le-9-d\u00e9cembre-2012-andr\u00e9-plaisantin.jpg\"><img aria-describedby=\"caption-attachment-1315\" loading=\"lazy\" class=\"size-full wp-image-1315  \" title=\"Photographie publi\u00e9e sur le site alpesolidaires.org par Michel Chaudy le 1 Juillet 2011.\" alt=\"Andr\u00e9 Plaisantin, un des principaux investigateur du NAP\" src=\"http:\/\/blogs.univ-jfc.fr\/campsdusudouest\/wp-content\/uploads\/sites\/48\/2016\/03\/Photographie-provenant-du-site-de-Roger-Cousin-mise-en-ligne-le-9-d\u00e9cembre-2012-andr\u00e9-plaisantin.jpg\" width=\"171\" height=\"209\" \/><\/a><p id=\"caption-attachment-1315\" class=\"wp-caption-text\">Andr\u00e9 Plaisantin, un des principaux investigateur du NAP.<\/p><\/div>\n<p align=\"justify\">Or, les pr\u00e9fectures, \u00e9tant une d\u00e9l\u00e9gation du pouvoir de l\u2019\u00c9tat au niveau r\u00e9gional, se doivent d&rsquo;appliquer th\u00e9oriquement les d\u00e9cisions \u00e9manant de l&rsquo;autorit\u00e9 \u00e9tatique. Par cons\u00e9quent, durant la p\u00e9riode de mise en place des camps d&rsquo;internement administratif, les pr\u00e9fectures n&rsquo;ont connu que de <a title=\"Les rares r\u00e9sistances pr\u00e9fectorales\" href=\"http:\/\/blogs.univ-jfc.fr\/campsdusudouest\/le-role-des-pouvoirs-publics\/le-role-de-letat-et-des-prefectures\/le-role-de-letat-et-des-prefectures-dans-la-mise-en-place-des-camps-dinternement-administratif\/les-rares-resistances-prefectorales\/\">tr\u00e8s rares cas de protestations envers la mise en place de ces camps. <\/a>Les seuls cas connus de r\u00e9sistance n&rsquo;ont \u00e9t\u00e9 perp\u00e9tr\u00e9 que par quelques pr\u00e9fets et de mani\u00e8re clandestines, notamment par l&rsquo;interm\u00e9diaire d&rsquo;une organisation de r\u00e9sistance d\u00e9nomm\u00e9e le N.A.P.<\/p>\n<p style=\"text-align: center\" align=\"justify\">Delbruel Arnaud, Dubois Florian,\u00a0 Xipolitakis Cyril<\/p>\n","protected":false},"excerpt":{"rendered":"<p>Les pr\u00e9fectures furent un des maillons essentiel de l&rsquo;organisation du territoire fran\u00e7ais, elles jou\u00e8rent un r\u00f4le important dans l\u2019ex\u00e9cution des d\u00e9cisions gouvernementales. Par cons\u00e9quent, lors de l&rsquo;arriv\u00e9e massive des populations \u00e0 partir de 1936, ces administrations se sont retrouv\u00e9es en &hellip; <a href=\"https:\/\/blogs.univ-jfc.fr\/campsdusudouest\/le-role-des-pouvoirs-publics\/le-role-de-letat-et-des-prefectures-dans-la-mise-en-place-des-camps-dinternement-administratif\/\">Lire la suite <span class=\"meta-nav\">&rarr;<\/span><\/a><\/p>\n","protected":false},"author":197,"featured_media":0,"parent":127,"menu_order":0,"comment_status":"closed","ping_status":"open","template":"","meta":[],"_links":{"self":[{"href":"https:\/\/blogs.univ-jfc.fr\/campsdusudouest\/wp-json\/wp\/v2\/pages\/487"}],"collection":[{"href":"https:\/\/blogs.univ-jfc.fr\/campsdusudouest\/wp-json\/wp\/v2\/pages"}],"about":[{"href":"https:\/\/blogs.univ-jfc.fr\/campsdusudouest\/wp-json\/wp\/v2\/types\/page"}],"author":[{"embeddable":true,"href":"https:\/\/blogs.univ-jfc.fr\/campsdusudouest\/wp-json\/wp\/v2\/users\/197"}],"replies":[{"embeddable":true,"href":"https:\/\/blogs.univ-jfc.fr\/campsdusudouest\/wp-json\/wp\/v2\/comments?post=487"}],"version-history":[{"count":32,"href":"https:\/\/blogs.univ-jfc.fr\/campsdusudouest\/wp-json\/wp\/v2\/pages\/487\/revisions"}],"predecessor-version":[{"id":1340,"href":"https:\/\/blogs.univ-jfc.fr\/campsdusudouest\/wp-json\/wp\/v2\/pages\/487\/revisions\/1340"}],"up":[{"embeddable":true,"href":"https:\/\/blogs.univ-jfc.fr\/campsdusudouest\/wp-json\/wp\/v2\/pages\/127"}],"wp:attachment":[{"href":"https:\/\/blogs.univ-jfc.fr\/campsdusudouest\/wp-json\/wp\/v2\/media?parent=487"}],"curies":[{"name":"wp","href":"https:\/\/api.w.org\/{rel}","templated":true}]}}