{"id":491,"date":"2016-03-03T10:11:46","date_gmt":"2016-03-03T09:11:46","guid":{"rendered":"http:\/\/blogs.univ-jfc.fr\/campsdusudouest\/?page_id=491"},"modified":"2016-03-31T08:06:24","modified_gmt":"2016-03-31T07:06:24","slug":"le-personnel-medical","status":"publish","type":"page","link":"https:\/\/blogs.univ-jfc.fr\/campsdusudouest\/hommes-et-femmes-des-camps\/le-personnel-des-camps\/le-personnel-medical\/","title":{"rendered":"Le Personnel M\u00e9dical"},"content":{"rendered":"<p lang=\"en-US\" align=\"justify\"><span style=\"color: #000000\"><span style=\"font-family: Times New Roman,serif\"><span style=\"font-family: Times New Roman,serif\"><span style=\"font-size: medium\">Une autre cat<\/span><\/span><span style=\"font-family: Times New Roman,serif\"><span style=\"font-size: medium\">\u00e9<\/span><\/span><span style=\"font-family: Times New Roman,serif\"><span style=\"font-size: medium\">gorie importante de personnel concerne le secteur m<\/span><\/span><span style=\"font-family: Times New Roman,serif\"><span style=\"font-size: medium\">\u00e9<\/span><\/span><span style=\"font-family: Times New Roman,serif\"><span style=\"font-size: medium\">dical, <\/span><\/span><span style=\"font-family: Times New Roman,serif\"><span style=\"font-size: medium\">m\u00e9decins<\/span><\/span><span style=\"font-family: Times New Roman,serif\"><span style=\"font-size: medium\"> et<\/span><\/span><span style=\"font-family: Times New Roman,serif\"><span style=\"font-size: medium\"> infirmi<\/span><\/span><span style=\"font-family: Times New Roman,serif\"><span style=\"font-size: medium\">\u00e8<\/span><\/span><span style=\"font-family: Times New Roman,serif\"><span style=\"font-size: medium\">res<\/span><\/span><span style=\"font-family: Times New Roman,serif\"><span style=\"font-size: medium\">, charg\u00e9<\/span><\/span><span style=\"font-family: Times New Roman,serif\"><span style=\"font-size: medium\">s de la sant<\/span><\/span><span style=\"font-family: Times New Roman,serif\"><span style=\"font-size: medium\">\u00e9 des <\/span><\/span><span style=\"color: #0b8df3\"><a title=\"Les intern\u00e9s\" href=\"http:\/\/blogs.univ-jfc.fr\/campsdusudouest\/hommes-et-femmes-des-camps\/les-internes\/\"><span style=\"color: #0b8df3\"><span style=\"font-family: Times New Roman,serif\"><span style=\"font-size: medium\">intern\u00e9s<\/span><\/span><\/span><\/a><\/span><span style=\"font-family: Times New Roman,serif\"><span style=\"font-size: medium\"> et de l\u2019<\/span><\/span><span style=\"font-family: Times New Roman,serif\"><span style=\"font-size: medium\">hygi<\/span><\/span><span style=\"font-family: Times New Roman,serif\"><span style=\"font-size: medium\">\u00e8<\/span><\/span><span style=\"font-family: Times New Roman,serif\"><span style=\"font-size: medium\">ne g\u00e9n\u00e9<\/span><\/span><span style=\"font-family: Times New Roman,serif\"><span style=\"font-size: medium\">rale du camp. On remarque <\/span><\/span><span style=\"font-family: Times New Roman,serif\"><span style=\"font-size: medium\">d<\/span><\/span><span style=\"font-family: Times New Roman,serif\"><span style=\"font-size: medium\">\u00e8s la mise en place <\/span><\/span><span style=\"font-family: Times New Roman,serif\"><span style=\"font-size: medium\">des camps d\u2019internement, h<\/span><\/span><span style=\"font-family: Times New Roman,serif\"><span style=\"font-size: medium\">\u00f4<\/span><\/span><span style=\"font-family: Times New Roman,serif\"><span style=\"font-size: medium\">pitaux ou non, <\/span><\/span><span style=\"font-family: Times New Roman,serif\"><span style=\"font-size: medium\">un manque d<\/span><\/span><span style=\"font-family: Times New Roman,serif\"><span style=\"font-size: medium\">\u2019effectif.<\/span><\/span><\/span><\/span><\/p>\n<div id=\"attachment_1490\" style=\"width: 658px\" class=\"wp-caption alignleft\"><a href=\"http:\/\/blogs.univ-jfc.fr\/campsdusudouest\/wp-content\/uploads\/sites\/48\/2016\/03\/tableau-des-effectifs-administratifs1.jpg\"><img aria-describedby=\"caption-attachment-1490\" loading=\"lazy\" class=\" wp-image-1490  \" title=\"Effectifs g\u00e9n\u00e9raux des camps de la zone Sud (Source : Denis PESCHANSKI, Les camps d'internement fran\u00e7ais (1938-1946))\" alt=\"Effectifs g\u00e9n\u00e9raux des camps de la zone Sud (Source : Denis PESCHANSKI, Les camps d'internement fran\u00e7ais (1938-1946))\" src=\"http:\/\/blogs.univ-jfc.fr\/campsdusudouest\/wp-content\/uploads\/sites\/48\/2016\/03\/tableau-des-effectifs-administratifs1.jpg\" width=\"648\" height=\"322\" srcset=\"https:\/\/blogs.univ-jfc.fr\/campsdusudouest\/wp-content\/uploads\/sites\/48\/2016\/03\/tableau-des-effectifs-administratifs1.jpg 648w, https:\/\/blogs.univ-jfc.fr\/campsdusudouest\/wp-content\/uploads\/sites\/48\/2016\/03\/tableau-des-effectifs-administratifs1-300x149.jpg 300w, https:\/\/blogs.univ-jfc.fr\/campsdusudouest\/wp-content\/uploads\/sites\/48\/2016\/03\/tableau-des-effectifs-administratifs1-500x248.jpg 500w\" sizes=\"(max-width: 648px) 100vw, 648px\" \/><\/a><p id=\"caption-attachment-1490\" class=\"wp-caption-text\">Effectifs budg\u00e9taires pr\u00e9vus et r\u00e9els sous la responsabilit\u00e9 du minist\u00e8re de l&rsquo;Int\u00e9rieur. Le personnel en fonction est visiblement insuffisant.<\/p><\/div>\n<p align=\"justify\"><span style=\"color: #000000\"><span style=\"font-family: Times New Roman,serif\"><span style=\"font-family: Times New Roman,serif\"><span style=\"font-size: medium\"> I<\/span><\/span><span style=\"font-family: Times New Roman,serif\"><span style=\"font-size: medium\">l est int\u00e9ressant de voir les effectifs budg<\/span><\/span><span style=\"font-family: Times New Roman,serif\"><span style=\"font-size: medium\">\u00e9<\/span><\/span><span style=\"font-family: Times New Roman,serif\"><span style=\"font-size: medium\">taires pr<\/span><\/span><span style=\"font-family: Times New Roman,serif\"><span style=\"font-size: medium\">\u00e9vu<\/span><\/span><span style=\"font-family: Times New Roman,serif\"><span style=\"font-size: medium\">s par le Minist\u00e8<\/span><\/span><span style=\"font-family: Times New Roman,serif\"><span style=\"font-size: medium\">re de l<\/span><\/span><span style=\"font-family: Times New Roman,serif\"><span style=\"font-size: medium\">\u2019I<\/span><\/span><span style=\"font-family: Times New Roman,serif\"><span style=\"font-size: medium\">nt\u00e9<\/span><\/span><span style=\"font-family: Times New Roman,serif\"><span style=\"font-size: medium\">rieur en juillet 1942 et la r<\/span><\/span><span style=\"font-family: Times New Roman,serif\"><span style=\"font-size: medium\">\u00e9alit\u00e9 <\/span><\/span><span style=\"font-family: Times New Roman,serif\"><span style=\"font-size: medium\">des effectifs en fonction. Au fil du temps les effectifs m<\/span><\/span><span style=\"font-family: Times New Roman,serif\"><span style=\"font-size: medium\">\u00e9<\/span><\/span><span style=\"font-family: Times New Roman,serif\"><span style=\"font-size: medium\">dicaux sont de plus en plus restreints avec par exemple une r<\/span><\/span><span style=\"font-family: Times New Roman,serif\"><span style=\"font-size: medium\">\u00e9<\/span><\/span><span style=\"font-family: Times New Roman,serif\"><span style=\"font-size: medium\">duction du personnel m<\/span><\/span><span style=\"font-family: Times New Roman,serif\"><span style=\"font-size: medium\">\u00e9<\/span><\/span><span style=\"font-family: Times New Roman,serif\"><span style=\"font-size: medium\">dical <\/span><\/span><span style=\"font-family: Times New Roman,serif\"><span style=\"font-size: medium\">\u00e0 <\/span><\/span><span style=\"font-family: Times New Roman,serif\"><span style=\"font-size: medium\">No\u00e9 en 1943. <\/span><\/span><\/span><\/span><\/p>\n<div id=\"attachment_1493\" style=\"width: 327px\" class=\"wp-caption alignleft\"><a href=\"http:\/\/blogs.univ-jfc.fr\/campsdusudouest\/wp-content\/uploads\/sites\/48\/2016\/03\/effectifs-du-personnel-des-camps-1941-No\u00e9-R\u00e9c\u00e9b\u00e9dou.jpg\"><img aria-describedby=\"caption-attachment-1493\" loading=\"lazy\" class=\"wp-image-1493 \" title=\"Effectifs des camps de No\u00e9 et du R\u00e9c\u00e9b\u00e9dou (Source : Tableau \u00e9labor\u00e9 \u00e0 partir des donn\u00e9es des m\u00e9moires de Master de No\u00e9 et du R\u00e9c\u00e9b\u00e9dou)\" alt=\"Effectifs des camps de No\u00e9 et du R\u00e9c\u00e9b\u00e9dou (Source : Tableau \u00e9labor\u00e9 \u00e0 partir des donn\u00e9es des m\u00e9moires de Master de No\u00e9 et du R\u00e9c\u00e9b\u00e9dou)\" src=\"http:\/\/blogs.univ-jfc.fr\/campsdusudouest\/wp-content\/uploads\/sites\/48\/2016\/03\/effectifs-du-personnel-des-camps-1941-No\u00e9-R\u00e9c\u00e9b\u00e9dou.jpg\" width=\"317\" height=\"246\" srcset=\"https:\/\/blogs.univ-jfc.fr\/campsdusudouest\/wp-content\/uploads\/sites\/48\/2016\/03\/effectifs-du-personnel-des-camps-1941-No\u00e9-R\u00e9c\u00e9b\u00e9dou.jpg 393w, https:\/\/blogs.univ-jfc.fr\/campsdusudouest\/wp-content\/uploads\/sites\/48\/2016\/03\/effectifs-du-personnel-des-camps-1941-No\u00e9-R\u00e9c\u00e9b\u00e9dou-300x232.jpg 300w, https:\/\/blogs.univ-jfc.fr\/campsdusudouest\/wp-content\/uploads\/sites\/48\/2016\/03\/effectifs-du-personnel-des-camps-1941-No\u00e9-R\u00e9c\u00e9b\u00e9dou-387x300.jpg 387w\" sizes=\"(max-width: 317px) 100vw, 317px\" \/><\/a><p id=\"caption-attachment-1493\" class=\"wp-caption-text\">On note une disproportion entre le nombre d&rsquo;intern\u00e9s et l&rsquo;effectif m\u00e9dical propos\u00e9. En 1941 le camp de No\u00e9 pourtant trois fois plus peupl\u00e9 que celui du R\u00e9c\u00e9b\u00e9dou dispose d&rsquo;un nombre \u00e9quivalent de personnel.<\/p><\/div>\n<p align=\"justify\"><span style=\"color: #000000\"><span style=\"font-family: Times New Roman,serif\"><span style=\"font-family: Times New Roman,serif\"><span style=\"font-size: medium\">En dehors des camps h<\/span><\/span><span style=\"font-family: Times New Roman,serif\"><span style=\"font-size: medium\">\u00f4<\/span><\/span><span style=\"font-family: Times New Roman,serif\"><span style=\"font-size: medium\">pitaux, il n\u2019<\/span><\/span><span style=\"font-family: Times New Roman,serif\"><span style=\"font-size: medium\">y a <\/span><\/span><span style=\"font-family: Times New Roman,serif\"><span style=\"font-size: medium\">que tr<\/span><\/span><span style=\"font-family: Times New Roman,serif\"><span style=\"font-size: medium\">\u00e8s peu de m<\/span><\/span><span style=\"font-family: Times New Roman,serif\"><span style=\"font-size: medium\">\u00e9<\/span><\/span><span style=\"font-family: Times New Roman,serif\"><span style=\"font-size: medium\">decins attach<\/span><\/span><span style=\"font-family: Times New Roman,serif\"><span style=\"font-size: medium\">\u00e9<\/span><\/span><span style=\"font-family: Times New Roman,serif\"><span style=\"font-size: medium\">s directement \u00e0 <\/span><\/span><span style=\"font-family: Times New Roman,serif\"><span style=\"font-size: medium\">un camp<\/span><\/span><span style=\"font-family: Times New Roman,serif\"><span style=\"font-size: medium\">(Denis PESHANSKI, <em>La France des camps<\/em>, 2002), il s<\/span><\/span><span style=\"font-family: Times New Roman,serif\"><span style=\"font-size: medium\">\u2019agit souvent de m<\/span><\/span><span style=\"font-family: Times New Roman,serif\"><span style=\"font-size: medium\">\u00e9<\/span><\/span><span style=\"font-family: Times New Roman,serif\"><span style=\"font-size: medium\">decins qui pratiquent <\/span><\/span><span style=\"font-family: Times New Roman,serif\"><span style=\"font-size: medium\">\u00e9<\/span><\/span><span style=\"font-family: Times New Roman,serif\"><span style=\"font-size: medium\">galement en dehors de ces structures. <\/span><\/span><span style=\"font-family: Times New Roman,serif\"><span style=\"font-size: medium\">En effet, \u00e0 partir de 1942 c\u2019est le m<\/span><\/span><span style=\"font-family: Times New Roman,serif\"><span style=\"font-size: medium\">\u00e9<\/span><\/span><span style=\"font-family: Times New Roman,serif\"><span style=\"font-size: medium\">decin du village qui s\u2019occupe des soins des intern<\/span><\/span><span style=\"font-family: Times New Roman,serif\"><span style=\"font-size: medium\">\u00e9s <\/span><\/span><span style=\"font-family: Times New Roman,serif\"><span style=\"font-size: medium\">\u00e0 <\/span><\/span><span style=\"font-family: Times New Roman,serif\"><span style=\"font-size: medium\">No\u00e9<\/span><\/span><span style=\"font-family: Times New Roman,serif\"><span style=\"font-size: medium\">. Une grande partie du travail m<\/span><\/span><span style=\"font-family: Times New Roman,serif\"><span style=\"font-size: medium\">\u00e9<\/span><\/span><span style=\"font-family: Times New Roman,serif\"><span style=\"font-size: medium\">dical<\/span><\/span><span style=\"font-family: Times New Roman,serif\"><span style=\"font-size: medium\"> est alors d\u00e9l\u00e9gu\u00e9e aux intern<\/span><\/span><span style=\"font-family: Times New Roman,serif\"><span style=\"font-size: medium\">\u00e9<\/span><\/span><span style=\"font-family: Times New Roman,serif\"><span style=\"font-size: medium\">s comp<\/span><\/span><span style=\"font-family: Times New Roman,serif\"><span style=\"font-size: medium\">\u00e9<\/span><\/span><span style=\"font-family: Times New Roman,serif\"><span style=\"font-size: medium\">tents en la mati\u00e8re qui ne sont en effet pas rares dans les camps. D<\/span><\/span><span style=\"font-family: Times New Roman,serif\"><span style=\"font-size: medium\">u personnel ext\u00e9rieur comme des dentistes, en provenance des villes proches du camp (Muret pour No\u00e9), intervient aussi de fa\u00e7<\/span><\/span><span style=\"font-family: Times New Roman,serif\"><span style=\"font-size: medium\">on hebdomadaire. Au R<\/span><\/span><span style=\"font-family: Times New Roman,serif\"><span style=\"font-size: medium\">\u00e9c\u00e9b\u00e9dou, un ophtalmologiste et un dentiste se rendent dans le camp respectivement deux fois par mois et une fois par semaine (<i>Eric Malo, Le camp de No\u00e9 des origines \u00e0 novembre 1942, m\u00e9moire de maitrise sous la direction de Jean Estebe, 1985)<\/i>.<\/span><\/span><\/span><\/span><\/p>\n<div id=\"attachment_1451\" style=\"width: 665px\" class=\"wp-caption alignnone\"><a href=\"http:\/\/blogs.univ-jfc.fr\/campsdusudouest\/wp-content\/uploads\/sites\/48\/2016\/03\/dessin-dintern\u00e9e-la-visite-m\u00e9dicale.jpg\"><img aria-describedby=\"caption-attachment-1451\" loading=\"lazy\" class=\" wp-image-1451\" title=\"La visite m\u00e9dicale (source : m\u00e9moire master concernant le camp de Brens)\" alt=\"dessin d'intern\u00e9e-la visite m\u00e9dicale\" src=\"http:\/\/blogs.univ-jfc.fr\/campsdusudouest\/wp-content\/uploads\/sites\/48\/2016\/03\/dessin-dintern\u00e9e-la-visite-m\u00e9dicale.jpg\" width=\"655\" height=\"587\" srcset=\"https:\/\/blogs.univ-jfc.fr\/campsdusudouest\/wp-content\/uploads\/sites\/48\/2016\/03\/dessin-dintern\u00e9e-la-visite-m\u00e9dicale.jpg 655w, https:\/\/blogs.univ-jfc.fr\/campsdusudouest\/wp-content\/uploads\/sites\/48\/2016\/03\/dessin-dintern\u00e9e-la-visite-m\u00e9dicale-300x268.jpg 300w, https:\/\/blogs.univ-jfc.fr\/campsdusudouest\/wp-content\/uploads\/sites\/48\/2016\/03\/dessin-dintern\u00e9e-la-visite-m\u00e9dicale-334x300.jpg 334w\" sizes=\"(max-width: 655px) 100vw, 655px\" \/><\/a><p id=\"caption-attachment-1451\" class=\"wp-caption-text\">Dessin r\u00e9alis\u00e9 par Dora SCHAUL, une intern\u00e9e du camp de Brens. Celui-ci met en sc\u00e8ne le contr\u00f4le de la sant\u00e9 des d\u00e9tenues par le m\u00e9decin du camp en la pr\u00e9sence d&rsquo;une interpr\u00e8te.<\/p><\/div>\n<p align=\"justify\"><span style=\"color: #000000\"><span style=\"font-family: Times New Roman,serif\"><span style=\"font-family: Times New Roman,serif\"><span style=\"font-size: medium\">Apr<\/span><\/span><span style=\"font-family: Times New Roman,serif\"><span style=\"font-size: medium\">\u00e8<\/span><\/span><span style=\"font-family: Times New Roman,serif\"><span style=\"font-size: medium\">s <\/span><\/span><span style=\"font-family: Times New Roman,serif\"><span style=\"font-size: medium\">19<\/span><\/span><span style=\"font-family: Times New Roman,serif\"><span style=\"font-size: medium\">42<\/span><\/span><span style=\"font-family: Times New Roman,serif\"><span style=\"font-size: medium\">, <\/span><\/span><span style=\"font-family: Times New Roman,serif\"><span style=\"font-size: medium\">les <\/span><\/span><span style=\"font-family: Times New Roman,serif\"><span style=\"font-size: medium\">m\u00e9decins <\/span><\/span><span style=\"font-family: Times New Roman,serif\"><span style=\"font-size: medium\">attach<\/span><\/span><span style=\"font-family: Times New Roman,serif\"><span style=\"font-size: medium\">\u00e9<\/span><\/span><span style=\"font-family: Times New Roman,serif\"><span style=\"font-size: medium\">s aux diff<\/span><\/span><span style=\"font-family: Times New Roman,serif\"><span style=\"font-size: medium\">\u00e9<\/span><\/span><span style=\"font-family: Times New Roman,serif\"><span style=\"font-size: medium\">rents camps sont en <\/span><\/span><span style=\"font-family: Times New Roman,serif\"><span style=\"font-size: medium\">sous-effectifs et leur <\/span><\/span><span style=\"font-family: Times New Roman,serif\"><span style=\"font-size: medium\">\u00e9<\/span><\/span><span style=\"font-family: Times New Roman,serif\"><span style=\"font-size: medium\">quipement de soin, d<\/span><\/span><span style=\"font-family: Times New Roman,serif\"><span style=\"font-size: medium\">\u00e9j<\/span><\/span><span style=\"font-family: Times New Roman,serif\"><span style=\"font-size: medium\">\u00e0 peu complet, devient de plus en plus insuffisant de par les coupes budg<\/span><\/span><span style=\"font-family: Times New Roman,serif\"><span style=\"font-size: medium\">\u00e9<\/span><\/span><span style=\"font-family: Times New Roman,serif\"><span style=\"font-size: medium\">taires des camps. Leurs conditions de travail sont <\/span><\/span><span style=\"font-family: Times New Roman,serif\"><span style=\"font-size: medium\">\u00e9<\/span><\/span><span style=\"font-family: Times New Roman,serif\"><span style=\"font-size: medium\">galement d<\/span><\/span><span style=\"font-family: Times New Roman,serif\"><span style=\"font-size: medium\">\u00e9<\/span><\/span><span style=\"font-family: Times New Roman,serif\"><span style=\"font-size: medium\">plorables dans le sens o<\/span><\/span><span style=\"font-family: Times New Roman,serif\"><span style=\"font-size: medium\">\u00f9 <\/span><\/span><span style=\"font-family: Times New Roman,serif\"><span style=\"font-size: medium\">ils ne poss\u00e8dent pas, ou tr\u00e8s peu, de protections<\/span><\/span><span style=\"font-family: Times New Roman,serif\"><span style=\"font-size: medium\"> efficace<\/span><\/span><span style=\"font-family: Times New Roman,serif\"><span style=\"font-size: medium\">s contre les maladies, <\/span><\/span><span style=\"font-family: Times New Roman,serif\"><span style=\"font-size: medium\">de plus ils d<\/span><\/span><span style=\"font-family: Times New Roman,serif\"><span style=\"font-size: medium\">\u00e9ambule<\/span><\/span><span style=\"font-family: Times New Roman,serif\"><span style=\"font-size: medium\">nt de lits en lits pour voir les malades ce qui diminue l\u2019hygi\u00e8ne d\u00e9j\u00e0 fortement d\u00e9ficitaire. De leur c<\/span><\/span><span style=\"font-family: Times New Roman,serif\"><span style=\"font-size: medium\">\u00f4t\u00e9, <\/span><\/span><span style=\"font-family: Times New Roman,serif\"><span style=\"font-size: medium\">les i<\/span><\/span><span style=\"font-family: Times New Roman,serif\"><span style=\"font-size: medium\">nfirmi<\/span><\/span><span style=\"font-family: Times New Roman,serif\"><span style=\"font-size: medium\">\u00e8<\/span><\/span><span style=\"font-family: Times New Roman,serif\"><span style=\"font-size: medium\">res<\/span><\/span><span style=\"font-family: Times New Roman,serif\"><span style=\"font-size: medium\"> sont en sous-effectifs nets et manquent pour la plupart de qualifications et de formations<\/span><\/span><span style=\"font-family: Times New Roman,serif\"><span style=\"font-size: medium\"> appropri<\/span><\/span><span style=\"font-family: Times New Roman,serif\"><span style=\"font-size: medium\">\u00e9<\/span><\/span><span style=\"font-family: Times New Roman,serif\"><span style=\"font-size: medium\">es. Tout ceci vient participer \u00e0 <\/span><\/span><span style=\"font-family: Times New Roman,serif\"><span style=\"font-size: medium\">la d\u00e9<\/span><\/span><span style=\"font-family: Times New Roman,serif\"><span style=\"font-size: medium\">sorganisation du syst\u00e8me sanitaire au sein des camps d\u2019internement. Le personnel doit faire face \u00e0 <\/span><\/span><span style=\"font-family: Times New Roman,serif\"><span style=\"font-size: medium\">l<\/span><\/span><span style=\"font-family: Times New Roman,serif\"><span style=\"font-size: medium\">\u2019apparition de maladies dues \u00e0 <\/span><\/span><span style=\"font-family: Times New Roman,serif\"><span style=\"font-size: medium\">la malnutrition<\/span><\/span><span style=\"font-family: Times New Roman,serif\"><span style=\"font-size: medium\"> (cachexie)<\/span><\/span><span style=\"font-family: Times New Roman,serif\"><span style=\"font-size: medium\"> caus\u00e9<\/span><\/span><span style=\"font-family: Times New Roman,serif\"><span style=\"font-size: medium\">e par le manque<\/span><\/span><span style=\"font-family: Times New Roman,serif\"><span style=\"font-size: medium\"> d<\/span><\/span><span style=\"font-family: Times New Roman,serif\"><span style=\"font-size: medium\">\u2019approvisionnement des camps. Nous assistons alors, en plus des difficult\u00e9s de recrutement, un manque cruel de fournitures m\u00e9dicales et un d\u00e9sengagement progressif du personnel, tout ceci participant \u00e0 la d\u00e9gradation g\u00e9n\u00e9rale des conditions sanitaires dans les camps.<\/span><\/span><\/span><\/span><\/p>\n","protected":false},"excerpt":{"rendered":"<p>Une autre cat\u00e9gorie importante de personnel concerne le secteur m\u00e9dical, m\u00e9decins et infirmi\u00e8res, charg\u00e9s de la sant\u00e9 des intern\u00e9s et de l\u2019hygi\u00e8ne g\u00e9n\u00e9rale du camp. On remarque d\u00e8s la mise en place des camps d\u2019internement, h\u00f4pitaux ou non, un manque &hellip; <a href=\"https:\/\/blogs.univ-jfc.fr\/campsdusudouest\/hommes-et-femmes-des-camps\/le-personnel-des-camps\/le-personnel-medical\/\">Lire la suite <span class=\"meta-nav\">&rarr;<\/span><\/a><\/p>\n","protected":false},"author":118,"featured_media":0,"parent":117,"menu_order":0,"comment_status":"closed","ping_status":"open","template":"","meta":[],"_links":{"self":[{"href":"https:\/\/blogs.univ-jfc.fr\/campsdusudouest\/wp-json\/wp\/v2\/pages\/491"}],"collection":[{"href":"https:\/\/blogs.univ-jfc.fr\/campsdusudouest\/wp-json\/wp\/v2\/pages"}],"about":[{"href":"https:\/\/blogs.univ-jfc.fr\/campsdusudouest\/wp-json\/wp\/v2\/types\/page"}],"author":[{"embeddable":true,"href":"https:\/\/blogs.univ-jfc.fr\/campsdusudouest\/wp-json\/wp\/v2\/users\/118"}],"replies":[{"embeddable":true,"href":"https:\/\/blogs.univ-jfc.fr\/campsdusudouest\/wp-json\/wp\/v2\/comments?post=491"}],"version-history":[{"count":15,"href":"https:\/\/blogs.univ-jfc.fr\/campsdusudouest\/wp-json\/wp\/v2\/pages\/491\/revisions"}],"predecessor-version":[{"id":3864,"href":"https:\/\/blogs.univ-jfc.fr\/campsdusudouest\/wp-json\/wp\/v2\/pages\/491\/revisions\/3864"}],"up":[{"embeddable":true,"href":"https:\/\/blogs.univ-jfc.fr\/campsdusudouest\/wp-json\/wp\/v2\/pages\/117"}],"wp:attachment":[{"href":"https:\/\/blogs.univ-jfc.fr\/campsdusudouest\/wp-json\/wp\/v2\/media?parent=491"}],"curies":[{"name":"wp","href":"https:\/\/api.w.org\/{rel}","templated":true}]}}