{"id":492,"date":"2016-03-03T10:13:11","date_gmt":"2016-03-03T09:13:11","guid":{"rendered":"http:\/\/blogs.univ-jfc.fr\/campsdusudouest\/?page_id=492"},"modified":"2016-03-31T08:38:36","modified_gmt":"2016-03-31T07:38:36","slug":"creation-et-fonctionnement-de-la-cimade","status":"publish","type":"page","link":"https:\/\/blogs.univ-jfc.fr\/campsdusudouest\/les-camps-et-leur-environnement\/les-humanitaires\/creation-et-fonctionnement-de-la-cimade\/","title":{"rendered":"Cr\u00e9ation et fonctionnement de la CIMADE"},"content":{"rendered":"<p align=\"justify\">\u00c0 la suite de la d\u00e9claration de la Seconde Guerre Mondiale, en septembre 1939, 200 000\u00a0personnes sont exil\u00e9es d&rsquo;Alsace et de Lorraine dans plusieurs d\u00e9partements du Sud-Ouest de la France.<\/p>\n<div id=\"attachment_905\" style=\"width: 226px\" class=\"wp-caption alignleft\"><a href=\"http:\/\/blogs.univ-jfc.fr\/campsdusudouest\/wp-content\/uploads\/sites\/48\/2016\/03\/12335992_199323683737838_1966795521_n.jpg\"><img aria-describedby=\"caption-attachment-905\" loading=\"lazy\" class=\" wp-image-905  \" title=\"Source : http:\/\/www.eeudf.org\/centenaire\/spip.php?rubrique15\" alt=\"Carte d'un membre des \u00e9claireurs unionistes de France Source : http:\/\/www.eeudf.org\/centenaire\/spip.php?rubrique15\" src=\"http:\/\/blogs.univ-jfc.fr\/campsdusudouest\/wp-content\/uploads\/sites\/48\/2016\/03\/12335992_199323683737838_1966795521_n.jpg\" width=\"216\" height=\"288\" srcset=\"https:\/\/blogs.univ-jfc.fr\/campsdusudouest\/wp-content\/uploads\/sites\/48\/2016\/03\/12335992_199323683737838_1966795521_n.jpg 600w, https:\/\/blogs.univ-jfc.fr\/campsdusudouest\/wp-content\/uploads\/sites\/48\/2016\/03\/12335992_199323683737838_1966795521_n-225x300.jpg 225w\" sizes=\"(max-width: 216px) 100vw, 216px\" \/><\/a><p id=\"caption-attachment-905\" class=\"wp-caption-text\">Carte d&rsquo;un membre des \u00e9claireurs unionistes de France<\/p><\/div>\n<p align=\"justify\"><a title=\"Suzanne de Dietrich\" href=\"http:\/\/blogs.univ-jfc.fr\/campsdusudouest\/les-camps-et-leur-environnement\/les-humanitaires\/creation-et-fonctionnement-de-la-cimade\/suzanne-de-dietrich\/\">Suzanne de Dietrich<\/a> se rend, elle aussi, dans cette r\u00e9gion de la France afin de venir en aide aux protestants victimes de cet exil forc\u00e9, et rejet\u00e9s par la <a title=\"Les camps et leur environnement local\" href=\"http:\/\/blogs.univ-jfc.fr\/campsdusudouest\/les-camps-et-leur-environnement\/les-camps-et-leur-environnement-local\/\">population locale<\/a> qui est essentiellement catholique. \u00c0 la suite de son voyage, diverses personnalit\u00e9s se r\u00e9unissent au sein de la CIM (comit\u00e9 d&rsquo;intermouvement de la jeunesse), anc\u00eatre de la CIMADE et rassemblant diverses autres associations : \u00e9claireurs unionistes (EUF), union chr\u00e9tienne de jeunes gens et de jeunes filles (UCJG) ainsi que la F\u00e9d\u00e9 (f\u00e9d\u00e9ration fran\u00e7aise des associations chr\u00e9tiennes des \u00e9tudiants). La CIMADE a \u00e9t\u00e9 cr\u00e9\u00e9e officiellement le 18 Octobre 1939 \u00e0 Bi\u00e8vres sous l&rsquo;impulsion des dirigeants de la CIM, dont le pasteur <a title=\"Marc Beogner\" href=\"http:\/\/blogs.univ-jfc.fr\/campsdusudouest\/les-camps-et-leur-environnement\/les-humanitaires\/creation-et-fonctionnement-de-la-cimade\/2467-2\/\">Marc Boegner<\/a>. La CIMADE est en effet une association aux origines confessionnelles, une union de la chr\u00e9tient\u00e9, dont les origines sont protestantes. Les membres de cette association, au nombre de 200 000, ne peuvent \u00eatre qualifi\u00e9s de b\u00e9n\u00e9voles mais d&rsquo;\u00a0\u00ab\u00a0\u00e9quipiers\u00a0\u00bb car ceux-ci fonctionnent en petits groupes pour que leur action puisse \u00eatre efficace. Peu \u00e0 peu, le r\u00f4le de la CIMADE ne se cantonne plus \u00e0 l&rsquo;aide des \u00e9vacu\u00e9s d&rsquo;Alsace et de Lorraine, mais joue un r\u00f4le important lors de la mise en place des diff\u00e9rents camps du Sud-Ouest de la France.<\/p>\n<div id=\"attachment_1929\" style=\"width: 486px\" class=\"wp-caption aligncenter\"><a href=\"http:\/\/blogs.univ-jfc.fr\/campsdusudouest\/wp-content\/uploads\/sites\/48\/2016\/03\/La-CIMADE-\u00e0-lentr\u00e9e-des-camps-en-1939.jpg\"><img aria-describedby=\"caption-attachment-1929\" loading=\"lazy\" class=\"size-full wp-image-1929 \" alt=\"La CIMADE \u00e0 l'entr\u00e9e des camps en 1939.  (Dominique Orieta Tron)\" src=\"http:\/\/blogs.univ-jfc.fr\/campsdusudouest\/wp-content\/uploads\/sites\/48\/2016\/03\/La-CIMADE-\u00e0-lentr\u00e9e-des-camps-en-1939.jpg\" width=\"476\" height=\"367\" srcset=\"https:\/\/blogs.univ-jfc.fr\/campsdusudouest\/wp-content\/uploads\/sites\/48\/2016\/03\/La-CIMADE-\u00e0-lentr\u00e9e-des-camps-en-1939.jpg 476w, https:\/\/blogs.univ-jfc.fr\/campsdusudouest\/wp-content\/uploads\/sites\/48\/2016\/03\/La-CIMADE-\u00e0-lentr\u00e9e-des-camps-en-1939-300x231.jpg 300w, https:\/\/blogs.univ-jfc.fr\/campsdusudouest\/wp-content\/uploads\/sites\/48\/2016\/03\/La-CIMADE-\u00e0-lentr\u00e9e-des-camps-en-1939-389x300.jpg 389w\" sizes=\"(max-width: 476px) 100vw, 476px\" \/><\/a><p id=\"caption-attachment-1929\" class=\"wp-caption-text\">La CIMADE \u00e0 l&rsquo;entr\u00e9e des camps en 1939.<br \/>(Dominique Orieta Tron)<\/p><\/div>\n<p align=\"justify\">Les financements venant de la France, notamment des paroisses catholiques, \u00e9tant insuffisants, la CIMADE, en lien constant avec le Conseil \u0152cum\u00e9nique de Suisse, se tourne donc vers cette institution afin de pouvoir obtenir les fonds n\u00e9cessaires \u00e0 son action. L\u2019\u0153uvre humanitaire de l&rsquo;association est donc bas\u00e9e sur les trajets entre la France et la Suisse de ses \u00e9quipiers, notamment de Marc Boegner et <a title=\"Madeleine Barrot\" href=\"http:\/\/blogs.univ-jfc.fr\/campsdusudouest\/les-camps-et-leur-environnement\/les-humanitaires\/creation-et-fonctionnement-de-la-cimade\/madeleine-barrot\/\">Madeleine Barot<\/a>. Aussi, la CIMADE fonctionne en bin\u00f4me avec les YMCA. Elle est donc loin d&rsquo;\u00eatre la seule \u00e0 intervenir dans les camps et \u00e0 l&rsquo;ext\u00e9rieur. En effet, d&rsquo;autres associations comme les Quakers, la Croix-Rouge, l&rsquo;OSE, l&rsquo;YMCA, ont contribu\u00e9 \u00e0 son action au sein et \u00e0 l&rsquo;ext\u00e9rieur des camps. Si la CIMADE r\u00e9ceptionne des denr\u00e9es, c\u2019est en quantit\u00e9 moindre par rapport \u00e0 la Croix-Rouge, au Secours Suisse ou \u00e0 l\u2019<a title=\"L\u2019action de l\u2019Oeuvre de secours aux enfants (OSE)\" href=\"http:\/\/blogs.univ-jfc.fr\/campsdusudouest\/les-camps-et-leur-environnement\/les-humanitaires\/laction-de-loeuvre-de-secours-aux-enfants-ose\/\">OSE<\/a> qui distribuent notamment du riz, ainsi que des m\u00e9dicaments. Gr\u00e2ce aux mandats re\u00e7us de Suisse, notamment du Conseil \u0152cum\u00e9nique ainsi que de dons de diverses paroisses, des achats sont effectu\u00e9s en commerce libre (fruits et l\u00e9gumes, produits laitiers, ou fromage). Parall\u00e8lement, il faut v\u00eatir les r\u00e9fugi\u00e9s, et chaque foyer recueille des v\u00eatements dans les campagnes protestantes. La CIMADE procure \u00e9galement aux femmes des machines \u00e0 coudre, des fers \u00e0 repasser, du fil, du coton et des morceaux de tissus n\u00e9cessaires aux raccommodages des v\u00eatements de chaque famille intern\u00e9e dans les camps. Ces dons permettent ainsi, en compl\u00e9ment des ateliers de l\u2019ORT (Organisation reconstruction travail), de confectionner des habits \u00e0 l\u2019usage des intern\u00e9s\u00a0: des chemises pour homme ou des gants n\u00e9cessaires pour se prot\u00e9ger du froid. \u00c0 cela s&rsquo;ajoutent aussi des livraisons de chaussures, bien que rares, et dont manquent beaucoup les prisonniers.<\/p>\n","protected":false},"excerpt":{"rendered":"<p>\u00c0 la suite de la d\u00e9claration de la Seconde Guerre Mondiale, en septembre 1939, 200 000\u00a0personnes sont exil\u00e9es d&rsquo;Alsace et de Lorraine dans plusieurs d\u00e9partements du Sud-Ouest de la France. Suzanne de Dietrich se rend, elle aussi, dans cette r\u00e9gion &hellip; <a href=\"https:\/\/blogs.univ-jfc.fr\/campsdusudouest\/les-camps-et-leur-environnement\/les-humanitaires\/creation-et-fonctionnement-de-la-cimade\/\">Lire la suite <span class=\"meta-nav\">&rarr;<\/span><\/a><\/p>\n","protected":false},"author":189,"featured_media":0,"parent":123,"menu_order":1,"comment_status":"closed","ping_status":"open","template":"","meta":[],"_links":{"self":[{"href":"https:\/\/blogs.univ-jfc.fr\/campsdusudouest\/wp-json\/wp\/v2\/pages\/492"}],"collection":[{"href":"https:\/\/blogs.univ-jfc.fr\/campsdusudouest\/wp-json\/wp\/v2\/pages"}],"about":[{"href":"https:\/\/blogs.univ-jfc.fr\/campsdusudouest\/wp-json\/wp\/v2\/types\/page"}],"author":[{"embeddable":true,"href":"https:\/\/blogs.univ-jfc.fr\/campsdusudouest\/wp-json\/wp\/v2\/users\/189"}],"replies":[{"embeddable":true,"href":"https:\/\/blogs.univ-jfc.fr\/campsdusudouest\/wp-json\/wp\/v2\/comments?post=492"}],"version-history":[{"count":18,"href":"https:\/\/blogs.univ-jfc.fr\/campsdusudouest\/wp-json\/wp\/v2\/pages\/492\/revisions"}],"predecessor-version":[{"id":4064,"href":"https:\/\/blogs.univ-jfc.fr\/campsdusudouest\/wp-json\/wp\/v2\/pages\/492\/revisions\/4064"}],"up":[{"embeddable":true,"href":"https:\/\/blogs.univ-jfc.fr\/campsdusudouest\/wp-json\/wp\/v2\/pages\/123"}],"wp:attachment":[{"href":"https:\/\/blogs.univ-jfc.fr\/campsdusudouest\/wp-json\/wp\/v2\/media?parent=492"}],"curies":[{"name":"wp","href":"https:\/\/api.w.org\/{rel}","templated":true}]}}